{"id":17967,"date":"2021-03-09T09:27:20","date_gmt":"2021-03-09T09:27:20","guid":{"rendered":"https:\/\/mademoisellecoline.com\/?page_id=17967"},"modified":"2025-04-01T11:37:40","modified_gmt":"2025-04-01T11:37:40","slug":"sostenibilitat-joieria-etica","status":"publish","type":"page","link":"https:\/\/mademoisellecoline.com\/ca\/sostenibilitat-joieria-etica\/","title":{"rendered":"Sostenibilitat"},"content":{"rendered":"<div class=\"wpb-content-wrapper\"><section class=\"content-section full-width with-col cover rella-no-padding rella-no-margin    content-section-69ecbd2722813\"><div class=\"row vc_row-fluid\"><div class=\"wpb_column col-md-12\">[vc_custom_heading text=&#8221;Joieria \u00e8tica i sostenible<br \/>\ndotada d&#8217;amor per la vida&#8221; font_container=&#8221;tag:h1|font_size:30|text_align:center&#8221; google_fonts=&#8221;font_family:Dosis%3A200%2C300%2Cregular%2C500%2C600%2C700%2C800|font_style:300%20light%20regular%3A300%3Anormal&#8221; css=&#8221;&#8221;]<\/div><\/div><\/section><section  class=\"content-section full-width with-col cover rella-no-padding rella-no-margin    content-section-69ecbd2722a92\"><div class=\"row vc_row-fluid\"><div class=\"wpb_column col-md-3 hidden-xs\"><section  class=\"content-section full-width with-col cover rella-no-padding rella-no-margin    content-section-69ecbd2722c89\"><div class=\"row vc_row-fluid\"><div class=\"wpb_column col-md-12\"><h3  class=\"banner-heading font-alt mb-30 mb-xxs-10\" >Sostenibilitat<\/h3><\/div><\/div><\/section><\/div><div class=\"wpb_column col-md-6\"><section  class=\"content-section full-width with-col cover rella-no-padding rella-no-margin    content-section-69ecbd2722fed\"><div class=\"row vc_row-fluid\"><div class=\"wpb_column col-md-12\">[vc_single_image image=&#8221;23773&#8243; img_size=&#8221;full&#8221; alignment=&#8221;right&#8221; onclick=&#8221;custom_link&#8221; css=&#8221;&#8221; el_class=&#8221;ocultarDesk&#8221;]<div class=\"section-text text-block \" ><p>Mademoiselle Coline, des del seu naixement, est\u00e0 intr\u00ednsecament lligada a la recuperaci\u00f3, la restauraci\u00f3 i la reutilitzaci\u00f3. Una producci\u00f3 artesanal, \u00e8tica i sostenible que persegueix un creixement controlat i limitat.<br \/>\nCada pe\u00e7a de joieria es crea a m\u00e0 amb metalls reciclats procedents de la Uni\u00f3 Europea. Els nostres prove\u00efdors d\u2019or i plata, certificats pel Responsible Jewellery Council (RJC), garanteixen un proc\u00e9s tra\u00e7able i responsable. A m\u00e9s, col\u00b7laborem estretament amb prove\u00efdors locals i adaptem la producci\u00f3 al ritme de la demanda.<br \/>\nEl nostre prop\u00f2sit final: donar vida, amb les nostres mans, a peces perdurables, peces per sempre, dotades d\u2019amor per la vida.<\/p>\n<\/div><\/div><\/div><\/section><\/div><div class=\"wpb_column col-md-3 hidden-xs\">[vc_single_image image=&#8221;23773&#8243; img_size=&#8221;full&#8221; alignment=&#8221;right&#8221; onclick=&#8221;custom_link&#8221;]<\/div><\/div><\/section><section  class=\"content-section full-width with-col cover custom-padding rella-no-margin    content-section-69ecbd27232f1\"><div class=\"row vc_row-fluid\"><div class=\"wpb_column col-md-3\"><\/div><div class=\"wpb_column col-md-6\"><section  class=\"content-section full-width with-col cover rella-no-padding rella-no-margin    content-section-69ecbd272350e\"><div class=\"row vc_row-fluid\"><div class=\"wpb_column col-md-6\">[vc_single_image image=&#8221;23795&#8243; img_size=&#8221;full&#8221; onclick=&#8221;custom_link&#8221;]<\/div><div class=\"wpb_column col-md-6\">[vc_single_image image=&#8221;23753&#8243; img_size=&#8221;full&#8221; onclick=&#8221;custom_link&#8221;]<\/div><\/div><\/section><\/div><div class=\"wpb_column col-md-3\"><\/div><\/div><\/section><section  class=\"content-section full-width with-col cover rella-no-padding rella-no-margin    content-section-69ecbd272371a\"><div class=\"row vc_row-fluid\"><div class=\"wpb_column col-md-3\"><\/div><div class=\"wpb_column col-md-6\">[vc_custom_heading text=&#8221;Descobreix la nostra Botiga Online<br \/>\nJoies \u00c8tiques i Sostenibles&#8221; font_container=&#8221;tag:h2|font_size:25|text_align:center&#8221; google_fonts=&#8221;font_family:Dosis%3A200%2C300%2Cregular%2C500%2C600%2C700%2C800|font_style:300%20light%20regular%3A300%3Anormal&#8221; css=&#8221;&#8221; link=&#8221;url:https%3A%2F%2Fmademoisellecoline.com%2Fca%2Fbotiga-joies-fetes-a-ma%2F|title:SHOP&#8221;]<\/div><div class=\"wpb_column col-md-3\"><\/div><\/div><\/section>\n<\/div>","protected":false},"excerpt":{"rendered":"[vc_custom_heading text=\"Joieria \u00e8tica i sostenible dotada d'amor per la vida\" font_container=\"tag:h1|font_size:30|text_align:center\" google_fonts=\"font_family:Dosis%3A200%2C300%2Cregular%2C500%2C600%2C700%2C800|font_style:300%20light%20regular%3A300%3Anormal\" css=\"\"]Sostenibilitat[vc_single_image image=\"23773\" img_size=\"full\" alignment=\"right\" onclick=\"custom_link\" css=\"\" el_class=\"ocultarDesk\"]Mademoiselle Coline, des del seu naixement, est\u00e0 intr\u00ednsecament lligada a la recuperaci\u00f3, la restauraci\u00f3 i la reutilitzaci\u00f3. Una producci\u00f3 artesanal, \u00e8tica i sostenible que persegueix un creixement controlat i limitat. Cada pe\u00e7a de joieria es crea a","protected":false},"author":1,"featured_media":23753,"parent":0,"menu_order":0,"comment_status":"closed","ping_status":"closed","template":"","meta":{"_joinchat":[],"footnotes":""},"class_list":["post-17967","page","type-page","status-publish","has-post-thumbnail","hentry"],"yoast_head":"<!-- This site is optimized with the Yoast SEO plugin v27.4 - https:\/\/yoast.com\/product\/yoast-seo-wordpress\/ -->\n<title>Joieria \u00e8tica i sostenible Barcelona | Mademoiselle Coline<\/title>\n<meta name=\"description\" content=\"Descobreix les nostres joies \u00faniques fetes a m\u00e0 amb metalls reciclats. Visita&#039;ns al nostre taller de joieria a Barcelona.\" \/>\n<meta name=\"robots\" content=\"index, follow, max-snippet:-1, max-image-preview:large, max-video-preview:-1\" \/>\n<link rel=\"canonical\" href=\"https:\/\/mademoisellecoline.com\/ca\/sostenibilitat-joieria-etica\/\" \/>\n<meta property=\"og:locale\" content=\"ca_ES\" \/>\n<meta property=\"og:type\" content=\"article\" \/>\n<meta property=\"og:title\" content=\"Joieria \u00e8tica i sostenible Barcelona | Mademoiselle Coline\" \/>\n<meta property=\"og:description\" content=\"Descobreix les nostres joies \u00faniques fetes a m\u00e0 amb metalls reciclats. Visita&#039;ns al nostre taller de joieria a Barcelona.\" \/>\n<meta property=\"og:url\" content=\"https:\/\/mademoisellecoline.com\/ca\/sostenibilitat-joieria-etica\/\" \/>\n<meta property=\"og:site_name\" content=\"Mademoiselle Coline\" \/>\n<meta property=\"article:publisher\" content=\"https:\/\/www.facebook.com\/mademoisellecoline\" \/>\n<meta property=\"article:modified_time\" content=\"2025-04-01T11:37:40+00:00\" \/>\n<meta property=\"og:image\" content=\"https:\/\/mademoisellecoline.com\/wp-content\/uploads\/2022\/02\/oneofakind-artisan-handmade-jewelry-sustainable-coline.jpg\" \/>\n\t<meta property=\"og:image:width\" content=\"1320\" \/>\n\t<meta property=\"og:image:height\" content=\"990\" \/>\n\t<meta property=\"og:image:type\" content=\"image\/jpeg\" \/>\n<meta name=\"twitter:card\" content=\"summary_large_image\" \/>\n<meta name=\"twitter:label1\" content=\"Temps estimat de lectura\" \/>\n\t<meta name=\"twitter:data1\" content=\"1 minute\" \/>\n<script type=\"application\/ld+json\" class=\"yoast-schema-graph\">{\"@context\":\"https:\\\/\\\/schema.org\",\"@graph\":[{\"@type\":\"WebPage\",\"@id\":\"https:\\\/\\\/mademoisellecoline.com\\\/ca\\\/sostenibilitat-joieria-etica\\\/\",\"url\":\"https:\\\/\\\/mademoisellecoline.com\\\/ca\\\/sostenibilitat-joieria-etica\\\/\",\"name\":\"Joieria \u00e8tica i sostenible Barcelona | Mademoiselle Coline\",\"isPartOf\":{\"@id\":\"https:\\\/\\\/mademoisellecoline.com\\\/en\\\/#website\"},\"primaryImageOfPage\":{\"@id\":\"https:\\\/\\\/mademoisellecoline.com\\\/ca\\\/sostenibilitat-joieria-etica\\\/#primaryimage\"},\"image\":{\"@id\":\"https:\\\/\\\/mademoisellecoline.com\\\/ca\\\/sostenibilitat-joieria-etica\\\/#primaryimage\"},\"thumbnailUrl\":\"https:\\\/\\\/mademoisellecoline.com\\\/wp-content\\\/uploads\\\/2022\\\/02\\\/oneofakind-artisan-handmade-jewelry-sustainable-coline.jpg\",\"datePublished\":\"2021-03-09T09:27:20+00:00\",\"dateModified\":\"2025-04-01T11:37:40+00:00\",\"description\":\"Descobreix les nostres joies \u00faniques fetes a m\u00e0 amb metalls reciclats. Visita'ns al nostre taller de joieria a Barcelona.\",\"breadcrumb\":{\"@id\":\"https:\\\/\\\/mademoisellecoline.com\\\/ca\\\/sostenibilitat-joieria-etica\\\/#breadcrumb\"},\"inLanguage\":\"ca\",\"potentialAction\":[{\"@type\":\"ReadAction\",\"target\":[\"https:\\\/\\\/mademoisellecoline.com\\\/ca\\\/sostenibilitat-joieria-etica\\\/\"]}]},{\"@type\":\"ImageObject\",\"inLanguage\":\"ca\",\"@id\":\"https:\\\/\\\/mademoisellecoline.com\\\/ca\\\/sostenibilitat-joieria-etica\\\/#primaryimage\",\"url\":\"https:\\\/\\\/mademoisellecoline.com\\\/wp-content\\\/uploads\\\/2022\\\/02\\\/oneofakind-artisan-handmade-jewelry-sustainable-coline.jpg\",\"contentUrl\":\"https:\\\/\\\/mademoisellecoline.com\\\/wp-content\\\/uploads\\\/2022\\\/02\\\/oneofakind-artisan-handmade-jewelry-sustainable-coline.jpg\",\"width\":1320,\"height\":990},{\"@type\":\"BreadcrumbList\",\"@id\":\"https:\\\/\\\/mademoisellecoline.com\\\/ca\\\/sostenibilitat-joieria-etica\\\/#breadcrumb\",\"itemListElement\":[{\"@type\":\"ListItem\",\"position\":1,\"name\":\"Portada\",\"item\":\"https:\\\/\\\/mademoisellecoline.com\\\/ca\\\/\"},{\"@type\":\"ListItem\",\"position\":2,\"name\":\"Sostenibilitat\"}]},{\"@type\":\"WebSite\",\"@id\":\"https:\\\/\\\/mademoisellecoline.com\\\/en\\\/#website\",\"url\":\"https:\\\/\\\/mademoisellecoline.com\\\/en\\\/\",\"name\":\"Mademoiselle Coline\",\"description\":\"Creaciones de joyer\u00eda on\u00edricas para almas so\u00f1adoras\",\"publisher\":{\"@id\":\"https:\\\/\\\/mademoisellecoline.com\\\/en\\\/#\\\/schema\\\/person\\\/a87a3358725ddb0d57e86600da53e416\"},\"potentialAction\":[{\"@type\":\"SearchAction\",\"target\":{\"@type\":\"EntryPoint\",\"urlTemplate\":\"https:\\\/\\\/mademoisellecoline.com\\\/en\\\/?s={search_term_string}\"},\"query-input\":{\"@type\":\"PropertyValueSpecification\",\"valueRequired\":true,\"valueName\":\"search_term_string\"}}],\"inLanguage\":\"ca\"},{\"@type\":[\"Person\",\"Organization\"],\"@id\":\"https:\\\/\\\/mademoisellecoline.com\\\/en\\\/#\\\/schema\\\/person\\\/a87a3358725ddb0d57e86600da53e416\",\"name\":\"Mademoiselle Coline\",\"image\":{\"@type\":\"ImageObject\",\"inLanguage\":\"ca\",\"@id\":\"https:\\\/\\\/mademoisellecoline.com\\\/wp-content\\\/uploads\\\/2024\\\/01\\\/ColineNeg.jpg\",\"url\":\"https:\\\/\\\/mademoisellecoline.com\\\/wp-content\\\/uploads\\\/2024\\\/01\\\/ColineNeg.jpg\",\"contentUrl\":\"https:\\\/\\\/mademoisellecoline.com\\\/wp-content\\\/uploads\\\/2024\\\/01\\\/ColineNeg.jpg\",\"width\":584,\"height\":349,\"caption\":\"Mademoiselle Coline\"},\"logo\":{\"@id\":\"https:\\\/\\\/mademoisellecoline.com\\\/wp-content\\\/uploads\\\/2024\\\/01\\\/ColineNeg.jpg\"},\"sameAs\":[\"https:\\\/\\\/www.facebook.com\\\/mademoisellecoline\",\"https:\\\/\\\/www.instagram.com\\\/mademoiselle_coline\\\/\"]}]}<\/script>\n<!-- \/ Yoast SEO plugin. -->","yoast_head_json":{"title":"Joieria \u00e8tica i sostenible Barcelona | Mademoiselle Coline","description":"Descobreix les nostres joies \u00faniques fetes a m\u00e0 amb metalls reciclats. Visita'ns al nostre taller de joieria a Barcelona.","robots":{"index":"index","follow":"follow","max-snippet":"max-snippet:-1","max-image-preview":"max-image-preview:large","max-video-preview":"max-video-preview:-1"},"canonical":"https:\/\/mademoisellecoline.com\/ca\/sostenibilitat-joieria-etica\/","og_locale":"ca_ES","og_type":"article","og_title":"Joieria \u00e8tica i sostenible Barcelona | Mademoiselle Coline","og_description":"Descobreix les nostres joies \u00faniques fetes a m\u00e0 amb metalls reciclats. Visita'ns al nostre taller de joieria a Barcelona.","og_url":"https:\/\/mademoisellecoline.com\/ca\/sostenibilitat-joieria-etica\/","og_site_name":"Mademoiselle Coline","article_publisher":"https:\/\/www.facebook.com\/mademoisellecoline","article_modified_time":"2025-04-01T11:37:40+00:00","og_image":[{"width":1320,"height":990,"url":"https:\/\/mademoisellecoline.com\/wp-content\/uploads\/2022\/02\/oneofakind-artisan-handmade-jewelry-sustainable-coline.jpg","type":"image\/jpeg"}],"twitter_card":"summary_large_image","twitter_misc":{"Temps estimat de lectura":"1 minute"},"schema":{"@context":"https:\/\/schema.org","@graph":[{"@type":"WebPage","@id":"https:\/\/mademoisellecoline.com\/ca\/sostenibilitat-joieria-etica\/","url":"https:\/\/mademoisellecoline.com\/ca\/sostenibilitat-joieria-etica\/","name":"Joieria \u00e8tica i sostenible Barcelona | Mademoiselle Coline","isPartOf":{"@id":"https:\/\/mademoisellecoline.com\/en\/#website"},"primaryImageOfPage":{"@id":"https:\/\/mademoisellecoline.com\/ca\/sostenibilitat-joieria-etica\/#primaryimage"},"image":{"@id":"https:\/\/mademoisellecoline.com\/ca\/sostenibilitat-joieria-etica\/#primaryimage"},"thumbnailUrl":"https:\/\/mademoisellecoline.com\/wp-content\/uploads\/2022\/02\/oneofakind-artisan-handmade-jewelry-sustainable-coline.jpg","datePublished":"2021-03-09T09:27:20+00:00","dateModified":"2025-04-01T11:37:40+00:00","description":"Descobreix les nostres joies \u00faniques fetes a m\u00e0 amb metalls reciclats. Visita'ns al nostre taller de joieria a Barcelona.","breadcrumb":{"@id":"https:\/\/mademoisellecoline.com\/ca\/sostenibilitat-joieria-etica\/#breadcrumb"},"inLanguage":"ca","potentialAction":[{"@type":"ReadAction","target":["https:\/\/mademoisellecoline.com\/ca\/sostenibilitat-joieria-etica\/"]}]},{"@type":"ImageObject","inLanguage":"ca","@id":"https:\/\/mademoisellecoline.com\/ca\/sostenibilitat-joieria-etica\/#primaryimage","url":"https:\/\/mademoisellecoline.com\/wp-content\/uploads\/2022\/02\/oneofakind-artisan-handmade-jewelry-sustainable-coline.jpg","contentUrl":"https:\/\/mademoisellecoline.com\/wp-content\/uploads\/2022\/02\/oneofakind-artisan-handmade-jewelry-sustainable-coline.jpg","width":1320,"height":990},{"@type":"BreadcrumbList","@id":"https:\/\/mademoisellecoline.com\/ca\/sostenibilitat-joieria-etica\/#breadcrumb","itemListElement":[{"@type":"ListItem","position":1,"name":"Portada","item":"https:\/\/mademoisellecoline.com\/ca\/"},{"@type":"ListItem","position":2,"name":"Sostenibilitat"}]},{"@type":"WebSite","@id":"https:\/\/mademoisellecoline.com\/en\/#website","url":"https:\/\/mademoisellecoline.com\/en\/","name":"Mademoiselle Coline","description":"Creaciones de joyer\u00eda on\u00edricas para almas so\u00f1adoras","publisher":{"@id":"https:\/\/mademoisellecoline.com\/en\/#\/schema\/person\/a87a3358725ddb0d57e86600da53e416"},"potentialAction":[{"@type":"SearchAction","target":{"@type":"EntryPoint","urlTemplate":"https:\/\/mademoisellecoline.com\/en\/?s={search_term_string}"},"query-input":{"@type":"PropertyValueSpecification","valueRequired":true,"valueName":"search_term_string"}}],"inLanguage":"ca"},{"@type":["Person","Organization"],"@id":"https:\/\/mademoisellecoline.com\/en\/#\/schema\/person\/a87a3358725ddb0d57e86600da53e416","name":"Mademoiselle Coline","image":{"@type":"ImageObject","inLanguage":"ca","@id":"https:\/\/mademoisellecoline.com\/wp-content\/uploads\/2024\/01\/ColineNeg.jpg","url":"https:\/\/mademoisellecoline.com\/wp-content\/uploads\/2024\/01\/ColineNeg.jpg","contentUrl":"https:\/\/mademoisellecoline.com\/wp-content\/uploads\/2024\/01\/ColineNeg.jpg","width":584,"height":349,"caption":"Mademoiselle Coline"},"logo":{"@id":"https:\/\/mademoisellecoline.com\/wp-content\/uploads\/2024\/01\/ColineNeg.jpg"},"sameAs":["https:\/\/www.facebook.com\/mademoisellecoline","https:\/\/www.instagram.com\/mademoiselle_coline\/"]}]}},"_links":{"self":[{"href":"https:\/\/mademoisellecoline.com\/ca\/wp-json\/wp\/v2\/pages\/17967","targetHints":{"allow":["GET"]}}],"collection":[{"href":"https:\/\/mademoisellecoline.com\/ca\/wp-json\/wp\/v2\/pages"}],"about":[{"href":"https:\/\/mademoisellecoline.com\/ca\/wp-json\/wp\/v2\/types\/page"}],"author":[{"embeddable":true,"href":"https:\/\/mademoisellecoline.com\/ca\/wp-json\/wp\/v2\/users\/1"}],"replies":[{"embeddable":true,"href":"https:\/\/mademoisellecoline.com\/ca\/wp-json\/wp\/v2\/comments?post=17967"}],"version-history":[{"count":5,"href":"https:\/\/mademoisellecoline.com\/ca\/wp-json\/wp\/v2\/pages\/17967\/revisions"}],"predecessor-version":[{"id":36592,"href":"https:\/\/mademoisellecoline.com\/ca\/wp-json\/wp\/v2\/pages\/17967\/revisions\/36592"}],"wp:featuredmedia":[{"embeddable":true,"href":"https:\/\/mademoisellecoline.com\/ca\/wp-json\/wp\/v2\/media\/23753"}],"wp:attachment":[{"href":"https:\/\/mademoisellecoline.com\/ca\/wp-json\/wp\/v2\/media?parent=17967"}],"curies":[{"name":"wp","href":"https:\/\/api.w.org\/{rel}","templated":true}]}}