{"id":2105,"date":"2018-11-23T12:04:39","date_gmt":"2018-11-23T12:04:39","guid":{"rendered":"https:\/\/mademoisellecoline.com\/?page_id=2105"},"modified":"2024-12-02T11:56:32","modified_gmt":"2024-12-02T11:56:32","slug":"termes-i-condicions-de-compra","status":"publish","type":"page","link":"https:\/\/mademoisellecoline.com\/ca\/termes-i-condicions-de-compra\/","title":{"rendered":"Termes i condicions de compra"},"content":{"rendered":"<p><strong>Condicions de compra<\/strong><\/p>\n<p>Els termes i condicions de compra d&#8217;www.mademoisellecoline.com estableixen un acord legalment vinculant, protegint el seu dret com a client i el nostre com a empresa. Li recomanem que llegeixi els termes i condicions de compra.<\/p>\n<p><strong>Comprom\u00eds d&#8217;enviament.<\/strong> No hi haur\u00e0 cap contracte entre vost\u00e8 i nosaltres en relaci\u00f3 amb cap producte fins que la seva comanda hagi estat expressament acceptat per nosaltres.<\/p>\n<p>Per realitzar una comanda, haur\u00e0 de seguir el procediment de compra online i fer clic a &#8220;Autoritzar pagament&#8221;. Despr\u00e9s d&#8217;aix\u00f2, rebr\u00e0 un correu electr\u00f2nic acusant rebut de la seva comanda (la &#8220;Confirmaci\u00f3 de Comanda&#8221;). Totes les comandes estan subjectes a la nostra acceptaci\u00f3, de la qual ser\u00e0 informat a trav\u00e9s d&#8217;un correu electr\u00f2nic en qu\u00e8 li confirmem que el producte est\u00e0 sent enviat (la &#8220;Confirmaci\u00f3 d&#8217;Enviament&#8221;). El comprom\u00eds d&#8217;enviament d&#8217;un producte entre vost\u00e8 i nosaltres (el &#8220;Contracte&#8221;) quedar\u00e0 formalitzat \u00fanicament quan li enviem la Confirmaci\u00f3 d&#8217;Enviament.<\/p>\n<p><strong>Formes de pagament.<\/strong>\u00a0Una vegada que hagi fet les seves compres, tots els articles que vol comprar s\u2019hauran afegit a la seva cistella i el pas seg\u00fcent ser\u00e0 tramitar la comanda i efectuar el pagament. Ompli o comprovi la informaci\u00f3 de contacte, les dades de la seva comanda, l\u2019adre\u00e7a a la que desitja que li sigui enviat la comanda.<\/p>\n<p>Acceptem els seg\u00fcents m\u00e8todes de pagament: MasterCard, VISA, American Express, PayPal i Klarna (consulteu l\u2019apartat \u2018Pagament en 3 terminis amb Klarna\u2019).<\/p>\n<p>Si ho preferiu, tamb\u00e9 podeu contactar-nos per fer un pagament mitjan\u00e7ant <a href=\"mailto: contact@mademoisellecoline.com\">transfer\u00e8ncia banc\u00e0ria<\/a> o <a href=\"mailto: contact@mademoisellecoline.com\">Bizum<\/a>.<\/p>\n<p>El pagament es realitza directament de manera segura des dels servidors del banc i no guardem cap dada del vostre n\u00famero de targeta.<\/p>\n<p>Pagament en 3 terminis amb Klarna. Com pagar en 3 terminis sense interessos?<br \/>\nAmb el m\u00e8tode de pagament Klarna, el client pot fraccionar el pagament de la seva compra en 3 terminis sense interessos. El primer pagament es fa en processar la comanda, i els dos restants es carreguen autom\u00e0ticament cada 30 dies al compte vinculat a la targeta de d\u00e8bit o cr\u00e8dit indicada.<\/p>\n<p>Com comprar amb Klarna?:<\/p>\n<ol>\n<li>Afegiu els articles al cistell i seleccioneu Klarna en el moment de fer el pagament.<\/li>\n<li>Fraccioneu els pagaments al llarg d\u2019un per\u00edode determinat.<\/li>\n<li>Seleccioneu l\u2019opci\u00f3 \u2018Paga en 3 terminis sense interessos\u2019 per dividir la compra en 3 pagaments, que es realitzaran cada 30 dies a partir de la confirmaci\u00f3 de la comanda. El client nom\u00e9s ha d\u2019indicar les dades de la targeta de d\u00e8bit o cr\u00e8dit que vol utilitzar per als pagaments autom\u00e0tics, i Klarna recordar\u00e0 quan es far\u00e0 el seg\u00fcent c\u00e0rrec.<\/li>\n<li>Gestionar les comandes i els pagaments a trav\u00e9s de l\u2019aplicaci\u00f3 de Klarna.<\/li>\n<\/ol>\n<p><strong>Preus i impostos.<\/strong> El preu de cada producte ser\u00e0 el que s&#8217;estipuli en cada moment a la nostra p\u00e0gina web, excepte en cas d&#8217;error manifest.<\/p>\n<p>Per als pa\u00efsos <strong>Pertanyents a la Uni\u00f3 Europea:<\/strong><br \/>\nTots els preus dels productes, les despeses d&#8217;enviament i altres serveis inclouen l&#8217;IVA. Els preus de productes d&#8217;aquesta p\u00e0gina web porten inclosos el 21% d&#8217;IVA (Impost Valor Afegit d&#8217;Espanya). No estan inclosos els impostos locals d&#8217;Andorra, Can\u00e0ries, Ceuta i Melilla.<\/p>\n<p>Per a la resta de pa\u00efsos <strong>No pertanyents a la Uni\u00f3 Europea:<\/strong><br \/>\nTots els preus dels productes no porten inclosos els impostos i costos locals que puguin derivar de duanes de pa\u00efsos no pertanyents a la UE.<\/p>\n<p>Les despeses d&#8217;enviament s&#8217;agreguen per comanda.<br \/>\nEls preus poden estar subjectes a canvis sense previ av\u00eds, per\u00f2 els canvis no afectaran les comandes que hem acceptat.<\/p>\n<p>A continuaci\u00f3 li detallem les despeses d&#8217;enviament en funci\u00f3 de la seva destinaci\u00f3:<\/p>\n<p><strong>Espanya i Portugal:<\/strong><br \/>\nBarcelona i provincia: Gratu\u00eft<br \/>\nTarragona, Girona i Lleida: Gratu\u00eft<br \/>\nEspanya peninsular, Andorra i Portugal: Gratu\u00eft<br \/>\nGran Can\u00e0ries, Tenerife, Melilla, Lanzarote, Fuerteventura, La Palma, La Gomera i El Ferro: 15\u20ac<\/p>\n<p><strong>Europa:<\/strong><br \/>\nEuropa Zona 1 (Alemanya, \u00c0ustria, B\u00e8lgica, Dinamarca, Fran\u00e7a, Holanda, It\u00e0lia, Luxemburg, Pol\u00f2nia, Regne Unit, Rep\u00fablica Txeca i Su\u00efssa): 15\u20ac<br \/>\nEuropa Zona 2 (Bulg\u00e0ria, Eslov\u00e8nia, Est\u00f2nia, Finl\u00e0ndia, Gr\u00e8cia, Hongria, Irlanda, Let\u00f2nia, Litu\u00e0nia, Noruega, Rep\u00fablica Eslovaca, Romania i Su\u00e8cia): 25\u20ac<\/p>\n<p><strong style=\"font-size: inherit;\">Pa\u00efsos no pertanyents a la Uni\u00f3 Europea:<\/strong><span style=\"font-size: inherit;\">\u00a035\u20ac<\/span><\/p>\n<p>* La marca es reserva el dret d&#8217;anul\u00b7lar una comanda en cas de circumst\u00e0ncies externes a la marca que puguin dificultar el lliurament en pa\u00efsos de destinaci\u00f3. En aquest cas, rebria un correu electr\u00f2nic comunicant-li i l&#8217;import seria reemborsat \u00edntegrament.<\/p>\n<p>Els preus que apareixen al lloc web s\u00f3n els que s&#8217;apliquen en el moment de la compra. Els preus poden estar subjectes a canvis sense previ av\u00eds, per\u00f2 els canvis no afectaran les comandes que hem acceptat. Errors d&#8217;informaci\u00f3 es poden produir de tant en tant (errors en preus, ortografia i altres).<\/p>\n<p>Durant el proc\u00e9s de confirmaci\u00f3 de la comanda verifiquem els preus. Si el preu correcte \u00e9s menor que el preu indicat, se&#8217;t cobrar\u00e0 la quantitat menor. Si el preu correcte \u00e9s m\u00e9s gran que el preu que apareix en el nostre lloc web, ens posarem en contacte amb vost\u00e8. Si no podem comunicar-nos, rebutjarem la seva oferta i li notificarem per correu electr\u00f2nic.<\/p>\n<p><strong>Informaci\u00f3 i condicions d&#8217;enviaments.<\/strong> Si la pe\u00e7a que ha seleccionat est\u00e0 en estoc, se li enviar\u00e0 en un termini de 5 dies laborables a comptar des de la data de compra. Si hem de crear-lo, l&#8217;hi enviarem en un termini m\u00ednim de 2 i m\u00e0xim 5 setmanes (lliurament a empresa de missatgeria). A excepci\u00f3 de les Col\u00b7leccions de peces \u00faniques que no es poden reproduir.<\/p>\n<p>Si per algun motiu no pogu\u00e9ssim complir amb la data de lliurament, l&#8217;informarem d&#8217;aquesta circumst\u00e0ncia i li donarem l&#8217;opci\u00f3 de seguir endavant amb la compra establint una nova data de lliurament o b\u00e9 d&#8217;anul\u00b7lar la comanda amb el reemborsament total del preu pagat. No realitzem lliuraments els dissabtes ni els diumenges.<\/p>\n<p>Aix\u00ed mateix s&#8217;han de fer els terminis de lliurament de l&#8217;empresa de missatgeria:<br \/>\nEntre 2-5 dies de temps per a pa\u00efsos Pertanyents a la UE. Altres pa\u00efsos No pertanyents a la UE de 4-10 dies, aix\u00ed mateix el temps podria prolongar per inspeccions en duana.<\/p>\n<p><strong>Canvis, devolucions i productes defectuosos.<\/strong> S&#8217;admeten devolucions sempre que la pe\u00e7a estigui en perfectes condicions, amb el seu packaging original i no hagin transcorregut m\u00e9s de 14 dies des de la data de recepci\u00f3.<\/p>\n<p>Aix\u00ed mateix si detecta alguna incid\u00e8ncia en la recepci\u00f3 de la seva comanda, poseu-vos en contacte amb el Servei d&#8217;atenci\u00f3 al Client a trav\u00e9s de correu electr\u00f2nic a <a href=\"mailto:contact@mademoisellecoline.com\">contact@mademoisellecoline.com<\/a><\/p>\n<p>El comprador disposa de 14 dies des de la recepci\u00f3 per tornar el producte. En el cas de requerir un canvi o devoluci\u00f3, un cop rebuda la seva comanda, poseu-vos en contacte amb el Servei d&#8217;atenci\u00f3 al Client a trav\u00e9s de correu electr\u00f2nic a <a href=\"mailto:contact@mademoisellecoline.com\">contact@mademoisellecoline.com<\/a> indicant el motiu de la devoluci\u00f3\/canvi.<\/p>\n<p>Ens posarem en contacte amb vost\u00e8 i una vegada obtingui el nombre d&#8217;autoritzaci\u00f3, les devolucions s&#8217;hauran d&#8217;enviar al nostre centre de la prov\u00edncia de Barcelona, sota la responsabilitat i c\u00e0rrec del comprador.\u00a0Com a justificant de la seva devoluci\u00f3, li recomanem que sempre guardi el rebut del missatger com a comprovant del fet que vost\u00e8 ha lliurat el paquet.<\/p>\n<p>Les devolucions hauran d&#8217;enviar-se al nostre centre de Servei de devolucions sota la responsabilitat i c\u00e0rrec del comprador, adjuntant el tiquet de compra.<\/p>\n<p>Mademoiselle Coline<br \/>\nC \/ Teodora Lamadrid 35<br \/>\n08022 Barcelona<br \/>\nEspanya<\/p>\n<p>La devoluci\u00f3 s&#8217;ha de fer per Correu certificat o algun altre sistema amb registre de lliurament (missatgeria, etc.).<\/p>\n<p>En el cas d&#8217;articles defectuosos a causa d&#8217;un defecte de fabricaci\u00f3, i en el sup\u00f2sit que sigui possible, Mademoiselle Coline reempla\u00e7ar\u00e0 l&#8217;article per un de nou amb les mateixes caracter\u00edstiques. En cas contrari, es retornar\u00e0 l&#8217;import pagat.<\/p>\n<p>Han de tenir en compte que totes les peces de Mademoiselle Coline estan fetes una a una a m\u00e0, artesanalment. El que confereix un car\u00e0cter \u00fanic i personal a cadascuna de les peces.<\/p>\n<p><strong>Revisi\u00f3 de productes.<\/strong> Si l&#8217;env\u00e0s est\u00e0 danyat, si us plau, no acceptis l&#8217;enviament. Sense perjudici dels teus drets legals, ets responsable d&#8217;inspeccionar el producte i notificar-nos qualsevol queixa. En el cas de productes defectuosos o disconformitat amb la seva sol\u00b7licitud, tens l&#8217;opci\u00f3 de tornar el producte defectu\u00f3s i et tornarem el preu de compra i totes les despeses d&#8217;enviament.<\/p>\n<p><strong>Propietat intel\u00b7lectual.<\/strong> L&#8217;\u00fas d&#8217;aquesta p\u00e0gina web i els contractes de compra de productes a trav\u00e9s d&#8217;aquesta p\u00e0gina web es regiran per la legislaci\u00f3 espanyola.<\/p>\n<p>Qualsevol controv\u00e8rsia que sorgeixi o tingui relaci\u00f3 amb l&#8217;\u00fas de la p\u00e0gina web o amb els contractes de compra ser\u00e0 sotmesa a la jurisdicci\u00f3 dels jutjats i tribunals de Barcelona.<\/p>\n<p>El contingut del web de la marca Mademoiselle Coline pertany a:<br \/>\nMPD<br \/>\nN.I.F: 52167425K<br \/>\nDomicili: Teodora Lamadrid 35 08022 Barcelona (Espanya)<br \/>\nCorreu electr\u00f2nic: <a href=\"mailto:contact@mademoisellecoline.com\">contact@mademoisellecoline.com<\/a><\/p>\n<p>Per a m\u00e9s informaci\u00f3 sobre la pol\u00edtica de privacitat consulti <a href=\"https:\/\/mademoisellecoline.com\/ca\/avis-legal\/\">l&#8217;Av\u00eds Legal<\/a>.<\/p>\n","protected":false},"excerpt":{"rendered":"<p>Condicions de compra Els termes i condicions de compra d&#8217;www.mademoisellecoline.com estableixen un acord legalment vinculant, protegint el seu dret com a client i el nostre com a empresa. Li recomanem que llegeixi els termes i condicions de compra. Comprom\u00eds d&#8217;enviament. No hi haur\u00e0 cap contracte entre vost\u00e8 i nosaltres en relaci\u00f3 amb cap producte fins<\/p>\n","protected":false},"author":1,"featured_media":0,"parent":0,"menu_order":0,"comment_status":"closed","ping_status":"closed","template":"","meta":{"_joinchat":[],"footnotes":""},"class_list":["post-2105","page","type-page","status-publish","hentry"],"yoast_head":"<!-- This site is optimized with the Yoast SEO plugin v27.4 - https:\/\/yoast.com\/product\/yoast-seo-wordpress\/ -->\n<title>Termes i condicions de compra | Mademoiselle Coline<\/title>\n<meta name=\"robots\" content=\"noindex, nofollow\" \/>\n<meta property=\"og:locale\" content=\"ca_ES\" \/>\n<meta property=\"og:type\" content=\"article\" \/>\n<meta property=\"og:title\" content=\"Termes i condicions de compra | Mademoiselle Coline\" \/>\n<meta property=\"og:description\" content=\"Condicions de compra Els termes i condicions de compra d&#8217;www.mademoisellecoline.com estableixen un acord legalment vinculant, protegint el seu dret com a client i el nostre com a empresa. Li recomanem que llegeixi els termes i condicions de compra. Comprom\u00eds d&#8217;enviament. No hi haur\u00e0 cap contracte entre vost\u00e8 i nosaltres en relaci\u00f3 amb cap producte fins\" \/>\n<meta property=\"og:url\" content=\"https:\/\/mademoisellecoline.com\/ca\/termes-i-condicions-de-compra\/\" \/>\n<meta property=\"og:site_name\" content=\"Mademoiselle Coline\" \/>\n<meta property=\"article:publisher\" content=\"https:\/\/www.facebook.com\/mademoisellecoline\" \/>\n<meta property=\"article:modified_time\" content=\"2024-12-02T11:56:32+00:00\" \/>\n<meta property=\"og:image\" content=\"https:\/\/mademoisellecoline.com\/wp-content\/uploads\/2018\/12\/mademoiselle-coline-logo-mails.png\" \/>\n\t<meta property=\"og:image:width\" content=\"283\" \/>\n\t<meta property=\"og:image:height\" content=\"119\" \/>\n\t<meta property=\"og:image:type\" content=\"image\/png\" \/>\n<meta name=\"twitter:card\" content=\"summary_large_image\" \/>\n<meta name=\"twitter:label1\" content=\"Temps estimat de lectura\" \/>\n\t<meta name=\"twitter:data1\" content=\"7 minutes\" \/>\n<script type=\"application\/ld+json\" class=\"yoast-schema-graph\">{\"@context\":\"https:\\\/\\\/schema.org\",\"@graph\":[{\"@type\":\"WebPage\",\"@id\":\"https:\\\/\\\/mademoisellecoline.com\\\/ca\\\/termes-i-condicions-de-compra\\\/\",\"url\":\"https:\\\/\\\/mademoisellecoline.com\\\/ca\\\/termes-i-condicions-de-compra\\\/\",\"name\":\"Termes i condicions de compra | Mademoiselle Coline\",\"isPartOf\":{\"@id\":\"https:\\\/\\\/mademoisellecoline.com\\\/en\\\/#website\"},\"datePublished\":\"2018-11-23T12:04:39+00:00\",\"dateModified\":\"2024-12-02T11:56:32+00:00\",\"breadcrumb\":{\"@id\":\"https:\\\/\\\/mademoisellecoline.com\\\/ca\\\/termes-i-condicions-de-compra\\\/#breadcrumb\"},\"inLanguage\":\"ca\",\"potentialAction\":[{\"@type\":\"ReadAction\",\"target\":[\"https:\\\/\\\/mademoisellecoline.com\\\/ca\\\/termes-i-condicions-de-compra\\\/\"]}]},{\"@type\":\"BreadcrumbList\",\"@id\":\"https:\\\/\\\/mademoisellecoline.com\\\/ca\\\/termes-i-condicions-de-compra\\\/#breadcrumb\",\"itemListElement\":[{\"@type\":\"ListItem\",\"position\":1,\"name\":\"Portada\",\"item\":\"https:\\\/\\\/mademoisellecoline.com\\\/ca\\\/\"},{\"@type\":\"ListItem\",\"position\":2,\"name\":\"Termes i condicions de compra\"}]},{\"@type\":\"WebSite\",\"@id\":\"https:\\\/\\\/mademoisellecoline.com\\\/en\\\/#website\",\"url\":\"https:\\\/\\\/mademoisellecoline.com\\\/en\\\/\",\"name\":\"Mademoiselle Coline\",\"description\":\"Creaciones de joyer\u00eda on\u00edricas para almas so\u00f1adoras\",\"publisher\":{\"@id\":\"https:\\\/\\\/mademoisellecoline.com\\\/en\\\/#\\\/schema\\\/person\\\/a87a3358725ddb0d57e86600da53e416\"},\"potentialAction\":[{\"@type\":\"SearchAction\",\"target\":{\"@type\":\"EntryPoint\",\"urlTemplate\":\"https:\\\/\\\/mademoisellecoline.com\\\/en\\\/?s={search_term_string}\"},\"query-input\":{\"@type\":\"PropertyValueSpecification\",\"valueRequired\":true,\"valueName\":\"search_term_string\"}}],\"inLanguage\":\"ca\"},{\"@type\":[\"Person\",\"Organization\"],\"@id\":\"https:\\\/\\\/mademoisellecoline.com\\\/en\\\/#\\\/schema\\\/person\\\/a87a3358725ddb0d57e86600da53e416\",\"name\":\"Mademoiselle Coline\",\"image\":{\"@type\":\"ImageObject\",\"inLanguage\":\"ca\",\"@id\":\"https:\\\/\\\/mademoisellecoline.com\\\/wp-content\\\/uploads\\\/2024\\\/01\\\/ColineNeg.jpg\",\"url\":\"https:\\\/\\\/mademoisellecoline.com\\\/wp-content\\\/uploads\\\/2024\\\/01\\\/ColineNeg.jpg\",\"contentUrl\":\"https:\\\/\\\/mademoisellecoline.com\\\/wp-content\\\/uploads\\\/2024\\\/01\\\/ColineNeg.jpg\",\"width\":584,\"height\":349,\"caption\":\"Mademoiselle Coline\"},\"logo\":{\"@id\":\"https:\\\/\\\/mademoisellecoline.com\\\/wp-content\\\/uploads\\\/2024\\\/01\\\/ColineNeg.jpg\"},\"sameAs\":[\"https:\\\/\\\/www.facebook.com\\\/mademoisellecoline\",\"https:\\\/\\\/www.instagram.com\\\/mademoiselle_coline\\\/\"]}]}<\/script>\n<!-- \/ Yoast SEO plugin. -->","yoast_head_json":{"title":"Termes i condicions de compra | Mademoiselle Coline","robots":{"index":"noindex","follow":"nofollow"},"og_locale":"ca_ES","og_type":"article","og_title":"Termes i condicions de compra | Mademoiselle Coline","og_description":"Condicions de compra Els termes i condicions de compra d&#8217;www.mademoisellecoline.com estableixen un acord legalment vinculant, protegint el seu dret com a client i el nostre com a empresa. Li recomanem que llegeixi els termes i condicions de compra. Comprom\u00eds d&#8217;enviament. No hi haur\u00e0 cap contracte entre vost\u00e8 i nosaltres en relaci\u00f3 amb cap producte fins","og_url":"https:\/\/mademoisellecoline.com\/ca\/termes-i-condicions-de-compra\/","og_site_name":"Mademoiselle Coline","article_publisher":"https:\/\/www.facebook.com\/mademoisellecoline","article_modified_time":"2024-12-02T11:56:32+00:00","og_image":[{"width":283,"height":119,"url":"https:\/\/mademoisellecoline.com\/wp-content\/uploads\/2018\/12\/mademoiselle-coline-logo-mails.png","type":"image\/png"}],"twitter_card":"summary_large_image","twitter_misc":{"Temps estimat de lectura":"7 minutes"},"schema":{"@context":"https:\/\/schema.org","@graph":[{"@type":"WebPage","@id":"https:\/\/mademoisellecoline.com\/ca\/termes-i-condicions-de-compra\/","url":"https:\/\/mademoisellecoline.com\/ca\/termes-i-condicions-de-compra\/","name":"Termes i condicions de compra | Mademoiselle Coline","isPartOf":{"@id":"https:\/\/mademoisellecoline.com\/en\/#website"},"datePublished":"2018-11-23T12:04:39+00:00","dateModified":"2024-12-02T11:56:32+00:00","breadcrumb":{"@id":"https:\/\/mademoisellecoline.com\/ca\/termes-i-condicions-de-compra\/#breadcrumb"},"inLanguage":"ca","potentialAction":[{"@type":"ReadAction","target":["https:\/\/mademoisellecoline.com\/ca\/termes-i-condicions-de-compra\/"]}]},{"@type":"BreadcrumbList","@id":"https:\/\/mademoisellecoline.com\/ca\/termes-i-condicions-de-compra\/#breadcrumb","itemListElement":[{"@type":"ListItem","position":1,"name":"Portada","item":"https:\/\/mademoisellecoline.com\/ca\/"},{"@type":"ListItem","position":2,"name":"Termes i condicions de compra"}]},{"@type":"WebSite","@id":"https:\/\/mademoisellecoline.com\/en\/#website","url":"https:\/\/mademoisellecoline.com\/en\/","name":"Mademoiselle Coline","description":"Creaciones de joyer\u00eda on\u00edricas para almas so\u00f1adoras","publisher":{"@id":"https:\/\/mademoisellecoline.com\/en\/#\/schema\/person\/a87a3358725ddb0d57e86600da53e416"},"potentialAction":[{"@type":"SearchAction","target":{"@type":"EntryPoint","urlTemplate":"https:\/\/mademoisellecoline.com\/en\/?s={search_term_string}"},"query-input":{"@type":"PropertyValueSpecification","valueRequired":true,"valueName":"search_term_string"}}],"inLanguage":"ca"},{"@type":["Person","Organization"],"@id":"https:\/\/mademoisellecoline.com\/en\/#\/schema\/person\/a87a3358725ddb0d57e86600da53e416","name":"Mademoiselle Coline","image":{"@type":"ImageObject","inLanguage":"ca","@id":"https:\/\/mademoisellecoline.com\/wp-content\/uploads\/2024\/01\/ColineNeg.jpg","url":"https:\/\/mademoisellecoline.com\/wp-content\/uploads\/2024\/01\/ColineNeg.jpg","contentUrl":"https:\/\/mademoisellecoline.com\/wp-content\/uploads\/2024\/01\/ColineNeg.jpg","width":584,"height":349,"caption":"Mademoiselle Coline"},"logo":{"@id":"https:\/\/mademoisellecoline.com\/wp-content\/uploads\/2024\/01\/ColineNeg.jpg"},"sameAs":["https:\/\/www.facebook.com\/mademoisellecoline","https:\/\/www.instagram.com\/mademoiselle_coline\/"]}]}},"_links":{"self":[{"href":"https:\/\/mademoisellecoline.com\/ca\/wp-json\/wp\/v2\/pages\/2105","targetHints":{"allow":["GET"]}}],"collection":[{"href":"https:\/\/mademoisellecoline.com\/ca\/wp-json\/wp\/v2\/pages"}],"about":[{"href":"https:\/\/mademoisellecoline.com\/ca\/wp-json\/wp\/v2\/types\/page"}],"author":[{"embeddable":true,"href":"https:\/\/mademoisellecoline.com\/ca\/wp-json\/wp\/v2\/users\/1"}],"replies":[{"embeddable":true,"href":"https:\/\/mademoisellecoline.com\/ca\/wp-json\/wp\/v2\/comments?post=2105"}],"version-history":[{"count":5,"href":"https:\/\/mademoisellecoline.com\/ca\/wp-json\/wp\/v2\/pages\/2105\/revisions"}],"predecessor-version":[{"id":35854,"href":"https:\/\/mademoisellecoline.com\/ca\/wp-json\/wp\/v2\/pages\/2105\/revisions\/35854"}],"wp:attachment":[{"href":"https:\/\/mademoisellecoline.com\/ca\/wp-json\/wp\/v2\/media?parent=2105"}],"curies":[{"name":"wp","href":"https:\/\/api.w.org\/{rel}","templated":true}]}}