{"id":33550,"date":"2024-07-01T02:49:04","date_gmt":"2024-07-01T02:49:04","guid":{"rendered":"https:\/\/mademoisellecoline.com\/?page_id=33550"},"modified":"2024-07-09T08:22:26","modified_gmt":"2024-07-09T08:22:26","slug":"manteniment-de-les-teves-joies-mademoiselle-coline","status":"publish","type":"page","link":"https:\/\/mademoisellecoline.com\/ca\/manteniment-de-les-teves-joies-mademoiselle-coline\/","title":{"rendered":"Manteniment de les teves joies"},"content":{"rendered":"<div class=\"wpb-content-wrapper\"><section  class=\"content-section full-width with-col cover rella-no-padding rella-no-margin    content-section-69ecbec9a7af9\"><div class=\"row vc_row-fluid\"><div class=\"wpb_column col-md-12\"><div class=\"section-text text-block \" ><p><strong>Manteniment de les teves joies<br \/>\n<\/strong>En la proposta de Mademoiselle Coline conviu, de forma natural, la bellesa del passat amb l&#8217;actual i combina metalls, textures i tonalitats. S\u00f3n peces que gaudeixen d&#8217;una vida i d\u2019una hist\u00f2ria anterior i d\u2019una vida i d\u2019una hist\u00f2ria futura que tu li aportar\u00e0s. Les peces estan vives i a trav\u00e9s del seu \u00fas diari evolucionen.<\/p>\n<p><strong>Per a una correcte manteniment recomano<br \/>\n<\/strong>Quan no les facis servir recomano que les guardis en el seu estoig original sense que estiguin al costat d&#8217;altres joies. Els metalls evolucionen pel proc\u00e9s d&#8217;oxidaci\u00f3 en contacte amb l&#8217;aire. Aix\u00ed mateix, aquesta reacci\u00f3 pot acentuar-se pel pH de la pell. Com a conseq\u00fc\u00e8ncia, els metalls evolucionen canviant de color i quedant m\u00e9s matisats o, per contra, perdent la seva oxidaci\u00f3 d\u2019origen a causa de l&#8217;\u00fas i fricci\u00f3 amb altres elements.<br \/>\nMademoiselle Coline considera que l&#8217;evoluci\u00f3 dels metalls forma part de les peces, \u00e9s sin\u00f2nim de vida, de pas del temps i bellesa.<\/p>\n<p><strong>Neteja<br \/>\n<\/strong>Utilitza sab\u00f3 neutre amb aigua t\u00e8bia si tens necessitat de netejar la pe\u00e7a.<br \/>\nMai utilitzar productes de neteja de metalls ja que s\u00f3n molt abrasius i mai freguis amb res que pugui ratllar la pe\u00e7a.<\/p>\n<p><strong>Cura especial per a les peces amb gemmes<br \/>\n<\/strong>Has de tenir especial cura amb les pulseres i els anells amb gemmes ja que s\u00f3n les peces amb m\u00e9s contacte amb altres elements i objectes. Sobretot, has d&#8217;evitar els cops sobre superf\u00edcies dures i canvis de temperatura extrems.<\/p>\n<p><strong>Cura de les peces xapades en or 24k<br \/>\n<\/strong>Per tal de mantenir el xapat durant el major temps possible, seria important evitar:<br \/>\nEl contacte amb perfums, cremes, productes qu\u00edmics, l\u2019aigua del mar i de piscina<br \/>\nDormir, dutxar-te o realitzar activitats que puguin ratllar-les<br \/>\nAix\u00ed mateix, oferim el servei de restauraci\u00f3 i de rexapat perqu\u00e8 puguis tornar a tenir les teves peces com el primer dia.<\/p>\n<p>&nbsp;<\/p>\n<p>Si us plau, si tens qualsevol dubte posa&#8217;t en contacte amb mi.<\/p>\n<\/div><\/div><\/div><\/section>\n<\/div>","protected":false},"excerpt":{"rendered":"Manteniment de les teves joies En la proposta de Mademoiselle Coline conviu, de forma natural, la bellesa del passat amb l'actual i combina metalls, textures i tonalitats. S\u00f3n peces que gaudeixen d'una vida i d\u2019una hist\u00f2ria anterior i d\u2019una vida i d\u2019una hist\u00f2ria futura que tu li aportar\u00e0s. Les peces estan vives i a trav\u00e9s","protected":false},"author":3,"featured_media":0,"parent":0,"menu_order":0,"comment_status":"closed","ping_status":"closed","template":"","meta":{"_joinchat":[],"footnotes":""},"class_list":["post-33550","page","type-page","status-publish","hentry"],"yoast_head":"<!-- This site is optimized with the Yoast SEO plugin v27.4 - https:\/\/yoast.com\/product\/yoast-seo-wordpress\/ -->\n<title>Manteniment de les teves joies | Mademoiselle Coline<\/title>\n<meta name=\"description\" content=\"Consells de manteniment de les joies fetes a m\u00e0 artesanalment. Servei de restauraci\u00f3 i rexapat de les teves joies.\" \/>\n<meta name=\"robots\" content=\"index, follow, max-snippet:-1, max-image-preview:large, max-video-preview:-1\" \/>\n<link rel=\"canonical\" href=\"https:\/\/mademoisellecoline.com\/ca\/manteniment-de-les-teves-joies-mademoiselle-coline\/\" \/>\n<meta property=\"og:locale\" content=\"ca_ES\" \/>\n<meta property=\"og:type\" content=\"article\" \/>\n<meta property=\"og:title\" content=\"Manteniment de les teves joies | Mademoiselle Coline\" \/>\n<meta property=\"og:description\" content=\"Consells de manteniment de les joies fetes a m\u00e0 artesanalment. Servei de restauraci\u00f3 i rexapat de les teves joies.\" \/>\n<meta property=\"og:url\" content=\"https:\/\/mademoisellecoline.com\/ca\/manteniment-de-les-teves-joies-mademoiselle-coline\/\" \/>\n<meta property=\"og:site_name\" content=\"Mademoiselle Coline\" \/>\n<meta property=\"article:publisher\" content=\"https:\/\/www.facebook.com\/mademoisellecoline\" \/>\n<meta property=\"article:modified_time\" content=\"2024-07-09T08:22:26+00:00\" \/>\n<meta property=\"og:image\" content=\"https:\/\/mademoisellecoline.com\/wp-content\/uploads\/2018\/12\/mademoiselle-coline-logo-mails.png\" \/>\n\t<meta property=\"og:image:width\" content=\"283\" \/>\n\t<meta property=\"og:image:height\" content=\"119\" \/>\n\t<meta property=\"og:image:type\" content=\"image\/png\" \/>\n<meta name=\"twitter:card\" content=\"summary_large_image\" \/>\n<meta name=\"twitter:label1\" content=\"Temps estimat de lectura\" \/>\n\t<meta name=\"twitter:data1\" content=\"2 minutes\" \/>\n<script type=\"application\/ld+json\" class=\"yoast-schema-graph\">{\"@context\":\"https:\\\/\\\/schema.org\",\"@graph\":[{\"@type\":\"WebPage\",\"@id\":\"https:\\\/\\\/mademoisellecoline.com\\\/ca\\\/manteniment-de-les-teves-joies-mademoiselle-coline\\\/\",\"url\":\"https:\\\/\\\/mademoisellecoline.com\\\/ca\\\/manteniment-de-les-teves-joies-mademoiselle-coline\\\/\",\"name\":\"Manteniment de les teves joies | Mademoiselle Coline\",\"isPartOf\":{\"@id\":\"https:\\\/\\\/mademoisellecoline.com\\\/en\\\/#website\"},\"datePublished\":\"2024-07-01T02:49:04+00:00\",\"dateModified\":\"2024-07-09T08:22:26+00:00\",\"description\":\"Consells de manteniment de les joies fetes a m\u00e0 artesanalment. Servei de restauraci\u00f3 i rexapat de les teves joies.\",\"breadcrumb\":{\"@id\":\"https:\\\/\\\/mademoisellecoline.com\\\/ca\\\/manteniment-de-les-teves-joies-mademoiselle-coline\\\/#breadcrumb\"},\"inLanguage\":\"ca\",\"potentialAction\":[{\"@type\":\"ReadAction\",\"target\":[\"https:\\\/\\\/mademoisellecoline.com\\\/ca\\\/manteniment-de-les-teves-joies-mademoiselle-coline\\\/\"]}]},{\"@type\":\"BreadcrumbList\",\"@id\":\"https:\\\/\\\/mademoisellecoline.com\\\/ca\\\/manteniment-de-les-teves-joies-mademoiselle-coline\\\/#breadcrumb\",\"itemListElement\":[{\"@type\":\"ListItem\",\"position\":1,\"name\":\"Portada\",\"item\":\"https:\\\/\\\/mademoisellecoline.com\\\/ca\\\/\"},{\"@type\":\"ListItem\",\"position\":2,\"name\":\"Manteniment de les teves joies\"}]},{\"@type\":\"WebSite\",\"@id\":\"https:\\\/\\\/mademoisellecoline.com\\\/en\\\/#website\",\"url\":\"https:\\\/\\\/mademoisellecoline.com\\\/en\\\/\",\"name\":\"Mademoiselle Coline\",\"description\":\"Creaciones de joyer\u00eda on\u00edricas para almas so\u00f1adoras\",\"publisher\":{\"@id\":\"https:\\\/\\\/mademoisellecoline.com\\\/en\\\/#\\\/schema\\\/person\\\/a87a3358725ddb0d57e86600da53e416\"},\"potentialAction\":[{\"@type\":\"SearchAction\",\"target\":{\"@type\":\"EntryPoint\",\"urlTemplate\":\"https:\\\/\\\/mademoisellecoline.com\\\/en\\\/?s={search_term_string}\"},\"query-input\":{\"@type\":\"PropertyValueSpecification\",\"valueRequired\":true,\"valueName\":\"search_term_string\"}}],\"inLanguage\":\"ca\"},{\"@type\":[\"Person\",\"Organization\"],\"@id\":\"https:\\\/\\\/mademoisellecoline.com\\\/en\\\/#\\\/schema\\\/person\\\/a87a3358725ddb0d57e86600da53e416\",\"name\":\"Mademoiselle Coline\",\"image\":{\"@type\":\"ImageObject\",\"inLanguage\":\"ca\",\"@id\":\"https:\\\/\\\/mademoisellecoline.com\\\/wp-content\\\/uploads\\\/2024\\\/01\\\/ColineNeg.jpg\",\"url\":\"https:\\\/\\\/mademoisellecoline.com\\\/wp-content\\\/uploads\\\/2024\\\/01\\\/ColineNeg.jpg\",\"contentUrl\":\"https:\\\/\\\/mademoisellecoline.com\\\/wp-content\\\/uploads\\\/2024\\\/01\\\/ColineNeg.jpg\",\"width\":584,\"height\":349,\"caption\":\"Mademoiselle Coline\"},\"logo\":{\"@id\":\"https:\\\/\\\/mademoisellecoline.com\\\/wp-content\\\/uploads\\\/2024\\\/01\\\/ColineNeg.jpg\"},\"sameAs\":[\"https:\\\/\\\/www.facebook.com\\\/mademoisellecoline\",\"https:\\\/\\\/www.instagram.com\\\/mademoiselle_coline\\\/\"]}]}<\/script>\n<!-- \/ Yoast SEO plugin. -->","yoast_head_json":{"title":"Manteniment de les teves joies | Mademoiselle Coline","description":"Consells de manteniment de les joies fetes a m\u00e0 artesanalment. Servei de restauraci\u00f3 i rexapat de les teves joies.","robots":{"index":"index","follow":"follow","max-snippet":"max-snippet:-1","max-image-preview":"max-image-preview:large","max-video-preview":"max-video-preview:-1"},"canonical":"https:\/\/mademoisellecoline.com\/ca\/manteniment-de-les-teves-joies-mademoiselle-coline\/","og_locale":"ca_ES","og_type":"article","og_title":"Manteniment de les teves joies | Mademoiselle Coline","og_description":"Consells de manteniment de les joies fetes a m\u00e0 artesanalment. Servei de restauraci\u00f3 i rexapat de les teves joies.","og_url":"https:\/\/mademoisellecoline.com\/ca\/manteniment-de-les-teves-joies-mademoiselle-coline\/","og_site_name":"Mademoiselle Coline","article_publisher":"https:\/\/www.facebook.com\/mademoisellecoline","article_modified_time":"2024-07-09T08:22:26+00:00","og_image":[{"width":283,"height":119,"url":"https:\/\/mademoisellecoline.com\/wp-content\/uploads\/2018\/12\/mademoiselle-coline-logo-mails.png","type":"image\/png"}],"twitter_card":"summary_large_image","twitter_misc":{"Temps estimat de lectura":"2 minutes"},"schema":{"@context":"https:\/\/schema.org","@graph":[{"@type":"WebPage","@id":"https:\/\/mademoisellecoline.com\/ca\/manteniment-de-les-teves-joies-mademoiselle-coline\/","url":"https:\/\/mademoisellecoline.com\/ca\/manteniment-de-les-teves-joies-mademoiselle-coline\/","name":"Manteniment de les teves joies | Mademoiselle Coline","isPartOf":{"@id":"https:\/\/mademoisellecoline.com\/en\/#website"},"datePublished":"2024-07-01T02:49:04+00:00","dateModified":"2024-07-09T08:22:26+00:00","description":"Consells de manteniment de les joies fetes a m\u00e0 artesanalment. Servei de restauraci\u00f3 i rexapat de les teves joies.","breadcrumb":{"@id":"https:\/\/mademoisellecoline.com\/ca\/manteniment-de-les-teves-joies-mademoiselle-coline\/#breadcrumb"},"inLanguage":"ca","potentialAction":[{"@type":"ReadAction","target":["https:\/\/mademoisellecoline.com\/ca\/manteniment-de-les-teves-joies-mademoiselle-coline\/"]}]},{"@type":"BreadcrumbList","@id":"https:\/\/mademoisellecoline.com\/ca\/manteniment-de-les-teves-joies-mademoiselle-coline\/#breadcrumb","itemListElement":[{"@type":"ListItem","position":1,"name":"Portada","item":"https:\/\/mademoisellecoline.com\/ca\/"},{"@type":"ListItem","position":2,"name":"Manteniment de les teves joies"}]},{"@type":"WebSite","@id":"https:\/\/mademoisellecoline.com\/en\/#website","url":"https:\/\/mademoisellecoline.com\/en\/","name":"Mademoiselle Coline","description":"Creaciones de joyer\u00eda on\u00edricas para almas so\u00f1adoras","publisher":{"@id":"https:\/\/mademoisellecoline.com\/en\/#\/schema\/person\/a87a3358725ddb0d57e86600da53e416"},"potentialAction":[{"@type":"SearchAction","target":{"@type":"EntryPoint","urlTemplate":"https:\/\/mademoisellecoline.com\/en\/?s={search_term_string}"},"query-input":{"@type":"PropertyValueSpecification","valueRequired":true,"valueName":"search_term_string"}}],"inLanguage":"ca"},{"@type":["Person","Organization"],"@id":"https:\/\/mademoisellecoline.com\/en\/#\/schema\/person\/a87a3358725ddb0d57e86600da53e416","name":"Mademoiselle Coline","image":{"@type":"ImageObject","inLanguage":"ca","@id":"https:\/\/mademoisellecoline.com\/wp-content\/uploads\/2024\/01\/ColineNeg.jpg","url":"https:\/\/mademoisellecoline.com\/wp-content\/uploads\/2024\/01\/ColineNeg.jpg","contentUrl":"https:\/\/mademoisellecoline.com\/wp-content\/uploads\/2024\/01\/ColineNeg.jpg","width":584,"height":349,"caption":"Mademoiselle Coline"},"logo":{"@id":"https:\/\/mademoisellecoline.com\/wp-content\/uploads\/2024\/01\/ColineNeg.jpg"},"sameAs":["https:\/\/www.facebook.com\/mademoisellecoline","https:\/\/www.instagram.com\/mademoiselle_coline\/"]}]}},"_links":{"self":[{"href":"https:\/\/mademoisellecoline.com\/ca\/wp-json\/wp\/v2\/pages\/33550","targetHints":{"allow":["GET"]}}],"collection":[{"href":"https:\/\/mademoisellecoline.com\/ca\/wp-json\/wp\/v2\/pages"}],"about":[{"href":"https:\/\/mademoisellecoline.com\/ca\/wp-json\/wp\/v2\/types\/page"}],"author":[{"embeddable":true,"href":"https:\/\/mademoisellecoline.com\/ca\/wp-json\/wp\/v2\/users\/3"}],"replies":[{"embeddable":true,"href":"https:\/\/mademoisellecoline.com\/ca\/wp-json\/wp\/v2\/comments?post=33550"}],"version-history":[{"count":5,"href":"https:\/\/mademoisellecoline.com\/ca\/wp-json\/wp\/v2\/pages\/33550\/revisions"}],"predecessor-version":[{"id":33629,"href":"https:\/\/mademoisellecoline.com\/ca\/wp-json\/wp\/v2\/pages\/33550\/revisions\/33629"}],"wp:attachment":[{"href":"https:\/\/mademoisellecoline.com\/ca\/wp-json\/wp\/v2\/media?parent=33550"}],"curies":[{"name":"wp","href":"https:\/\/api.w.org\/{rel}","templated":true}]}}