{"id":33642,"date":"2024-10-24T06:56:46","date_gmt":"2024-10-24T06:56:46","guid":{"rendered":"https:\/\/mademoisellecoline.com\/?page_id=33642"},"modified":"2026-01-28T11:32:16","modified_gmt":"2026-01-28T11:32:16","slug":"atelier-coline-a-mida-2","status":"publish","type":"page","link":"https:\/\/mademoisellecoline.com\/ca\/colleccions-joies-fetes-a-ma-artesanals-2\/atelier-coline-a-mida-2\/","title":{"rendered":"Atelier Coline \u2013 A Mida"},"content":{"rendered":"<div class=\"wpb-content-wrapper\"><section class=\"content-section full-width with-col cover rella-no-padding rella-no-margin    content-section-69ece30954649\"><div class=\"row vc_row-fluid\"><div class=\"wpb_column col-md-12\"><\/div><\/div><\/section><section  class=\"content-section full-width with-col cover rella-no-padding rella-no-margin    content-section-69ece30954771\"><div class=\"row vc_row-fluid\"><div class=\"wpb_column col-md-12 hidden-sm hidden-xs\"><section  class=\"content-section full-width with-col cover rella-no-padding rella-no-margin    content-section-69ece30954d42\"><div class=\"row vc_row-fluid\"><div class=\"wpb_column col-md-4\">[vc_custom_heading text=&#8221;Atelier Coline,<br \/>\njoies fetes a m\u00e0 A Mida, per sempre&#8221; font_container=&#8221;tag:h1|font_size:33|text_align:left&#8221; google_fonts=&#8221;font_family:Dosis%3A200%2C300%2Cregular%2C500%2C600%2C700%2C800|font_style:300%20light%20regular%3A300%3Anormal&#8221; css=&#8221;&#8221;]<div class=\"section-text text-block align-left\" ><p>Atelier Coline \u00e9s una oda a l\u2019eternitat, a la bellesa imperible i al seu profund simbolisme al llarg del temps.<\/p>\n<p>Un espai \u00edntim per compartir, somiar i inspirar-se, on es creen joies A Mida, exclusivament per a tu. Joies fetes a m\u00e0, personalitzades i realitzades artesanalment amb metalls preciosos i pedres seleccionades, que donen lloc a creacions \u00faniques i personals, convertint moments significatius en memorables.<\/p>\n<p>Des de les noves creacions fins a les peces ic\u00f2niques de la marca, cada joia pot ser personalitzada o servir com a punt de partida per a una creaci\u00f3 a mida, feta a m\u00e0 especialment per a tu en contacte personal amb la creadora.<\/p>\n<\/div>[vc_single_image image=&#8221;34132&#8243; img_size=&#8221;full&#8221; alignment=&#8221;center&#8221; onclick=&#8221;custom_link&#8221; css_animation=&#8221;fadeInUp&#8221; css=&#8221;&#8221; link=&#8221;https:\/\/mademoisellecoline.com\/ca\/producte\/anell-cris-creacio-a-mida\/&#8221;]<div class=\"section-text text-block \" style=\"font-size:15px;\"><p style=\"text-align: center\">Anell Cris &#8211; Creaci\u00f3 A Mida<br \/>\n<a href=\"https:\/\/mademoisellecoline.com\/ca\/producte\/anell-coeur-peca-a-mesura\/\">Veure m\u00e9s<\/a><\/p>\n<\/div>[vc_single_image image=&#8221;34163&#8243; img_size=&#8221;full&#8221; alignment=&#8221;center&#8221; onclick=&#8221;custom_link&#8221; img_link_target=&#8221;_blank&#8221; css_animation=&#8221;fadeInUp&#8221; css=&#8221;&#8221; link=&#8221;https:\/\/mademoisellecoline.com\/ca\/producte\/anell-elle-creacio-a-mida\/&#8221;]<div class=\"section-text text-block \" style=\"font-size:15px;\"><p style=\"text-align: center\">Anell Elle &#8211; Creaci\u00f3 A Mida<br \/>\n<a href=\"https:\/\/mademoisellecoline.com\/ca\/producte\/anell-coeur-peca-a-mesura\/\">Veure m\u00e9s<\/a><\/p>\n<\/div><\/div><div class=\"wpb_column col-md-4\">[vc_empty_space height=&#8221;252px&#8221;][vc_single_image image=&#8221;34013&#8243; img_size=&#8221;full&#8221; alignment=&#8221;center&#8221; onclick=&#8221;custom_link&#8221; css_animation=&#8221;fadeInUp&#8221; css=&#8221;&#8221; link=&#8221;https:\/\/mademoisellecoline.com\/ca\/producte\/anell-coeur-peca-a-mesura\/&#8221;]<div class=\"section-text text-block \" style=\"font-size:15px;\"><p style=\"text-align: center\">Anell C\u0153ur &#8211; Creaci\u00f3 A Mida<br \/>\n<a href=\"https:\/\/mademoisellecoline.com\/ca\/producte\/anell-coeur-peca-a-mesura\/\">Veure m\u00e9s<\/a><\/p>\n<\/div>[vc_single_image image=&#8221;34017&#8243; img_size=&#8221;full&#8221; alignment=&#8221;center&#8221; onclick=&#8221;custom_link&#8221; css_animation=&#8221;fadeInUp&#8221; css=&#8221;&#8221; link=&#8221;https:\/\/mademoisellecoline.com\/ca\/producte\/peces-iconiques-creacio-a-mida&#8221;]<div class=\"section-text text-block \" style=\"font-size:15px;\"><p style=\"text-align: center\">Peces Ic\u00f2niques &#8211; Creaci\u00f3 A Mida<br \/>\n<a href=\"https:\/\/mademoisellecoline.com\/ca\/producte\/anell-coeur-peca-a-mesura\/\">Veure m\u00e9s<\/a><\/p>\n<\/div><div class=\"section-text text-block \" style=\"font-size:24px;\"><h2 style=\"text-align: center;font-family: Dosis;font-size: 24px;font-weight: 300;padding: 20px\">T\u2019agradaria comen\u00e7ar a inspirar-te? Si desitges parlar sobre la creaci\u00f3 d&#8217;una pe\u00e7a A Mida, contacta amb <a href=\"mailto:contact@mademoisellecoline.com\" target=\"_blank\" rel=\"noopener\"><u>Atelier Coline<\/u><\/a><\/h2>\n<\/div><\/div><div class=\"wpb_column col-md-4\">[vc_empty_space height=&#8221;322px&#8221;][vc_single_image image=&#8221;33748&#8243; img_size=&#8221;full&#8221; alignment=&#8221;center&#8221; onclick=&#8221;custom_link&#8221; css_animation=&#8221;fadeInUp&#8221; css=&#8221;&#8221; link=&#8221;https:\/\/mademoisellecoline.com\/ca\/producte\/anell-eon-creacio-a-mida\/&#8221;]<div class=\"section-text text-block \" style=\"font-size:15px;\"><p style=\"text-align: center\">Anell \u00c9on &#8211; Creaci\u00f3 A Mida<br \/>\n<a href=\"https:\/\/mademoisellecoline.com\/ca\/producte\/anell-coeur-peca-a-mesura\/\">Veure m\u00e9s<\/a><\/p>\n<\/div>[vc_single_image image=&#8221;34445&#8243; img_size=&#8221;full&#8221; alignment=&#8221;center&#8221; onclick=&#8221;custom_link&#8221; css_animation=&#8221;fadeInUp&#8221; css=&#8221;&#8221; link=&#8221;https:\/\/mademoisellecoline.com\/ca\/producte\/anell-stella-creacio-a-mida\/&#8221;]<div class=\"section-text text-block \" style=\"font-size:15px;\"><p style=\"text-align: center\">Anell Stella &#8211; Creaci\u00f3 A Mida<br \/>\n<a href=\"https:\/\/mademoisellecoline.com\/ca\/producte\/anell-coeur-peca-a-mesura\/\">Veure m\u00e9s<\/a><\/p>\n<\/div><\/div><\/div><\/section><\/div><\/div><\/section><section  class=\"content-section full-width with-col cover rella-no-padding rella-no-margin    content-section-69ece30955516\"><div class=\"row vc_row-fluid\"><div class=\"wpb_column col-md-12 hidden-lg hidden-md\"><section  class=\"content-section full-width with-col cover rella-no-padding rella-no-margin    content-section-69ece309558b3\"><div class=\"row vc_row-fluid\"><div class=\"wpb_column col-md-12\">[vc_custom_heading text=&#8221;Atelier Coline,<br \/>\njoies fetes a m\u00e0 A Mida, per sempre&#8221; font_container=&#8221;tag:h1|font_size:33|text_align:left&#8221; google_fonts=&#8221;font_family:Dosis%3A200%2C300%2Cregular%2C500%2C600%2C700%2C800|font_style:300%20light%20regular%3A300%3Anormal&#8221; css=&#8221;&#8221;]<div class=\"section-text text-block align-left\" ><p>Atelier Coline \u00e9s una oda a l\u2019eternitat, a la bellesa imperible i al seu profund simbolisme al llarg del temps.<\/p>\n<p>Un espai \u00edntim per compartir, somiar i inspirar-se, on es creen peces A Mida, exclusivament per a tu. Joies fetes a m\u00e0, personalitzades i realitzades artesanalment amb metalls preciosos i pedres seleccionades, que donen lloc a creacions \u00faniques i personals, convertint moments significatius en memorables.<\/p>\n<p>Des de les noves creacions fins a les peces ic\u00f2niques de la marca, cada joia pot ser personalitzada o servir com a inspiraci\u00f3 per a una nova creaci\u00f3 feta especialment per a tu.<\/p>\n<\/div>[vc_single_image image=&#8221;34013&#8243; img_size=&#8221;full&#8221; alignment=&#8221;center&#8221; onclick=&#8221;custom_link&#8221; css=&#8221;&#8221; link=&#8221;https:\/\/mademoisellecoline.com\/ca\/producte\/anell-coeur-peca-a-mesura\/&#8221;]<div class=\"section-text text-block \" style=\"font-size:15px;\"><p style=\"text-align: center\">Anell C\u0153ur &#8211; Creaci\u00f3 A Mida<br \/>\n<a href=\"https:\/\/mademoisellecoline.com\/ca\/producte\/anell-coeur-peca-a-mesura\/\">Veure m\u00e9s<\/a><\/p>\n<\/div>[vc_single_image image=&#8221;33748&#8243; img_size=&#8221;full&#8221; alignment=&#8221;center&#8221; onclick=&#8221;custom_link&#8221; css=&#8221;&#8221; link=&#8221;https:\/\/mademoisellecoline.com\/ca\/producte\/anell-eon-creacio-a-mida\/&#8221;]<div class=\"section-text text-block \" style=\"font-size:15px;\"><p style=\"text-align: center\">Anell \u00c9on &#8211; Creaci\u00f3 A Mida<br \/>\n<a href=\"https:\/\/mademoisellecoline.com\/ca\/producte\/anell-coeur-peca-a-mesura\/\">Veure m\u00e9s<\/a><\/p>\n<\/div>[vc_single_image image=&#8221;34132&#8243; img_size=&#8221;full&#8221; alignment=&#8221;center&#8221; onclick=&#8221;custom_link&#8221; css=&#8221;&#8221; link=&#8221;https:\/\/mademoisellecoline.com\/ca\/producte\/anell-cris-creacio-a-mida\/&#8221;]<div class=\"section-text text-block \" style=\"font-size:15px;\"><p style=\"text-align: center\">Anell Cris &#8211; Creaci\u00f3 A Mida<br \/>\n<a href=\"https:\/\/mademoisellecoline.com\/ca\/producte\/anell-coeur-peca-a-mesura\/\">Veure m\u00e9s<\/a><\/p>\n<\/div>[vc_empty_space height=&#8221;0px&#8221;]<div class=\"section-text text-block \" style=\"font-size:24px;\"><h2 style=\"text-align: center;font-family: Dosis;font-size: 24px;font-weight: 300;padding: 20px\">T\u2019agradaria comen\u00e7ar a inspirar-te? Si desitges parlar sobre la creaci\u00f3 d&#8217;una pe\u00e7a A Mida, contacta amb <a href=\"mailto:contact@mademoisellecoline.com\" target=\"_blank\" rel=\"noopener\"><u>Atelier Coline<\/u><\/a><\/h2>\n<\/div>[vc_empty_space height=&#8221;20px&#8221;][vc_single_image image=&#8221;34163&#8243; img_size=&#8221;full&#8221; alignment=&#8221;center&#8221; onclick=&#8221;custom_link&#8221; css=&#8221;&#8221; link=&#8221;https:\/\/mademoisellecoline.com\/ca\/producte\/anell-elle-creacio-a-mida\/&#8221;]<div class=\"section-text text-block \" style=\"font-size:15px;\"><p style=\"text-align: center\">Anell Elle &#8211; Creaci\u00f3 A Mida<br \/>\n<a href=\"https:\/\/mademoisellecoline.com\/ca\/producte\/anell-coeur-peca-a-mesura\/\">Veure m\u00e9s<\/a><\/p>\n<\/div>[vc_single_image image=&#8221;34445&#8243; img_size=&#8221;full&#8221; alignment=&#8221;center&#8221; onclick=&#8221;custom_link&#8221; css=&#8221;&#8221; link=&#8221;https:\/\/mademoisellecoline.com\/ca\/producte\/anell-stella-creacio-a-mida\/&#8221;]<div class=\"section-text text-block \" style=\"font-size:15px;\"><p style=\"text-align: center\">Anell Stella &#8211; Creaci\u00f3 A Mida<br \/>\n<a href=\"https:\/\/mademoisellecoline.com\/ca\/producte\/anell-coeur-peca-a-mesura\/\">Veure m\u00e9s<\/a><\/p>\n<\/div>[vc_single_image image=&#8221;34017&#8243; img_size=&#8221;full&#8221; alignment=&#8221;center&#8221; onclick=&#8221;custom_link&#8221; css=&#8221;&#8221; link=&#8221;https:\/\/mademoisellecoline.com\/ca\/producte\/peces-iconiques-creacio-a-mida&#8221;]<div class=\"section-text text-block \" style=\"font-size:15px;\"><p style=\"text-align: center\">Peces Ic\u00f2niques &#8211; Creaci\u00f3 A Mida<br \/>\n<a href=\"https:\/\/mademoisellecoline.com\/ca\/producte\/anell-coeur-peca-a-mesura\/\">Veure m\u00e9s<\/a><\/p>\n<\/div><\/div><\/div><\/section><\/div><\/div><\/section>\n<\/div>","protected":false},"excerpt":{"rendered":"[vc_custom_heading text=\"Atelier Coline, joies fetes a m\u00e0 A Mida, per sempre\" font_container=\"tag:h1|font_size:33|text_align:left\" google_fonts=\"font_family:Dosis%3A200%2C300%2Cregular%2C500%2C600%2C700%2C800|font_style:300%20light%20regular%3A300%3Anormal\" css=\"\"]Atelier Coline \u00e9s una oda a l\u2019eternitat, a la bellesa imperible i al seu profund simbolisme al llarg del temps. Un espai \u00edntim per compartir, somiar i inspirar-se, on es creen joies A Mida, exclusivament per a tu. Joies fetes a m\u00e0,","protected":false},"author":3,"featured_media":34226,"parent":18009,"menu_order":0,"comment_status":"closed","ping_status":"closed","template":"","meta":{"_joinchat":[],"footnotes":""},"class_list":["post-33642","page","type-page","status-publish","has-post-thumbnail","hentry"],"yoast_head":"<!-- This site is optimized with the Yoast SEO plugin v27.4 - https:\/\/yoast.com\/product\/yoast-seo-wordpress\/ -->\n<title>Joies fetes a m\u00e0 A Mida | Mademoiselle Coline<\/title>\n<meta name=\"description\" content=\"Joies fetes a m\u00e0 personalitzades A Mida. Creacions \u00faniques i personals que simbolitzen moments significatius. T\u2019esperem a Atelier Coline.\" \/>\n<meta name=\"robots\" content=\"index, follow, max-snippet:-1, max-image-preview:large, max-video-preview:-1\" \/>\n<link rel=\"canonical\" href=\"https:\/\/mademoisellecoline.com\/ca\/colleccions-joies-fetes-a-ma-artesanals-2\/atelier-coline-a-mida-2\/\" \/>\n<meta property=\"og:locale\" content=\"ca_ES\" \/>\n<meta property=\"og:type\" content=\"article\" \/>\n<meta property=\"og:title\" content=\"Joies fetes a m\u00e0 A Mida | Mademoiselle Coline\" \/>\n<meta property=\"og:description\" content=\"Joies fetes a m\u00e0 personalitzades A Mida. Creacions \u00faniques i personals que simbolitzen moments significatius. T\u2019esperem a Atelier Coline.\" \/>\n<meta property=\"og:url\" content=\"https:\/\/mademoisellecoline.com\/ca\/colleccions-joies-fetes-a-ma-artesanals-2\/atelier-coline-a-mida-2\/\" \/>\n<meta property=\"og:site_name\" content=\"Mademoiselle Coline\" \/>\n<meta property=\"article:publisher\" content=\"https:\/\/www.facebook.com\/mademoisellecoline\" \/>\n<meta property=\"article:modified_time\" content=\"2026-01-28T11:32:16+00:00\" \/>\n<meta property=\"og:image\" content=\"https:\/\/mademoisellecoline.com\/wp-content\/uploads\/2024\/09\/bijoux-artisanaux-sur-mesure-fait-main-Mademoiselle-Coline.jpg\" \/>\n\t<meta property=\"og:image:width\" content=\"1500\" \/>\n\t<meta property=\"og:image:height\" content=\"1500\" \/>\n\t<meta property=\"og:image:type\" content=\"image\/jpeg\" \/>\n<meta name=\"twitter:card\" content=\"summary_large_image\" \/>\n<meta name=\"twitter:label1\" content=\"Temps estimat de lectura\" \/>\n\t<meta name=\"twitter:data1\" content=\"5 minutes\" \/>\n<script type=\"application\/ld+json\" class=\"yoast-schema-graph\">{\"@context\":\"https:\\\/\\\/schema.org\",\"@graph\":[{\"@type\":\"WebPage\",\"@id\":\"https:\\\/\\\/mademoisellecoline.com\\\/ca\\\/colleccions-joies-fetes-a-ma-artesanals-2\\\/atelier-coline-a-mida-2\\\/\",\"url\":\"https:\\\/\\\/mademoisellecoline.com\\\/ca\\\/colleccions-joies-fetes-a-ma-artesanals-2\\\/atelier-coline-a-mida-2\\\/\",\"name\":\"Joies fetes a m\u00e0 A Mida | Mademoiselle Coline\",\"isPartOf\":{\"@id\":\"https:\\\/\\\/mademoisellecoline.com\\\/en\\\/#website\"},\"primaryImageOfPage\":{\"@id\":\"https:\\\/\\\/mademoisellecoline.com\\\/ca\\\/colleccions-joies-fetes-a-ma-artesanals-2\\\/atelier-coline-a-mida-2\\\/#primaryimage\"},\"image\":{\"@id\":\"https:\\\/\\\/mademoisellecoline.com\\\/ca\\\/colleccions-joies-fetes-a-ma-artesanals-2\\\/atelier-coline-a-mida-2\\\/#primaryimage\"},\"thumbnailUrl\":\"https:\\\/\\\/mademoisellecoline.com\\\/wp-content\\\/uploads\\\/2024\\\/09\\\/bijoux-artisanaux-sur-mesure-fait-main-Mademoiselle-Coline.jpg\",\"datePublished\":\"2024-10-24T06:56:46+00:00\",\"dateModified\":\"2026-01-28T11:32:16+00:00\",\"description\":\"Joies fetes a m\u00e0 personalitzades A Mida. Creacions \u00faniques i personals que simbolitzen moments significatius. T\u2019esperem a Atelier Coline.\",\"breadcrumb\":{\"@id\":\"https:\\\/\\\/mademoisellecoline.com\\\/ca\\\/colleccions-joies-fetes-a-ma-artesanals-2\\\/atelier-coline-a-mida-2\\\/#breadcrumb\"},\"inLanguage\":\"ca\",\"potentialAction\":[{\"@type\":\"ReadAction\",\"target\":[\"https:\\\/\\\/mademoisellecoline.com\\\/ca\\\/colleccions-joies-fetes-a-ma-artesanals-2\\\/atelier-coline-a-mida-2\\\/\"]}]},{\"@type\":\"ImageObject\",\"inLanguage\":\"ca\",\"@id\":\"https:\\\/\\\/mademoisellecoline.com\\\/ca\\\/colleccions-joies-fetes-a-ma-artesanals-2\\\/atelier-coline-a-mida-2\\\/#primaryimage\",\"url\":\"https:\\\/\\\/mademoisellecoline.com\\\/wp-content\\\/uploads\\\/2024\\\/09\\\/bijoux-artisanaux-sur-mesure-fait-main-Mademoiselle-Coline.jpg\",\"contentUrl\":\"https:\\\/\\\/mademoisellecoline.com\\\/wp-content\\\/uploads\\\/2024\\\/09\\\/bijoux-artisanaux-sur-mesure-fait-main-Mademoiselle-Coline.jpg\",\"width\":1500,\"height\":1500},{\"@type\":\"BreadcrumbList\",\"@id\":\"https:\\\/\\\/mademoisellecoline.com\\\/ca\\\/colleccions-joies-fetes-a-ma-artesanals-2\\\/atelier-coline-a-mida-2\\\/#breadcrumb\",\"itemListElement\":[{\"@type\":\"ListItem\",\"position\":1,\"name\":\"Portada\",\"item\":\"https:\\\/\\\/mademoisellecoline.com\\\/ca\\\/\"},{\"@type\":\"ListItem\",\"position\":2,\"name\":\"Col\u00b7leccions\",\"item\":\"https:\\\/\\\/mademoisellecoline.com\\\/ca\\\/colleccions-joies-fetes-a-ma-artesanals-2\\\/\"},{\"@type\":\"ListItem\",\"position\":3,\"name\":\"Atelier Coline \u2013 A Mida\"}]},{\"@type\":\"WebSite\",\"@id\":\"https:\\\/\\\/mademoisellecoline.com\\\/en\\\/#website\",\"url\":\"https:\\\/\\\/mademoisellecoline.com\\\/en\\\/\",\"name\":\"Mademoiselle Coline\",\"description\":\"Creaciones de joyer\u00eda on\u00edricas para almas so\u00f1adoras\",\"publisher\":{\"@id\":\"https:\\\/\\\/mademoisellecoline.com\\\/en\\\/#\\\/schema\\\/person\\\/a87a3358725ddb0d57e86600da53e416\"},\"potentialAction\":[{\"@type\":\"SearchAction\",\"target\":{\"@type\":\"EntryPoint\",\"urlTemplate\":\"https:\\\/\\\/mademoisellecoline.com\\\/en\\\/?s={search_term_string}\"},\"query-input\":{\"@type\":\"PropertyValueSpecification\",\"valueRequired\":true,\"valueName\":\"search_term_string\"}}],\"inLanguage\":\"ca\"},{\"@type\":[\"Person\",\"Organization\"],\"@id\":\"https:\\\/\\\/mademoisellecoline.com\\\/en\\\/#\\\/schema\\\/person\\\/a87a3358725ddb0d57e86600da53e416\",\"name\":\"Mademoiselle Coline\",\"image\":{\"@type\":\"ImageObject\",\"inLanguage\":\"ca\",\"@id\":\"https:\\\/\\\/mademoisellecoline.com\\\/wp-content\\\/uploads\\\/2024\\\/01\\\/ColineNeg.jpg\",\"url\":\"https:\\\/\\\/mademoisellecoline.com\\\/wp-content\\\/uploads\\\/2024\\\/01\\\/ColineNeg.jpg\",\"contentUrl\":\"https:\\\/\\\/mademoisellecoline.com\\\/wp-content\\\/uploads\\\/2024\\\/01\\\/ColineNeg.jpg\",\"width\":584,\"height\":349,\"caption\":\"Mademoiselle Coline\"},\"logo\":{\"@id\":\"https:\\\/\\\/mademoisellecoline.com\\\/wp-content\\\/uploads\\\/2024\\\/01\\\/ColineNeg.jpg\"},\"sameAs\":[\"https:\\\/\\\/www.facebook.com\\\/mademoisellecoline\",\"https:\\\/\\\/www.instagram.com\\\/mademoiselle_coline\\\/\"]}]}<\/script>\n<!-- \/ Yoast SEO plugin. -->","yoast_head_json":{"title":"Joies fetes a m\u00e0 A Mida | Mademoiselle Coline","description":"Joies fetes a m\u00e0 personalitzades A Mida. Creacions \u00faniques i personals que simbolitzen moments significatius. T\u2019esperem a Atelier Coline.","robots":{"index":"index","follow":"follow","max-snippet":"max-snippet:-1","max-image-preview":"max-image-preview:large","max-video-preview":"max-video-preview:-1"},"canonical":"https:\/\/mademoisellecoline.com\/ca\/colleccions-joies-fetes-a-ma-artesanals-2\/atelier-coline-a-mida-2\/","og_locale":"ca_ES","og_type":"article","og_title":"Joies fetes a m\u00e0 A Mida | Mademoiselle Coline","og_description":"Joies fetes a m\u00e0 personalitzades A Mida. Creacions \u00faniques i personals que simbolitzen moments significatius. T\u2019esperem a Atelier Coline.","og_url":"https:\/\/mademoisellecoline.com\/ca\/colleccions-joies-fetes-a-ma-artesanals-2\/atelier-coline-a-mida-2\/","og_site_name":"Mademoiselle Coline","article_publisher":"https:\/\/www.facebook.com\/mademoisellecoline","article_modified_time":"2026-01-28T11:32:16+00:00","og_image":[{"width":1500,"height":1500,"url":"https:\/\/mademoisellecoline.com\/wp-content\/uploads\/2024\/09\/bijoux-artisanaux-sur-mesure-fait-main-Mademoiselle-Coline.jpg","type":"image\/jpeg"}],"twitter_card":"summary_large_image","twitter_misc":{"Temps estimat de lectura":"5 minutes"},"schema":{"@context":"https:\/\/schema.org","@graph":[{"@type":"WebPage","@id":"https:\/\/mademoisellecoline.com\/ca\/colleccions-joies-fetes-a-ma-artesanals-2\/atelier-coline-a-mida-2\/","url":"https:\/\/mademoisellecoline.com\/ca\/colleccions-joies-fetes-a-ma-artesanals-2\/atelier-coline-a-mida-2\/","name":"Joies fetes a m\u00e0 A Mida | Mademoiselle Coline","isPartOf":{"@id":"https:\/\/mademoisellecoline.com\/en\/#website"},"primaryImageOfPage":{"@id":"https:\/\/mademoisellecoline.com\/ca\/colleccions-joies-fetes-a-ma-artesanals-2\/atelier-coline-a-mida-2\/#primaryimage"},"image":{"@id":"https:\/\/mademoisellecoline.com\/ca\/colleccions-joies-fetes-a-ma-artesanals-2\/atelier-coline-a-mida-2\/#primaryimage"},"thumbnailUrl":"https:\/\/mademoisellecoline.com\/wp-content\/uploads\/2024\/09\/bijoux-artisanaux-sur-mesure-fait-main-Mademoiselle-Coline.jpg","datePublished":"2024-10-24T06:56:46+00:00","dateModified":"2026-01-28T11:32:16+00:00","description":"Joies fetes a m\u00e0 personalitzades A Mida. Creacions \u00faniques i personals que simbolitzen moments significatius. T\u2019esperem a Atelier Coline.","breadcrumb":{"@id":"https:\/\/mademoisellecoline.com\/ca\/colleccions-joies-fetes-a-ma-artesanals-2\/atelier-coline-a-mida-2\/#breadcrumb"},"inLanguage":"ca","potentialAction":[{"@type":"ReadAction","target":["https:\/\/mademoisellecoline.com\/ca\/colleccions-joies-fetes-a-ma-artesanals-2\/atelier-coline-a-mida-2\/"]}]},{"@type":"ImageObject","inLanguage":"ca","@id":"https:\/\/mademoisellecoline.com\/ca\/colleccions-joies-fetes-a-ma-artesanals-2\/atelier-coline-a-mida-2\/#primaryimage","url":"https:\/\/mademoisellecoline.com\/wp-content\/uploads\/2024\/09\/bijoux-artisanaux-sur-mesure-fait-main-Mademoiselle-Coline.jpg","contentUrl":"https:\/\/mademoisellecoline.com\/wp-content\/uploads\/2024\/09\/bijoux-artisanaux-sur-mesure-fait-main-Mademoiselle-Coline.jpg","width":1500,"height":1500},{"@type":"BreadcrumbList","@id":"https:\/\/mademoisellecoline.com\/ca\/colleccions-joies-fetes-a-ma-artesanals-2\/atelier-coline-a-mida-2\/#breadcrumb","itemListElement":[{"@type":"ListItem","position":1,"name":"Portada","item":"https:\/\/mademoisellecoline.com\/ca\/"},{"@type":"ListItem","position":2,"name":"Col\u00b7leccions","item":"https:\/\/mademoisellecoline.com\/ca\/colleccions-joies-fetes-a-ma-artesanals-2\/"},{"@type":"ListItem","position":3,"name":"Atelier Coline \u2013 A Mida"}]},{"@type":"WebSite","@id":"https:\/\/mademoisellecoline.com\/en\/#website","url":"https:\/\/mademoisellecoline.com\/en\/","name":"Mademoiselle Coline","description":"Creaciones de joyer\u00eda on\u00edricas para almas so\u00f1adoras","publisher":{"@id":"https:\/\/mademoisellecoline.com\/en\/#\/schema\/person\/a87a3358725ddb0d57e86600da53e416"},"potentialAction":[{"@type":"SearchAction","target":{"@type":"EntryPoint","urlTemplate":"https:\/\/mademoisellecoline.com\/en\/?s={search_term_string}"},"query-input":{"@type":"PropertyValueSpecification","valueRequired":true,"valueName":"search_term_string"}}],"inLanguage":"ca"},{"@type":["Person","Organization"],"@id":"https:\/\/mademoisellecoline.com\/en\/#\/schema\/person\/a87a3358725ddb0d57e86600da53e416","name":"Mademoiselle Coline","image":{"@type":"ImageObject","inLanguage":"ca","@id":"https:\/\/mademoisellecoline.com\/wp-content\/uploads\/2024\/01\/ColineNeg.jpg","url":"https:\/\/mademoisellecoline.com\/wp-content\/uploads\/2024\/01\/ColineNeg.jpg","contentUrl":"https:\/\/mademoisellecoline.com\/wp-content\/uploads\/2024\/01\/ColineNeg.jpg","width":584,"height":349,"caption":"Mademoiselle Coline"},"logo":{"@id":"https:\/\/mademoisellecoline.com\/wp-content\/uploads\/2024\/01\/ColineNeg.jpg"},"sameAs":["https:\/\/www.facebook.com\/mademoisellecoline","https:\/\/www.instagram.com\/mademoiselle_coline\/"]}]}},"_links":{"self":[{"href":"https:\/\/mademoisellecoline.com\/ca\/wp-json\/wp\/v2\/pages\/33642","targetHints":{"allow":["GET"]}}],"collection":[{"href":"https:\/\/mademoisellecoline.com\/ca\/wp-json\/wp\/v2\/pages"}],"about":[{"href":"https:\/\/mademoisellecoline.com\/ca\/wp-json\/wp\/v2\/types\/page"}],"author":[{"embeddable":true,"href":"https:\/\/mademoisellecoline.com\/ca\/wp-json\/wp\/v2\/users\/3"}],"replies":[{"embeddable":true,"href":"https:\/\/mademoisellecoline.com\/ca\/wp-json\/wp\/v2\/comments?post=33642"}],"version-history":[{"count":7,"href":"https:\/\/mademoisellecoline.com\/ca\/wp-json\/wp\/v2\/pages\/33642\/revisions"}],"predecessor-version":[{"id":37776,"href":"https:\/\/mademoisellecoline.com\/ca\/wp-json\/wp\/v2\/pages\/33642\/revisions\/37776"}],"up":[{"embeddable":true,"href":"https:\/\/mademoisellecoline.com\/ca\/wp-json\/wp\/v2\/pages\/18009"}],"wp:featuredmedia":[{"embeddable":true,"href":"https:\/\/mademoisellecoline.com\/ca\/wp-json\/wp\/v2\/media\/34226"}],"wp:attachment":[{"href":"https:\/\/mademoisellecoline.com\/ca\/wp-json\/wp\/v2\/media?parent=33642"}],"curies":[{"name":"wp","href":"https:\/\/api.w.org\/{rel}","templated":true}]}}