{"id":36475,"date":"2025-03-10T18:54:08","date_gmt":"2025-03-10T18:54:08","guid":{"rendered":"https:\/\/mademoisellecoline.com\/?page_id=36475"},"modified":"2026-04-14T15:12:52","modified_gmt":"2026-04-14T15:12:52","slug":"mapa-web","status":"publish","type":"page","link":"https:\/\/mademoisellecoline.com\/ca\/mapa-web\/","title":{"rendered":"Mapa web"},"content":{"rendered":"<div class=\"wpb-content-wrapper\"><section  class=\"content-section full-width with-col cover rella-no-padding rella-no-margin    content-section-69ecbd2e6ceb0\"><div class=\"row vc_row-fluid\"><div class=\"wpb_column col-md-12\"><div class=\"section-text text-block \" ><ul>\n<li><a href=\"https:\/\/mademoisellecoline.com\/ca\/joies\/anells-a-mida\/\">Anells a mida<\/a><\/li>\n<li><a href=\"https:\/\/mademoisellecoline.com\/ca\/joies\/anells-artesanals\/\">Anells artesanals<\/a><\/li>\n<li><a href=\"https:\/\/mademoisellecoline.com\/ca\/joies\/anells-fets-a-ma\/\">Anells fets a m\u00e0<\/a><\/li>\n<li><a href=\"https:\/\/mademoisellecoline.com\/ca\/joies\/anells-segell-a-mida\/\">Anells segell a mida<\/a><\/li>\n<li><a href=\"https:\/\/mademoisellecoline.com\/ca\/joies\/anells-segell-personalitzats\/\">Anells segell personalitzats<\/a><\/li>\n<li><a href=\"https:\/\/mademoisellecoline.com\/ca\/joies\/arracades-a-mida\/\">Arracades a mida<\/a><\/li>\n<li><a href=\"https:\/\/mademoisellecoline.com\/ca\/joies\/arrecades-artesanals\/\">Arracades artesanals<\/a><\/li>\n<li><a href=\"https:\/\/mademoisellecoline.com\/ca\/joies\/arracades-fetes-a-ma\/\">Arracades fetes a m\u00e0<\/a><\/li>\n<li><a href=\"https:\/\/mademoisellecoline.com\/ca\/joies\/cadenes-a-mida\/\">Cadenes a mida<\/a><\/li>\n<li><a href=\"https:\/\/mademoisellecoline.com\/ca\/joies\/cadenes-artesanals\/\">Cadenes artesanals<\/a><\/li>\n<li><a href=\"https:\/\/mademoisellecoline.com\/ca\/joies\/cadenes-fetes-a-ma\/\">Cadenes fetes a m\u00e0<\/a><\/li>\n<li><a href=\"https:\/\/mademoisellecoline.com\/ca\/joies\/collars-a-mida\/\">Collars a mida<\/a><\/li>\n<li><a href=\"https:\/\/mademoisellecoline.com\/ca\/joies\/collars-artesanals\/\">Collars artesanals<\/a><\/li>\n<li><a href=\"https:\/\/mademoisellecoline.com\/ca\/joies\/collars-fets-a-ma\/\">Collars fets a m\u00e0<\/a><\/li>\n<li><a href=\"https:\/\/mademoisellecoline.com\/ca\/joies\/a-mida\/\">Joies a mida<\/a><\/li>\n<li><a href=\"https:\/\/mademoisellecoline.com\/ca\/joies\/joies-artesanals\/\">Joies artesanals<\/a><\/li>\n<li><a href=\"https:\/\/mademoisellecoline.com\/ca\/joies\/joies-fetes-a-ma\/\">Joies fet a m\u00e0<\/a><\/li>\n<li><a href=\"https:\/\/mademoisellecoline.com\/ca\/joies\/plata-ca\/\">Joies de plata<\/a><\/li>\n<li><a href=\"https:\/\/mademoisellecoline.com\/ca\/joies\/plata-xapada-or-24k\/\">Joies de plata xapada or 24K<\/a><\/li>\n<li><a href=\"https:\/\/mademoisellecoline.com\/ca\/joies\/joies-or-18-quilats\/\">Joies d\u2019Or de 18K<\/a><\/li>\n<li><a href=\"https:\/\/mademoisellecoline.com\/ca\/joies\/or-de-9k\/\">Joies d\u2019Or de 9K<\/a><\/li>\n<li><a href=\"\/?product_tag=peces-uniques-de-joieria-feta-a-ma\">Peces \u00faniques de joieria feta a m\u00e0<\/a><\/li>\n<li><a href=\"https:\/\/mademoisellecoline.com\/ca\/joies\/peces-uniques-joieria-artesanal\/\">Peces \u00faniques joieria artesanal<\/a><\/li>\n<li><a href=\"https:\/\/mademoisellecoline.com\/ca\/joies\/penjolls-a-mida\/\">Penjolls a mida<\/a><\/li>\n<li><a href=\"https:\/\/mademoisellecoline.com\/ca\/joies\/penjolls-artesanals\/\">Penjolls artesanals<\/a><\/li>\n<li><a href=\"https:\/\/mademoisellecoline.com\/ca\/joies\/penjolls-fets-a-ma\/\">Penjolls fets a m\u00e0<\/a><\/li>\n<li><a href=\"https:\/\/mademoisellecoline.com\/ca\/joies\/polseres-a-mida\/\">Polseres a mida<\/a><\/li>\n<li><a href=\"https:\/\/mademoisellecoline.com\/ca\/joies\/polseres-artesanals\/\">Polseres artesanals<\/a><\/li>\n<li><a href=\"https:\/\/mademoisellecoline.com\/ca\/joies\/polseres-fetes-a-ma\/\">Polseres fetes a m\u00e0<\/a><\/li>\n<li><a href=\"https:\/\/mademoisellecoline.com\/ca\/joies\/joies-fetes-a-ma-personalitzades\/\">Joies fetes a m\u00e0 personalitzades<\/a><\/li>\n<li><a href=\"https:\/\/mademoisellecoline.com\/ca\/joies\/joies-artesanals-personalitzades\/\">Joies artesanals personalitzades<\/a><\/li>\n<li><a href=\"https:\/\/mademoisellecoline.com\/ca\/joies\/aliances-de-casament-a-mida\/\">Aliances de casament a mida <\/a><\/li>\n<li><a href=\"https:\/\/mademoisellecoline.com\/ca\/joies\/anells-de-compromis-a-mida\/\">Anells de comprom\u00eds a mida<\/a><\/li>\n<li><a href=\"https:\/\/mademoisellecoline.com\/ca\/joies\/joies-amulet-fetes-a-ma\/\">Joies amulet fetes a m\u00e0 <\/a><\/li>\n<li><a href=\"https:\/\/mademoisellecoline.com\/ca\/joies\/amulets-artesanals\/\">Amulets artesanals <\/a><\/li>\n<li><a href=\"https:\/\/mademoisellecoline.com\/ca\/joies\/amulets-a-mida\/\">Amulets a mida<\/a><\/li>\n<li><a href=\"https:\/\/mademoisellecoline.com\/ca\/joies\/penjolls-artesanals-unics\/\">Penjolls artesanals \u00fanics<\/a><\/li>\n<\/ul>\n<\/div><\/div><\/div><\/section>\n<\/div>","protected":false},"excerpt":{"rendered":"Anells a mida Anells artesanals Anells fets a m\u00e0 Anells segell a mida Anells segell personalitzats Arracades a mida Arracades artesanals Arracades fetes a m\u00e0 Cadenes a mida Cadenes artesanals Cadenes fetes a m\u00e0 Collars a mida Collars artesanals Collars fets a m\u00e0 Joies a mida Joies artesanals Joies fet a m\u00e0 Joies de plata","protected":false},"author":6,"featured_media":0,"parent":0,"menu_order":0,"comment_status":"closed","ping_status":"closed","template":"","meta":{"_joinchat":[],"footnotes":""},"class_list":["post-36475","page","type-page","status-publish","hentry"],"yoast_head":"<!-- This site is optimized with the Yoast SEO plugin v27.4 - https:\/\/yoast.com\/product\/yoast-seo-wordpress\/ -->\n<title>Mapa web | Mademoiselle Coline<\/title>\n<meta name=\"description\" content=\"Llistat complet de les diferents tipologia de joies artesanals fabricades de forma sostenible que oferim a la nostra web.\" \/>\n<meta name=\"robots\" content=\"index, follow, max-snippet:-1, max-image-preview:large, max-video-preview:-1\" \/>\n<link rel=\"canonical\" href=\"https:\/\/mademoisellecoline.com\/ca\/mapa-web\/\" \/>\n<meta property=\"og:locale\" content=\"ca_ES\" \/>\n<meta property=\"og:type\" content=\"article\" \/>\n<meta property=\"og:title\" content=\"Mapa web | Mademoiselle Coline\" \/>\n<meta property=\"og:description\" content=\"Llistat complet de les diferents tipologia de joies artesanals fabricades de forma sostenible que oferim a la nostra web.\" \/>\n<meta property=\"og:url\" content=\"https:\/\/mademoisellecoline.com\/ca\/mapa-web\/\" \/>\n<meta property=\"og:site_name\" content=\"Mademoiselle Coline\" \/>\n<meta property=\"article:publisher\" content=\"https:\/\/www.facebook.com\/mademoisellecoline\" \/>\n<meta property=\"article:modified_time\" content=\"2026-04-14T15:12:52+00:00\" \/>\n<meta property=\"og:image\" content=\"https:\/\/mademoisellecoline.com\/wp-content\/uploads\/2018\/12\/mademoiselle-coline-logo-mails.png\" \/>\n\t<meta property=\"og:image:width\" content=\"283\" \/>\n\t<meta property=\"og:image:height\" content=\"119\" \/>\n\t<meta property=\"og:image:type\" content=\"image\/png\" \/>\n<meta name=\"twitter:card\" content=\"summary_large_image\" \/>\n<meta name=\"twitter:label1\" content=\"Temps estimat de lectura\" \/>\n\t<meta name=\"twitter:data1\" content=\"1 minute\" \/>\n<script type=\"application\/ld+json\" class=\"yoast-schema-graph\">{\"@context\":\"https:\\\/\\\/schema.org\",\"@graph\":[{\"@type\":\"WebPage\",\"@id\":\"https:\\\/\\\/mademoisellecoline.com\\\/ca\\\/mapa-web\\\/\",\"url\":\"https:\\\/\\\/mademoisellecoline.com\\\/ca\\\/mapa-web\\\/\",\"name\":\"Mapa web | Mademoiselle Coline\",\"isPartOf\":{\"@id\":\"https:\\\/\\\/mademoisellecoline.com\\\/en\\\/#website\"},\"datePublished\":\"2025-03-10T18:54:08+00:00\",\"dateModified\":\"2026-04-14T15:12:52+00:00\",\"description\":\"Llistat complet de les diferents tipologia de joies artesanals fabricades de forma sostenible que oferim a la nostra web.\",\"breadcrumb\":{\"@id\":\"https:\\\/\\\/mademoisellecoline.com\\\/ca\\\/mapa-web\\\/#breadcrumb\"},\"inLanguage\":\"ca\",\"potentialAction\":[{\"@type\":\"ReadAction\",\"target\":[\"https:\\\/\\\/mademoisellecoline.com\\\/ca\\\/mapa-web\\\/\"]}]},{\"@type\":\"BreadcrumbList\",\"@id\":\"https:\\\/\\\/mademoisellecoline.com\\\/ca\\\/mapa-web\\\/#breadcrumb\",\"itemListElement\":[{\"@type\":\"ListItem\",\"position\":1,\"name\":\"Portada\",\"item\":\"https:\\\/\\\/mademoisellecoline.com\\\/ca\\\/\"},{\"@type\":\"ListItem\",\"position\":2,\"name\":\"Mapa web\"}]},{\"@type\":\"WebSite\",\"@id\":\"https:\\\/\\\/mademoisellecoline.com\\\/en\\\/#website\",\"url\":\"https:\\\/\\\/mademoisellecoline.com\\\/en\\\/\",\"name\":\"Mademoiselle Coline\",\"description\":\"Creaciones de joyer\u00eda on\u00edricas para almas so\u00f1adoras\",\"publisher\":{\"@id\":\"https:\\\/\\\/mademoisellecoline.com\\\/en\\\/#\\\/schema\\\/person\\\/a87a3358725ddb0d57e86600da53e416\"},\"potentialAction\":[{\"@type\":\"SearchAction\",\"target\":{\"@type\":\"EntryPoint\",\"urlTemplate\":\"https:\\\/\\\/mademoisellecoline.com\\\/en\\\/?s={search_term_string}\"},\"query-input\":{\"@type\":\"PropertyValueSpecification\",\"valueRequired\":true,\"valueName\":\"search_term_string\"}}],\"inLanguage\":\"ca\"},{\"@type\":[\"Person\",\"Organization\"],\"@id\":\"https:\\\/\\\/mademoisellecoline.com\\\/en\\\/#\\\/schema\\\/person\\\/a87a3358725ddb0d57e86600da53e416\",\"name\":\"Mademoiselle Coline\",\"image\":{\"@type\":\"ImageObject\",\"inLanguage\":\"ca\",\"@id\":\"https:\\\/\\\/mademoisellecoline.com\\\/wp-content\\\/uploads\\\/2024\\\/01\\\/ColineNeg.jpg\",\"url\":\"https:\\\/\\\/mademoisellecoline.com\\\/wp-content\\\/uploads\\\/2024\\\/01\\\/ColineNeg.jpg\",\"contentUrl\":\"https:\\\/\\\/mademoisellecoline.com\\\/wp-content\\\/uploads\\\/2024\\\/01\\\/ColineNeg.jpg\",\"width\":584,\"height\":349,\"caption\":\"Mademoiselle Coline\"},\"logo\":{\"@id\":\"https:\\\/\\\/mademoisellecoline.com\\\/wp-content\\\/uploads\\\/2024\\\/01\\\/ColineNeg.jpg\"},\"sameAs\":[\"https:\\\/\\\/www.facebook.com\\\/mademoisellecoline\",\"https:\\\/\\\/www.instagram.com\\\/mademoiselle_coline\\\/\"]}]}<\/script>\n<!-- \/ Yoast SEO plugin. -->","yoast_head_json":{"title":"Mapa web | Mademoiselle Coline","description":"Llistat complet de les diferents tipologia de joies artesanals fabricades de forma sostenible que oferim a la nostra web.","robots":{"index":"index","follow":"follow","max-snippet":"max-snippet:-1","max-image-preview":"max-image-preview:large","max-video-preview":"max-video-preview:-1"},"canonical":"https:\/\/mademoisellecoline.com\/ca\/mapa-web\/","og_locale":"ca_ES","og_type":"article","og_title":"Mapa web | Mademoiselle Coline","og_description":"Llistat complet de les diferents tipologia de joies artesanals fabricades de forma sostenible que oferim a la nostra web.","og_url":"https:\/\/mademoisellecoline.com\/ca\/mapa-web\/","og_site_name":"Mademoiselle Coline","article_publisher":"https:\/\/www.facebook.com\/mademoisellecoline","article_modified_time":"2026-04-14T15:12:52+00:00","og_image":[{"width":283,"height":119,"url":"https:\/\/mademoisellecoline.com\/wp-content\/uploads\/2018\/12\/mademoiselle-coline-logo-mails.png","type":"image\/png"}],"twitter_card":"summary_large_image","twitter_misc":{"Temps estimat de lectura":"1 minute"},"schema":{"@context":"https:\/\/schema.org","@graph":[{"@type":"WebPage","@id":"https:\/\/mademoisellecoline.com\/ca\/mapa-web\/","url":"https:\/\/mademoisellecoline.com\/ca\/mapa-web\/","name":"Mapa web | Mademoiselle Coline","isPartOf":{"@id":"https:\/\/mademoisellecoline.com\/en\/#website"},"datePublished":"2025-03-10T18:54:08+00:00","dateModified":"2026-04-14T15:12:52+00:00","description":"Llistat complet de les diferents tipologia de joies artesanals fabricades de forma sostenible que oferim a la nostra web.","breadcrumb":{"@id":"https:\/\/mademoisellecoline.com\/ca\/mapa-web\/#breadcrumb"},"inLanguage":"ca","potentialAction":[{"@type":"ReadAction","target":["https:\/\/mademoisellecoline.com\/ca\/mapa-web\/"]}]},{"@type":"BreadcrumbList","@id":"https:\/\/mademoisellecoline.com\/ca\/mapa-web\/#breadcrumb","itemListElement":[{"@type":"ListItem","position":1,"name":"Portada","item":"https:\/\/mademoisellecoline.com\/ca\/"},{"@type":"ListItem","position":2,"name":"Mapa web"}]},{"@type":"WebSite","@id":"https:\/\/mademoisellecoline.com\/en\/#website","url":"https:\/\/mademoisellecoline.com\/en\/","name":"Mademoiselle Coline","description":"Creaciones de joyer\u00eda on\u00edricas para almas so\u00f1adoras","publisher":{"@id":"https:\/\/mademoisellecoline.com\/en\/#\/schema\/person\/a87a3358725ddb0d57e86600da53e416"},"potentialAction":[{"@type":"SearchAction","target":{"@type":"EntryPoint","urlTemplate":"https:\/\/mademoisellecoline.com\/en\/?s={search_term_string}"},"query-input":{"@type":"PropertyValueSpecification","valueRequired":true,"valueName":"search_term_string"}}],"inLanguage":"ca"},{"@type":["Person","Organization"],"@id":"https:\/\/mademoisellecoline.com\/en\/#\/schema\/person\/a87a3358725ddb0d57e86600da53e416","name":"Mademoiselle Coline","image":{"@type":"ImageObject","inLanguage":"ca","@id":"https:\/\/mademoisellecoline.com\/wp-content\/uploads\/2024\/01\/ColineNeg.jpg","url":"https:\/\/mademoisellecoline.com\/wp-content\/uploads\/2024\/01\/ColineNeg.jpg","contentUrl":"https:\/\/mademoisellecoline.com\/wp-content\/uploads\/2024\/01\/ColineNeg.jpg","width":584,"height":349,"caption":"Mademoiselle Coline"},"logo":{"@id":"https:\/\/mademoisellecoline.com\/wp-content\/uploads\/2024\/01\/ColineNeg.jpg"},"sameAs":["https:\/\/www.facebook.com\/mademoisellecoline","https:\/\/www.instagram.com\/mademoiselle_coline\/"]}]}},"_links":{"self":[{"href":"https:\/\/mademoisellecoline.com\/ca\/wp-json\/wp\/v2\/pages\/36475","targetHints":{"allow":["GET"]}}],"collection":[{"href":"https:\/\/mademoisellecoline.com\/ca\/wp-json\/wp\/v2\/pages"}],"about":[{"href":"https:\/\/mademoisellecoline.com\/ca\/wp-json\/wp\/v2\/types\/page"}],"author":[{"embeddable":true,"href":"https:\/\/mademoisellecoline.com\/ca\/wp-json\/wp\/v2\/users\/6"}],"replies":[{"embeddable":true,"href":"https:\/\/mademoisellecoline.com\/ca\/wp-json\/wp\/v2\/comments?post=36475"}],"version-history":[{"count":10,"href":"https:\/\/mademoisellecoline.com\/ca\/wp-json\/wp\/v2\/pages\/36475\/revisions"}],"predecessor-version":[{"id":39713,"href":"https:\/\/mademoisellecoline.com\/ca\/wp-json\/wp\/v2\/pages\/36475\/revisions\/39713"}],"wp:attachment":[{"href":"https:\/\/mademoisellecoline.com\/ca\/wp-json\/wp\/v2\/media?parent=36475"}],"curies":[{"name":"wp","href":"https:\/\/api.w.org\/{rel}","templated":true}]}}