{"id":712,"date":"2018-03-14T16:59:06","date_gmt":"2018-03-14T16:59:06","guid":{"rendered":"https:\/\/mademoisellecoline.com\/?page_id=712"},"modified":"2024-12-02T11:59:06","modified_gmt":"2024-12-02T11:59:06","slug":"avis-legal","status":"publish","type":"page","link":"https:\/\/mademoisellecoline.com\/ca\/avis-legal\/","title":{"rendered":"Av\u00eds Legal"},"content":{"rendered":"<div><b>Av\u00eds Legal<\/b><\/div>\n<div><b>El contingut del web de la marca Mademoiselle Coline pertany a<\/b>:<\/div>\n<div>MPD<\/div>\n<div>N.I.F: 52167425K<\/div>\n<div>Domicili: Teodora Lamadrid 35 3\u00ba 1\u00aa, 08022 Barcelona (Espa\u00f1a)<\/div>\n<div>E-mail: <a href=\"mailto:contact@mademoisellecoline.com\">contact@mademoisellecoline.com<\/a><\/div>\n<div><\/div>\n<div><b>Normes utilitzaci\u00f3.<\/b> L&#8217;\u00fas d&#8217;aquest lloc web implica el coneixement i acceptaci\u00f3 per part de l&#8217;usuari de les caracter\u00edstiques i l\u00edmits d&#8217;Internet i les tecnologies relacionades, la manca de protecci\u00f3 de certes dades contra la possible apropiaci\u00f3 indeguda o pirateria i riscos per possibles virus circulants.<\/div>\n<div><\/div>\n<div><b>Propietat intel\u00b7lectual i drets d&#8217;autor<\/b>. Totes les publicacions i informacions presents en el lloc www.mademoisellecoline.com: textos, documents, fotografies, dissenys, representacions gr\u00e0fiques, bases de dades, v\u00eddeos, logotips, marques comercials, noms comercials o altres signes distintius, etc., estan protegits per drets de propietat intel\u00b7lectual o industrial propietat de MPD. Cap d&#8217;aquests elements pot ser modificat, utilitzat, prestat, reprodu\u00eft o copiat sense el perm\u00eds de MPD, propiet\u00e0ria de la marca Mademoiselle Coline.<\/div>\n<div><\/div>\n<div><b>Pol\u00edtica de protecci\u00f3 de dades personals i confidencialitat.<\/b> En compliment del que estableix el Reglament (UE) 2016\/679 del Parlament Europeu i del Consell de 27 d&#8217;Abril del 2016, MPD propiet\u00e0ria de la marca Mademoiselle Coline, que les dades de car\u00e0cter personal que ens proporcioni seran tractades per MPD, domicili C\/ Teodora Lamadrid 35 08022, Barcelona amb NIF: 52167425K. Correu electr\u00f2nic contact@mademoisellecoline.com<\/div>\n<div>MPD es compromet a no divulgar cap dada personal proporcionat pels seus clients. Aquestes dades s\u00f3n confidencials. La informaci\u00f3 recopilada \u00e9s nom\u00e9s per a \u00fas de MPD, propiet\u00e0ria de la marca Mademoiselle Coline, amb el prop\u00f2sit de comunicar ofertes i informacions comercials. Vost\u00e8 t\u00e9 dret d&#8217;acc\u00e9s, rectificaci\u00f3 i oposici\u00f3 a les seves dades personals. Per aix\u00f2, nom\u00e9s cal<\/div>\n<div>fer-nos la sol\u00b7licitud per correu contact@mademoisellecoline.com indicant-nos el seu nom i cognoms.<\/div>\n<div><\/div>\n<div><b>\u00das de cookies<\/b>. Al lloc web de Mademoiselle Coline, el codi de Google Analytics ha estat activat per tal de recopilar dades relacionades amb la navegaci\u00f3. Amb aix\u00f2, tindrem informaci\u00f3 an\u00f2nima que ens permetr\u00e0 millorar la forma en qu\u00e8 ensenyem el nostre contingut per satisfer els gustos dels usuaris que ens visiten. La durada de les cookies en aquest lloc web pot oscil\u00b7lar entre 100 dies i 1 any. Pot desactivar les cookies del seu navegador canviant la configuraci\u00f3 en &#8220;opcions&#8221; o &#8220;prefer\u00e8ncies&#8221;.<\/div>\n<div><\/div>\n<div><b>Exactitud de la informaci\u00f3<\/b>. Per tal de mostrar amb tot detall els productes i les seves caracter\u00edstiques les imatges dels articles poden ser exposades en una mida modificada al producte real. Aix\u00ed mateix alguns articles poden resultar de mida i to modificat al real degut a la configuraci\u00f3 de la pantalla i a la t\u00e8cnica fotogr\u00e0fica.<\/div>\n<div><\/div>\n<div><b>Legislaci\u00f3<\/b>. L&#8217;\u00fas d&#8217;aquesta p\u00e0gina web i els contractes de compra de productes a trav\u00e9s d&#8217;aquesta p\u00e0gina web es regiran per la legislaci\u00f3 espanyola.<\/div>\n<div><\/div>\n<div>Qualsevol controv\u00e8rsia que sorgeixi o tingui relaci\u00f3 amb l&#8217;\u00fas de la p\u00e0gina web o amb aquests contractes ser\u00e0 sotmesa a la jurisdicci\u00f3 dels jutjats i tribunals de Barcelona.<\/div>\n","protected":false},"excerpt":{"rendered":"<p>Av\u00eds Legal El contingut del web de la marca Mademoiselle Coline pertany a: MPD N.I.F: 52167425K Domicili: Teodora Lamadrid 35 3\u00ba 1\u00aa, 08022 Barcelona (Espa\u00f1a) E-mail: contact@mademoisellecoline.com Normes utilitzaci\u00f3. L&#8217;\u00fas d&#8217;aquest lloc web implica el coneixement i acceptaci\u00f3 per part de l&#8217;usuari de les caracter\u00edstiques i l\u00edmits d&#8217;Internet i les tecnologies relacionades, la manca de<\/p>\n","protected":false},"author":1,"featured_media":0,"parent":0,"menu_order":0,"comment_status":"closed","ping_status":"closed","template":"","meta":{"_joinchat":[],"footnotes":""},"class_list":["post-712","page","type-page","status-publish","hentry"],"yoast_head":"<!-- This site is optimized with the Yoast SEO plugin v27.4 - https:\/\/yoast.com\/product\/yoast-seo-wordpress\/ -->\n<title>Av\u00eds Legal | Mademoiselle Coline<\/title>\n<meta name=\"robots\" content=\"noindex, nofollow\" \/>\n<meta property=\"og:locale\" content=\"ca_ES\" \/>\n<meta property=\"og:type\" content=\"article\" \/>\n<meta property=\"og:title\" content=\"Av\u00eds Legal | Mademoiselle Coline\" \/>\n<meta property=\"og:description\" content=\"Av\u00eds Legal El contingut del web de la marca Mademoiselle Coline pertany a: MPD N.I.F: 52167425K Domicili: Teodora Lamadrid 35 3\u00ba 1\u00aa, 08022 Barcelona (Espa\u00f1a) E-mail: contact@mademoisellecoline.com Normes utilitzaci\u00f3. L&#8217;\u00fas d&#8217;aquest lloc web implica el coneixement i acceptaci\u00f3 per part de l&#8217;usuari de les caracter\u00edstiques i l\u00edmits d&#8217;Internet i les tecnologies relacionades, la manca de\" \/>\n<meta property=\"og:url\" content=\"https:\/\/mademoisellecoline.com\/ca\/avis-legal\/\" \/>\n<meta property=\"og:site_name\" content=\"Mademoiselle Coline\" \/>\n<meta property=\"article:publisher\" content=\"https:\/\/www.facebook.com\/mademoisellecoline\" \/>\n<meta property=\"article:modified_time\" content=\"2024-12-02T11:59:06+00:00\" \/>\n<meta property=\"og:image\" content=\"https:\/\/mademoisellecoline.com\/wp-content\/uploads\/2018\/12\/mademoiselle-coline-logo-mails.png\" \/>\n\t<meta property=\"og:image:width\" content=\"283\" \/>\n\t<meta property=\"og:image:height\" content=\"119\" \/>\n\t<meta property=\"og:image:type\" content=\"image\/png\" \/>\n<meta name=\"twitter:card\" content=\"summary_large_image\" \/>\n<meta name=\"twitter:label1\" content=\"Temps estimat de lectura\" \/>\n\t<meta name=\"twitter:data1\" content=\"3 minutes\" \/>\n<script type=\"application\/ld+json\" class=\"yoast-schema-graph\">{\"@context\":\"https:\\\/\\\/schema.org\",\"@graph\":[{\"@type\":\"WebPage\",\"@id\":\"https:\\\/\\\/mademoisellecoline.com\\\/ca\\\/avis-legal\\\/\",\"url\":\"https:\\\/\\\/mademoisellecoline.com\\\/ca\\\/avis-legal\\\/\",\"name\":\"Av\u00eds Legal | Mademoiselle Coline\",\"isPartOf\":{\"@id\":\"https:\\\/\\\/mademoisellecoline.com\\\/en\\\/#website\"},\"datePublished\":\"2018-03-14T16:59:06+00:00\",\"dateModified\":\"2024-12-02T11:59:06+00:00\",\"breadcrumb\":{\"@id\":\"https:\\\/\\\/mademoisellecoline.com\\\/ca\\\/avis-legal\\\/#breadcrumb\"},\"inLanguage\":\"ca\",\"potentialAction\":[{\"@type\":\"ReadAction\",\"target\":[\"https:\\\/\\\/mademoisellecoline.com\\\/ca\\\/avis-legal\\\/\"]}]},{\"@type\":\"BreadcrumbList\",\"@id\":\"https:\\\/\\\/mademoisellecoline.com\\\/ca\\\/avis-legal\\\/#breadcrumb\",\"itemListElement\":[{\"@type\":\"ListItem\",\"position\":1,\"name\":\"Portada\",\"item\":\"https:\\\/\\\/mademoisellecoline.com\\\/ca\\\/\"},{\"@type\":\"ListItem\",\"position\":2,\"name\":\"Av\u00eds Legal\"}]},{\"@type\":\"WebSite\",\"@id\":\"https:\\\/\\\/mademoisellecoline.com\\\/en\\\/#website\",\"url\":\"https:\\\/\\\/mademoisellecoline.com\\\/en\\\/\",\"name\":\"Mademoiselle Coline\",\"description\":\"Creaciones de joyer\u00eda on\u00edricas para almas so\u00f1adoras\",\"publisher\":{\"@id\":\"https:\\\/\\\/mademoisellecoline.com\\\/en\\\/#\\\/schema\\\/person\\\/a87a3358725ddb0d57e86600da53e416\"},\"potentialAction\":[{\"@type\":\"SearchAction\",\"target\":{\"@type\":\"EntryPoint\",\"urlTemplate\":\"https:\\\/\\\/mademoisellecoline.com\\\/en\\\/?s={search_term_string}\"},\"query-input\":{\"@type\":\"PropertyValueSpecification\",\"valueRequired\":true,\"valueName\":\"search_term_string\"}}],\"inLanguage\":\"ca\"},{\"@type\":[\"Person\",\"Organization\"],\"@id\":\"https:\\\/\\\/mademoisellecoline.com\\\/en\\\/#\\\/schema\\\/person\\\/a87a3358725ddb0d57e86600da53e416\",\"name\":\"Mademoiselle Coline\",\"image\":{\"@type\":\"ImageObject\",\"inLanguage\":\"ca\",\"@id\":\"https:\\\/\\\/mademoisellecoline.com\\\/wp-content\\\/uploads\\\/2024\\\/01\\\/ColineNeg.jpg\",\"url\":\"https:\\\/\\\/mademoisellecoline.com\\\/wp-content\\\/uploads\\\/2024\\\/01\\\/ColineNeg.jpg\",\"contentUrl\":\"https:\\\/\\\/mademoisellecoline.com\\\/wp-content\\\/uploads\\\/2024\\\/01\\\/ColineNeg.jpg\",\"width\":584,\"height\":349,\"caption\":\"Mademoiselle Coline\"},\"logo\":{\"@id\":\"https:\\\/\\\/mademoisellecoline.com\\\/wp-content\\\/uploads\\\/2024\\\/01\\\/ColineNeg.jpg\"},\"sameAs\":[\"https:\\\/\\\/www.facebook.com\\\/mademoisellecoline\",\"https:\\\/\\\/www.instagram.com\\\/mademoiselle_coline\\\/\"]}]}<\/script>\n<!-- \/ Yoast SEO plugin. -->","yoast_head_json":{"title":"Av\u00eds Legal | Mademoiselle Coline","robots":{"index":"noindex","follow":"nofollow"},"og_locale":"ca_ES","og_type":"article","og_title":"Av\u00eds Legal | Mademoiselle Coline","og_description":"Av\u00eds Legal El contingut del web de la marca Mademoiselle Coline pertany a: MPD N.I.F: 52167425K Domicili: Teodora Lamadrid 35 3\u00ba 1\u00aa, 08022 Barcelona (Espa\u00f1a) E-mail: contact@mademoisellecoline.com Normes utilitzaci\u00f3. L&#8217;\u00fas d&#8217;aquest lloc web implica el coneixement i acceptaci\u00f3 per part de l&#8217;usuari de les caracter\u00edstiques i l\u00edmits d&#8217;Internet i les tecnologies relacionades, la manca de","og_url":"https:\/\/mademoisellecoline.com\/ca\/avis-legal\/","og_site_name":"Mademoiselle Coline","article_publisher":"https:\/\/www.facebook.com\/mademoisellecoline","article_modified_time":"2024-12-02T11:59:06+00:00","og_image":[{"width":283,"height":119,"url":"https:\/\/mademoisellecoline.com\/wp-content\/uploads\/2018\/12\/mademoiselle-coline-logo-mails.png","type":"image\/png"}],"twitter_card":"summary_large_image","twitter_misc":{"Temps estimat de lectura":"3 minutes"},"schema":{"@context":"https:\/\/schema.org","@graph":[{"@type":"WebPage","@id":"https:\/\/mademoisellecoline.com\/ca\/avis-legal\/","url":"https:\/\/mademoisellecoline.com\/ca\/avis-legal\/","name":"Av\u00eds Legal | Mademoiselle Coline","isPartOf":{"@id":"https:\/\/mademoisellecoline.com\/en\/#website"},"datePublished":"2018-03-14T16:59:06+00:00","dateModified":"2024-12-02T11:59:06+00:00","breadcrumb":{"@id":"https:\/\/mademoisellecoline.com\/ca\/avis-legal\/#breadcrumb"},"inLanguage":"ca","potentialAction":[{"@type":"ReadAction","target":["https:\/\/mademoisellecoline.com\/ca\/avis-legal\/"]}]},{"@type":"BreadcrumbList","@id":"https:\/\/mademoisellecoline.com\/ca\/avis-legal\/#breadcrumb","itemListElement":[{"@type":"ListItem","position":1,"name":"Portada","item":"https:\/\/mademoisellecoline.com\/ca\/"},{"@type":"ListItem","position":2,"name":"Av\u00eds Legal"}]},{"@type":"WebSite","@id":"https:\/\/mademoisellecoline.com\/en\/#website","url":"https:\/\/mademoisellecoline.com\/en\/","name":"Mademoiselle Coline","description":"Creaciones de joyer\u00eda on\u00edricas para almas so\u00f1adoras","publisher":{"@id":"https:\/\/mademoisellecoline.com\/en\/#\/schema\/person\/a87a3358725ddb0d57e86600da53e416"},"potentialAction":[{"@type":"SearchAction","target":{"@type":"EntryPoint","urlTemplate":"https:\/\/mademoisellecoline.com\/en\/?s={search_term_string}"},"query-input":{"@type":"PropertyValueSpecification","valueRequired":true,"valueName":"search_term_string"}}],"inLanguage":"ca"},{"@type":["Person","Organization"],"@id":"https:\/\/mademoisellecoline.com\/en\/#\/schema\/person\/a87a3358725ddb0d57e86600da53e416","name":"Mademoiselle Coline","image":{"@type":"ImageObject","inLanguage":"ca","@id":"https:\/\/mademoisellecoline.com\/wp-content\/uploads\/2024\/01\/ColineNeg.jpg","url":"https:\/\/mademoisellecoline.com\/wp-content\/uploads\/2024\/01\/ColineNeg.jpg","contentUrl":"https:\/\/mademoisellecoline.com\/wp-content\/uploads\/2024\/01\/ColineNeg.jpg","width":584,"height":349,"caption":"Mademoiselle Coline"},"logo":{"@id":"https:\/\/mademoisellecoline.com\/wp-content\/uploads\/2024\/01\/ColineNeg.jpg"},"sameAs":["https:\/\/www.facebook.com\/mademoisellecoline","https:\/\/www.instagram.com\/mademoiselle_coline\/"]}]}},"_links":{"self":[{"href":"https:\/\/mademoisellecoline.com\/ca\/wp-json\/wp\/v2\/pages\/712","targetHints":{"allow":["GET"]}}],"collection":[{"href":"https:\/\/mademoisellecoline.com\/ca\/wp-json\/wp\/v2\/pages"}],"about":[{"href":"https:\/\/mademoisellecoline.com\/ca\/wp-json\/wp\/v2\/types\/page"}],"author":[{"embeddable":true,"href":"https:\/\/mademoisellecoline.com\/ca\/wp-json\/wp\/v2\/users\/1"}],"replies":[{"embeddable":true,"href":"https:\/\/mademoisellecoline.com\/ca\/wp-json\/wp\/v2\/comments?post=712"}],"version-history":[{"count":2,"href":"https:\/\/mademoisellecoline.com\/ca\/wp-json\/wp\/v2\/pages\/712\/revisions"}],"predecessor-version":[{"id":35856,"href":"https:\/\/mademoisellecoline.com\/ca\/wp-json\/wp\/v2\/pages\/712\/revisions\/35856"}],"wp:attachment":[{"href":"https:\/\/mademoisellecoline.com\/ca\/wp-json\/wp\/v2\/media?parent=712"}],"curies":[{"name":"wp","href":"https:\/\/api.w.org\/{rel}","templated":true}]}}