{"id":728,"date":"2018-03-14T22:27:04","date_gmt":"2018-03-14T22:27:04","guid":{"rendered":"https:\/\/mademoisellecoline.com\/?page_id=728"},"modified":"2026-01-28T13:01:40","modified_gmt":"2026-01-28T13:01:40","slug":"inici-2-2","status":"publish","type":"page","link":"https:\/\/mademoisellecoline.com\/ca\/","title":{"rendered":"Mademoiselle Coline"},"content":{"rendered":"<div class=\"wpb-content-wrapper\"><section  class=\"content-section full-width with-col cover rella-no-padding rella-no-margin   pt-80 pt-lg-40 pt-xs-10 pb-0  content-section-69ecd37151c07\"><div class=\"row vc_row-fluid\"><div class=\"wpb_column col-sm-12 col-xs-12 mb-140 mb-sm-100 mb-xs-40 matchHeight-element  wow fadeInUp\"><section  class=\"content-section full-width with-col cover rella-no-padding rella-no-margin    content-section-69ecd37151ff2\"><div class=\"row vc_row-fluid\"><div class=\"wpb_column col-md-4\">[vc_empty_space height=&#8221;190px&#8221;][vc_custom_heading text=&#8221;Creacions on\u00edriques<br \/>\nde joieria artesanal&#8221; font_container=&#8221;tag:h2|font_size:33|text_align:left|color:%23000000&#8243; google_fonts=&#8221;font_family:Dosis%3A200%2C300%2Cregular%2C500%2C600%2C700%2C800|font_style:400%20regular%3A400%3Anormal&#8221; css=&#8221;&#8221;][vc_custom_heading text=&#8221;peces \u00faniques i atemporals, fetes a m\u00e0,<br \/>\ninspirades en la bellesa a trav\u00e9s del temps&#8221; font_container=&#8221;tag:h1|font_size:18|text_align:left|color:%23656363&#8243; google_fonts=&#8221;font_family:Dosis%3A200%2C300%2Cregular%2C500%2C600%2C700%2C800|font_style:400%20regular%3A400%3Anormal&#8221; css=&#8221;.vc_custom_1741442099472{margin-top: -30px !important;}&#8221;]<\/div><div class=\"wpb_column col-md-8 col-xs-12\">[vc_empty_space height=&#8221;60px&#8221;][vc_images_carousel images=&#8221;37729,34603,31530,17425,37358,24134,37354,17433,33027,24141,26213&#8243; img_size=&#8221;full&#8221; onclick=&#8221;link_no&#8221; speed=&#8221;3000&#8243; autoplay=&#8221;yes&#8221; hide_prev_next_buttons=&#8221;yes&#8221; css=&#8221;&#8221; el_class=&#8221;centrado&#8221;]<\/div><\/div><\/section>[vc_empty_space height=&#8221;35px&#8221;]<section  class=\"content-section full-width with-col cover rella-no-padding rella-no-margin    content-section-69ecd37152170\"><div class=\"row vc_row-fluid\"><div class=\"wpb_column col-md-4\">[vc_single_image image=&#8221;17388&#8243; img_size=&#8221;full&#8221; onclick=&#8221;custom_link&#8221; css=&#8221;&#8221; link=&#8221;https:\/\/mademoisellecoline.com\/ca\/botiga-joies-fetes-a-ma-2\/&#8221;]<\/div><div class=\"wpb_column col-md-4\">[vc_custom_heading text=&#8221;Shop&#8221; font_container=&#8221;tag:h4|text_align:left&#8221; google_fonts=&#8221;font_family:Dosis%3A200%2C300%2Cregular%2C500%2C600%2C700%2C800|font_style:500%20bold%20regular%3A500%3Anormal&#8221; css=&#8221;&#8221; link=&#8221;url:https%3A%2F%2Fmademoisellecoline.com%2Fca%2Fbotiga-joies-fetes-a-ma-2%2F|title:SHOP&#8221;]<div class=\"section-text text-block align-left\" ><p>Joieria feta a m\u00e0, on passat i present es fusionen en harmonia, donant lloc a peces on\u00edriques amb vida i hist\u00f2ria pr\u00f2pies.<\/p>\n<\/div><\/div><div class=\"wpb_column col-md-4\"><\/div><\/div><\/section><section  class=\"content-section full-width with-col cover rella-no-padding rella-no-margin    content-section-69ecd37152392\"><div class=\"row vc_row-fluid\"><div class=\"wpb_column col-md-4\"><\/div><div class=\"wpb_column col-md-4\">[vc_single_image image=&#8221;17460&#8243; img_size=&#8221;full&#8221; onclick=&#8221;custom_link&#8221; css=&#8221;&#8221; link=&#8221;https:\/\/mademoisellecoline.com\/ca\/sostenibilitat-joieria-etica\/&#8221;]<\/div><div class=\"wpb_column col-md-4\">[vc_custom_heading text=&#8221;Sostenibilitat&#8221; font_container=&#8221;tag:h4|text_align:left&#8221; google_fonts=&#8221;font_family:Dosis%3A200%2C300%2Cregular%2C500%2C600%2C700%2C800|font_style:500%20bold%20regular%3A500%3Anormal&#8221; css=&#8221;&#8221; link=&#8221;url:https%3A%2F%2Fmademoisellecoline.com%2Fca%2Fsostenibilitat-joieria-etica%2F|title:Sostenibilitat&#8221;]<div class=\"section-text text-block \" ><p class=\"p1\">Mademoiselle Coline des del seu naixement est\u00e0 intr\u00ednsecament lligada a la recuperaci\u00f3, a la restauraci\u00f3 i a la reutilitzaci\u00f3. Una marca de joies fetes a m\u00e0 artesanals, \u00e9tica i sostenible que treballa per minimitzar l&#8217;impacte que deixa al m\u00f3n, creant peces per sempre. Creaciones fetes a m\u00e0 dotades d&#8217;amor per la vida.<\/p>\n<\/div><\/div><\/div><\/section><section  class=\"content-section full-width with-col cover custom-padding rella-no-margin    content-section-69ecd37152532\"><div class=\"row vc_row-fluid\"><div class=\"wpb_column col-md-4\">[vc_single_image image=&#8221;17582&#8243; img_size=&#8221;full&#8221; onclick=&#8221;custom_link&#8221; css=&#8221;&#8221; link=&#8221;https:\/\/mademoisellecoline.com\/ca\/sobre-joies-artesanals-fetes-a-ma\/&#8221;]<\/div><div class=\"wpb_column col-md-4\">[vc_custom_heading text=&#8221;Par\u00eds &#8211; Barcelona&#8221; font_container=&#8221;tag:h4|text_align:left&#8221; google_fonts=&#8221;font_family:Dosis%3A200%2C300%2Cregular%2C500%2C600%2C700%2C800|font_style:500%20bold%20regular%3A500%3Anormal&#8221; css=&#8221;&#8221; link=&#8221;url:https%3A%2F%2Fmademoisellecoline.com%2Fca%2Fsobre-joies-artesanals-fetes-a-ma%2F&#8221;]<div class=\"section-text text-block align-left\" ><p class=\"p1\">La hist\u00f2ria\u2028 de Mademoiselle Coline s\u2019emmarca en aquestes dues ciutats. Un viatge espai-temporal en la recerca, i l\u2019amor pels elements d\u2019\u00e8poques passades, es tradueix en delicades peces de joieria artesanal.<\/p>\n<\/div><\/div><div class=\"wpb_column col-md-4\"><\/div><\/div><\/section><section  class=\"content-section full-width with-col cover rella-no-padding rella-no-margin    content-section-69ecd371526bb\"><div class=\"row vc_row-fluid\"><div class=\"wpb_column col-md-4\"><\/div><div class=\"wpb_column col-md-4\">[vc_single_image image=&#8221;34587&#8243; img_size=&#8221;full&#8221; onclick=&#8221;custom_link&#8221; css=&#8221;&#8221; link=&#8221;https:\/\/mademoisellecoline.com\/ca\/colleccions-joies-fetes-a-ma-artesanals-2\/atelier-coline-a-mida-2\/&#8221;]<\/div><div class=\"wpb_column col-md-4\">[vc_custom_heading text=&#8221;Atelier&#8221; font_container=&#8221;tag:h4|text_align:left&#8221; google_fonts=&#8221;font_family:Dosis%3A200%2C300%2Cregular%2C500%2C600%2C700%2C800|font_style:500%20bold%20regular%3A500%3Anormal&#8221; css=&#8221;&#8221; link=&#8221;url:https%3A%2F%2Fmademoisellecoline.com%2Fca%2Fcolleccions-joies-fetes-a-ma-artesanals-2%2Fatelier-coline-a-mida-2%2F&#8221;]<div class=\"section-text text-block \" ><p class=\"p1\">En un petit atelier es crea joies fetes a m\u00e0, una a una, cada pe\u00e7a utilitzant la t\u00e8cnica tradicional de la joieria artesanal.<\/p>\n<p>Cada joia pot ser personalitzada o servir com a inspiraci\u00f3 per a una nova creaci\u00f3 feta A Mida especialment per a tu.<\/p>\n<\/div><\/div><\/div><\/section><section  class=\"content-section full-width with-col cover rella-no-padding rella-no-margin    content-section-69ecd37152844\"><div class=\"row vc_row-fluid\"><div class=\"wpb_column col-md-4\">[vc_single_image image=&#8221;23829&#8243; img_size=&#8221;full&#8221; onclick=&#8221;custom_link&#8221; css=&#8221;&#8221; link=&#8221;https:\/\/mademoisellecoline.com\/ca\/sobre-joies-artesanals-fetes-a-ma\/&#8221;]<\/div><div class=\"wpb_column col-md-4\">[vc_custom_heading text=&#8221;La marca&#8221; font_container=&#8221;tag:h4|text_align:left&#8221; google_fonts=&#8221;font_family:Dosis%3A200%2C300%2Cregular%2C500%2C600%2C700%2C800|font_style:500%20bold%20regular%3A500%3Anormal&#8221; css=&#8221;&#8221; link=&#8221;url:https%3A%2F%2Fmademoisellecoline.com%2Fca%2Fsobre-joies-artesanals-fetes-a-ma%2F&#8221;]<div class=\"section-text text-block \" ><p>Mademoiselle Coline va m\u00e9s enll\u00e0 d&#8217;un nom. \u00c9s una dona imagin\u00e0ria, un esperit que perdura en el temps. Ella podria haver estat jo o qualsevol de nosaltres, dones que somien, creen i persegueixen all\u00f2 que estimen. Una \u00e0nima plena de passi\u00f3, sensibilitat i en constant cerca de bellesa.<\/p>\n<\/div><\/div><div class=\"wpb_column col-md-4\"><\/div><\/div><\/section><section  class=\"content-section full-width with-col cover rella-no-padding rella-no-margin    content-section-69ecd371529be\"><div class=\"row vc_row-fluid\"><div class=\"wpb_column col-md-4\"><\/div><div class=\"wpb_column col-md-4\">[vc_single_image image=&#8221;37796&#8243; img_size=&#8221;full&#8221; alignment=&#8221;center&#8221; onclick=&#8221;custom_link&#8221; css=&#8221;&#8221; link=&#8221;https:\/\/mademoisellecoline.com\/ca\/sobre-joies-artesanals-fetes-a-ma-2\/&#8221;]<\/div><div class=\"wpb_column col-md-4\">[vc_custom_heading text=&#8221;Prop\u00f2sit&#8221; font_container=&#8221;tag:h4|text_align:left&#8221; google_fonts=&#8221;font_family:Dosis%3A200%2C300%2Cregular%2C500%2C600%2C700%2C800|font_style:500%20bold%20regular%3A500%3Anormal&#8221; css=&#8221;&#8221; link=&#8221;url:https%3A%2F%2Fmademoisellecoline.com%2Fca%2Fsobre-joies-artesanals-fetes-a-ma-2%2F&#8221;]<div class=\"section-text text-block \" ><p>Mademoiselle Coline \u00e9s una marca de joieria artesanal feta a m\u00e0 de manera \u00e8tica i sostenible, que ofereix col\u00b7leccions pr\u00f2pies de joies, creacions \u00faniques, peces personalitzades i fetes a mida.<\/p>\n<p>En un petit taller, les joies es creen a m\u00e0 amb metalls reciclats, seguint les t\u00e8cniques tradicionals de la joieria artesanal i mantenint una relaci\u00f3 personal entre la creadora i cada clienta. Amb el prop\u00f2sit \u00faltim de compartir bellesa.<\/p>\n<\/div><\/div><\/div><\/section><\/div><\/div><\/section>\n<\/div>","protected":false},"excerpt":{"rendered":"[vc_empty_space height=\"190px\"][vc_custom_heading text=\"Creacions on\u00edriques de joieria artesanal\" font_container=\"tag:h2|font_size:33|text_align:left|color:%23000000\" google_fonts=\"font_family:Dosis%3A200%2C300%2Cregular%2C500%2C600%2C700%2C800|font_style:400%20regular%3A400%3Anormal\" css=\"\"][vc_custom_heading text=\"peces \u00faniques i atemporals, fetes a m\u00e0, inspirades en la bellesa a trav\u00e9s del temps\" font_container=\"tag:h1|font_size:18|text_align:left|color:%23656363\" google_fonts=\"font_family:Dosis%3A200%2C300%2Cregular%2C500%2C600%2C700%2C800|font_style:400%20regular%3A400%3Anormal\" css=\".vc_custom_1741442099472{margin-top: -30px !important;}\"][vc_empty_space height=\"60px\"][vc_images_carousel images=\"37729,34603,31530,17425,37358,24134,37354,17433,33027,24141,26213\" img_size=\"full\" onclick=\"link_no\" speed=\"3000\" autoplay=\"yes\" hide_prev_next_buttons=\"yes\" css=\"\" el_class=\"centrado\"][vc_empty_space height=\"35px\"][vc_single_image image=\"17388\" img_size=\"full\" onclick=\"custom_link\" css=\"\" link=\"https:\/\/mademoisellecoline.com\/ca\/botiga-joies-fetes-a-ma-2\/\"][vc_custom_heading text=\"Shop\" font_container=\"tag:h4|text_align:left\" google_fonts=\"font_family:Dosis%3A200%2C300%2Cregular%2C500%2C600%2C700%2C800|font_style:500%20bold%20regular%3A500%3Anormal\" css=\"\" link=\"url:https%3A%2F%2Fmademoisellecoline.com%2Fca%2Fbotiga-joies-fetes-a-ma-2%2F|title:SHOP\"]Joieria feta a m\u00e0, on passat","protected":false},"author":1,"featured_media":33489,"parent":0,"menu_order":0,"comment_status":"closed","ping_status":"closed","template":"","meta":{"_joinchat":[],"footnotes":""},"class_list":["post-728","page","type-page","status-publish","has-post-thumbnail","hentry"],"yoast_head":"<!-- This site is optimized with the Yoast SEO plugin v27.4 - https:\/\/yoast.com\/product\/yoast-seo-wordpress\/ -->\n<title>Joies fetes a m\u00e0 artesanals Par\u00eds Barcelona | Mademoiselle Coline<\/title>\n<meta name=\"description\" content=\"Entre Par\u00eds i Barcelona es creen joiess fetes a m\u00e0 artesanals, \u00e8tiques i sostenibles. Creacions on\u00edriques inspirades en la bellesa a trav\u00e9s del temps\" \/>\n<meta name=\"robots\" content=\"index, follow, max-snippet:-1, max-image-preview:large, max-video-preview:-1\" \/>\n<link rel=\"canonical\" href=\"https:\/\/mademoisellecoline.com\/ca\/\" \/>\n<meta property=\"og:locale\" content=\"ca_ES\" \/>\n<meta property=\"og:type\" content=\"article\" \/>\n<meta property=\"og:title\" content=\"Joies fetes a m\u00e0 artesanals Par\u00eds Barcelona | Mademoiselle Coline\" \/>\n<meta property=\"og:description\" content=\"Entre Par\u00eds i Barcelona es creen joiess fetes a m\u00e0 artesanals, \u00e8tiques i sostenibles. Creacions on\u00edriques inspirades en la bellesa a trav\u00e9s del temps\" \/>\n<meta property=\"og:url\" content=\"https:\/\/mademoisellecoline.com\/ca\/\" \/>\n<meta property=\"og:site_name\" content=\"Mademoiselle Coline\" \/>\n<meta property=\"article:publisher\" content=\"https:\/\/www.facebook.com\/mademoisellecoline\" \/>\n<meta property=\"article:modified_time\" content=\"2026-01-28T13:01:40+00:00\" \/>\n<meta property=\"og:image\" content=\"https:\/\/mademoisellecoline.com\/wp-content\/uploads\/2024\/06\/oneofakind-slow-jewelry-mademoiselle-coline.jpg\" \/>\n\t<meta property=\"og:image:width\" content=\"600\" \/>\n\t<meta property=\"og:image:height\" content=\"600\" \/>\n\t<meta property=\"og:image:type\" content=\"image\/jpeg\" \/>\n<meta name=\"twitter:card\" content=\"summary_large_image\" \/>\n<meta name=\"twitter:label1\" content=\"Temps estimat de lectura\" \/>\n\t<meta name=\"twitter:data1\" content=\"3 minutes\" \/>\n<script type=\"application\/ld+json\" class=\"yoast-schema-graph\">{\"@context\":\"https:\\\/\\\/schema.org\",\"@graph\":[{\"@type\":\"WebPage\",\"@id\":\"https:\\\/\\\/mademoisellecoline.com\\\/ca\\\/\",\"url\":\"https:\\\/\\\/mademoisellecoline.com\\\/ca\\\/\",\"name\":\"Joies fetes a m\u00e0 artesanals Par\u00eds Barcelona | Mademoiselle Coline\",\"isPartOf\":{\"@id\":\"https:\\\/\\\/mademoisellecoline.com\\\/en\\\/#website\"},\"primaryImageOfPage\":{\"@id\":\"https:\\\/\\\/mademoisellecoline.com\\\/ca\\\/#primaryimage\"},\"image\":{\"@id\":\"https:\\\/\\\/mademoisellecoline.com\\\/ca\\\/#primaryimage\"},\"thumbnailUrl\":\"https:\\\/\\\/mademoisellecoline.com\\\/wp-content\\\/uploads\\\/2024\\\/06\\\/oneofakind-slow-jewelry-mademoiselle-coline.jpg\",\"datePublished\":\"2018-03-14T22:27:04+00:00\",\"dateModified\":\"2026-01-28T13:01:40+00:00\",\"description\":\"Entre Par\u00eds i Barcelona es creen joiess fetes a m\u00e0 artesanals, \u00e8tiques i sostenibles. Creacions on\u00edriques inspirades en la bellesa a trav\u00e9s del temps\",\"breadcrumb\":{\"@id\":\"https:\\\/\\\/mademoisellecoline.com\\\/ca\\\/#breadcrumb\"},\"inLanguage\":\"ca\",\"potentialAction\":[{\"@type\":\"ReadAction\",\"target\":[\"https:\\\/\\\/mademoisellecoline.com\\\/ca\\\/\"]}]},{\"@type\":\"ImageObject\",\"inLanguage\":\"ca\",\"@id\":\"https:\\\/\\\/mademoisellecoline.com\\\/ca\\\/#primaryimage\",\"url\":\"https:\\\/\\\/mademoisellecoline.com\\\/wp-content\\\/uploads\\\/2024\\\/06\\\/oneofakind-slow-jewelry-mademoiselle-coline.jpg\",\"contentUrl\":\"https:\\\/\\\/mademoisellecoline.com\\\/wp-content\\\/uploads\\\/2024\\\/06\\\/oneofakind-slow-jewelry-mademoiselle-coline.jpg\",\"width\":600,\"height\":600},{\"@type\":\"BreadcrumbList\",\"@id\":\"https:\\\/\\\/mademoisellecoline.com\\\/ca\\\/#breadcrumb\",\"itemListElement\":[{\"@type\":\"ListItem\",\"position\":1,\"name\":\"Portada\",\"item\":\"https:\\\/\\\/mademoisellecoline.com\\\/ca\\\/\"},{\"@type\":\"ListItem\",\"position\":2,\"name\":\"Mademoiselle Coline\"}]},{\"@type\":\"WebSite\",\"@id\":\"https:\\\/\\\/mademoisellecoline.com\\\/en\\\/#website\",\"url\":\"https:\\\/\\\/mademoisellecoline.com\\\/en\\\/\",\"name\":\"Mademoiselle Coline\",\"description\":\"Creaciones de joyer\u00eda on\u00edricas para almas so\u00f1adoras\",\"publisher\":{\"@id\":\"https:\\\/\\\/mademoisellecoline.com\\\/en\\\/#\\\/schema\\\/person\\\/a87a3358725ddb0d57e86600da53e416\"},\"potentialAction\":[{\"@type\":\"SearchAction\",\"target\":{\"@type\":\"EntryPoint\",\"urlTemplate\":\"https:\\\/\\\/mademoisellecoline.com\\\/en\\\/?s={search_term_string}\"},\"query-input\":{\"@type\":\"PropertyValueSpecification\",\"valueRequired\":true,\"valueName\":\"search_term_string\"}}],\"inLanguage\":\"ca\"},{\"@type\":[\"Person\",\"Organization\"],\"@id\":\"https:\\\/\\\/mademoisellecoline.com\\\/en\\\/#\\\/schema\\\/person\\\/a87a3358725ddb0d57e86600da53e416\",\"name\":\"Mademoiselle Coline\",\"image\":{\"@type\":\"ImageObject\",\"inLanguage\":\"ca\",\"@id\":\"https:\\\/\\\/mademoisellecoline.com\\\/wp-content\\\/uploads\\\/2024\\\/01\\\/ColineNeg.jpg\",\"url\":\"https:\\\/\\\/mademoisellecoline.com\\\/wp-content\\\/uploads\\\/2024\\\/01\\\/ColineNeg.jpg\",\"contentUrl\":\"https:\\\/\\\/mademoisellecoline.com\\\/wp-content\\\/uploads\\\/2024\\\/01\\\/ColineNeg.jpg\",\"width\":584,\"height\":349,\"caption\":\"Mademoiselle Coline\"},\"logo\":{\"@id\":\"https:\\\/\\\/mademoisellecoline.com\\\/wp-content\\\/uploads\\\/2024\\\/01\\\/ColineNeg.jpg\"},\"sameAs\":[\"https:\\\/\\\/www.facebook.com\\\/mademoisellecoline\",\"https:\\\/\\\/www.instagram.com\\\/mademoiselle_coline\\\/\"]}]}<\/script>\n<!-- \/ Yoast SEO plugin. -->","yoast_head_json":{"title":"Joies fetes a m\u00e0 artesanals Par\u00eds Barcelona | Mademoiselle Coline","description":"Entre Par\u00eds i Barcelona es creen joiess fetes a m\u00e0 artesanals, \u00e8tiques i sostenibles. Creacions on\u00edriques inspirades en la bellesa a trav\u00e9s del temps","robots":{"index":"index","follow":"follow","max-snippet":"max-snippet:-1","max-image-preview":"max-image-preview:large","max-video-preview":"max-video-preview:-1"},"canonical":"https:\/\/mademoisellecoline.com\/ca\/","og_locale":"ca_ES","og_type":"article","og_title":"Joies fetes a m\u00e0 artesanals Par\u00eds Barcelona | Mademoiselle Coline","og_description":"Entre Par\u00eds i Barcelona es creen joiess fetes a m\u00e0 artesanals, \u00e8tiques i sostenibles. Creacions on\u00edriques inspirades en la bellesa a trav\u00e9s del temps","og_url":"https:\/\/mademoisellecoline.com\/ca\/","og_site_name":"Mademoiselle Coline","article_publisher":"https:\/\/www.facebook.com\/mademoisellecoline","article_modified_time":"2026-01-28T13:01:40+00:00","og_image":[{"width":600,"height":600,"url":"https:\/\/mademoisellecoline.com\/wp-content\/uploads\/2024\/06\/oneofakind-slow-jewelry-mademoiselle-coline.jpg","type":"image\/jpeg"}],"twitter_card":"summary_large_image","twitter_misc":{"Temps estimat de lectura":"3 minutes"},"schema":{"@context":"https:\/\/schema.org","@graph":[{"@type":"WebPage","@id":"https:\/\/mademoisellecoline.com\/ca\/","url":"https:\/\/mademoisellecoline.com\/ca\/","name":"Joies fetes a m\u00e0 artesanals Par\u00eds Barcelona | Mademoiselle Coline","isPartOf":{"@id":"https:\/\/mademoisellecoline.com\/en\/#website"},"primaryImageOfPage":{"@id":"https:\/\/mademoisellecoline.com\/ca\/#primaryimage"},"image":{"@id":"https:\/\/mademoisellecoline.com\/ca\/#primaryimage"},"thumbnailUrl":"https:\/\/mademoisellecoline.com\/wp-content\/uploads\/2024\/06\/oneofakind-slow-jewelry-mademoiselle-coline.jpg","datePublished":"2018-03-14T22:27:04+00:00","dateModified":"2026-01-28T13:01:40+00:00","description":"Entre Par\u00eds i Barcelona es creen joiess fetes a m\u00e0 artesanals, \u00e8tiques i sostenibles. Creacions on\u00edriques inspirades en la bellesa a trav\u00e9s del temps","breadcrumb":{"@id":"https:\/\/mademoisellecoline.com\/ca\/#breadcrumb"},"inLanguage":"ca","potentialAction":[{"@type":"ReadAction","target":["https:\/\/mademoisellecoline.com\/ca\/"]}]},{"@type":"ImageObject","inLanguage":"ca","@id":"https:\/\/mademoisellecoline.com\/ca\/#primaryimage","url":"https:\/\/mademoisellecoline.com\/wp-content\/uploads\/2024\/06\/oneofakind-slow-jewelry-mademoiselle-coline.jpg","contentUrl":"https:\/\/mademoisellecoline.com\/wp-content\/uploads\/2024\/06\/oneofakind-slow-jewelry-mademoiselle-coline.jpg","width":600,"height":600},{"@type":"BreadcrumbList","@id":"https:\/\/mademoisellecoline.com\/ca\/#breadcrumb","itemListElement":[{"@type":"ListItem","position":1,"name":"Portada","item":"https:\/\/mademoisellecoline.com\/ca\/"},{"@type":"ListItem","position":2,"name":"Mademoiselle Coline"}]},{"@type":"WebSite","@id":"https:\/\/mademoisellecoline.com\/en\/#website","url":"https:\/\/mademoisellecoline.com\/en\/","name":"Mademoiselle Coline","description":"Creaciones de joyer\u00eda on\u00edricas para almas so\u00f1adoras","publisher":{"@id":"https:\/\/mademoisellecoline.com\/en\/#\/schema\/person\/a87a3358725ddb0d57e86600da53e416"},"potentialAction":[{"@type":"SearchAction","target":{"@type":"EntryPoint","urlTemplate":"https:\/\/mademoisellecoline.com\/en\/?s={search_term_string}"},"query-input":{"@type":"PropertyValueSpecification","valueRequired":true,"valueName":"search_term_string"}}],"inLanguage":"ca"},{"@type":["Person","Organization"],"@id":"https:\/\/mademoisellecoline.com\/en\/#\/schema\/person\/a87a3358725ddb0d57e86600da53e416","name":"Mademoiselle Coline","image":{"@type":"ImageObject","inLanguage":"ca","@id":"https:\/\/mademoisellecoline.com\/wp-content\/uploads\/2024\/01\/ColineNeg.jpg","url":"https:\/\/mademoisellecoline.com\/wp-content\/uploads\/2024\/01\/ColineNeg.jpg","contentUrl":"https:\/\/mademoisellecoline.com\/wp-content\/uploads\/2024\/01\/ColineNeg.jpg","width":584,"height":349,"caption":"Mademoiselle Coline"},"logo":{"@id":"https:\/\/mademoisellecoline.com\/wp-content\/uploads\/2024\/01\/ColineNeg.jpg"},"sameAs":["https:\/\/www.facebook.com\/mademoisellecoline","https:\/\/www.instagram.com\/mademoiselle_coline\/"]}]}},"_links":{"self":[{"href":"https:\/\/mademoisellecoline.com\/ca\/wp-json\/wp\/v2\/pages\/728","targetHints":{"allow":["GET"]}}],"collection":[{"href":"https:\/\/mademoisellecoline.com\/ca\/wp-json\/wp\/v2\/pages"}],"about":[{"href":"https:\/\/mademoisellecoline.com\/ca\/wp-json\/wp\/v2\/types\/page"}],"author":[{"embeddable":true,"href":"https:\/\/mademoisellecoline.com\/ca\/wp-json\/wp\/v2\/users\/1"}],"replies":[{"embeddable":true,"href":"https:\/\/mademoisellecoline.com\/ca\/wp-json\/wp\/v2\/comments?post=728"}],"version-history":[{"count":10,"href":"https:\/\/mademoisellecoline.com\/ca\/wp-json\/wp\/v2\/pages\/728\/revisions"}],"predecessor-version":[{"id":37798,"href":"https:\/\/mademoisellecoline.com\/ca\/wp-json\/wp\/v2\/pages\/728\/revisions\/37798"}],"wp:featuredmedia":[{"embeddable":true,"href":"https:\/\/mademoisellecoline.com\/ca\/wp-json\/wp\/v2\/media\/33489"}],"wp:attachment":[{"href":"https:\/\/mademoisellecoline.com\/ca\/wp-json\/wp\/v2\/media?parent=728"}],"curies":[{"name":"wp","href":"https:\/\/api.w.org\/{rel}","templated":true}]}}