{"id":730,"date":"2018-03-14T22:25:47","date_gmt":"2018-03-14T22:25:47","guid":{"rendered":"https:\/\/mademoisellecoline.com\/?page_id=730"},"modified":"2026-02-09T15:24:55","modified_gmt":"2026-02-09T15:24:55","slug":"sobre-joies-artesanals-fetes-a-ma-2","status":"publish","type":"page","link":"https:\/\/mademoisellecoline.com\/ca\/sobre-joies-artesanals-fetes-a-ma-2\/","title":{"rendered":"Sobre mi"},"content":{"rendered":"<div class=\"wpb-content-wrapper\"><section class=\"content-section full-width with-col cover rella-no-padding rella-no-margin    content-section-69eda7de72a00\"><div class=\"row vc_row-fluid\"><div class=\"wpb_column col-sm-10 col-sm-offset-1\">[vc_custom_heading text=&#8221;Busco crear joies artesanals que evoquin bellesa, un eco \u00edntim i infinit&#8221; font_container=&#8221;tag:h1|font_size:30|text_align:center|color:%23000000&#8243; google_fonts=&#8221;font_family:Dosis%3A200%2C300%2Cregular%2C500%2C600%2C700%2C800|font_style:300%20light%20regular%3A300%3Anormal&#8221; css=&#8221;&#8221;]<\/div><\/div><\/section><section  class=\"content-section full-width with-col cover rella-no-padding rella-no-margin    content-section-69eda7de72bd0\"><div class=\"row vc_row-fluid\"><div id=\"seccion-titulo\" class=\"wpb_column col-sm-3 hidden-xs wow fadeIn\" data-wow-delay=\"0.1s\" data-wow-duration=\"1.5s\"><h2  class=\"section-title  mb-70 mb-sm-40 font-alt align-left\" style=\"font-size:18px;margin-top:0px;\">Sobre mi<\/h2><\/div><div class=\"wpb_column col-md-6\">[vc_single_image image=&#8221;37849&#8243; img_size=&#8221;full&#8221; alignment=&#8221;right&#8221; css=&#8221;.vc_custom_1770650686908{margin-bottom: 30px !important;padding-bottom: 0px !important;}&#8221; el_class=&#8221;ocultarDesk&#8221;]<div class=\"section-text text-block \" ><p>Al llarg de la meva vida he tingut la sort de viure en llocs molt especials, amb hist\u00f2ria i plens de detalls com la casa Modernista dels meus avis; d\u2019estar rodejada de persones que m\u2019han ajudat a desenvolupar una sensibilitat natural per l\u2019est\u00e8tica i l\u2019amor als elements creats en \u00e8poques passades.<\/p>\n<p>Quan reflexiono sobre la meva experi\u00e8ncia des que vaig viure a Par\u00eds, ja fa uns anys, despr\u00e9s de dedicar-me a la publicitat a Barcelona, tinc la sensaci\u00f3 que he anat trobant totes les respostes pel cam\u00ed. Com si d\u2019alguna manera estigu\u00e9s tot predeterminat, fins i tot com si ja ho hagu\u00e9s viscut. Precisament, Mademoiselle Coline, \u00e9s un nom de dona francesa imaginari, que b\u00e9 podria haver estat jo mateixa en els efervescents anys 20 parisencs, en qu\u00e8 van eclosionar la intel\u00b7lectualitat, la cultura i les arts. Una noia que, igual com jo, s\u2019hauria traslladat a aquesta ciutat amb les seves inquietuds i els seus somnis, i tamb\u00e9 hauria quedat fascinada pel seu encant.<\/p>\n<\/div>[vc_empty_space height=&#8221;10px&#8221;]<div class=\"section-text text-block \" ><\/div>[vc_single_image image=&#8221;37640&#8243; img_size=&#8221;full&#8221; css=&#8221;&#8221;]<div class=\"section-text text-block align-left\" ><p>I \u00e9s que Mademoiselle Coline va m\u00e9s enll\u00e0 d\u2019un nom: \u00e9s un esperit que perdura en el temps, el reflex de totes aquelles dones que somiem, creem i perseguim all\u00f2 que estimem. Una \u00e0nima plena de passi\u00f3, sensibilitat i en constant cerca de bellesa.<\/p>\n<p>Par\u00eds \u00e9s la ciutat on es va materialitzar la meva passi\u00f3. On vaig comen\u00e7ar a endinsar-me en el m\u00f3n de la joieria artesanal, les t\u00e8cniques professionals i tradicionals. A mida que passejava per Par\u00eds, veia el valor que se li d\u00f3na a tot all\u00f2 antic, visitava les infinites botigues d\u2019antiguitats i els march\u00e9s aux puces, vaig comen\u00e7ar a trobar peces en des\u00fas d\u2019\u00e8poques passades, amb valor est\u00e8tic i plenes d\u2019hist\u00f2ria. \u00c9s llavors quan vaig decidir rescatar-les i donar una segona oportunitat a les peces, creant amb les meves mans joies en qu\u00e8 convisquessin elements antics amb peces de nova creaci\u00f3: retornar-les a la vida transformant-les. A trav\u00e9s de tot el proc\u00e9s artesanal de joieria apr\u00e8s, aconseguiria, una a una, crear joies \u00faniques.<\/p>\n<p>I \u00e9s en aquesta cerca on Mademoiselle Coline neix com una marca de joieria artesanal feta a m\u00e0 de manera \u00e8tica i sostenible, que ofereix col\u00b7leccions pr\u00f2pies de joies, creacions \u00faniques, peces personalitzades i fetes a mida. En un petit taller, les joies es creen a m\u00e0 amb metalls reciclats, seguint les t\u00e8cniques tradicionals de la joieria artesanal i mantenint una relaci\u00f3 personal entre la creadora i cada clienta.<\/p>\n<p><strong>Mademoiselle Coline representa el prop\u00f2sit m\u00e9s profund de crear i compartir bellesa a trav\u00e9s de peces delicades i atemporals, on passat i present es fusionen en harmonia, donant vida a creacions on\u00edriques inspirades en la bellesa a trav\u00e9s del temps.<\/strong><\/p>\n<\/div><\/div><div class=\"wpb_column col-md-3 hidden-xs\">[vc_single_image image=&#8221;37849&#8243; img_size=&#8221;full&#8221; alignment=&#8221;right&#8221; css=&#8221;.vc_custom_1770053017826{margin-bottom: 0px !important;padding-bottom: 0px !important;}&#8221;][vc_empty_space height=&#8221;30px&#8221;]<section  class=\"content-section full-width with-col cover rella-no-padding rella-no-margin    content-section-69eda7de72ff6\"><div class=\"row vc_row-fluid\"><div class=\"wpb_column col-md-12\">[vc_single_image image=&#8221;5477&#8243; img_size=&#8221;medium&#8221; alignment=&#8221;center&#8221; css=&#8221;.vc_custom_1517323613197{margin-top: 10px !important;margin-right: 30px !important;margin-bottom: 10px !important;margin-left: 30px !important;}&#8221;]<\/div><\/div><\/section><\/div><\/div><\/section><section  class=\"content-section full-width with-col cover rella-no-padding rella-no-margin    content-section-69eda7de730e0\"><div class=\"row vc_row-fluid\"><div class=\"wpb_column col-md-12\"><section  class=\"content-section full-width with-col cover rella-no-padding rella-no-margin    content-section-69eda7de731ca\"><div class=\"row vc_row-fluid\"><div class=\"wpb_column col-md-3 col-md-3 col-sm-3\">[vc_single_image image=&#8221;33480&#8243; img_size=&#8221;full&#8221; css=&#8221;&#8221;]<\/div><div class=\"wpb_column col-md-3 col-sm-3\">[vc_single_image image=&#8221;17701&#8243; img_size=&#8221;full&#8221;]<\/div><div class=\"wpb_column col-md-3 col-sm-3\">[vc_single_image image=&#8221;31802&#8243; img_size=&#8221;full&#8221; css=&#8221;&#8221;]<\/div><div class=\"wpb_column col-md-3 col-sm-3\">[vc_single_image image=&#8221;33598&#8243; img_size=&#8221;full&#8221; css=&#8221;&#8221;]<\/div><\/div><\/section><\/div><\/div><\/section>\n<\/div>","protected":false},"excerpt":{"rendered":"[vc_custom_heading text=\"Busco crear joies artesanals que evoquin bellesa, un eco \u00edntim i infinit\" font_container=\"tag:h1|font_size:30|text_align:center|color:%23000000\" google_fonts=\"font_family:Dosis%3A200%2C300%2Cregular%2C500%2C600%2C700%2C800|font_style:300%20light%20regular%3A300%3Anormal\" css=\"\"]Sobre mi[vc_single_image image=\"37849\" img_size=\"full\" alignment=\"right\" css=\".vc_custom_1770650686908{margin-bottom: 30px !important;padding-bottom: 0px !important;}\" el_class=\"ocultarDesk\"]Al llarg de la meva vida he tingut la sort de viure en llocs molt especials, amb hist\u00f2ria i plens de detalls com la casa Modernista dels meus avis; d\u2019estar","protected":false},"author":1,"featured_media":23801,"parent":0,"menu_order":0,"comment_status":"closed","ping_status":"closed","template":"","meta":{"_joinchat":[],"footnotes":""},"class_list":["post-730","page","type-page","status-publish","has-post-thumbnail","hentry"],"yoast_head":"<!-- This site is optimized with the Yoast SEO plugin v27.4 - https:\/\/yoast.com\/product\/yoast-seo-wordpress\/ -->\n<title>Joies artesanals fetes a m\u00e0 Barcelona Paris | Mademoiselle Coline<\/title>\n<meta name=\"description\" content=\"Descobreix la passi\u00f3 de Mademoiselle Coline per crear i compartir joies artesanals fetes a m\u00e0 \u00faniques entre Barcelona i Par\u00eds.\" \/>\n<meta name=\"robots\" content=\"index, follow, max-snippet:-1, max-image-preview:large, max-video-preview:-1\" \/>\n<link rel=\"canonical\" href=\"https:\/\/mademoisellecoline.com\/ca\/sobre-joies-artesanals-fetes-a-ma-2\/\" \/>\n<meta property=\"og:locale\" content=\"ca_ES\" \/>\n<meta property=\"og:type\" content=\"article\" \/>\n<meta property=\"og:title\" content=\"Joies artesanals fetes a m\u00e0 Barcelona Paris | Mademoiselle Coline\" \/>\n<meta property=\"og:description\" content=\"Descobreix la passi\u00f3 de Mademoiselle Coline per crear i compartir joies artesanals fetes a m\u00e0 \u00faniques entre Barcelona i Par\u00eds.\" \/>\n<meta property=\"og:url\" content=\"https:\/\/mademoisellecoline.com\/ca\/sobre-joies-artesanals-fetes-a-ma-2\/\" \/>\n<meta property=\"og:site_name\" content=\"Mademoiselle Coline\" \/>\n<meta property=\"article:publisher\" content=\"https:\/\/www.facebook.com\/mademoisellecoline\" \/>\n<meta property=\"article:modified_time\" content=\"2026-02-09T15:24:55+00:00\" \/>\n<meta property=\"og:image\" content=\"https:\/\/mademoisellecoline.com\/wp-content\/uploads\/2022\/02\/mademoiselle-coline-handmade-jewelry.jpg\" \/>\n\t<meta property=\"og:image:width\" content=\"800\" \/>\n\t<meta property=\"og:image:height\" content=\"947\" \/>\n\t<meta property=\"og:image:type\" content=\"image\/jpeg\" \/>\n<meta name=\"twitter:card\" content=\"summary_large_image\" \/>\n<meta name=\"twitter:label1\" content=\"Temps estimat de lectura\" \/>\n\t<meta name=\"twitter:data1\" content=\"3 minutes\" \/>\n<script type=\"application\/ld+json\" class=\"yoast-schema-graph\">{\"@context\":\"https:\\\/\\\/schema.org\",\"@graph\":[{\"@type\":\"WebPage\",\"@id\":\"https:\\\/\\\/mademoisellecoline.com\\\/ca\\\/sobre-joies-artesanals-fetes-a-ma-2\\\/\",\"url\":\"https:\\\/\\\/mademoisellecoline.com\\\/ca\\\/sobre-joies-artesanals-fetes-a-ma-2\\\/\",\"name\":\"Joies artesanals fetes a m\u00e0 Barcelona Paris | Mademoiselle Coline\",\"isPartOf\":{\"@id\":\"https:\\\/\\\/mademoisellecoline.com\\\/en\\\/#website\"},\"primaryImageOfPage\":{\"@id\":\"https:\\\/\\\/mademoisellecoline.com\\\/ca\\\/sobre-joies-artesanals-fetes-a-ma-2\\\/#primaryimage\"},\"image\":{\"@id\":\"https:\\\/\\\/mademoisellecoline.com\\\/ca\\\/sobre-joies-artesanals-fetes-a-ma-2\\\/#primaryimage\"},\"thumbnailUrl\":\"https:\\\/\\\/mademoisellecoline.com\\\/wp-content\\\/uploads\\\/2022\\\/02\\\/mademoiselle-coline-handmade-jewelry.jpg\",\"datePublished\":\"2018-03-14T22:25:47+00:00\",\"dateModified\":\"2026-02-09T15:24:55+00:00\",\"description\":\"Descobreix la passi\u00f3 de Mademoiselle Coline per crear i compartir joies artesanals fetes a m\u00e0 \u00faniques entre Barcelona i Par\u00eds.\",\"breadcrumb\":{\"@id\":\"https:\\\/\\\/mademoisellecoline.com\\\/ca\\\/sobre-joies-artesanals-fetes-a-ma-2\\\/#breadcrumb\"},\"inLanguage\":\"ca\",\"potentialAction\":[{\"@type\":\"ReadAction\",\"target\":[\"https:\\\/\\\/mademoisellecoline.com\\\/ca\\\/sobre-joies-artesanals-fetes-a-ma-2\\\/\"]}]},{\"@type\":\"ImageObject\",\"inLanguage\":\"ca\",\"@id\":\"https:\\\/\\\/mademoisellecoline.com\\\/ca\\\/sobre-joies-artesanals-fetes-a-ma-2\\\/#primaryimage\",\"url\":\"https:\\\/\\\/mademoisellecoline.com\\\/wp-content\\\/uploads\\\/2022\\\/02\\\/mademoiselle-coline-handmade-jewelry.jpg\",\"contentUrl\":\"https:\\\/\\\/mademoisellecoline.com\\\/wp-content\\\/uploads\\\/2022\\\/02\\\/mademoiselle-coline-handmade-jewelry.jpg\",\"width\":800,\"height\":947},{\"@type\":\"BreadcrumbList\",\"@id\":\"https:\\\/\\\/mademoisellecoline.com\\\/ca\\\/sobre-joies-artesanals-fetes-a-ma-2\\\/#breadcrumb\",\"itemListElement\":[{\"@type\":\"ListItem\",\"position\":1,\"name\":\"Portada\",\"item\":\"https:\\\/\\\/mademoisellecoline.com\\\/ca\\\/\"},{\"@type\":\"ListItem\",\"position\":2,\"name\":\"Sobre mi\"}]},{\"@type\":\"WebSite\",\"@id\":\"https:\\\/\\\/mademoisellecoline.com\\\/en\\\/#website\",\"url\":\"https:\\\/\\\/mademoisellecoline.com\\\/en\\\/\",\"name\":\"Mademoiselle Coline\",\"description\":\"Creaciones de joyer\u00eda on\u00edricas para almas so\u00f1adoras\",\"publisher\":{\"@id\":\"https:\\\/\\\/mademoisellecoline.com\\\/en\\\/#\\\/schema\\\/person\\\/a87a3358725ddb0d57e86600da53e416\"},\"potentialAction\":[{\"@type\":\"SearchAction\",\"target\":{\"@type\":\"EntryPoint\",\"urlTemplate\":\"https:\\\/\\\/mademoisellecoline.com\\\/en\\\/?s={search_term_string}\"},\"query-input\":{\"@type\":\"PropertyValueSpecification\",\"valueRequired\":true,\"valueName\":\"search_term_string\"}}],\"inLanguage\":\"ca\"},{\"@type\":[\"Person\",\"Organization\"],\"@id\":\"https:\\\/\\\/mademoisellecoline.com\\\/en\\\/#\\\/schema\\\/person\\\/a87a3358725ddb0d57e86600da53e416\",\"name\":\"Mademoiselle Coline\",\"image\":{\"@type\":\"ImageObject\",\"inLanguage\":\"ca\",\"@id\":\"https:\\\/\\\/mademoisellecoline.com\\\/wp-content\\\/uploads\\\/2024\\\/01\\\/ColineNeg.jpg\",\"url\":\"https:\\\/\\\/mademoisellecoline.com\\\/wp-content\\\/uploads\\\/2024\\\/01\\\/ColineNeg.jpg\",\"contentUrl\":\"https:\\\/\\\/mademoisellecoline.com\\\/wp-content\\\/uploads\\\/2024\\\/01\\\/ColineNeg.jpg\",\"width\":584,\"height\":349,\"caption\":\"Mademoiselle Coline\"},\"logo\":{\"@id\":\"https:\\\/\\\/mademoisellecoline.com\\\/wp-content\\\/uploads\\\/2024\\\/01\\\/ColineNeg.jpg\"},\"sameAs\":[\"https:\\\/\\\/www.facebook.com\\\/mademoisellecoline\",\"https:\\\/\\\/www.instagram.com\\\/mademoiselle_coline\\\/\"]}]}<\/script>\n<!-- \/ Yoast SEO plugin. -->","yoast_head_json":{"title":"Joies artesanals fetes a m\u00e0 Barcelona Paris | Mademoiselle Coline","description":"Descobreix la passi\u00f3 de Mademoiselle Coline per crear i compartir joies artesanals fetes a m\u00e0 \u00faniques entre Barcelona i Par\u00eds.","robots":{"index":"index","follow":"follow","max-snippet":"max-snippet:-1","max-image-preview":"max-image-preview:large","max-video-preview":"max-video-preview:-1"},"canonical":"https:\/\/mademoisellecoline.com\/ca\/sobre-joies-artesanals-fetes-a-ma-2\/","og_locale":"ca_ES","og_type":"article","og_title":"Joies artesanals fetes a m\u00e0 Barcelona Paris | Mademoiselle Coline","og_description":"Descobreix la passi\u00f3 de Mademoiselle Coline per crear i compartir joies artesanals fetes a m\u00e0 \u00faniques entre Barcelona i Par\u00eds.","og_url":"https:\/\/mademoisellecoline.com\/ca\/sobre-joies-artesanals-fetes-a-ma-2\/","og_site_name":"Mademoiselle Coline","article_publisher":"https:\/\/www.facebook.com\/mademoisellecoline","article_modified_time":"2026-02-09T15:24:55+00:00","og_image":[{"width":800,"height":947,"url":"https:\/\/mademoisellecoline.com\/wp-content\/uploads\/2022\/02\/mademoiselle-coline-handmade-jewelry.jpg","type":"image\/jpeg"}],"twitter_card":"summary_large_image","twitter_misc":{"Temps estimat de lectura":"3 minutes"},"schema":{"@context":"https:\/\/schema.org","@graph":[{"@type":"WebPage","@id":"https:\/\/mademoisellecoline.com\/ca\/sobre-joies-artesanals-fetes-a-ma-2\/","url":"https:\/\/mademoisellecoline.com\/ca\/sobre-joies-artesanals-fetes-a-ma-2\/","name":"Joies artesanals fetes a m\u00e0 Barcelona Paris | Mademoiselle Coline","isPartOf":{"@id":"https:\/\/mademoisellecoline.com\/en\/#website"},"primaryImageOfPage":{"@id":"https:\/\/mademoisellecoline.com\/ca\/sobre-joies-artesanals-fetes-a-ma-2\/#primaryimage"},"image":{"@id":"https:\/\/mademoisellecoline.com\/ca\/sobre-joies-artesanals-fetes-a-ma-2\/#primaryimage"},"thumbnailUrl":"https:\/\/mademoisellecoline.com\/wp-content\/uploads\/2022\/02\/mademoiselle-coline-handmade-jewelry.jpg","datePublished":"2018-03-14T22:25:47+00:00","dateModified":"2026-02-09T15:24:55+00:00","description":"Descobreix la passi\u00f3 de Mademoiselle Coline per crear i compartir joies artesanals fetes a m\u00e0 \u00faniques entre Barcelona i Par\u00eds.","breadcrumb":{"@id":"https:\/\/mademoisellecoline.com\/ca\/sobre-joies-artesanals-fetes-a-ma-2\/#breadcrumb"},"inLanguage":"ca","potentialAction":[{"@type":"ReadAction","target":["https:\/\/mademoisellecoline.com\/ca\/sobre-joies-artesanals-fetes-a-ma-2\/"]}]},{"@type":"ImageObject","inLanguage":"ca","@id":"https:\/\/mademoisellecoline.com\/ca\/sobre-joies-artesanals-fetes-a-ma-2\/#primaryimage","url":"https:\/\/mademoisellecoline.com\/wp-content\/uploads\/2022\/02\/mademoiselle-coline-handmade-jewelry.jpg","contentUrl":"https:\/\/mademoisellecoline.com\/wp-content\/uploads\/2022\/02\/mademoiselle-coline-handmade-jewelry.jpg","width":800,"height":947},{"@type":"BreadcrumbList","@id":"https:\/\/mademoisellecoline.com\/ca\/sobre-joies-artesanals-fetes-a-ma-2\/#breadcrumb","itemListElement":[{"@type":"ListItem","position":1,"name":"Portada","item":"https:\/\/mademoisellecoline.com\/ca\/"},{"@type":"ListItem","position":2,"name":"Sobre mi"}]},{"@type":"WebSite","@id":"https:\/\/mademoisellecoline.com\/en\/#website","url":"https:\/\/mademoisellecoline.com\/en\/","name":"Mademoiselle Coline","description":"Creaciones de joyer\u00eda on\u00edricas para almas so\u00f1adoras","publisher":{"@id":"https:\/\/mademoisellecoline.com\/en\/#\/schema\/person\/a87a3358725ddb0d57e86600da53e416"},"potentialAction":[{"@type":"SearchAction","target":{"@type":"EntryPoint","urlTemplate":"https:\/\/mademoisellecoline.com\/en\/?s={search_term_string}"},"query-input":{"@type":"PropertyValueSpecification","valueRequired":true,"valueName":"search_term_string"}}],"inLanguage":"ca"},{"@type":["Person","Organization"],"@id":"https:\/\/mademoisellecoline.com\/en\/#\/schema\/person\/a87a3358725ddb0d57e86600da53e416","name":"Mademoiselle Coline","image":{"@type":"ImageObject","inLanguage":"ca","@id":"https:\/\/mademoisellecoline.com\/wp-content\/uploads\/2024\/01\/ColineNeg.jpg","url":"https:\/\/mademoisellecoline.com\/wp-content\/uploads\/2024\/01\/ColineNeg.jpg","contentUrl":"https:\/\/mademoisellecoline.com\/wp-content\/uploads\/2024\/01\/ColineNeg.jpg","width":584,"height":349,"caption":"Mademoiselle Coline"},"logo":{"@id":"https:\/\/mademoisellecoline.com\/wp-content\/uploads\/2024\/01\/ColineNeg.jpg"},"sameAs":["https:\/\/www.facebook.com\/mademoisellecoline","https:\/\/www.instagram.com\/mademoiselle_coline\/"]}]}},"_links":{"self":[{"href":"https:\/\/mademoisellecoline.com\/ca\/wp-json\/wp\/v2\/pages\/730","targetHints":{"allow":["GET"]}}],"collection":[{"href":"https:\/\/mademoisellecoline.com\/ca\/wp-json\/wp\/v2\/pages"}],"about":[{"href":"https:\/\/mademoisellecoline.com\/ca\/wp-json\/wp\/v2\/types\/page"}],"author":[{"embeddable":true,"href":"https:\/\/mademoisellecoline.com\/ca\/wp-json\/wp\/v2\/users\/1"}],"replies":[{"embeddable":true,"href":"https:\/\/mademoisellecoline.com\/ca\/wp-json\/wp\/v2\/comments?post=730"}],"version-history":[{"count":10,"href":"https:\/\/mademoisellecoline.com\/ca\/wp-json\/wp\/v2\/pages\/730\/revisions"}],"predecessor-version":[{"id":37920,"href":"https:\/\/mademoisellecoline.com\/ca\/wp-json\/wp\/v2\/pages\/730\/revisions\/37920"}],"wp:featuredmedia":[{"embeddable":true,"href":"https:\/\/mademoisellecoline.com\/ca\/wp-json\/wp\/v2\/media\/23801"}],"wp:attachment":[{"href":"https:\/\/mademoisellecoline.com\/ca\/wp-json\/wp\/v2\/media?parent=730"}],"curies":[{"name":"wp","href":"https:\/\/api.w.org\/{rel}","templated":true}]}}