{"id":22947,"date":"2021-10-21T13:56:13","date_gmt":"2021-10-21T13:56:13","guid":{"rendered":"https:\/\/mademoisellecoline.com\/?post_type=product&#038;p=22947"},"modified":"2025-01-18T13:58:38","modified_gmt":"2025-01-18T13:58:38","slug":"anell-la-douceur-rose","status":"publish","type":"product","link":"https:\/\/mademoisellecoline.com\/ca\/producte\/anell-la-douceur-rose\/","title":{"rendered":"Anell  &#8216;La Douceur Rose&#8217;"},"content":{"rendered":"","protected":false},"excerpt":{"rendered":"<p>Pe\u00e7a \u00fanica de la <strong>Col\u00b7lecci\u00f3 Envie du Pass\u00e9<\/strong> que ens parla de temps plens de llum. El detall central de la pe\u00e7a est\u00e0 encastat i \u00e9s un element antic recuperat i restaurat. Element antic ric en detall que parla de temps d&#8217;abund\u00e0ncia que, coronat amb turmalines roses , ens aporta una pe\u00e7a actual plena d&#8217;harmonia<\/p>\n<p><strong>Descripci\u00f3 pe\u00e7a:<\/strong><br \/>\nPe\u00e7a \u00fanica fabricada a m\u00e0<br \/>\nPlata 925\/1000 reciclada ecol\u00f2gica procedent de la Uni\u00f3 Europea<br \/>\nEncast pe\u00e7a antiga original<br \/>\nQuatre turmalines roses encastats<br \/>\nFil de 3 mm. Corona \u00f8 14 mm<br \/>\nAcabat brillant<br \/>\nTalla 52\/12<\/p>\n","protected":false},"featured_media":23183,"template":"","meta":{"_joinchat":[]},"product_brand":[],"product_cat":[443],"product_tag":[2314,3023,3191,3201,2326,3031,2876],"class_list":{"0":"post-22947","1":"product","2":"type-product","3":"status-publish","4":"has-post-thumbnail","6":"product_cat-colleccio-envie-du-passe","7":"product_tag-anells-artesanals","8":"product_tag-anells-fets-a-ma","9":"product_tag-joies-artesanals","10":"product_tag-joies-fetes-a-ma","11":"product_tag-peces-uniques-joieria-artesanal","12":"product_tag-peces-uniques-de-joieria-artesanal","13":"product_tag-plata-ca","15":"first","16":"outofstock","17":"sold-individually","18":"taxable","19":"shipping-taxable","20":"purchasable","21":"product-type-simple"},"yoast_head":"<!-- This site is optimized with the Yoast SEO plugin v27.4 - https:\/\/yoast.com\/product\/yoast-seo-wordpress\/ -->\n<title>Anell &#039;La Douceur Rose&#039; | Mademoiselle Coline | Barcelona &amp; Par\u00eds<\/title>\n<meta name=\"description\" content=\"Anell &#039;La Douceur Rose&#039;. Cada joya, una a una, est\u00e1 hecha a mano de manera artesanal con metales reciclados en el taller de joyer\u00eda en Barcelona.\" \/>\n<meta name=\"robots\" content=\"index, follow, max-snippet:-1, max-image-preview:large, max-video-preview:-1\" \/>\n<link rel=\"canonical\" href=\"https:\/\/mademoisellecoline.com\/ca\/producte\/anell-la-douceur-rose\/\" \/>\n<meta property=\"og:locale\" content=\"ca_ES\" \/>\n<meta property=\"og:type\" content=\"article\" \/>\n<meta property=\"og:title\" content=\"Anell &#039;La Douceur Rose&#039; | Mademoiselle Coline | Barcelona &amp; Par\u00eds\" \/>\n<meta property=\"og:description\" content=\"Anell &#039;La Douceur Rose&#039;. Cada joya, una a una, est\u00e1 hecha a mano de manera artesanal con metales reciclados en el taller de joyer\u00eda en Barcelona.\" \/>\n<meta property=\"og:url\" content=\"https:\/\/mademoisellecoline.com\/ca\/producte\/anell-la-douceur-rose\/\" \/>\n<meta property=\"og:site_name\" content=\"Mademoiselle Coline\" \/>\n<meta property=\"article:publisher\" content=\"https:\/\/www.facebook.com\/mademoisellecoline\" \/>\n<meta property=\"article:modified_time\" content=\"2025-01-18T13:58:38+00:00\" \/>\n<meta property=\"og:image\" content=\"https:\/\/mademoisellecoline.com\/wp-content\/uploads\/2021\/10\/bijoux-durable-ethique-paris-barcelone-artisanaux-mademoiselle-coline-1.jpg\" \/>\n\t<meta property=\"og:image:width\" content=\"1500\" \/>\n\t<meta property=\"og:image:height\" content=\"1500\" \/>\n\t<meta property=\"og:image:type\" content=\"image\/jpeg\" \/>\n<meta name=\"twitter:card\" content=\"summary_large_image\" \/>\n<script type=\"application\/ld+json\" class=\"yoast-schema-graph\">{\"@context\":\"https:\\\/\\\/schema.org\",\"@graph\":[{\"@type\":\"WebPage\",\"@id\":\"https:\\\/\\\/mademoisellecoline.com\\\/ca\\\/producte\\\/anell-la-douceur-rose\\\/\",\"url\":\"https:\\\/\\\/mademoisellecoline.com\\\/ca\\\/producte\\\/anell-la-douceur-rose\\\/\",\"name\":\"Anell 'La Douceur Rose' | Mademoiselle Coline | Barcelona & Par\u00eds\",\"isPartOf\":{\"@id\":\"https:\\\/\\\/mademoisellecoline.com\\\/en\\\/#website\"},\"primaryImageOfPage\":{\"@id\":\"https:\\\/\\\/mademoisellecoline.com\\\/ca\\\/producte\\\/anell-la-douceur-rose\\\/#primaryimage\"},\"image\":{\"@id\":\"https:\\\/\\\/mademoisellecoline.com\\\/ca\\\/producte\\\/anell-la-douceur-rose\\\/#primaryimage\"},\"thumbnailUrl\":\"https:\\\/\\\/mademoisellecoline.com\\\/wp-content\\\/uploads\\\/2021\\\/10\\\/bijoux-durable-ethique-paris-barcelone-artisanaux-mademoiselle-coline-1.jpg\",\"datePublished\":\"2021-10-21T13:56:13+00:00\",\"dateModified\":\"2025-01-18T13:58:38+00:00\",\"description\":\"Anell 'La Douceur Rose'. Cada joya, una a una, est\u00e1 hecha a mano de manera artesanal con metales reciclados en el taller de joyer\u00eda en Barcelona.\",\"breadcrumb\":{\"@id\":\"https:\\\/\\\/mademoisellecoline.com\\\/ca\\\/producte\\\/anell-la-douceur-rose\\\/#breadcrumb\"},\"inLanguage\":\"ca\",\"potentialAction\":[{\"@type\":\"ReadAction\",\"target\":[\"https:\\\/\\\/mademoisellecoline.com\\\/ca\\\/producte\\\/anell-la-douceur-rose\\\/\"]}]},{\"@type\":\"ImageObject\",\"inLanguage\":\"ca\",\"@id\":\"https:\\\/\\\/mademoisellecoline.com\\\/ca\\\/producte\\\/anell-la-douceur-rose\\\/#primaryimage\",\"url\":\"https:\\\/\\\/mademoisellecoline.com\\\/wp-content\\\/uploads\\\/2021\\\/10\\\/bijoux-durable-ethique-paris-barcelone-artisanaux-mademoiselle-coline-1.jpg\",\"contentUrl\":\"https:\\\/\\\/mademoisellecoline.com\\\/wp-content\\\/uploads\\\/2021\\\/10\\\/bijoux-durable-ethique-paris-barcelone-artisanaux-mademoiselle-coline-1.jpg\",\"width\":1500,\"height\":1500,\"caption\":\"Anell tipus segell de plata amb detall antic calat i turmalines roses\"},{\"@type\":\"BreadcrumbList\",\"@id\":\"https:\\\/\\\/mademoisellecoline.com\\\/ca\\\/producte\\\/anell-la-douceur-rose\\\/#breadcrumb\",\"itemListElement\":[{\"@type\":\"ListItem\",\"position\":1,\"name\":\"Portada\",\"item\":\"https:\\\/\\\/mademoisellecoline.com\\\/ca\\\/\"},{\"@type\":\"ListItem\",\"position\":2,\"name\":\"Joieria artesanal\",\"item\":\"https:\\\/\\\/mademoisellecoline.com\\\/ca\\\/shop-joyeria-artesanal\\\/\"},{\"@type\":\"ListItem\",\"position\":3,\"name\":\"Anell &#8216;La Douceur Rose&#8217;\"}]},{\"@type\":\"WebSite\",\"@id\":\"https:\\\/\\\/mademoisellecoline.com\\\/en\\\/#website\",\"url\":\"https:\\\/\\\/mademoisellecoline.com\\\/en\\\/\",\"name\":\"Mademoiselle Coline\",\"description\":\"Creaciones de joyer\u00eda on\u00edricas para almas so\u00f1adoras\",\"publisher\":{\"@id\":\"https:\\\/\\\/mademoisellecoline.com\\\/en\\\/#\\\/schema\\\/person\\\/a87a3358725ddb0d57e86600da53e416\"},\"potentialAction\":[{\"@type\":\"SearchAction\",\"target\":{\"@type\":\"EntryPoint\",\"urlTemplate\":\"https:\\\/\\\/mademoisellecoline.com\\\/en\\\/?s={search_term_string}\"},\"query-input\":{\"@type\":\"PropertyValueSpecification\",\"valueRequired\":true,\"valueName\":\"search_term_string\"}}],\"inLanguage\":\"ca\"},{\"@type\":[\"Person\",\"Organization\"],\"@id\":\"https:\\\/\\\/mademoisellecoline.com\\\/en\\\/#\\\/schema\\\/person\\\/a87a3358725ddb0d57e86600da53e416\",\"name\":\"Mademoiselle Coline\",\"image\":{\"@type\":\"ImageObject\",\"inLanguage\":\"ca\",\"@id\":\"https:\\\/\\\/mademoisellecoline.com\\\/wp-content\\\/uploads\\\/2024\\\/01\\\/ColineNeg.jpg\",\"url\":\"https:\\\/\\\/mademoisellecoline.com\\\/wp-content\\\/uploads\\\/2024\\\/01\\\/ColineNeg.jpg\",\"contentUrl\":\"https:\\\/\\\/mademoisellecoline.com\\\/wp-content\\\/uploads\\\/2024\\\/01\\\/ColineNeg.jpg\",\"width\":584,\"height\":349,\"caption\":\"Mademoiselle Coline\"},\"logo\":{\"@id\":\"https:\\\/\\\/mademoisellecoline.com\\\/wp-content\\\/uploads\\\/2024\\\/01\\\/ColineNeg.jpg\"},\"sameAs\":[\"https:\\\/\\\/www.facebook.com\\\/mademoisellecoline\",\"https:\\\/\\\/www.instagram.com\\\/mademoiselle_coline\\\/\"]}]}<\/script>\n<!-- \/ Yoast SEO plugin. -->","yoast_head_json":{"title":"Anell 'La Douceur Rose' | Mademoiselle Coline | Barcelona & Par\u00eds","description":"Anell 'La Douceur Rose'. Cada joya, una a una, est\u00e1 hecha a mano de manera artesanal con metales reciclados en el taller de joyer\u00eda en Barcelona.","robots":{"index":"index","follow":"follow","max-snippet":"max-snippet:-1","max-image-preview":"max-image-preview:large","max-video-preview":"max-video-preview:-1"},"canonical":"https:\/\/mademoisellecoline.com\/ca\/producte\/anell-la-douceur-rose\/","og_locale":"ca_ES","og_type":"article","og_title":"Anell 'La Douceur Rose' | Mademoiselle Coline | Barcelona & Par\u00eds","og_description":"Anell 'La Douceur Rose'. Cada joya, una a una, est\u00e1 hecha a mano de manera artesanal con metales reciclados en el taller de joyer\u00eda en Barcelona.","og_url":"https:\/\/mademoisellecoline.com\/ca\/producte\/anell-la-douceur-rose\/","og_site_name":"Mademoiselle Coline","article_publisher":"https:\/\/www.facebook.com\/mademoisellecoline","article_modified_time":"2025-01-18T13:58:38+00:00","og_image":[{"width":1500,"height":1500,"url":"https:\/\/mademoisellecoline.com\/wp-content\/uploads\/2021\/10\/bijoux-durable-ethique-paris-barcelone-artisanaux-mademoiselle-coline-1.jpg","type":"image\/jpeg"}],"twitter_card":"summary_large_image","schema":{"@context":"https:\/\/schema.org","@graph":[{"@type":"WebPage","@id":"https:\/\/mademoisellecoline.com\/ca\/producte\/anell-la-douceur-rose\/","url":"https:\/\/mademoisellecoline.com\/ca\/producte\/anell-la-douceur-rose\/","name":"Anell 'La Douceur Rose' | Mademoiselle Coline | Barcelona & Par\u00eds","isPartOf":{"@id":"https:\/\/mademoisellecoline.com\/en\/#website"},"primaryImageOfPage":{"@id":"https:\/\/mademoisellecoline.com\/ca\/producte\/anell-la-douceur-rose\/#primaryimage"},"image":{"@id":"https:\/\/mademoisellecoline.com\/ca\/producte\/anell-la-douceur-rose\/#primaryimage"},"thumbnailUrl":"https:\/\/mademoisellecoline.com\/wp-content\/uploads\/2021\/10\/bijoux-durable-ethique-paris-barcelone-artisanaux-mademoiselle-coline-1.jpg","datePublished":"2021-10-21T13:56:13+00:00","dateModified":"2025-01-18T13:58:38+00:00","description":"Anell 'La Douceur Rose'. Cada joya, una a una, est\u00e1 hecha a mano de manera artesanal con metales reciclados en el taller de joyer\u00eda en Barcelona.","breadcrumb":{"@id":"https:\/\/mademoisellecoline.com\/ca\/producte\/anell-la-douceur-rose\/#breadcrumb"},"inLanguage":"ca","potentialAction":[{"@type":"ReadAction","target":["https:\/\/mademoisellecoline.com\/ca\/producte\/anell-la-douceur-rose\/"]}]},{"@type":"ImageObject","inLanguage":"ca","@id":"https:\/\/mademoisellecoline.com\/ca\/producte\/anell-la-douceur-rose\/#primaryimage","url":"https:\/\/mademoisellecoline.com\/wp-content\/uploads\/2021\/10\/bijoux-durable-ethique-paris-barcelone-artisanaux-mademoiselle-coline-1.jpg","contentUrl":"https:\/\/mademoisellecoline.com\/wp-content\/uploads\/2021\/10\/bijoux-durable-ethique-paris-barcelone-artisanaux-mademoiselle-coline-1.jpg","width":1500,"height":1500,"caption":"Anell tipus segell de plata amb detall antic calat i turmalines roses"},{"@type":"BreadcrumbList","@id":"https:\/\/mademoisellecoline.com\/ca\/producte\/anell-la-douceur-rose\/#breadcrumb","itemListElement":[{"@type":"ListItem","position":1,"name":"Portada","item":"https:\/\/mademoisellecoline.com\/ca\/"},{"@type":"ListItem","position":2,"name":"Joieria artesanal","item":"https:\/\/mademoisellecoline.com\/ca\/shop-joyeria-artesanal\/"},{"@type":"ListItem","position":3,"name":"Anell &#8216;La Douceur Rose&#8217;"}]},{"@type":"WebSite","@id":"https:\/\/mademoisellecoline.com\/en\/#website","url":"https:\/\/mademoisellecoline.com\/en\/","name":"Mademoiselle Coline","description":"Creaciones de joyer\u00eda on\u00edricas para almas so\u00f1adoras","publisher":{"@id":"https:\/\/mademoisellecoline.com\/en\/#\/schema\/person\/a87a3358725ddb0d57e86600da53e416"},"potentialAction":[{"@type":"SearchAction","target":{"@type":"EntryPoint","urlTemplate":"https:\/\/mademoisellecoline.com\/en\/?s={search_term_string}"},"query-input":{"@type":"PropertyValueSpecification","valueRequired":true,"valueName":"search_term_string"}}],"inLanguage":"ca"},{"@type":["Person","Organization"],"@id":"https:\/\/mademoisellecoline.com\/en\/#\/schema\/person\/a87a3358725ddb0d57e86600da53e416","name":"Mademoiselle Coline","image":{"@type":"ImageObject","inLanguage":"ca","@id":"https:\/\/mademoisellecoline.com\/wp-content\/uploads\/2024\/01\/ColineNeg.jpg","url":"https:\/\/mademoisellecoline.com\/wp-content\/uploads\/2024\/01\/ColineNeg.jpg","contentUrl":"https:\/\/mademoisellecoline.com\/wp-content\/uploads\/2024\/01\/ColineNeg.jpg","width":584,"height":349,"caption":"Mademoiselle Coline"},"logo":{"@id":"https:\/\/mademoisellecoline.com\/wp-content\/uploads\/2024\/01\/ColineNeg.jpg"},"sameAs":["https:\/\/www.facebook.com\/mademoisellecoline","https:\/\/www.instagram.com\/mademoiselle_coline\/"]}]}},"_links":{"self":[{"href":"https:\/\/mademoisellecoline.com\/ca\/wp-json\/wp\/v2\/product\/22947","targetHints":{"allow":["GET"]}}],"collection":[{"href":"https:\/\/mademoisellecoline.com\/ca\/wp-json\/wp\/v2\/product"}],"about":[{"href":"https:\/\/mademoisellecoline.com\/ca\/wp-json\/wp\/v2\/types\/product"}],"wp:featuredmedia":[{"embeddable":true,"href":"https:\/\/mademoisellecoline.com\/ca\/wp-json\/wp\/v2\/media\/23183"}],"wp:attachment":[{"href":"https:\/\/mademoisellecoline.com\/ca\/wp-json\/wp\/v2\/media?parent=22947"}],"wp:term":[{"taxonomy":"product_brand","embeddable":true,"href":"https:\/\/mademoisellecoline.com\/ca\/wp-json\/wp\/v2\/product_brand?post=22947"},{"taxonomy":"product_cat","embeddable":true,"href":"https:\/\/mademoisellecoline.com\/ca\/wp-json\/wp\/v2\/product_cat?post=22947"},{"taxonomy":"product_tag","embeddable":true,"href":"https:\/\/mademoisellecoline.com\/ca\/wp-json\/wp\/v2\/product_tag?post=22947"}],"curies":[{"name":"wp","href":"https:\/\/api.w.org\/{rel}","templated":true}]}}