{"id":24234,"date":"2022-09-21T07:33:26","date_gmt":"2022-09-21T07:33:26","guid":{"rendered":"https:\/\/mademoisellecoline.com\/?post_type=product&#038;p=24234"},"modified":"2025-07-14T14:46:42","modified_gmt":"2025-07-14T14:46:42","slug":"anell-lucile","status":"publish","type":"product","link":"https:\/\/mademoisellecoline.com\/ca\/producte\/anell-lucile\/","title":{"rendered":"Anell Lucile"},"content":{"rendered":"","protected":false},"excerpt":{"rendered":"<p>Anell fet a m\u00e0 de la <strong>Col\u00b7lecci\u00f3 Soupir<\/strong> que ens sospira anhels de temps passats. D&#8217;una creaci\u00f3 artesanal realitzada a partir d&#8217;un detall antic neix <strong>Lucile<\/strong>, un delicat anell que emana lluminositat<\/p>\n<p><strong>Descripci\u00f3 pe\u00e7a:<\/strong><br \/>\nPe\u00e7a feta a m\u00e0<br \/>\nMetalls reciclats ecol\u00f2gics procedents de la Uni\u00f3 Europea<br \/>\nDimensions: Fil 2 mm. Corona 5 mm<br \/>\nPes anell a Or 18k 3 grs<br \/>\nAcabat vintage brillant<br \/>\n<strong>Pedra encastada a escollir<\/strong><\/p>\n<p>Consulta <a href=\"mailto: contact@mademoisellecoline.com\"><strong>disponibilitat<\/strong><\/a><\/p>\n","protected":false},"featured_media":25908,"template":"","meta":{"_joinchat":[]},"product_brand":[],"product_cat":[2753],"product_tag":[2314,3023,3191,3201,2884,2872],"class_list":{"0":"post-24234","1":"product","2":"type-product","3":"status-publish","4":"has-post-thumbnail","6":"product_cat-colleccio-soupir","7":"product_tag-anells-artesanals","8":"product_tag-anells-fets-a-ma","9":"product_tag-joies-artesanals","10":"product_tag-joies-fetes-a-ma","11":"product_tag-joies-or-18-quilats","12":"product_tag-plata-xapada-or-24k","14":"first","15":"instock","16":"sold-individually","17":"taxable","18":"shipping-taxable","19":"purchasable","20":"product-type-variable"},"yoast_head":"<!-- This site is optimized with the Yoast SEO plugin v27.4 - https:\/\/yoast.com\/product\/yoast-seo-wordpress\/ -->\n<title>Anell Lucile | Mademoiselle Coline | Barcelona &amp; Par\u00eds<\/title>\n<meta name=\"description\" content=\"Anell Lucile. Cada joya, una a una, est\u00e1 hecha a mano de manera artesanal con metales reciclados en el taller de joyer\u00eda en Barcelona.\" \/>\n<meta name=\"robots\" content=\"index, follow, max-snippet:-1, max-image-preview:large, max-video-preview:-1\" \/>\n<link rel=\"canonical\" href=\"https:\/\/mademoisellecoline.com\/ca\/producte\/anell-lucile\/\" \/>\n<meta property=\"og:locale\" content=\"ca_ES\" \/>\n<meta property=\"og:type\" content=\"article\" \/>\n<meta property=\"og:title\" content=\"Anell Lucile | Mademoiselle Coline | Barcelona &amp; Par\u00eds\" \/>\n<meta property=\"og:description\" content=\"Anell Lucile. Cada joya, una a una, est\u00e1 hecha a mano de manera artesanal con metales reciclados en el taller de joyer\u00eda en Barcelona.\" \/>\n<meta property=\"og:url\" content=\"https:\/\/mademoisellecoline.com\/ca\/producte\/anell-lucile\/\" \/>\n<meta property=\"og:site_name\" content=\"Mademoiselle Coline\" \/>\n<meta property=\"article:publisher\" content=\"https:\/\/www.facebook.com\/mademoisellecoline\" \/>\n<meta property=\"article:modified_time\" content=\"2025-07-14T14:46:42+00:00\" \/>\n<meta property=\"og:image\" content=\"https:\/\/mademoisellecoline.com\/wp-content\/uploads\/2022\/09\/artisan-bijoux-durable-ethique-mademoiselle-coline.jpg\" \/>\n\t<meta property=\"og:image:width\" content=\"1500\" \/>\n\t<meta property=\"og:image:height\" content=\"1500\" \/>\n\t<meta property=\"og:image:type\" content=\"image\/jpeg\" \/>\n<meta name=\"twitter:card\" content=\"summary_large_image\" \/>\n<script type=\"application\/ld+json\" class=\"yoast-schema-graph\">{\"@context\":\"https:\\\/\\\/schema.org\",\"@graph\":[{\"@type\":\"WebPage\",\"@id\":\"https:\\\/\\\/mademoisellecoline.com\\\/ca\\\/producte\\\/anell-lucile\\\/\",\"url\":\"https:\\\/\\\/mademoisellecoline.com\\\/ca\\\/producte\\\/anell-lucile\\\/\",\"name\":\"Anell Lucile | Mademoiselle Coline | Barcelona & Par\u00eds\",\"isPartOf\":{\"@id\":\"https:\\\/\\\/mademoisellecoline.com\\\/en\\\/#website\"},\"primaryImageOfPage\":{\"@id\":\"https:\\\/\\\/mademoisellecoline.com\\\/ca\\\/producte\\\/anell-lucile\\\/#primaryimage\"},\"image\":{\"@id\":\"https:\\\/\\\/mademoisellecoline.com\\\/ca\\\/producte\\\/anell-lucile\\\/#primaryimage\"},\"thumbnailUrl\":\"https:\\\/\\\/mademoisellecoline.com\\\/wp-content\\\/uploads\\\/2022\\\/09\\\/artisan-bijoux-durable-ethique-mademoiselle-coline.jpg\",\"datePublished\":\"2022-09-21T07:33:26+00:00\",\"dateModified\":\"2025-07-14T14:46:42+00:00\",\"description\":\"Anell Lucile. Cada joya, una a una, est\u00e1 hecha a mano de manera artesanal con metales reciclados en el taller de joyer\u00eda en Barcelona.\",\"breadcrumb\":{\"@id\":\"https:\\\/\\\/mademoisellecoline.com\\\/ca\\\/producte\\\/anell-lucile\\\/#breadcrumb\"},\"inLanguage\":\"ca\",\"potentialAction\":[{\"@type\":\"ReadAction\",\"target\":[\"https:\\\/\\\/mademoisellecoline.com\\\/ca\\\/producte\\\/anell-lucile\\\/\"]}]},{\"@type\":\"ImageObject\",\"inLanguage\":\"ca\",\"@id\":\"https:\\\/\\\/mademoisellecoline.com\\\/ca\\\/producte\\\/anell-lucile\\\/#primaryimage\",\"url\":\"https:\\\/\\\/mademoisellecoline.com\\\/wp-content\\\/uploads\\\/2022\\\/09\\\/artisan-bijoux-durable-ethique-mademoiselle-coline.jpg\",\"contentUrl\":\"https:\\\/\\\/mademoisellecoline.com\\\/wp-content\\\/uploads\\\/2022\\\/09\\\/artisan-bijoux-durable-ethique-mademoiselle-coline.jpg\",\"width\":1500,\"height\":1500,\"caption\":\"Anell d\u2019or amb disseny delicat d\u2019inspiraci\u00f3 antiga i aiguamarina encastada\"},{\"@type\":\"BreadcrumbList\",\"@id\":\"https:\\\/\\\/mademoisellecoline.com\\\/ca\\\/producte\\\/anell-lucile\\\/#breadcrumb\",\"itemListElement\":[{\"@type\":\"ListItem\",\"position\":1,\"name\":\"Portada\",\"item\":\"https:\\\/\\\/mademoisellecoline.com\\\/ca\\\/\"},{\"@type\":\"ListItem\",\"position\":2,\"name\":\"Joieria artesanal\",\"item\":\"https:\\\/\\\/mademoisellecoline.com\\\/ca\\\/shop-joyeria-artesanal\\\/\"},{\"@type\":\"ListItem\",\"position\":3,\"name\":\"Anell Lucile\"}]},{\"@type\":\"WebSite\",\"@id\":\"https:\\\/\\\/mademoisellecoline.com\\\/en\\\/#website\",\"url\":\"https:\\\/\\\/mademoisellecoline.com\\\/en\\\/\",\"name\":\"Mademoiselle Coline\",\"description\":\"Creaciones de joyer\u00eda on\u00edricas para almas so\u00f1adoras\",\"publisher\":{\"@id\":\"https:\\\/\\\/mademoisellecoline.com\\\/en\\\/#\\\/schema\\\/person\\\/a87a3358725ddb0d57e86600da53e416\"},\"potentialAction\":[{\"@type\":\"SearchAction\",\"target\":{\"@type\":\"EntryPoint\",\"urlTemplate\":\"https:\\\/\\\/mademoisellecoline.com\\\/en\\\/?s={search_term_string}\"},\"query-input\":{\"@type\":\"PropertyValueSpecification\",\"valueRequired\":true,\"valueName\":\"search_term_string\"}}],\"inLanguage\":\"ca\"},{\"@type\":[\"Person\",\"Organization\"],\"@id\":\"https:\\\/\\\/mademoisellecoline.com\\\/en\\\/#\\\/schema\\\/person\\\/a87a3358725ddb0d57e86600da53e416\",\"name\":\"Mademoiselle Coline\",\"image\":{\"@type\":\"ImageObject\",\"inLanguage\":\"ca\",\"@id\":\"https:\\\/\\\/mademoisellecoline.com\\\/wp-content\\\/uploads\\\/2024\\\/01\\\/ColineNeg.jpg\",\"url\":\"https:\\\/\\\/mademoisellecoline.com\\\/wp-content\\\/uploads\\\/2024\\\/01\\\/ColineNeg.jpg\",\"contentUrl\":\"https:\\\/\\\/mademoisellecoline.com\\\/wp-content\\\/uploads\\\/2024\\\/01\\\/ColineNeg.jpg\",\"width\":584,\"height\":349,\"caption\":\"Mademoiselle Coline\"},\"logo\":{\"@id\":\"https:\\\/\\\/mademoisellecoline.com\\\/wp-content\\\/uploads\\\/2024\\\/01\\\/ColineNeg.jpg\"},\"sameAs\":[\"https:\\\/\\\/www.facebook.com\\\/mademoisellecoline\",\"https:\\\/\\\/www.instagram.com\\\/mademoiselle_coline\\\/\"]}]}<\/script>\n<!-- \/ Yoast SEO plugin. -->","yoast_head_json":{"title":"Anell Lucile | Mademoiselle Coline | Barcelona & Par\u00eds","description":"Anell Lucile. Cada joya, una a una, est\u00e1 hecha a mano de manera artesanal con metales reciclados en el taller de joyer\u00eda en Barcelona.","robots":{"index":"index","follow":"follow","max-snippet":"max-snippet:-1","max-image-preview":"max-image-preview:large","max-video-preview":"max-video-preview:-1"},"canonical":"https:\/\/mademoisellecoline.com\/ca\/producte\/anell-lucile\/","og_locale":"ca_ES","og_type":"article","og_title":"Anell Lucile | Mademoiselle Coline | Barcelona & Par\u00eds","og_description":"Anell Lucile. Cada joya, una a una, est\u00e1 hecha a mano de manera artesanal con metales reciclados en el taller de joyer\u00eda en Barcelona.","og_url":"https:\/\/mademoisellecoline.com\/ca\/producte\/anell-lucile\/","og_site_name":"Mademoiselle Coline","article_publisher":"https:\/\/www.facebook.com\/mademoisellecoline","article_modified_time":"2025-07-14T14:46:42+00:00","og_image":[{"width":1500,"height":1500,"url":"https:\/\/mademoisellecoline.com\/wp-content\/uploads\/2022\/09\/artisan-bijoux-durable-ethique-mademoiselle-coline.jpg","type":"image\/jpeg"}],"twitter_card":"summary_large_image","schema":{"@context":"https:\/\/schema.org","@graph":[{"@type":"WebPage","@id":"https:\/\/mademoisellecoline.com\/ca\/producte\/anell-lucile\/","url":"https:\/\/mademoisellecoline.com\/ca\/producte\/anell-lucile\/","name":"Anell Lucile | Mademoiselle Coline | Barcelona & Par\u00eds","isPartOf":{"@id":"https:\/\/mademoisellecoline.com\/en\/#website"},"primaryImageOfPage":{"@id":"https:\/\/mademoisellecoline.com\/ca\/producte\/anell-lucile\/#primaryimage"},"image":{"@id":"https:\/\/mademoisellecoline.com\/ca\/producte\/anell-lucile\/#primaryimage"},"thumbnailUrl":"https:\/\/mademoisellecoline.com\/wp-content\/uploads\/2022\/09\/artisan-bijoux-durable-ethique-mademoiselle-coline.jpg","datePublished":"2022-09-21T07:33:26+00:00","dateModified":"2025-07-14T14:46:42+00:00","description":"Anell Lucile. Cada joya, una a una, est\u00e1 hecha a mano de manera artesanal con metales reciclados en el taller de joyer\u00eda en Barcelona.","breadcrumb":{"@id":"https:\/\/mademoisellecoline.com\/ca\/producte\/anell-lucile\/#breadcrumb"},"inLanguage":"ca","potentialAction":[{"@type":"ReadAction","target":["https:\/\/mademoisellecoline.com\/ca\/producte\/anell-lucile\/"]}]},{"@type":"ImageObject","inLanguage":"ca","@id":"https:\/\/mademoisellecoline.com\/ca\/producte\/anell-lucile\/#primaryimage","url":"https:\/\/mademoisellecoline.com\/wp-content\/uploads\/2022\/09\/artisan-bijoux-durable-ethique-mademoiselle-coline.jpg","contentUrl":"https:\/\/mademoisellecoline.com\/wp-content\/uploads\/2022\/09\/artisan-bijoux-durable-ethique-mademoiselle-coline.jpg","width":1500,"height":1500,"caption":"Anell d\u2019or amb disseny delicat d\u2019inspiraci\u00f3 antiga i aiguamarina encastada"},{"@type":"BreadcrumbList","@id":"https:\/\/mademoisellecoline.com\/ca\/producte\/anell-lucile\/#breadcrumb","itemListElement":[{"@type":"ListItem","position":1,"name":"Portada","item":"https:\/\/mademoisellecoline.com\/ca\/"},{"@type":"ListItem","position":2,"name":"Joieria artesanal","item":"https:\/\/mademoisellecoline.com\/ca\/shop-joyeria-artesanal\/"},{"@type":"ListItem","position":3,"name":"Anell Lucile"}]},{"@type":"WebSite","@id":"https:\/\/mademoisellecoline.com\/en\/#website","url":"https:\/\/mademoisellecoline.com\/en\/","name":"Mademoiselle Coline","description":"Creaciones de joyer\u00eda on\u00edricas para almas so\u00f1adoras","publisher":{"@id":"https:\/\/mademoisellecoline.com\/en\/#\/schema\/person\/a87a3358725ddb0d57e86600da53e416"},"potentialAction":[{"@type":"SearchAction","target":{"@type":"EntryPoint","urlTemplate":"https:\/\/mademoisellecoline.com\/en\/?s={search_term_string}"},"query-input":{"@type":"PropertyValueSpecification","valueRequired":true,"valueName":"search_term_string"}}],"inLanguage":"ca"},{"@type":["Person","Organization"],"@id":"https:\/\/mademoisellecoline.com\/en\/#\/schema\/person\/a87a3358725ddb0d57e86600da53e416","name":"Mademoiselle Coline","image":{"@type":"ImageObject","inLanguage":"ca","@id":"https:\/\/mademoisellecoline.com\/wp-content\/uploads\/2024\/01\/ColineNeg.jpg","url":"https:\/\/mademoisellecoline.com\/wp-content\/uploads\/2024\/01\/ColineNeg.jpg","contentUrl":"https:\/\/mademoisellecoline.com\/wp-content\/uploads\/2024\/01\/ColineNeg.jpg","width":584,"height":349,"caption":"Mademoiselle Coline"},"logo":{"@id":"https:\/\/mademoisellecoline.com\/wp-content\/uploads\/2024\/01\/ColineNeg.jpg"},"sameAs":["https:\/\/www.facebook.com\/mademoisellecoline","https:\/\/www.instagram.com\/mademoiselle_coline\/"]}]}},"_links":{"self":[{"href":"https:\/\/mademoisellecoline.com\/ca\/wp-json\/wp\/v2\/product\/24234","targetHints":{"allow":["GET"]}}],"collection":[{"href":"https:\/\/mademoisellecoline.com\/ca\/wp-json\/wp\/v2\/product"}],"about":[{"href":"https:\/\/mademoisellecoline.com\/ca\/wp-json\/wp\/v2\/types\/product"}],"wp:featuredmedia":[{"embeddable":true,"href":"https:\/\/mademoisellecoline.com\/ca\/wp-json\/wp\/v2\/media\/25908"}],"wp:attachment":[{"href":"https:\/\/mademoisellecoline.com\/ca\/wp-json\/wp\/v2\/media?parent=24234"}],"wp:term":[{"taxonomy":"product_brand","embeddable":true,"href":"https:\/\/mademoisellecoline.com\/ca\/wp-json\/wp\/v2\/product_brand?post=24234"},{"taxonomy":"product_cat","embeddable":true,"href":"https:\/\/mademoisellecoline.com\/ca\/wp-json\/wp\/v2\/product_cat?post=24234"},{"taxonomy":"product_tag","embeddable":true,"href":"https:\/\/mademoisellecoline.com\/ca\/wp-json\/wp\/v2\/product_tag?post=24234"}],"curies":[{"name":"wp","href":"https:\/\/api.w.org\/{rel}","templated":true}]}}