{"id":26382,"date":"2023-03-08T10:32:54","date_gmt":"2023-03-08T10:32:54","guid":{"rendered":"https:\/\/mademoisellecoline.com\/?post_type=product&#038;p=26382"},"modified":"2025-06-05T13:50:16","modified_gmt":"2025-06-05T13:50:16","slug":"collar-etre-pure","status":"publish","type":"product","link":"https:\/\/mademoisellecoline.com\/ca\/producte\/collar-etre-pure\/","title":{"rendered":"Collar \u00catre Pure"},"content":{"rendered":"","protected":false},"excerpt":{"rendered":"<p>Combinaci\u00f3 de dos penjolls de la <strong>Col\u00b7lecci\u00f3 Au Fil du Temps<\/strong>. Una al\u00b7legoria al temps transcorregut i a la necessitat de tornar a comen\u00e7ar. Pots personalitzar la teva opci\u00f3 jugant entre els dos penjolls i pedres encastades<\/p>\n<p><strong>Descripci\u00f3 pe\u00e7a:<\/strong><br \/>\nPe\u00e7a feta a m\u00e0<br \/>\nMetalls reciclats ecol\u00f2gics procedents de la Uni\u00f3 Europea<br \/>\nPes en Or 18k 4 grs<br \/>\nAcabat brillant<br \/>\n<strong>Escull la combinaci\u00f3<\/strong><\/p>\n<p>Consulta <a href=\"mailto: contact@mademoisellecoline.com\"><strong>disponibilitat<\/strong><\/a><\/p>\n","protected":false},"featured_media":27585,"template":"","meta":{"_joinchat":[]},"product_brand":[],"product_cat":[2835],"product_tag":[2547,3025,3191,3201,2884,2872],"class_list":{"0":"post-26382","1":"product","2":"type-product","3":"status-publish","4":"has-post-thumbnail","6":"product_cat-colleccio-au-fil-du-temps","7":"product_tag-collars-fets-a-ma","8":"product_tag-collars-artesanals","9":"product_tag-joies-artesanals","10":"product_tag-joies-fetes-a-ma","11":"product_tag-joies-or-18-quilats","12":"product_tag-plata-xapada-or-24k","14":"first","15":"instock","16":"sold-individually","17":"taxable","18":"shipping-taxable","19":"purchasable","20":"product-type-variable"},"yoast_head":"<!-- This site is optimized with the Yoast SEO plugin v27.4 - https:\/\/yoast.com\/product\/yoast-seo-wordpress\/ -->\n<title>Collar \u00catre Pure | Mademoiselle Coline | Barcelona &amp; Par\u00eds<\/title>\n<meta name=\"description\" content=\"Collar \u00catre Pure. Cada joya, una a una, est\u00e1 hecha a mano de manera artesanal con metales reciclados en el taller de joyer\u00eda en Barcelona.\" \/>\n<meta name=\"robots\" content=\"index, follow, max-snippet:-1, max-image-preview:large, max-video-preview:-1\" \/>\n<link rel=\"canonical\" href=\"https:\/\/mademoisellecoline.com\/ca\/producte\/collar-etre-pure\/\" \/>\n<meta property=\"og:locale\" content=\"ca_ES\" \/>\n<meta property=\"og:type\" content=\"article\" \/>\n<meta property=\"og:title\" content=\"Collar \u00catre Pure | Mademoiselle Coline | Barcelona &amp; Par\u00eds\" \/>\n<meta property=\"og:description\" content=\"Collar \u00catre Pure. Cada joya, una a una, est\u00e1 hecha a mano de manera artesanal con metales reciclados en el taller de joyer\u00eda en Barcelona.\" \/>\n<meta property=\"og:url\" content=\"https:\/\/mademoisellecoline.com\/ca\/producte\/collar-etre-pure\/\" \/>\n<meta property=\"og:site_name\" content=\"Mademoiselle Coline\" \/>\n<meta property=\"article:publisher\" content=\"https:\/\/www.facebook.com\/mademoisellecoline\" \/>\n<meta property=\"article:modified_time\" content=\"2025-06-05T13:50:16+00:00\" \/>\n<meta property=\"og:image\" content=\"https:\/\/mademoisellecoline.com\/wp-content\/uploads\/2023\/03\/collar-oro-reciclado-mademoiselle-coline-collar-esmeralda-turmalina.jpg\" \/>\n\t<meta property=\"og:image:width\" content=\"1500\" \/>\n\t<meta property=\"og:image:height\" content=\"1500\" \/>\n\t<meta property=\"og:image:type\" content=\"image\/jpeg\" \/>\n<meta name=\"twitter:card\" content=\"summary_large_image\" \/>\n<script type=\"application\/ld+json\" class=\"yoast-schema-graph\">{\"@context\":\"https:\\\/\\\/schema.org\",\"@graph\":[{\"@type\":\"WebPage\",\"@id\":\"https:\\\/\\\/mademoisellecoline.com\\\/ca\\\/producte\\\/collar-etre-pure\\\/\",\"url\":\"https:\\\/\\\/mademoisellecoline.com\\\/ca\\\/producte\\\/collar-etre-pure\\\/\",\"name\":\"Collar \u00catre Pure | Mademoiselle Coline | Barcelona & Par\u00eds\",\"isPartOf\":{\"@id\":\"https:\\\/\\\/mademoisellecoline.com\\\/en\\\/#website\"},\"primaryImageOfPage\":{\"@id\":\"https:\\\/\\\/mademoisellecoline.com\\\/ca\\\/producte\\\/collar-etre-pure\\\/#primaryimage\"},\"image\":{\"@id\":\"https:\\\/\\\/mademoisellecoline.com\\\/ca\\\/producte\\\/collar-etre-pure\\\/#primaryimage\"},\"thumbnailUrl\":\"https:\\\/\\\/mademoisellecoline.com\\\/wp-content\\\/uploads\\\/2023\\\/03\\\/collar-oro-reciclado-mademoiselle-coline-collar-esmeralda-turmalina.jpg\",\"datePublished\":\"2023-03-08T10:32:54+00:00\",\"dateModified\":\"2025-06-05T13:50:16+00:00\",\"description\":\"Collar \u00catre Pure. Cada joya, una a una, est\u00e1 hecha a mano de manera artesanal con metales reciclados en el taller de joyer\u00eda en Barcelona.\",\"breadcrumb\":{\"@id\":\"https:\\\/\\\/mademoisellecoline.com\\\/ca\\\/producte\\\/collar-etre-pure\\\/#breadcrumb\"},\"inLanguage\":\"ca\",\"potentialAction\":[{\"@type\":\"ReadAction\",\"target\":[\"https:\\\/\\\/mademoisellecoline.com\\\/ca\\\/producte\\\/collar-etre-pure\\\/\"]}]},{\"@type\":\"ImageObject\",\"inLanguage\":\"ca\",\"@id\":\"https:\\\/\\\/mademoisellecoline.com\\\/ca\\\/producte\\\/collar-etre-pure\\\/#primaryimage\",\"url\":\"https:\\\/\\\/mademoisellecoline.com\\\/wp-content\\\/uploads\\\/2023\\\/03\\\/collar-oro-reciclado-mademoiselle-coline-collar-esmeralda-turmalina.jpg\",\"contentUrl\":\"https:\\\/\\\/mademoisellecoline.com\\\/wp-content\\\/uploads\\\/2023\\\/03\\\/collar-oro-reciclado-mademoiselle-coline-collar-esmeralda-turmalina.jpg\",\"width\":1500,\"height\":1500,\"caption\":\"Collaret d\u2019or amb penjolls org\u00e0nics, maragda verda i turmalina rosa\"},{\"@type\":\"BreadcrumbList\",\"@id\":\"https:\\\/\\\/mademoisellecoline.com\\\/ca\\\/producte\\\/collar-etre-pure\\\/#breadcrumb\",\"itemListElement\":[{\"@type\":\"ListItem\",\"position\":1,\"name\":\"Portada\",\"item\":\"https:\\\/\\\/mademoisellecoline.com\\\/ca\\\/\"},{\"@type\":\"ListItem\",\"position\":2,\"name\":\"Joieria artesanal\",\"item\":\"https:\\\/\\\/mademoisellecoline.com\\\/ca\\\/shop-joyeria-artesanal\\\/\"},{\"@type\":\"ListItem\",\"position\":3,\"name\":\"Collar \u00catre Pure\"}]},{\"@type\":\"WebSite\",\"@id\":\"https:\\\/\\\/mademoisellecoline.com\\\/en\\\/#website\",\"url\":\"https:\\\/\\\/mademoisellecoline.com\\\/en\\\/\",\"name\":\"Mademoiselle Coline\",\"description\":\"Creaciones de joyer\u00eda on\u00edricas para almas so\u00f1adoras\",\"publisher\":{\"@id\":\"https:\\\/\\\/mademoisellecoline.com\\\/en\\\/#\\\/schema\\\/person\\\/a87a3358725ddb0d57e86600da53e416\"},\"potentialAction\":[{\"@type\":\"SearchAction\",\"target\":{\"@type\":\"EntryPoint\",\"urlTemplate\":\"https:\\\/\\\/mademoisellecoline.com\\\/en\\\/?s={search_term_string}\"},\"query-input\":{\"@type\":\"PropertyValueSpecification\",\"valueRequired\":true,\"valueName\":\"search_term_string\"}}],\"inLanguage\":\"ca\"},{\"@type\":[\"Person\",\"Organization\"],\"@id\":\"https:\\\/\\\/mademoisellecoline.com\\\/en\\\/#\\\/schema\\\/person\\\/a87a3358725ddb0d57e86600da53e416\",\"name\":\"Mademoiselle Coline\",\"image\":{\"@type\":\"ImageObject\",\"inLanguage\":\"ca\",\"@id\":\"https:\\\/\\\/mademoisellecoline.com\\\/wp-content\\\/uploads\\\/2024\\\/01\\\/ColineNeg.jpg\",\"url\":\"https:\\\/\\\/mademoisellecoline.com\\\/wp-content\\\/uploads\\\/2024\\\/01\\\/ColineNeg.jpg\",\"contentUrl\":\"https:\\\/\\\/mademoisellecoline.com\\\/wp-content\\\/uploads\\\/2024\\\/01\\\/ColineNeg.jpg\",\"width\":584,\"height\":349,\"caption\":\"Mademoiselle Coline\"},\"logo\":{\"@id\":\"https:\\\/\\\/mademoisellecoline.com\\\/wp-content\\\/uploads\\\/2024\\\/01\\\/ColineNeg.jpg\"},\"sameAs\":[\"https:\\\/\\\/www.facebook.com\\\/mademoisellecoline\",\"https:\\\/\\\/www.instagram.com\\\/mademoiselle_coline\\\/\"]}]}<\/script>\n<!-- \/ Yoast SEO plugin. -->","yoast_head_json":{"title":"Collar \u00catre Pure | Mademoiselle Coline | Barcelona & Par\u00eds","description":"Collar \u00catre Pure. Cada joya, una a una, est\u00e1 hecha a mano de manera artesanal con metales reciclados en el taller de joyer\u00eda en Barcelona.","robots":{"index":"index","follow":"follow","max-snippet":"max-snippet:-1","max-image-preview":"max-image-preview:large","max-video-preview":"max-video-preview:-1"},"canonical":"https:\/\/mademoisellecoline.com\/ca\/producte\/collar-etre-pure\/","og_locale":"ca_ES","og_type":"article","og_title":"Collar \u00catre Pure | Mademoiselle Coline | Barcelona & Par\u00eds","og_description":"Collar \u00catre Pure. Cada joya, una a una, est\u00e1 hecha a mano de manera artesanal con metales reciclados en el taller de joyer\u00eda en Barcelona.","og_url":"https:\/\/mademoisellecoline.com\/ca\/producte\/collar-etre-pure\/","og_site_name":"Mademoiselle Coline","article_publisher":"https:\/\/www.facebook.com\/mademoisellecoline","article_modified_time":"2025-06-05T13:50:16+00:00","og_image":[{"width":1500,"height":1500,"url":"https:\/\/mademoisellecoline.com\/wp-content\/uploads\/2023\/03\/collar-oro-reciclado-mademoiselle-coline-collar-esmeralda-turmalina.jpg","type":"image\/jpeg"}],"twitter_card":"summary_large_image","schema":{"@context":"https:\/\/schema.org","@graph":[{"@type":"WebPage","@id":"https:\/\/mademoisellecoline.com\/ca\/producte\/collar-etre-pure\/","url":"https:\/\/mademoisellecoline.com\/ca\/producte\/collar-etre-pure\/","name":"Collar \u00catre Pure | Mademoiselle Coline | Barcelona & Par\u00eds","isPartOf":{"@id":"https:\/\/mademoisellecoline.com\/en\/#website"},"primaryImageOfPage":{"@id":"https:\/\/mademoisellecoline.com\/ca\/producte\/collar-etre-pure\/#primaryimage"},"image":{"@id":"https:\/\/mademoisellecoline.com\/ca\/producte\/collar-etre-pure\/#primaryimage"},"thumbnailUrl":"https:\/\/mademoisellecoline.com\/wp-content\/uploads\/2023\/03\/collar-oro-reciclado-mademoiselle-coline-collar-esmeralda-turmalina.jpg","datePublished":"2023-03-08T10:32:54+00:00","dateModified":"2025-06-05T13:50:16+00:00","description":"Collar \u00catre Pure. Cada joya, una a una, est\u00e1 hecha a mano de manera artesanal con metales reciclados en el taller de joyer\u00eda en Barcelona.","breadcrumb":{"@id":"https:\/\/mademoisellecoline.com\/ca\/producte\/collar-etre-pure\/#breadcrumb"},"inLanguage":"ca","potentialAction":[{"@type":"ReadAction","target":["https:\/\/mademoisellecoline.com\/ca\/producte\/collar-etre-pure\/"]}]},{"@type":"ImageObject","inLanguage":"ca","@id":"https:\/\/mademoisellecoline.com\/ca\/producte\/collar-etre-pure\/#primaryimage","url":"https:\/\/mademoisellecoline.com\/wp-content\/uploads\/2023\/03\/collar-oro-reciclado-mademoiselle-coline-collar-esmeralda-turmalina.jpg","contentUrl":"https:\/\/mademoisellecoline.com\/wp-content\/uploads\/2023\/03\/collar-oro-reciclado-mademoiselle-coline-collar-esmeralda-turmalina.jpg","width":1500,"height":1500,"caption":"Collaret d\u2019or amb penjolls org\u00e0nics, maragda verda i turmalina rosa"},{"@type":"BreadcrumbList","@id":"https:\/\/mademoisellecoline.com\/ca\/producte\/collar-etre-pure\/#breadcrumb","itemListElement":[{"@type":"ListItem","position":1,"name":"Portada","item":"https:\/\/mademoisellecoline.com\/ca\/"},{"@type":"ListItem","position":2,"name":"Joieria artesanal","item":"https:\/\/mademoisellecoline.com\/ca\/shop-joyeria-artesanal\/"},{"@type":"ListItem","position":3,"name":"Collar \u00catre Pure"}]},{"@type":"WebSite","@id":"https:\/\/mademoisellecoline.com\/en\/#website","url":"https:\/\/mademoisellecoline.com\/en\/","name":"Mademoiselle Coline","description":"Creaciones de joyer\u00eda on\u00edricas para almas so\u00f1adoras","publisher":{"@id":"https:\/\/mademoisellecoline.com\/en\/#\/schema\/person\/a87a3358725ddb0d57e86600da53e416"},"potentialAction":[{"@type":"SearchAction","target":{"@type":"EntryPoint","urlTemplate":"https:\/\/mademoisellecoline.com\/en\/?s={search_term_string}"},"query-input":{"@type":"PropertyValueSpecification","valueRequired":true,"valueName":"search_term_string"}}],"inLanguage":"ca"},{"@type":["Person","Organization"],"@id":"https:\/\/mademoisellecoline.com\/en\/#\/schema\/person\/a87a3358725ddb0d57e86600da53e416","name":"Mademoiselle Coline","image":{"@type":"ImageObject","inLanguage":"ca","@id":"https:\/\/mademoisellecoline.com\/wp-content\/uploads\/2024\/01\/ColineNeg.jpg","url":"https:\/\/mademoisellecoline.com\/wp-content\/uploads\/2024\/01\/ColineNeg.jpg","contentUrl":"https:\/\/mademoisellecoline.com\/wp-content\/uploads\/2024\/01\/ColineNeg.jpg","width":584,"height":349,"caption":"Mademoiselle Coline"},"logo":{"@id":"https:\/\/mademoisellecoline.com\/wp-content\/uploads\/2024\/01\/ColineNeg.jpg"},"sameAs":["https:\/\/www.facebook.com\/mademoisellecoline","https:\/\/www.instagram.com\/mademoiselle_coline\/"]}]}},"_links":{"self":[{"href":"https:\/\/mademoisellecoline.com\/ca\/wp-json\/wp\/v2\/product\/26382","targetHints":{"allow":["GET"]}}],"collection":[{"href":"https:\/\/mademoisellecoline.com\/ca\/wp-json\/wp\/v2\/product"}],"about":[{"href":"https:\/\/mademoisellecoline.com\/ca\/wp-json\/wp\/v2\/types\/product"}],"wp:featuredmedia":[{"embeddable":true,"href":"https:\/\/mademoisellecoline.com\/ca\/wp-json\/wp\/v2\/media\/27585"}],"wp:attachment":[{"href":"https:\/\/mademoisellecoline.com\/ca\/wp-json\/wp\/v2\/media?parent=26382"}],"wp:term":[{"taxonomy":"product_brand","embeddable":true,"href":"https:\/\/mademoisellecoline.com\/ca\/wp-json\/wp\/v2\/product_brand?post=26382"},{"taxonomy":"product_cat","embeddable":true,"href":"https:\/\/mademoisellecoline.com\/ca\/wp-json\/wp\/v2\/product_cat?post=26382"},{"taxonomy":"product_tag","embeddable":true,"href":"https:\/\/mademoisellecoline.com\/ca\/wp-json\/wp\/v2\/product_tag?post=26382"}],"curies":[{"name":"wp","href":"https:\/\/api.w.org\/{rel}","templated":true}]}}