{"id":33897,"date":"2024-10-24T06:48:09","date_gmt":"2024-10-24T06:48:09","guid":{"rendered":"https:\/\/mademoisellecoline.com\/?post_type=product&#038;p=33897"},"modified":"2026-02-25T11:13:09","modified_gmt":"2026-02-25T11:13:09","slug":"anell-creacio-a-mida","status":"publish","type":"product","link":"https:\/\/mademoisellecoline.com\/ca\/producte\/anell-creacio-a-mida\/","title":{"rendered":"Peces Ic\u00f2niques &#8211; Creaci\u00f3 A Mida"},"content":{"rendered":"","protected":false},"excerpt":{"rendered":"<p>Totes les creacions de la marca poden personalitzar-se <strong>A Mida<\/strong> per convertir-les en peces \u00faniques, destinades a perdurar i a formar part de moments memorables.<\/p>\n<p>Cada pe\u00e7a es crea <strong>A Mida,<\/strong> exclusivament per a tu. La pe\u00e7a que es mostra, anell <strong>Cris<\/strong>, pot ser personalitzada, escollint el metall desitjat i la pedra a encastar, o pot servir com a inspiraci\u00f3 per a una nova creaci\u00f3.<\/p>\n<p><strong>Descripci\u00f3 de la pe\u00e7a mostrada:<\/strong><br \/>\nPe\u00e7a feta a m\u00e0<br \/>\nOr \u00a0blanc 18k reciclat ecol\u00f2gic procedent de la Uni\u00f3 Europea<br \/>\nPes de 6 grams (en una talla 53)<br \/>\nFil de dimensions 4&#215;1.7 mm<br \/>\nEncastat amb un delicat diamant blanc<br \/>\nAcabat mat<\/p>\n<p>&nbsp;<\/p>\n<p><strong>Si t&#8217;agradaria parlar d&#8217;una creaci\u00f3 A Mida contacta, sense comprom\u00eds, <\/strong><strong>amb <a href=\"mailto:contact@mademoisellecoline.com\">contact@mademoisellecoline.com<\/a><\/strong><\/p>\n","protected":false},"featured_media":34314,"template":"","meta":{"_joinchat":[]},"product_brand":[],"product_cat":[2969],"product_tag":[2334,3235,2314,3022,3241,3023,3191,3228,3201,3226,2884,3045,2876,2872],"class_list":{"0":"post-33897","1":"product","2":"type-product","3":"status-publish","4":"has-post-thumbnail","6":"product_cat-atelier-coline-a-mida","7":"product_tag-a-mida","8":"product_tag-aliances-de-casament-a-mida","9":"product_tag-anells-artesanals","10":"product_tag-anells-a-mida","11":"product_tag-anells-de-compromis-a-mida","12":"product_tag-anells-fets-a-ma","13":"product_tag-joies-artesanals","14":"product_tag-joies-artesanals-personalitzades","15":"product_tag-joies-fetes-a-ma","16":"product_tag-joies-fetes-a-ma-personalitzades","17":"product_tag-joies-or-18-quilats","18":"product_tag-or-de-9k","19":"product_tag-plata-ca","20":"product_tag-plata-xapada-or-24k","22":"first","23":"instock","24":"sold-individually","25":"taxable","26":"shipping-taxable","27":"purchasable","28":"product-type-variable"},"yoast_head":"<!-- This site is optimized with the Yoast SEO plugin v27.4 - https:\/\/yoast.com\/product\/yoast-seo-wordpress\/ -->\n<title>Peces Ic\u00f2niques - Creaci\u00f3 A Mida | Mademoiselle Coline | Barcelona &amp; Par\u00eds<\/title>\n<meta name=\"description\" content=\"Peces Ic\u00f2niques - Creaci\u00f3 A Mida. Cada joya, una a una, est\u00e1 hecha a mano de manera artesanal con metales reciclados en el taller de joyer\u00eda en Barcelona.\" \/>\n<meta name=\"robots\" content=\"index, follow, max-snippet:-1, max-image-preview:large, max-video-preview:-1\" \/>\n<link rel=\"canonical\" href=\"https:\/\/mademoisellecoline.com\/ca\/producte\/anell-creacio-a-mida\/\" \/>\n<meta property=\"og:locale\" content=\"ca_ES\" \/>\n<meta property=\"og:type\" content=\"article\" \/>\n<meta property=\"og:title\" content=\"Peces Ic\u00f2niques - Creaci\u00f3 A Mida | Mademoiselle Coline | Barcelona &amp; Par\u00eds\" \/>\n<meta property=\"og:description\" content=\"Peces Ic\u00f2niques - Creaci\u00f3 A Mida. Cada joya, una a una, est\u00e1 hecha a mano de manera artesanal con metales reciclados en el taller de joyer\u00eda en Barcelona.\" \/>\n<meta property=\"og:url\" content=\"https:\/\/mademoisellecoline.com\/ca\/producte\/anell-creacio-a-mida\/\" \/>\n<meta property=\"og:site_name\" content=\"Mademoiselle Coline\" \/>\n<meta property=\"article:publisher\" content=\"https:\/\/www.facebook.com\/mademoisellecoline\" \/>\n<meta property=\"article:modified_time\" content=\"2026-02-25T11:13:09+00:00\" \/>\n<meta property=\"og:image\" content=\"https:\/\/mademoisellecoline.com\/wp-content\/uploads\/2024\/10\/handmade-custom-made-jewelry-mademoiselle-coline-2-1.jpg\" \/>\n\t<meta property=\"og:image:width\" content=\"800\" \/>\n\t<meta property=\"og:image:height\" content=\"800\" \/>\n\t<meta property=\"og:image:type\" content=\"image\/jpeg\" \/>\n<meta name=\"twitter:card\" content=\"summary_large_image\" \/>\n<script type=\"application\/ld+json\" class=\"yoast-schema-graph\">{\"@context\":\"https:\\\/\\\/schema.org\",\"@graph\":[{\"@type\":\"WebPage\",\"@id\":\"https:\\\/\\\/mademoisellecoline.com\\\/ca\\\/producte\\\/anell-creacio-a-mida\\\/\",\"url\":\"https:\\\/\\\/mademoisellecoline.com\\\/ca\\\/producte\\\/anell-creacio-a-mida\\\/\",\"name\":\"Peces Ic\u00f2niques - Creaci\u00f3 A Mida | Mademoiselle Coline | Barcelona & Par\u00eds\",\"isPartOf\":{\"@id\":\"https:\\\/\\\/mademoisellecoline.com\\\/en\\\/#website\"},\"primaryImageOfPage\":{\"@id\":\"https:\\\/\\\/mademoisellecoline.com\\\/ca\\\/producte\\\/anell-creacio-a-mida\\\/#primaryimage\"},\"image\":{\"@id\":\"https:\\\/\\\/mademoisellecoline.com\\\/ca\\\/producte\\\/anell-creacio-a-mida\\\/#primaryimage\"},\"thumbnailUrl\":\"https:\\\/\\\/mademoisellecoline.com\\\/wp-content\\\/uploads\\\/2024\\\/10\\\/handmade-custom-made-jewelry-mademoiselle-coline-2-1.jpg\",\"datePublished\":\"2024-10-24T06:48:09+00:00\",\"dateModified\":\"2026-02-25T11:13:09+00:00\",\"description\":\"Peces Ic\u00f2niques - Creaci\u00f3 A Mida. Cada joya, una a una, est\u00e1 hecha a mano de manera artesanal con metales reciclados en el taller de joyer\u00eda en Barcelona.\",\"breadcrumb\":{\"@id\":\"https:\\\/\\\/mademoisellecoline.com\\\/ca\\\/producte\\\/anell-creacio-a-mida\\\/#breadcrumb\"},\"inLanguage\":\"ca\",\"potentialAction\":[{\"@type\":\"ReadAction\",\"target\":[\"https:\\\/\\\/mademoisellecoline.com\\\/ca\\\/producte\\\/anell-creacio-a-mida\\\/\"]}]},{\"@type\":\"ImageObject\",\"inLanguage\":\"ca\",\"@id\":\"https:\\\/\\\/mademoisellecoline.com\\\/ca\\\/producte\\\/anell-creacio-a-mida\\\/#primaryimage\",\"url\":\"https:\\\/\\\/mademoisellecoline.com\\\/wp-content\\\/uploads\\\/2024\\\/10\\\/handmade-custom-made-jewelry-mademoiselle-coline-2-1.jpg\",\"contentUrl\":\"https:\\\/\\\/mademoisellecoline.com\\\/wp-content\\\/uploads\\\/2024\\\/10\\\/handmade-custom-made-jewelry-mademoiselle-coline-2-1.jpg\",\"width\":800,\"height\":800,\"caption\":\"Anell d\u2019or blanc reciclat fet a m\u00e0 amb disseny geom\u00e8tric, fil gruixut i diamant blanc central, acabat mat, pe\u00e7a ic\u00f2nica feta a mida.\"},{\"@type\":\"BreadcrumbList\",\"@id\":\"https:\\\/\\\/mademoisellecoline.com\\\/ca\\\/producte\\\/anell-creacio-a-mida\\\/#breadcrumb\",\"itemListElement\":[{\"@type\":\"ListItem\",\"position\":1,\"name\":\"Portada\",\"item\":\"https:\\\/\\\/mademoisellecoline.com\\\/ca\\\/\"},{\"@type\":\"ListItem\",\"position\":2,\"name\":\"Joieria artesanal\",\"item\":\"https:\\\/\\\/mademoisellecoline.com\\\/ca\\\/shop-joyeria-artesanal\\\/\"},{\"@type\":\"ListItem\",\"position\":3,\"name\":\"Peces Ic\u00f2niques &#8211; Creaci\u00f3 A Mida\"}]},{\"@type\":\"WebSite\",\"@id\":\"https:\\\/\\\/mademoisellecoline.com\\\/en\\\/#website\",\"url\":\"https:\\\/\\\/mademoisellecoline.com\\\/en\\\/\",\"name\":\"Mademoiselle Coline\",\"description\":\"Creaciones de joyer\u00eda on\u00edricas para almas so\u00f1adoras\",\"publisher\":{\"@id\":\"https:\\\/\\\/mademoisellecoline.com\\\/en\\\/#\\\/schema\\\/person\\\/a87a3358725ddb0d57e86600da53e416\"},\"potentialAction\":[{\"@type\":\"SearchAction\",\"target\":{\"@type\":\"EntryPoint\",\"urlTemplate\":\"https:\\\/\\\/mademoisellecoline.com\\\/en\\\/?s={search_term_string}\"},\"query-input\":{\"@type\":\"PropertyValueSpecification\",\"valueRequired\":true,\"valueName\":\"search_term_string\"}}],\"inLanguage\":\"ca\"},{\"@type\":[\"Person\",\"Organization\"],\"@id\":\"https:\\\/\\\/mademoisellecoline.com\\\/en\\\/#\\\/schema\\\/person\\\/a87a3358725ddb0d57e86600da53e416\",\"name\":\"Mademoiselle Coline\",\"image\":{\"@type\":\"ImageObject\",\"inLanguage\":\"ca\",\"@id\":\"https:\\\/\\\/mademoisellecoline.com\\\/wp-content\\\/uploads\\\/2024\\\/01\\\/ColineNeg.jpg\",\"url\":\"https:\\\/\\\/mademoisellecoline.com\\\/wp-content\\\/uploads\\\/2024\\\/01\\\/ColineNeg.jpg\",\"contentUrl\":\"https:\\\/\\\/mademoisellecoline.com\\\/wp-content\\\/uploads\\\/2024\\\/01\\\/ColineNeg.jpg\",\"width\":584,\"height\":349,\"caption\":\"Mademoiselle Coline\"},\"logo\":{\"@id\":\"https:\\\/\\\/mademoisellecoline.com\\\/wp-content\\\/uploads\\\/2024\\\/01\\\/ColineNeg.jpg\"},\"sameAs\":[\"https:\\\/\\\/www.facebook.com\\\/mademoisellecoline\",\"https:\\\/\\\/www.instagram.com\\\/mademoiselle_coline\\\/\"]}]}<\/script>\n<!-- \/ Yoast SEO plugin. -->","yoast_head_json":{"title":"Peces Ic\u00f2niques - Creaci\u00f3 A Mida | Mademoiselle Coline | Barcelona & Par\u00eds","description":"Peces Ic\u00f2niques - Creaci\u00f3 A Mida. Cada joya, una a una, est\u00e1 hecha a mano de manera artesanal con metales reciclados en el taller de joyer\u00eda en Barcelona.","robots":{"index":"index","follow":"follow","max-snippet":"max-snippet:-1","max-image-preview":"max-image-preview:large","max-video-preview":"max-video-preview:-1"},"canonical":"https:\/\/mademoisellecoline.com\/ca\/producte\/anell-creacio-a-mida\/","og_locale":"ca_ES","og_type":"article","og_title":"Peces Ic\u00f2niques - Creaci\u00f3 A Mida | Mademoiselle Coline | Barcelona & Par\u00eds","og_description":"Peces Ic\u00f2niques - Creaci\u00f3 A Mida. Cada joya, una a una, est\u00e1 hecha a mano de manera artesanal con metales reciclados en el taller de joyer\u00eda en Barcelona.","og_url":"https:\/\/mademoisellecoline.com\/ca\/producte\/anell-creacio-a-mida\/","og_site_name":"Mademoiselle Coline","article_publisher":"https:\/\/www.facebook.com\/mademoisellecoline","article_modified_time":"2026-02-25T11:13:09+00:00","og_image":[{"width":800,"height":800,"url":"https:\/\/mademoisellecoline.com\/wp-content\/uploads\/2024\/10\/handmade-custom-made-jewelry-mademoiselle-coline-2-1.jpg","type":"image\/jpeg"}],"twitter_card":"summary_large_image","schema":{"@context":"https:\/\/schema.org","@graph":[{"@type":"WebPage","@id":"https:\/\/mademoisellecoline.com\/ca\/producte\/anell-creacio-a-mida\/","url":"https:\/\/mademoisellecoline.com\/ca\/producte\/anell-creacio-a-mida\/","name":"Peces Ic\u00f2niques - Creaci\u00f3 A Mida | Mademoiselle Coline | Barcelona & Par\u00eds","isPartOf":{"@id":"https:\/\/mademoisellecoline.com\/en\/#website"},"primaryImageOfPage":{"@id":"https:\/\/mademoisellecoline.com\/ca\/producte\/anell-creacio-a-mida\/#primaryimage"},"image":{"@id":"https:\/\/mademoisellecoline.com\/ca\/producte\/anell-creacio-a-mida\/#primaryimage"},"thumbnailUrl":"https:\/\/mademoisellecoline.com\/wp-content\/uploads\/2024\/10\/handmade-custom-made-jewelry-mademoiselle-coline-2-1.jpg","datePublished":"2024-10-24T06:48:09+00:00","dateModified":"2026-02-25T11:13:09+00:00","description":"Peces Ic\u00f2niques - Creaci\u00f3 A Mida. Cada joya, una a una, est\u00e1 hecha a mano de manera artesanal con metales reciclados en el taller de joyer\u00eda en Barcelona.","breadcrumb":{"@id":"https:\/\/mademoisellecoline.com\/ca\/producte\/anell-creacio-a-mida\/#breadcrumb"},"inLanguage":"ca","potentialAction":[{"@type":"ReadAction","target":["https:\/\/mademoisellecoline.com\/ca\/producte\/anell-creacio-a-mida\/"]}]},{"@type":"ImageObject","inLanguage":"ca","@id":"https:\/\/mademoisellecoline.com\/ca\/producte\/anell-creacio-a-mida\/#primaryimage","url":"https:\/\/mademoisellecoline.com\/wp-content\/uploads\/2024\/10\/handmade-custom-made-jewelry-mademoiselle-coline-2-1.jpg","contentUrl":"https:\/\/mademoisellecoline.com\/wp-content\/uploads\/2024\/10\/handmade-custom-made-jewelry-mademoiselle-coline-2-1.jpg","width":800,"height":800,"caption":"Anell d\u2019or blanc reciclat fet a m\u00e0 amb disseny geom\u00e8tric, fil gruixut i diamant blanc central, acabat mat, pe\u00e7a ic\u00f2nica feta a mida."},{"@type":"BreadcrumbList","@id":"https:\/\/mademoisellecoline.com\/ca\/producte\/anell-creacio-a-mida\/#breadcrumb","itemListElement":[{"@type":"ListItem","position":1,"name":"Portada","item":"https:\/\/mademoisellecoline.com\/ca\/"},{"@type":"ListItem","position":2,"name":"Joieria artesanal","item":"https:\/\/mademoisellecoline.com\/ca\/shop-joyeria-artesanal\/"},{"@type":"ListItem","position":3,"name":"Peces Ic\u00f2niques &#8211; Creaci\u00f3 A Mida"}]},{"@type":"WebSite","@id":"https:\/\/mademoisellecoline.com\/en\/#website","url":"https:\/\/mademoisellecoline.com\/en\/","name":"Mademoiselle Coline","description":"Creaciones de joyer\u00eda on\u00edricas para almas so\u00f1adoras","publisher":{"@id":"https:\/\/mademoisellecoline.com\/en\/#\/schema\/person\/a87a3358725ddb0d57e86600da53e416"},"potentialAction":[{"@type":"SearchAction","target":{"@type":"EntryPoint","urlTemplate":"https:\/\/mademoisellecoline.com\/en\/?s={search_term_string}"},"query-input":{"@type":"PropertyValueSpecification","valueRequired":true,"valueName":"search_term_string"}}],"inLanguage":"ca"},{"@type":["Person","Organization"],"@id":"https:\/\/mademoisellecoline.com\/en\/#\/schema\/person\/a87a3358725ddb0d57e86600da53e416","name":"Mademoiselle Coline","image":{"@type":"ImageObject","inLanguage":"ca","@id":"https:\/\/mademoisellecoline.com\/wp-content\/uploads\/2024\/01\/ColineNeg.jpg","url":"https:\/\/mademoisellecoline.com\/wp-content\/uploads\/2024\/01\/ColineNeg.jpg","contentUrl":"https:\/\/mademoisellecoline.com\/wp-content\/uploads\/2024\/01\/ColineNeg.jpg","width":584,"height":349,"caption":"Mademoiselle Coline"},"logo":{"@id":"https:\/\/mademoisellecoline.com\/wp-content\/uploads\/2024\/01\/ColineNeg.jpg"},"sameAs":["https:\/\/www.facebook.com\/mademoisellecoline","https:\/\/www.instagram.com\/mademoiselle_coline\/"]}]}},"_links":{"self":[{"href":"https:\/\/mademoisellecoline.com\/ca\/wp-json\/wp\/v2\/product\/33897","targetHints":{"allow":["GET"]}}],"collection":[{"href":"https:\/\/mademoisellecoline.com\/ca\/wp-json\/wp\/v2\/product"}],"about":[{"href":"https:\/\/mademoisellecoline.com\/ca\/wp-json\/wp\/v2\/types\/product"}],"wp:featuredmedia":[{"embeddable":true,"href":"https:\/\/mademoisellecoline.com\/ca\/wp-json\/wp\/v2\/media\/34314"}],"wp:attachment":[{"href":"https:\/\/mademoisellecoline.com\/ca\/wp-json\/wp\/v2\/media?parent=33897"}],"wp:term":[{"taxonomy":"product_brand","embeddable":true,"href":"https:\/\/mademoisellecoline.com\/ca\/wp-json\/wp\/v2\/product_brand?post=33897"},{"taxonomy":"product_cat","embeddable":true,"href":"https:\/\/mademoisellecoline.com\/ca\/wp-json\/wp\/v2\/product_cat?post=33897"},{"taxonomy":"product_tag","embeddable":true,"href":"https:\/\/mademoisellecoline.com\/ca\/wp-json\/wp\/v2\/product_tag?post=33897"}],"curies":[{"name":"wp","href":"https:\/\/api.w.org\/{rel}","templated":true}]}}