{"id":39471,"date":"2026-03-20T11:50:16","date_gmt":"2026-03-20T11:50:16","guid":{"rendered":"https:\/\/mademoisellecoline.com\/?post_type=product&#038;p=39471"},"modified":"2026-03-20T12:07:08","modified_gmt":"2026-03-20T12:07:08","slug":"alianca-eon-creacio-a-mida","status":"publish","type":"product","link":"https:\/\/mademoisellecoline.com\/ca\/producte\/alianca-eon-creacio-a-mida\/","title":{"rendered":"Alian\u00e7a \u00c9on &#8211; Creaci\u00f3 A Mida"},"content":{"rendered":"","protected":false},"excerpt":{"rendered":"<p>Alian\u00e7a de casament <strong>\u00c9on,<\/strong> amb la seva vibrant pres\u00e8ncia irradia vida i alegria, com un interval etern, destinat a transcendir m\u00e9s enll\u00e0 d&#8217;all\u00f2 fuga\u00e7.<\/p>\n<p>Cada pe\u00e7a es crea <strong>A Mida<\/strong>, exclusivament per a tu. La pe\u00e7a que es mostra pot ser personalitzada, escollint el metall desitjat i les pedres a encastar, o pot servir com a inspiraci\u00f3 per a una nova creaci\u00f3<\/p>\n<p><strong>Descripci\u00f3 de la pe\u00e7a mostrada a la primera imatge:<\/strong><br \/>\nPe\u00e7a feta a m\u00e0<br \/>\nOr de 18 quirats reciclat ecol\u00f2gic procedent de la Uni\u00f3 Europea<br \/>\nPes de 4,2 grams (en una talla 54)<br \/>\nEl fil mesura 3,8 mm d\u2019amplada i 1,5 mm de gruix<br \/>\nExhibeix una delicada gamma crom\u00e0tica que combina 3 safirs verds, 9 brillants xampany i 9 brillants blancs, tots engastats de manera org\u00e0nica<br \/>\nAcabat r\u00fastic setinat<\/p>\n<p>&nbsp;<\/p>\n<p><strong>Si t&#8217;agradaria parlar d&#8217;una creaci\u00f3 A Mida contacta, sense comprom\u00eds, <\/strong><strong>amb <a href=\"mailto:contact@mademoisellecoline.com\">contact@mademoisellecoline.com<\/a><\/strong><\/p>\n","protected":false},"featured_media":39480,"template":"","meta":{"_joinchat":[]},"product_brand":[],"product_cat":[2969],"product_tag":[2334,3235,2314,3022,3241,3023,3191,3228,3201,3226,2884,3045,2326,3031,2876,2872],"class_list":{"0":"post-39471","1":"product","2":"type-product","3":"status-publish","4":"has-post-thumbnail","6":"product_cat-atelier-coline-a-mida","7":"product_tag-a-mida","8":"product_tag-aliances-de-casament-a-mida","9":"product_tag-anells-artesanals","10":"product_tag-anells-a-mida","11":"product_tag-anells-de-compromis-a-mida","12":"product_tag-anells-fets-a-ma","13":"product_tag-joies-artesanals","14":"product_tag-joies-artesanals-personalitzades","15":"product_tag-joies-fetes-a-ma","16":"product_tag-joies-fetes-a-ma-personalitzades","17":"product_tag-joies-or-18-quilats","18":"product_tag-or-de-9k","19":"product_tag-peces-uniques-joieria-artesanal","20":"product_tag-peces-uniques-de-joieria-artesanal","21":"product_tag-plata-ca","22":"product_tag-plata-xapada-or-24k","24":"first","25":"instock","26":"sold-individually","27":"taxable","28":"shipping-taxable","29":"purchasable","30":"product-type-variable"},"yoast_head":"<!-- This site is optimized with the Yoast SEO plugin v27.4 - https:\/\/yoast.com\/product\/yoast-seo-wordpress\/ -->\n<title>Alian\u00e7a \u00c9on - Creaci\u00f3 A Mida | Mademoiselle Coline | Barcelona &amp; Par\u00eds<\/title>\n<meta name=\"description\" content=\"Alian\u00e7a \u00c9on - Creaci\u00f3 A Mida. Cada joya, una a una, est\u00e1 hecha a mano de manera artesanal con metales reciclados en el taller de joyer\u00eda en Barcelona.\" \/>\n<meta name=\"robots\" content=\"index, follow, max-snippet:-1, max-image-preview:large, max-video-preview:-1\" \/>\n<link rel=\"canonical\" href=\"https:\/\/mademoisellecoline.com\/ca\/producte\/alianca-eon-creacio-a-mida\/\" \/>\n<meta property=\"og:locale\" content=\"ca_ES\" \/>\n<meta property=\"og:type\" content=\"article\" \/>\n<meta property=\"og:title\" content=\"Alian\u00e7a \u00c9on - Creaci\u00f3 A Mida | Mademoiselle Coline | Barcelona &amp; Par\u00eds\" \/>\n<meta property=\"og:description\" content=\"Alian\u00e7a \u00c9on - Creaci\u00f3 A Mida. Cada joya, una a una, est\u00e1 hecha a mano de manera artesanal con metales reciclados en el taller de joyer\u00eda en Barcelona.\" \/>\n<meta property=\"og:url\" content=\"https:\/\/mademoisellecoline.com\/ca\/producte\/alianca-eon-creacio-a-mida\/\" \/>\n<meta property=\"og:site_name\" content=\"Mademoiselle Coline\" \/>\n<meta property=\"article:publisher\" content=\"https:\/\/www.facebook.com\/mademoisellecoline\" \/>\n<meta property=\"article:modified_time\" content=\"2026-03-20T12:07:08+00:00\" \/>\n<meta property=\"og:image\" content=\"https:\/\/mademoisellecoline.com\/wp-content\/uploads\/2026\/03\/anillo-compromiso-alianza-a-medida-Barcelona-Mademoiselle-Coline.jpg\" \/>\n\t<meta property=\"og:image:width\" content=\"982\" \/>\n\t<meta property=\"og:image:height\" content=\"982\" \/>\n\t<meta property=\"og:image:type\" content=\"image\/jpeg\" \/>\n<meta name=\"twitter:card\" content=\"summary_large_image\" \/>\n<script type=\"application\/ld+json\" class=\"yoast-schema-graph\">{\"@context\":\"https:\\\/\\\/schema.org\",\"@graph\":[{\"@type\":\"WebPage\",\"@id\":\"https:\\\/\\\/mademoisellecoline.com\\\/ca\\\/producte\\\/alianca-eon-creacio-a-mida\\\/\",\"url\":\"https:\\\/\\\/mademoisellecoline.com\\\/ca\\\/producte\\\/alianca-eon-creacio-a-mida\\\/\",\"name\":\"Alian\u00e7a \u00c9on - Creaci\u00f3 A Mida | Mademoiselle Coline | Barcelona & Par\u00eds\",\"isPartOf\":{\"@id\":\"https:\\\/\\\/mademoisellecoline.com\\\/en\\\/#website\"},\"primaryImageOfPage\":{\"@id\":\"https:\\\/\\\/mademoisellecoline.com\\\/ca\\\/producte\\\/alianca-eon-creacio-a-mida\\\/#primaryimage\"},\"image\":{\"@id\":\"https:\\\/\\\/mademoisellecoline.com\\\/ca\\\/producte\\\/alianca-eon-creacio-a-mida\\\/#primaryimage\"},\"thumbnailUrl\":\"https:\\\/\\\/mademoisellecoline.com\\\/wp-content\\\/uploads\\\/2026\\\/03\\\/anillo-compromiso-alianza-a-medida-Barcelona-Mademoiselle-Coline.jpg\",\"datePublished\":\"2026-03-20T11:50:16+00:00\",\"dateModified\":\"2026-03-20T12:07:08+00:00\",\"description\":\"Alian\u00e7a \u00c9on - Creaci\u00f3 A Mida. Cada joya, una a una, est\u00e1 hecha a mano de manera artesanal con metales reciclados en el taller de joyer\u00eda en Barcelona.\",\"breadcrumb\":{\"@id\":\"https:\\\/\\\/mademoisellecoline.com\\\/ca\\\/producte\\\/alianca-eon-creacio-a-mida\\\/#breadcrumb\"},\"inLanguage\":\"ca\",\"potentialAction\":[{\"@type\":\"ReadAction\",\"target\":[\"https:\\\/\\\/mademoisellecoline.com\\\/ca\\\/producte\\\/alianca-eon-creacio-a-mida\\\/\"]}]},{\"@type\":\"ImageObject\",\"inLanguage\":\"ca\",\"@id\":\"https:\\\/\\\/mademoisellecoline.com\\\/ca\\\/producte\\\/alianca-eon-creacio-a-mida\\\/#primaryimage\",\"url\":\"https:\\\/\\\/mademoisellecoline.com\\\/wp-content\\\/uploads\\\/2026\\\/03\\\/anillo-compromiso-alianza-a-medida-Barcelona-Mademoiselle-Coline.jpg\",\"contentUrl\":\"https:\\\/\\\/mademoisellecoline.com\\\/wp-content\\\/uploads\\\/2026\\\/03\\\/anillo-compromiso-alianza-a-medida-Barcelona-Mademoiselle-Coline.jpg\",\"width\":982,\"height\":982},{\"@type\":\"BreadcrumbList\",\"@id\":\"https:\\\/\\\/mademoisellecoline.com\\\/ca\\\/producte\\\/alianca-eon-creacio-a-mida\\\/#breadcrumb\",\"itemListElement\":[{\"@type\":\"ListItem\",\"position\":1,\"name\":\"Portada\",\"item\":\"https:\\\/\\\/mademoisellecoline.com\\\/ca\\\/\"},{\"@type\":\"ListItem\",\"position\":2,\"name\":\"Joieria artesanal\",\"item\":\"https:\\\/\\\/mademoisellecoline.com\\\/ca\\\/shop-joyeria-artesanal\\\/\"},{\"@type\":\"ListItem\",\"position\":3,\"name\":\"Alian\u00e7a \u00c9on &#8211; Creaci\u00f3 A Mida\"}]},{\"@type\":\"WebSite\",\"@id\":\"https:\\\/\\\/mademoisellecoline.com\\\/en\\\/#website\",\"url\":\"https:\\\/\\\/mademoisellecoline.com\\\/en\\\/\",\"name\":\"Mademoiselle Coline\",\"description\":\"Creaciones de joyer\u00eda on\u00edricas para almas so\u00f1adoras\",\"publisher\":{\"@id\":\"https:\\\/\\\/mademoisellecoline.com\\\/en\\\/#\\\/schema\\\/person\\\/a87a3358725ddb0d57e86600da53e416\"},\"potentialAction\":[{\"@type\":\"SearchAction\",\"target\":{\"@type\":\"EntryPoint\",\"urlTemplate\":\"https:\\\/\\\/mademoisellecoline.com\\\/en\\\/?s={search_term_string}\"},\"query-input\":{\"@type\":\"PropertyValueSpecification\",\"valueRequired\":true,\"valueName\":\"search_term_string\"}}],\"inLanguage\":\"ca\"},{\"@type\":[\"Person\",\"Organization\"],\"@id\":\"https:\\\/\\\/mademoisellecoline.com\\\/en\\\/#\\\/schema\\\/person\\\/a87a3358725ddb0d57e86600da53e416\",\"name\":\"Mademoiselle Coline\",\"image\":{\"@type\":\"ImageObject\",\"inLanguage\":\"ca\",\"@id\":\"https:\\\/\\\/mademoisellecoline.com\\\/wp-content\\\/uploads\\\/2024\\\/01\\\/ColineNeg.jpg\",\"url\":\"https:\\\/\\\/mademoisellecoline.com\\\/wp-content\\\/uploads\\\/2024\\\/01\\\/ColineNeg.jpg\",\"contentUrl\":\"https:\\\/\\\/mademoisellecoline.com\\\/wp-content\\\/uploads\\\/2024\\\/01\\\/ColineNeg.jpg\",\"width\":584,\"height\":349,\"caption\":\"Mademoiselle Coline\"},\"logo\":{\"@id\":\"https:\\\/\\\/mademoisellecoline.com\\\/wp-content\\\/uploads\\\/2024\\\/01\\\/ColineNeg.jpg\"},\"sameAs\":[\"https:\\\/\\\/www.facebook.com\\\/mademoisellecoline\",\"https:\\\/\\\/www.instagram.com\\\/mademoiselle_coline\\\/\"]}]}<\/script>\n<!-- \/ Yoast SEO plugin. -->","yoast_head_json":{"title":"Alian\u00e7a \u00c9on - Creaci\u00f3 A Mida | Mademoiselle Coline | Barcelona & Par\u00eds","description":"Alian\u00e7a \u00c9on - Creaci\u00f3 A Mida. Cada joya, una a una, est\u00e1 hecha a mano de manera artesanal con metales reciclados en el taller de joyer\u00eda en Barcelona.","robots":{"index":"index","follow":"follow","max-snippet":"max-snippet:-1","max-image-preview":"max-image-preview:large","max-video-preview":"max-video-preview:-1"},"canonical":"https:\/\/mademoisellecoline.com\/ca\/producte\/alianca-eon-creacio-a-mida\/","og_locale":"ca_ES","og_type":"article","og_title":"Alian\u00e7a \u00c9on - Creaci\u00f3 A Mida | Mademoiselle Coline | Barcelona & Par\u00eds","og_description":"Alian\u00e7a \u00c9on - Creaci\u00f3 A Mida. Cada joya, una a una, est\u00e1 hecha a mano de manera artesanal con metales reciclados en el taller de joyer\u00eda en Barcelona.","og_url":"https:\/\/mademoisellecoline.com\/ca\/producte\/alianca-eon-creacio-a-mida\/","og_site_name":"Mademoiselle Coline","article_publisher":"https:\/\/www.facebook.com\/mademoisellecoline","article_modified_time":"2026-03-20T12:07:08+00:00","og_image":[{"width":982,"height":982,"url":"https:\/\/mademoisellecoline.com\/wp-content\/uploads\/2026\/03\/anillo-compromiso-alianza-a-medida-Barcelona-Mademoiselle-Coline.jpg","type":"image\/jpeg"}],"twitter_card":"summary_large_image","schema":{"@context":"https:\/\/schema.org","@graph":[{"@type":"WebPage","@id":"https:\/\/mademoisellecoline.com\/ca\/producte\/alianca-eon-creacio-a-mida\/","url":"https:\/\/mademoisellecoline.com\/ca\/producte\/alianca-eon-creacio-a-mida\/","name":"Alian\u00e7a \u00c9on - Creaci\u00f3 A Mida | Mademoiselle Coline | Barcelona & Par\u00eds","isPartOf":{"@id":"https:\/\/mademoisellecoline.com\/en\/#website"},"primaryImageOfPage":{"@id":"https:\/\/mademoisellecoline.com\/ca\/producte\/alianca-eon-creacio-a-mida\/#primaryimage"},"image":{"@id":"https:\/\/mademoisellecoline.com\/ca\/producte\/alianca-eon-creacio-a-mida\/#primaryimage"},"thumbnailUrl":"https:\/\/mademoisellecoline.com\/wp-content\/uploads\/2026\/03\/anillo-compromiso-alianza-a-medida-Barcelona-Mademoiselle-Coline.jpg","datePublished":"2026-03-20T11:50:16+00:00","dateModified":"2026-03-20T12:07:08+00:00","description":"Alian\u00e7a \u00c9on - Creaci\u00f3 A Mida. Cada joya, una a una, est\u00e1 hecha a mano de manera artesanal con metales reciclados en el taller de joyer\u00eda en Barcelona.","breadcrumb":{"@id":"https:\/\/mademoisellecoline.com\/ca\/producte\/alianca-eon-creacio-a-mida\/#breadcrumb"},"inLanguage":"ca","potentialAction":[{"@type":"ReadAction","target":["https:\/\/mademoisellecoline.com\/ca\/producte\/alianca-eon-creacio-a-mida\/"]}]},{"@type":"ImageObject","inLanguage":"ca","@id":"https:\/\/mademoisellecoline.com\/ca\/producte\/alianca-eon-creacio-a-mida\/#primaryimage","url":"https:\/\/mademoisellecoline.com\/wp-content\/uploads\/2026\/03\/anillo-compromiso-alianza-a-medida-Barcelona-Mademoiselle-Coline.jpg","contentUrl":"https:\/\/mademoisellecoline.com\/wp-content\/uploads\/2026\/03\/anillo-compromiso-alianza-a-medida-Barcelona-Mademoiselle-Coline.jpg","width":982,"height":982},{"@type":"BreadcrumbList","@id":"https:\/\/mademoisellecoline.com\/ca\/producte\/alianca-eon-creacio-a-mida\/#breadcrumb","itemListElement":[{"@type":"ListItem","position":1,"name":"Portada","item":"https:\/\/mademoisellecoline.com\/ca\/"},{"@type":"ListItem","position":2,"name":"Joieria artesanal","item":"https:\/\/mademoisellecoline.com\/ca\/shop-joyeria-artesanal\/"},{"@type":"ListItem","position":3,"name":"Alian\u00e7a \u00c9on &#8211; Creaci\u00f3 A Mida"}]},{"@type":"WebSite","@id":"https:\/\/mademoisellecoline.com\/en\/#website","url":"https:\/\/mademoisellecoline.com\/en\/","name":"Mademoiselle Coline","description":"Creaciones de joyer\u00eda on\u00edricas para almas so\u00f1adoras","publisher":{"@id":"https:\/\/mademoisellecoline.com\/en\/#\/schema\/person\/a87a3358725ddb0d57e86600da53e416"},"potentialAction":[{"@type":"SearchAction","target":{"@type":"EntryPoint","urlTemplate":"https:\/\/mademoisellecoline.com\/en\/?s={search_term_string}"},"query-input":{"@type":"PropertyValueSpecification","valueRequired":true,"valueName":"search_term_string"}}],"inLanguage":"ca"},{"@type":["Person","Organization"],"@id":"https:\/\/mademoisellecoline.com\/en\/#\/schema\/person\/a87a3358725ddb0d57e86600da53e416","name":"Mademoiselle Coline","image":{"@type":"ImageObject","inLanguage":"ca","@id":"https:\/\/mademoisellecoline.com\/wp-content\/uploads\/2024\/01\/ColineNeg.jpg","url":"https:\/\/mademoisellecoline.com\/wp-content\/uploads\/2024\/01\/ColineNeg.jpg","contentUrl":"https:\/\/mademoisellecoline.com\/wp-content\/uploads\/2024\/01\/ColineNeg.jpg","width":584,"height":349,"caption":"Mademoiselle Coline"},"logo":{"@id":"https:\/\/mademoisellecoline.com\/wp-content\/uploads\/2024\/01\/ColineNeg.jpg"},"sameAs":["https:\/\/www.facebook.com\/mademoisellecoline","https:\/\/www.instagram.com\/mademoiselle_coline\/"]}]}},"_links":{"self":[{"href":"https:\/\/mademoisellecoline.com\/ca\/wp-json\/wp\/v2\/product\/39471","targetHints":{"allow":["GET"]}}],"collection":[{"href":"https:\/\/mademoisellecoline.com\/ca\/wp-json\/wp\/v2\/product"}],"about":[{"href":"https:\/\/mademoisellecoline.com\/ca\/wp-json\/wp\/v2\/types\/product"}],"wp:featuredmedia":[{"embeddable":true,"href":"https:\/\/mademoisellecoline.com\/ca\/wp-json\/wp\/v2\/media\/39480"}],"wp:attachment":[{"href":"https:\/\/mademoisellecoline.com\/ca\/wp-json\/wp\/v2\/media?parent=39471"}],"wp:term":[{"taxonomy":"product_brand","embeddable":true,"href":"https:\/\/mademoisellecoline.com\/ca\/wp-json\/wp\/v2\/product_brand?post=39471"},{"taxonomy":"product_cat","embeddable":true,"href":"https:\/\/mademoisellecoline.com\/ca\/wp-json\/wp\/v2\/product_cat?post=39471"},{"taxonomy":"product_tag","embeddable":true,"href":"https:\/\/mademoisellecoline.com\/ca\/wp-json\/wp\/v2\/product_tag?post=39471"}],"curies":[{"name":"wp","href":"https:\/\/api.w.org\/{rel}","templated":true}]}}