{"id":9219,"date":"2024-03-07T08:03:13","date_gmt":"2024-03-07T08:03:13","guid":{"rendered":"https:\/\/mademoisellecoline.com\/?post_type=product&#038;p=9219"},"modified":"2026-02-26T09:39:55","modified_gmt":"2026-02-26T09:39:55","slug":"envie-du-passe-fet-a-mesura","status":"publish","type":"product","link":"https:\/\/mademoisellecoline.com\/ca\/producte\/envie-du-passe-fet-a-mesura\/","title":{"rendered":"Anell Col\u00b7lecci\u00f3 Envie &#8211; A Mesura"},"content":{"rendered":"","protected":false},"excerpt":{"rendered":"<p><strong>Mademoiselle Coline<\/strong> us ofereix l&#8217;experi\u00e8ncia de crear una <strong>pe\u00e7a\u00a0personalizada i \u00fanica<\/strong> de la <strong>Col\u00b7lecci\u00f3 Envie du Pass\u00e9<\/strong>. Una pe\u00e7a feta a mesura per a tu. On podr\u00e0s triar el detall antic, el metall o, si vols tamb\u00e9, pedres encastades. Una creaci\u00f3 personalitzada pas a pas i de la m\u00e0 de la creadora<\/p>\n<p>Per parlar de la creaci\u00f3 d&#8217;una pe\u00e7a personalizada i \u00fanica contacta amb <a href=\"mailto:contact@mademoisellecoline.com\">contact@mademoisellecoline.com<\/a><\/p>\n","protected":false},"featured_media":31704,"template":"","meta":{"_joinchat":[]},"product_brand":[],"product_cat":[443],"product_tag":[2334,2314,3022,3023,3049,3216,3191,3228,3201,3226,2884,3045,2326,3031,2876],"class_list":{"0":"post-9219","1":"product","2":"type-product","3":"status-publish","4":"has-post-thumbnail","6":"product_cat-colleccio-envie-du-passe","7":"product_tag-a-mida","8":"product_tag-anells-artesanals","9":"product_tag-anells-a-mida","10":"product_tag-anells-fets-a-ma","11":"product_tag-anells-segell-a-mida","12":"product_tag-anells-segell-personalitzats","13":"product_tag-joies-artesanals","14":"product_tag-joies-artesanals-personalitzades","15":"product_tag-joies-fetes-a-ma","16":"product_tag-joies-fetes-a-ma-personalitzades","17":"product_tag-joies-or-18-quilats","18":"product_tag-or-de-9k","19":"product_tag-peces-uniques-joieria-artesanal","20":"product_tag-peces-uniques-de-joieria-artesanal","21":"product_tag-plata-ca","23":"first","24":"instock","25":"sold-individually","26":"taxable","27":"shipping-taxable","28":"purchasable","29":"product-type-variable"},"yoast_head":"<!-- This site is optimized with the Yoast SEO plugin v27.4 - https:\/\/yoast.com\/product\/yoast-seo-wordpress\/ -->\n<title>Anell Col\u00b7lecci\u00f3 Envie - A Mesura | Mademoiselle Coline | Barcelona &amp; Par\u00eds<\/title>\n<meta name=\"description\" content=\"Anell Col\u00b7lecci\u00f3 Envie - A Mesura. Cada joya, una a una, est\u00e1 hecha a mano de manera artesanal con metales reciclados en el taller de joyer\u00eda en Barcelona.\" \/>\n<meta name=\"robots\" content=\"index, follow, max-snippet:-1, max-image-preview:large, max-video-preview:-1\" \/>\n<link rel=\"canonical\" href=\"https:\/\/mademoisellecoline.com\/ca\/producte\/envie-du-passe-fet-a-mesura\/\" \/>\n<meta property=\"og:locale\" content=\"ca_ES\" \/>\n<meta property=\"og:type\" content=\"article\" \/>\n<meta property=\"og:title\" content=\"Anell Col\u00b7lecci\u00f3 Envie - A Mesura | Mademoiselle Coline | Barcelona &amp; Par\u00eds\" \/>\n<meta property=\"og:description\" content=\"Anell Col\u00b7lecci\u00f3 Envie - A Mesura. Cada joya, una a una, est\u00e1 hecha a mano de manera artesanal con metales reciclados en el taller de joyer\u00eda en Barcelona.\" \/>\n<meta property=\"og:url\" content=\"https:\/\/mademoisellecoline.com\/ca\/producte\/envie-du-passe-fet-a-mesura\/\" \/>\n<meta property=\"og:site_name\" content=\"Mademoiselle Coline\" \/>\n<meta property=\"article:publisher\" content=\"https:\/\/www.facebook.com\/mademoisellecoline\" \/>\n<meta property=\"article:modified_time\" content=\"2026-02-26T09:39:55+00:00\" \/>\n<meta property=\"og:image\" content=\"https:\/\/mademoisellecoline.com\/wp-content\/uploads\/2024\/02\/joyeria-artesanal-hechamedida-srmesure-custommade-mademoiselle-coline.jpg\" \/>\n\t<meta property=\"og:image:width\" content=\"1166\" \/>\n\t<meta property=\"og:image:height\" content=\"1166\" \/>\n\t<meta property=\"og:image:type\" content=\"image\/jpeg\" \/>\n<meta name=\"twitter:card\" content=\"summary_large_image\" \/>\n<script type=\"application\/ld+json\" class=\"yoast-schema-graph\">{\"@context\":\"https:\\\/\\\/schema.org\",\"@graph\":[{\"@type\":\"WebPage\",\"@id\":\"https:\\\/\\\/mademoisellecoline.com\\\/ca\\\/producte\\\/envie-du-passe-fet-a-mesura\\\/\",\"url\":\"https:\\\/\\\/mademoisellecoline.com\\\/ca\\\/producte\\\/envie-du-passe-fet-a-mesura\\\/\",\"name\":\"Anell Col\u00b7lecci\u00f3 Envie - A Mesura | Mademoiselle Coline | Barcelona & Par\u00eds\",\"isPartOf\":{\"@id\":\"https:\\\/\\\/mademoisellecoline.com\\\/en\\\/#website\"},\"primaryImageOfPage\":{\"@id\":\"https:\\\/\\\/mademoisellecoline.com\\\/ca\\\/producte\\\/envie-du-passe-fet-a-mesura\\\/#primaryimage\"},\"image\":{\"@id\":\"https:\\\/\\\/mademoisellecoline.com\\\/ca\\\/producte\\\/envie-du-passe-fet-a-mesura\\\/#primaryimage\"},\"thumbnailUrl\":\"https:\\\/\\\/mademoisellecoline.com\\\/wp-content\\\/uploads\\\/2024\\\/02\\\/joyeria-artesanal-hechamedida-srmesure-custommade-mademoiselle-coline.jpg\",\"datePublished\":\"2024-03-07T08:03:13+00:00\",\"dateModified\":\"2026-02-26T09:39:55+00:00\",\"description\":\"Anell Col\u00b7lecci\u00f3 Envie - A Mesura. Cada joya, una a una, est\u00e1 hecha a mano de manera artesanal con metales reciclados en el taller de joyer\u00eda en Barcelona.\",\"breadcrumb\":{\"@id\":\"https:\\\/\\\/mademoisellecoline.com\\\/ca\\\/producte\\\/envie-du-passe-fet-a-mesura\\\/#breadcrumb\"},\"inLanguage\":\"ca\",\"potentialAction\":[{\"@type\":\"ReadAction\",\"target\":[\"https:\\\/\\\/mademoisellecoline.com\\\/ca\\\/producte\\\/envie-du-passe-fet-a-mesura\\\/\"]}]},{\"@type\":\"ImageObject\",\"inLanguage\":\"ca\",\"@id\":\"https:\\\/\\\/mademoisellecoline.com\\\/ca\\\/producte\\\/envie-du-passe-fet-a-mesura\\\/#primaryimage\",\"url\":\"https:\\\/\\\/mademoisellecoline.com\\\/wp-content\\\/uploads\\\/2024\\\/02\\\/joyeria-artesanal-hechamedida-srmesure-custommade-mademoiselle-coline.jpg\",\"contentUrl\":\"https:\\\/\\\/mademoisellecoline.com\\\/wp-content\\\/uploads\\\/2024\\\/02\\\/joyeria-artesanal-hechamedida-srmesure-custommade-mademoiselle-coline.jpg\",\"width\":1166,\"height\":1166,\"caption\":\"Anell tipus segell de plata amb detall antic calat i maragda verda\"},{\"@type\":\"BreadcrumbList\",\"@id\":\"https:\\\/\\\/mademoisellecoline.com\\\/ca\\\/producte\\\/envie-du-passe-fet-a-mesura\\\/#breadcrumb\",\"itemListElement\":[{\"@type\":\"ListItem\",\"position\":1,\"name\":\"Portada\",\"item\":\"https:\\\/\\\/mademoisellecoline.com\\\/ca\\\/\"},{\"@type\":\"ListItem\",\"position\":2,\"name\":\"Joieria artesanal\",\"item\":\"https:\\\/\\\/mademoisellecoline.com\\\/ca\\\/shop-joyeria-artesanal\\\/\"},{\"@type\":\"ListItem\",\"position\":3,\"name\":\"Anell Col\u00b7lecci\u00f3 Envie &#8211; A Mesura\"}]},{\"@type\":\"WebSite\",\"@id\":\"https:\\\/\\\/mademoisellecoline.com\\\/en\\\/#website\",\"url\":\"https:\\\/\\\/mademoisellecoline.com\\\/en\\\/\",\"name\":\"Mademoiselle Coline\",\"description\":\"Creaciones de joyer\u00eda on\u00edricas para almas so\u00f1adoras\",\"publisher\":{\"@id\":\"https:\\\/\\\/mademoisellecoline.com\\\/en\\\/#\\\/schema\\\/person\\\/a87a3358725ddb0d57e86600da53e416\"},\"potentialAction\":[{\"@type\":\"SearchAction\",\"target\":{\"@type\":\"EntryPoint\",\"urlTemplate\":\"https:\\\/\\\/mademoisellecoline.com\\\/en\\\/?s={search_term_string}\"},\"query-input\":{\"@type\":\"PropertyValueSpecification\",\"valueRequired\":true,\"valueName\":\"search_term_string\"}}],\"inLanguage\":\"ca\"},{\"@type\":[\"Person\",\"Organization\"],\"@id\":\"https:\\\/\\\/mademoisellecoline.com\\\/en\\\/#\\\/schema\\\/person\\\/a87a3358725ddb0d57e86600da53e416\",\"name\":\"Mademoiselle Coline\",\"image\":{\"@type\":\"ImageObject\",\"inLanguage\":\"ca\",\"@id\":\"https:\\\/\\\/mademoisellecoline.com\\\/wp-content\\\/uploads\\\/2024\\\/01\\\/ColineNeg.jpg\",\"url\":\"https:\\\/\\\/mademoisellecoline.com\\\/wp-content\\\/uploads\\\/2024\\\/01\\\/ColineNeg.jpg\",\"contentUrl\":\"https:\\\/\\\/mademoisellecoline.com\\\/wp-content\\\/uploads\\\/2024\\\/01\\\/ColineNeg.jpg\",\"width\":584,\"height\":349,\"caption\":\"Mademoiselle Coline\"},\"logo\":{\"@id\":\"https:\\\/\\\/mademoisellecoline.com\\\/wp-content\\\/uploads\\\/2024\\\/01\\\/ColineNeg.jpg\"},\"sameAs\":[\"https:\\\/\\\/www.facebook.com\\\/mademoisellecoline\",\"https:\\\/\\\/www.instagram.com\\\/mademoiselle_coline\\\/\"]}]}<\/script>\n<!-- \/ Yoast SEO plugin. -->","yoast_head_json":{"title":"Anell Col\u00b7lecci\u00f3 Envie - A Mesura | Mademoiselle Coline | Barcelona & Par\u00eds","description":"Anell Col\u00b7lecci\u00f3 Envie - A Mesura. Cada joya, una a una, est\u00e1 hecha a mano de manera artesanal con metales reciclados en el taller de joyer\u00eda en Barcelona.","robots":{"index":"index","follow":"follow","max-snippet":"max-snippet:-1","max-image-preview":"max-image-preview:large","max-video-preview":"max-video-preview:-1"},"canonical":"https:\/\/mademoisellecoline.com\/ca\/producte\/envie-du-passe-fet-a-mesura\/","og_locale":"ca_ES","og_type":"article","og_title":"Anell Col\u00b7lecci\u00f3 Envie - A Mesura | Mademoiselle Coline | Barcelona & Par\u00eds","og_description":"Anell Col\u00b7lecci\u00f3 Envie - A Mesura. Cada joya, una a una, est\u00e1 hecha a mano de manera artesanal con metales reciclados en el taller de joyer\u00eda en Barcelona.","og_url":"https:\/\/mademoisellecoline.com\/ca\/producte\/envie-du-passe-fet-a-mesura\/","og_site_name":"Mademoiselle Coline","article_publisher":"https:\/\/www.facebook.com\/mademoisellecoline","article_modified_time":"2026-02-26T09:39:55+00:00","og_image":[{"width":1166,"height":1166,"url":"https:\/\/mademoisellecoline.com\/wp-content\/uploads\/2024\/02\/joyeria-artesanal-hechamedida-srmesure-custommade-mademoiselle-coline.jpg","type":"image\/jpeg"}],"twitter_card":"summary_large_image","schema":{"@context":"https:\/\/schema.org","@graph":[{"@type":"WebPage","@id":"https:\/\/mademoisellecoline.com\/ca\/producte\/envie-du-passe-fet-a-mesura\/","url":"https:\/\/mademoisellecoline.com\/ca\/producte\/envie-du-passe-fet-a-mesura\/","name":"Anell Col\u00b7lecci\u00f3 Envie - A Mesura | Mademoiselle Coline | Barcelona & Par\u00eds","isPartOf":{"@id":"https:\/\/mademoisellecoline.com\/en\/#website"},"primaryImageOfPage":{"@id":"https:\/\/mademoisellecoline.com\/ca\/producte\/envie-du-passe-fet-a-mesura\/#primaryimage"},"image":{"@id":"https:\/\/mademoisellecoline.com\/ca\/producte\/envie-du-passe-fet-a-mesura\/#primaryimage"},"thumbnailUrl":"https:\/\/mademoisellecoline.com\/wp-content\/uploads\/2024\/02\/joyeria-artesanal-hechamedida-srmesure-custommade-mademoiselle-coline.jpg","datePublished":"2024-03-07T08:03:13+00:00","dateModified":"2026-02-26T09:39:55+00:00","description":"Anell Col\u00b7lecci\u00f3 Envie - A Mesura. Cada joya, una a una, est\u00e1 hecha a mano de manera artesanal con metales reciclados en el taller de joyer\u00eda en Barcelona.","breadcrumb":{"@id":"https:\/\/mademoisellecoline.com\/ca\/producte\/envie-du-passe-fet-a-mesura\/#breadcrumb"},"inLanguage":"ca","potentialAction":[{"@type":"ReadAction","target":["https:\/\/mademoisellecoline.com\/ca\/producte\/envie-du-passe-fet-a-mesura\/"]}]},{"@type":"ImageObject","inLanguage":"ca","@id":"https:\/\/mademoisellecoline.com\/ca\/producte\/envie-du-passe-fet-a-mesura\/#primaryimage","url":"https:\/\/mademoisellecoline.com\/wp-content\/uploads\/2024\/02\/joyeria-artesanal-hechamedida-srmesure-custommade-mademoiselle-coline.jpg","contentUrl":"https:\/\/mademoisellecoline.com\/wp-content\/uploads\/2024\/02\/joyeria-artesanal-hechamedida-srmesure-custommade-mademoiselle-coline.jpg","width":1166,"height":1166,"caption":"Anell tipus segell de plata amb detall antic calat i maragda verda"},{"@type":"BreadcrumbList","@id":"https:\/\/mademoisellecoline.com\/ca\/producte\/envie-du-passe-fet-a-mesura\/#breadcrumb","itemListElement":[{"@type":"ListItem","position":1,"name":"Portada","item":"https:\/\/mademoisellecoline.com\/ca\/"},{"@type":"ListItem","position":2,"name":"Joieria artesanal","item":"https:\/\/mademoisellecoline.com\/ca\/shop-joyeria-artesanal\/"},{"@type":"ListItem","position":3,"name":"Anell Col\u00b7lecci\u00f3 Envie &#8211; A Mesura"}]},{"@type":"WebSite","@id":"https:\/\/mademoisellecoline.com\/en\/#website","url":"https:\/\/mademoisellecoline.com\/en\/","name":"Mademoiselle Coline","description":"Creaciones de joyer\u00eda on\u00edricas para almas so\u00f1adoras","publisher":{"@id":"https:\/\/mademoisellecoline.com\/en\/#\/schema\/person\/a87a3358725ddb0d57e86600da53e416"},"potentialAction":[{"@type":"SearchAction","target":{"@type":"EntryPoint","urlTemplate":"https:\/\/mademoisellecoline.com\/en\/?s={search_term_string}"},"query-input":{"@type":"PropertyValueSpecification","valueRequired":true,"valueName":"search_term_string"}}],"inLanguage":"ca"},{"@type":["Person","Organization"],"@id":"https:\/\/mademoisellecoline.com\/en\/#\/schema\/person\/a87a3358725ddb0d57e86600da53e416","name":"Mademoiselle Coline","image":{"@type":"ImageObject","inLanguage":"ca","@id":"https:\/\/mademoisellecoline.com\/wp-content\/uploads\/2024\/01\/ColineNeg.jpg","url":"https:\/\/mademoisellecoline.com\/wp-content\/uploads\/2024\/01\/ColineNeg.jpg","contentUrl":"https:\/\/mademoisellecoline.com\/wp-content\/uploads\/2024\/01\/ColineNeg.jpg","width":584,"height":349,"caption":"Mademoiselle Coline"},"logo":{"@id":"https:\/\/mademoisellecoline.com\/wp-content\/uploads\/2024\/01\/ColineNeg.jpg"},"sameAs":["https:\/\/www.facebook.com\/mademoisellecoline","https:\/\/www.instagram.com\/mademoiselle_coline\/"]}]}},"_links":{"self":[{"href":"https:\/\/mademoisellecoline.com\/ca\/wp-json\/wp\/v2\/product\/9219","targetHints":{"allow":["GET"]}}],"collection":[{"href":"https:\/\/mademoisellecoline.com\/ca\/wp-json\/wp\/v2\/product"}],"about":[{"href":"https:\/\/mademoisellecoline.com\/ca\/wp-json\/wp\/v2\/types\/product"}],"wp:featuredmedia":[{"embeddable":true,"href":"https:\/\/mademoisellecoline.com\/ca\/wp-json\/wp\/v2\/media\/31704"}],"wp:attachment":[{"href":"https:\/\/mademoisellecoline.com\/ca\/wp-json\/wp\/v2\/media?parent=9219"}],"wp:term":[{"taxonomy":"product_brand","embeddable":true,"href":"https:\/\/mademoisellecoline.com\/ca\/wp-json\/wp\/v2\/product_brand?post=9219"},{"taxonomy":"product_cat","embeddable":true,"href":"https:\/\/mademoisellecoline.com\/ca\/wp-json\/wp\/v2\/product_cat?post=9219"},{"taxonomy":"product_tag","embeddable":true,"href":"https:\/\/mademoisellecoline.com\/ca\/wp-json\/wp\/v2\/product_tag?post=9219"}],"curies":[{"name":"wp","href":"https:\/\/api.w.org\/{rel}","templated":true}]}}