{"id":26375,"date":"2023-02-23T13:56:46","date_gmt":"2023-02-23T13:56:46","guid":{"rendered":"https:\/\/mademoisellecoline.com\/?post_type=product&#038;p=26375"},"modified":"2026-04-07T13:11:11","modified_gmt":"2026-04-07T13:11:11","slug":"pure-necklace","status":"publish","type":"product","link":"https:\/\/mademoisellecoline.com\/en\/product\/pure-necklace\/","title":{"rendered":"Pure Necklace"},"content":{"rendered":"","protected":false},"excerpt":{"rendered":"<p>Handmade necklace from the <strong>Au Fil du Temps Collection<\/strong>. An allegory to passage of time and the willingness to start over. An artisan creation that plays with metal in its state of maximum malleability until it materializes. An organic piece with an air of purity<\/p>\n<p><strong>Description:<\/strong><br \/>\nHandmade piece<br \/>\nEcological recycled metals from the European Union<br \/>\nPendant dimensions: Diameter 7,5 mm, Thickness 2 mm<br \/>\nWeight in 18k gold 3.3 grs<br \/>\nPolished finish<br \/>\n<strong>Stones to crimp to choose<\/strong><\/p>\n<p>Check <a href=\"mailto: contact@mademoisellecoline.com\"><strong>availability<\/strong><\/a><\/p>\n","protected":false},"featured_media":27478,"template":"","meta":{"_joinchat":[]},"product_brand":[],"product_cat":[2836],"product_tag":[2886,2874,3189,3009,3202,2320],"class_list":{"0":"post-26375","1":"product","2":"type-product","3":"status-publish","4":"has-post-thumbnail","6":"product_cat-au-fil-du-temps-collection","7":"product_tag-18k-gold-jewelry","8":"product_tag-24k-gold-plated-silver","9":"product_tag-artisanal-jewelry","10":"product_tag-artisanal-necklaces","11":"product_tag-handmade-jewelry","12":"product_tag-handmade-necklaces","14":"first","15":"instock","16":"sold-individually","17":"taxable","18":"shipping-taxable","19":"purchasable","20":"product-type-variable"},"yoast_head":"<!-- This site is optimized with the Yoast SEO plugin v27.4 - https:\/\/yoast.com\/product\/yoast-seo-wordpress\/ -->\n<title>Pure Necklace | Mademoiselle Coline | Barcelona &amp; Par\u00eds<\/title>\n<meta name=\"description\" content=\"Pure Necklace. Cada joya, una a una, est\u00e1 hecha a mano de manera artesanal con metales reciclados en el taller de joyer\u00eda en Barcelona.\" \/>\n<meta name=\"robots\" content=\"index, follow, max-snippet:-1, max-image-preview:large, max-video-preview:-1\" \/>\n<link rel=\"canonical\" href=\"https:\/\/mademoisellecoline.com\/en\/product\/pure-necklace\/\" \/>\n<meta property=\"og:locale\" content=\"en_US\" \/>\n<meta property=\"og:type\" content=\"article\" \/>\n<meta property=\"og:title\" content=\"Pure Necklace | Mademoiselle Coline | Barcelona &amp; Par\u00eds\" \/>\n<meta property=\"og:description\" content=\"Pure Necklace. Cada joya, una a una, est\u00e1 hecha a mano de manera artesanal con metales reciclados en el taller de joyer\u00eda en Barcelona.\" \/>\n<meta property=\"og:url\" content=\"https:\/\/mademoisellecoline.com\/en\/product\/pure-necklace\/\" \/>\n<meta property=\"og:site_name\" content=\"Mademoiselle Coline\" \/>\n<meta property=\"article:publisher\" content=\"https:\/\/www.facebook.com\/mademoisellecoline\" \/>\n<meta property=\"article:modified_time\" content=\"2026-04-07T13:11:11+00:00\" \/>\n<meta property=\"og:image\" content=\"https:\/\/mademoisellecoline.com\/wp-content\/uploads\/2023\/03\/necklace-gold-recycled-mademoiselle-coline-tourmaline..jpg\" \/>\n\t<meta property=\"og:image:width\" content=\"1500\" \/>\n\t<meta property=\"og:image:height\" content=\"1500\" \/>\n\t<meta property=\"og:image:type\" content=\"image\/jpeg\" \/>\n<meta name=\"twitter:card\" content=\"summary_large_image\" \/>\n<script type=\"application\/ld+json\" class=\"yoast-schema-graph\">{\"@context\":\"https:\\\/\\\/schema.org\",\"@graph\":[{\"@type\":\"WebPage\",\"@id\":\"https:\\\/\\\/mademoisellecoline.com\\\/en\\\/product\\\/pure-necklace\\\/\",\"url\":\"https:\\\/\\\/mademoisellecoline.com\\\/en\\\/product\\\/pure-necklace\\\/\",\"name\":\"Pure Necklace | Mademoiselle Coline | Barcelona & Par\u00eds\",\"isPartOf\":{\"@id\":\"https:\\\/\\\/mademoisellecoline.com\\\/en\\\/#website\"},\"primaryImageOfPage\":{\"@id\":\"https:\\\/\\\/mademoisellecoline.com\\\/en\\\/product\\\/pure-necklace\\\/#primaryimage\"},\"image\":{\"@id\":\"https:\\\/\\\/mademoisellecoline.com\\\/en\\\/product\\\/pure-necklace\\\/#primaryimage\"},\"thumbnailUrl\":\"https:\\\/\\\/mademoisellecoline.com\\\/wp-content\\\/uploads\\\/2023\\\/03\\\/collares-oro-reciclado-mademoiselle-coline.jpg\",\"datePublished\":\"2023-02-23T13:56:46+00:00\",\"dateModified\":\"2026-04-07T13:11:11+00:00\",\"description\":\"Pure Necklace. Cada joya, una a una, est\u00e1 hecha a mano de manera artesanal con metales reciclados en el taller de joyer\u00eda en Barcelona.\",\"breadcrumb\":{\"@id\":\"https:\\\/\\\/mademoisellecoline.com\\\/en\\\/product\\\/pure-necklace\\\/#breadcrumb\"},\"inLanguage\":\"en-US\",\"potentialAction\":[{\"@type\":\"ReadAction\",\"target\":[\"https:\\\/\\\/mademoisellecoline.com\\\/en\\\/product\\\/pure-necklace\\\/\"]}]},{\"@type\":\"ImageObject\",\"inLanguage\":\"en-US\",\"@id\":\"https:\\\/\\\/mademoisellecoline.com\\\/en\\\/product\\\/pure-necklace\\\/#primaryimage\",\"url\":\"https:\\\/\\\/mademoisellecoline.com\\\/wp-content\\\/uploads\\\/2023\\\/03\\\/collares-oro-reciclado-mademoiselle-coline.jpg\",\"contentUrl\":\"https:\\\/\\\/mademoisellecoline.com\\\/wp-content\\\/uploads\\\/2023\\\/03\\\/collares-oro-reciclado-mademoiselle-coline.jpg\",\"width\":1500,\"height\":1500},{\"@type\":\"BreadcrumbList\",\"@id\":\"https:\\\/\\\/mademoisellecoline.com\\\/en\\\/product\\\/pure-necklace\\\/#breadcrumb\",\"itemListElement\":[{\"@type\":\"ListItem\",\"position\":1,\"name\":\"Portada\",\"item\":\"https:\\\/\\\/mademoisellecoline.com\\\/en\\\/\"},{\"@type\":\"ListItem\",\"position\":2,\"name\":\"Artisanal jewelry\",\"item\":\"https:\\\/\\\/mademoisellecoline.com\\\/en\\\/shop-artisanal-jewelry\\\/\"},{\"@type\":\"ListItem\",\"position\":3,\"name\":\"Pure Necklace\"}]},{\"@type\":\"WebSite\",\"@id\":\"https:\\\/\\\/mademoisellecoline.com\\\/en\\\/#website\",\"url\":\"https:\\\/\\\/mademoisellecoline.com\\\/en\\\/\",\"name\":\"Mademoiselle Coline\",\"description\":\"Joyas delicadas, c\u00e1lidas y arm\u00f3nicas\",\"publisher\":{\"@id\":\"https:\\\/\\\/mademoisellecoline.com\\\/en\\\/#\\\/schema\\\/person\\\/a87a3358725ddb0d57e86600da53e416\"},\"potentialAction\":[{\"@type\":\"SearchAction\",\"target\":{\"@type\":\"EntryPoint\",\"urlTemplate\":\"https:\\\/\\\/mademoisellecoline.com\\\/en\\\/?s={search_term_string}\"},\"query-input\":{\"@type\":\"PropertyValueSpecification\",\"valueRequired\":true,\"valueName\":\"search_term_string\"}}],\"inLanguage\":\"en-US\"},{\"@type\":[\"Person\",\"Organization\"],\"@id\":\"https:\\\/\\\/mademoisellecoline.com\\\/en\\\/#\\\/schema\\\/person\\\/a87a3358725ddb0d57e86600da53e416\",\"name\":\"Mademoiselle Coline\",\"image\":{\"@type\":\"ImageObject\",\"inLanguage\":\"en-US\",\"@id\":\"https:\\\/\\\/mademoisellecoline.com\\\/wp-content\\\/uploads\\\/2024\\\/01\\\/ColineNeg.jpg\",\"url\":\"https:\\\/\\\/mademoisellecoline.com\\\/wp-content\\\/uploads\\\/2024\\\/01\\\/ColineNeg.jpg\",\"contentUrl\":\"https:\\\/\\\/mademoisellecoline.com\\\/wp-content\\\/uploads\\\/2024\\\/01\\\/ColineNeg.jpg\",\"width\":584,\"height\":349,\"caption\":\"Mademoiselle Coline\"},\"logo\":{\"@id\":\"https:\\\/\\\/mademoisellecoline.com\\\/wp-content\\\/uploads\\\/2024\\\/01\\\/ColineNeg.jpg\"},\"sameAs\":[\"https:\\\/\\\/www.facebook.com\\\/mademoisellecoline\",\"https:\\\/\\\/www.instagram.com\\\/mademoiselle_coline\\\/\"]}]}<\/script>\n<!-- \/ Yoast SEO plugin. -->","yoast_head_json":{"title":"Pure Necklace | Mademoiselle Coline | Barcelona & Par\u00eds","description":"Pure Necklace. Cada joya, una a una, est\u00e1 hecha a mano de manera artesanal con metales reciclados en el taller de joyer\u00eda en Barcelona.","robots":{"index":"index","follow":"follow","max-snippet":"max-snippet:-1","max-image-preview":"max-image-preview:large","max-video-preview":"max-video-preview:-1"},"canonical":"https:\/\/mademoisellecoline.com\/en\/product\/pure-necklace\/","og_locale":"en_US","og_type":"article","og_title":"Pure Necklace | Mademoiselle Coline | Barcelona & Par\u00eds","og_description":"Pure Necklace. Cada joya, una a una, est\u00e1 hecha a mano de manera artesanal con metales reciclados en el taller de joyer\u00eda en Barcelona.","og_url":"https:\/\/mademoisellecoline.com\/en\/product\/pure-necklace\/","og_site_name":"Mademoiselle Coline","article_publisher":"https:\/\/www.facebook.com\/mademoisellecoline","article_modified_time":"2026-04-07T13:11:11+00:00","og_image":[{"width":1500,"height":1500,"url":"https:\/\/mademoisellecoline.com\/wp-content\/uploads\/2023\/03\/necklace-gold-recycled-mademoiselle-coline-tourmaline..jpg","type":"image\/jpeg"}],"twitter_card":"summary_large_image","schema":{"@context":"https:\/\/schema.org","@graph":[{"@type":"WebPage","@id":"https:\/\/mademoisellecoline.com\/en\/product\/pure-necklace\/","url":"https:\/\/mademoisellecoline.com\/en\/product\/pure-necklace\/","name":"Pure Necklace | Mademoiselle Coline | Barcelona & Par\u00eds","isPartOf":{"@id":"https:\/\/mademoisellecoline.com\/en\/#website"},"primaryImageOfPage":{"@id":"https:\/\/mademoisellecoline.com\/en\/product\/pure-necklace\/#primaryimage"},"image":{"@id":"https:\/\/mademoisellecoline.com\/en\/product\/pure-necklace\/#primaryimage"},"thumbnailUrl":"https:\/\/mademoisellecoline.com\/wp-content\/uploads\/2023\/03\/collares-oro-reciclado-mademoiselle-coline.jpg","datePublished":"2023-02-23T13:56:46+00:00","dateModified":"2026-04-07T13:11:11+00:00","description":"Pure Necklace. Cada joya, una a una, est\u00e1 hecha a mano de manera artesanal con metales reciclados en el taller de joyer\u00eda en Barcelona.","breadcrumb":{"@id":"https:\/\/mademoisellecoline.com\/en\/product\/pure-necklace\/#breadcrumb"},"inLanguage":"en-US","potentialAction":[{"@type":"ReadAction","target":["https:\/\/mademoisellecoline.com\/en\/product\/pure-necklace\/"]}]},{"@type":"ImageObject","inLanguage":"en-US","@id":"https:\/\/mademoisellecoline.com\/en\/product\/pure-necklace\/#primaryimage","url":"https:\/\/mademoisellecoline.com\/wp-content\/uploads\/2023\/03\/collares-oro-reciclado-mademoiselle-coline.jpg","contentUrl":"https:\/\/mademoisellecoline.com\/wp-content\/uploads\/2023\/03\/collares-oro-reciclado-mademoiselle-coline.jpg","width":1500,"height":1500},{"@type":"BreadcrumbList","@id":"https:\/\/mademoisellecoline.com\/en\/product\/pure-necklace\/#breadcrumb","itemListElement":[{"@type":"ListItem","position":1,"name":"Portada","item":"https:\/\/mademoisellecoline.com\/en\/"},{"@type":"ListItem","position":2,"name":"Artisanal jewelry","item":"https:\/\/mademoisellecoline.com\/en\/shop-artisanal-jewelry\/"},{"@type":"ListItem","position":3,"name":"Pure Necklace"}]},{"@type":"WebSite","@id":"https:\/\/mademoisellecoline.com\/en\/#website","url":"https:\/\/mademoisellecoline.com\/en\/","name":"Mademoiselle Coline","description":"Joyas delicadas, c\u00e1lidas y arm\u00f3nicas","publisher":{"@id":"https:\/\/mademoisellecoline.com\/en\/#\/schema\/person\/a87a3358725ddb0d57e86600da53e416"},"potentialAction":[{"@type":"SearchAction","target":{"@type":"EntryPoint","urlTemplate":"https:\/\/mademoisellecoline.com\/en\/?s={search_term_string}"},"query-input":{"@type":"PropertyValueSpecification","valueRequired":true,"valueName":"search_term_string"}}],"inLanguage":"en-US"},{"@type":["Person","Organization"],"@id":"https:\/\/mademoisellecoline.com\/en\/#\/schema\/person\/a87a3358725ddb0d57e86600da53e416","name":"Mademoiselle Coline","image":{"@type":"ImageObject","inLanguage":"en-US","@id":"https:\/\/mademoisellecoline.com\/wp-content\/uploads\/2024\/01\/ColineNeg.jpg","url":"https:\/\/mademoisellecoline.com\/wp-content\/uploads\/2024\/01\/ColineNeg.jpg","contentUrl":"https:\/\/mademoisellecoline.com\/wp-content\/uploads\/2024\/01\/ColineNeg.jpg","width":584,"height":349,"caption":"Mademoiselle Coline"},"logo":{"@id":"https:\/\/mademoisellecoline.com\/wp-content\/uploads\/2024\/01\/ColineNeg.jpg"},"sameAs":["https:\/\/www.facebook.com\/mademoisellecoline","https:\/\/www.instagram.com\/mademoiselle_coline\/"]}]}},"_links":{"self":[{"href":"https:\/\/mademoisellecoline.com\/en\/wp-json\/wp\/v2\/product\/26375","targetHints":{"allow":["GET"]}}],"collection":[{"href":"https:\/\/mademoisellecoline.com\/en\/wp-json\/wp\/v2\/product"}],"about":[{"href":"https:\/\/mademoisellecoline.com\/en\/wp-json\/wp\/v2\/types\/product"}],"wp:featuredmedia":[{"embeddable":true,"href":"https:\/\/mademoisellecoline.com\/en\/wp-json\/wp\/v2\/media\/27478"}],"wp:attachment":[{"href":"https:\/\/mademoisellecoline.com\/en\/wp-json\/wp\/v2\/media?parent=26375"}],"wp:term":[{"taxonomy":"product_brand","embeddable":true,"href":"https:\/\/mademoisellecoline.com\/en\/wp-json\/wp\/v2\/product_brand?post=26375"},{"taxonomy":"product_cat","embeddable":true,"href":"https:\/\/mademoisellecoline.com\/en\/wp-json\/wp\/v2\/product_cat?post=26375"},{"taxonomy":"product_tag","embeddable":true,"href":"https:\/\/mademoisellecoline.com\/en\/wp-json\/wp\/v2\/product_tag?post=26375"}],"curies":[{"name":"wp","href":"https:\/\/api.w.org\/{rel}","templated":true}]}}