{"id":36788,"date":"2025-07-17T11:33:10","date_gmt":"2025-07-17T11:33:10","guid":{"rendered":"https:\/\/mademoisellecoline.com\/?post_type=product&#038;p=36788"},"modified":"2026-04-21T15:57:38","modified_gmt":"2026-04-21T15:57:38","slug":"pendant-01","status":"publish","type":"product","link":"https:\/\/mademoisellecoline.com\/en\/product\/pendant-01\/","title":{"rendered":"Pendant \u2013 Pi\u00e8ce 01"},"content":{"rendered":"","protected":false},"excerpt":{"rendered":"<p>One-of-a-kind, handmade piece from the <strong>Entre Nous Collection.<\/strong> A creation that carries an intimate meaning, a quiet vibration that finds its place in the one who chooses it. A silent ally that resonates deep within and stays by your side, unconditionally.<\/p>\n<p><strong>Description:<\/strong><br \/>\nHandmade piece<br \/>\nEco-friendly recycled silver from the European Union<br \/>\nMedal dimensions \u00f8 15 mm. Thickness 2.25 mm<br \/>\nFour blue sapphires set<br \/>\nPolished vintage finish<\/p>\n<p><strong>The pendant is available on its own or <a href=\"https:\/\/mademoisellecoline.com\/en\/jewels\/handmade-chains\/\">can be paired with a chain..<\/a><\/strong><br \/>\nWhen choosing more than one piece from the Entre Nous collection, you can enjoy an <strong>exclusive discount.<\/strong><\/p>\n<p>This piece is one of a kind; no two are alike. It can also serve as inspiration to create a custom-made one just for you. If you&#8217;re interested in a personalized creation or have something special in mind, <strong><a href=\"mailto: contact@mademoisellecoline.com\">feel free to contact us.<\/a><\/strong><\/p>\n","protected":false},"featured_media":36897,"template":"","meta":{"_joinchat":[]},"product_brand":[],"product_cat":[3034],"product_tag":[3247,3189,3251,3243,3202,3086,3039,2878,3269,3012,2543],"class_list":{"0":"post-36788","1":"product","2":"type-product","3":"status-publish","4":"has-post-thumbnail","6":"product_cat-entre-nous-collection","7":"product_tag-artisan-amulets","8":"product_tag-artisanal-jewelry","9":"product_tag-custom-amulets","10":"product_tag-handmade-amulet-jewelry","11":"product_tag-handmade-jewelry","12":"product_tag-handmade-pendants","13":"product_tag-artisanal-pendants","14":"product_tag-silver","15":"product_tag-unique-handmade-pendants","16":"product_tag-unique-handmade-jewelry-pieces","17":"product_tag-unique-artisanal-jewelry-pieces","19":"first","20":"outofstock","21":"sold-individually","22":"taxable","23":"shipping-taxable","24":"purchasable","25":"product-type-simple"},"yoast_head":"<!-- This site is optimized with the Yoast SEO plugin v27.4 - https:\/\/yoast.com\/product\/yoast-seo-wordpress\/ -->\n<title>Pendant \u2013 Pi\u00e8ce 01 | Mademoiselle Coline | Barcelona &amp; Par\u00eds<\/title>\n<meta name=\"description\" content=\"Pendant \u2013 Pi\u00e8ce 01. Cada joya, una a una, est\u00e1 hecha a mano de manera artesanal con metales reciclados en el taller de joyer\u00eda en Barcelona.\" \/>\n<meta name=\"robots\" content=\"index, follow, max-snippet:-1, max-image-preview:large, max-video-preview:-1\" \/>\n<link rel=\"canonical\" href=\"https:\/\/mademoisellecoline.com\/en\/product\/pendant-01\/\" \/>\n<meta property=\"og:locale\" content=\"en_US\" \/>\n<meta property=\"og:type\" content=\"article\" \/>\n<meta property=\"og:title\" content=\"Pendant \u2013 Pi\u00e8ce 01 | Mademoiselle Coline | Barcelona &amp; Par\u00eds\" \/>\n<meta property=\"og:description\" content=\"Pendant \u2013 Pi\u00e8ce 01. Cada joya, una a una, est\u00e1 hecha a mano de manera artesanal con metales reciclados en el taller de joyer\u00eda en Barcelona.\" \/>\n<meta property=\"og:url\" content=\"https:\/\/mademoisellecoline.com\/en\/product\/pendant-01\/\" \/>\n<meta property=\"og:site_name\" content=\"Mademoiselle Coline\" \/>\n<meta property=\"article:publisher\" content=\"https:\/\/www.facebook.com\/mademoisellecoline\" \/>\n<meta property=\"article:modified_time\" content=\"2026-04-21T15:57:38+00:00\" \/>\n<meta property=\"og:image\" content=\"https:\/\/mademoisellecoline.com\/wp-content\/uploads\/2025\/08\/colgante-hecho-a-mano-barcelona-mademoiselle-coline.jpg\" \/>\n\t<meta property=\"og:image:width\" content=\"1500\" \/>\n\t<meta property=\"og:image:height\" content=\"1500\" \/>\n\t<meta property=\"og:image:type\" content=\"image\/jpeg\" \/>\n<meta name=\"twitter:card\" content=\"summary_large_image\" \/>\n<script type=\"application\/ld+json\" class=\"yoast-schema-graph\">{\"@context\":\"https:\\\/\\\/schema.org\",\"@graph\":[{\"@type\":\"WebPage\",\"@id\":\"https:\\\/\\\/mademoisellecoline.com\\\/en\\\/product\\\/pendant-01\\\/\",\"url\":\"https:\\\/\\\/mademoisellecoline.com\\\/en\\\/product\\\/pendant-01\\\/\",\"name\":\"Pendant \u2013 Pi\u00e8ce 01 | Mademoiselle Coline | Barcelona & Par\u00eds\",\"isPartOf\":{\"@id\":\"https:\\\/\\\/mademoisellecoline.com\\\/en\\\/#website\"},\"primaryImageOfPage\":{\"@id\":\"https:\\\/\\\/mademoisellecoline.com\\\/en\\\/product\\\/pendant-01\\\/#primaryimage\"},\"image\":{\"@id\":\"https:\\\/\\\/mademoisellecoline.com\\\/en\\\/product\\\/pendant-01\\\/#primaryimage\"},\"thumbnailUrl\":\"https:\\\/\\\/mademoisellecoline.com\\\/wp-content\\\/uploads\\\/2025\\\/08\\\/colgante-hecho-a-mano-barcelona-mademoiselle-coline.jpg\",\"datePublished\":\"2025-07-17T11:33:10+00:00\",\"dateModified\":\"2026-04-21T15:57:38+00:00\",\"description\":\"Pendant \u2013 Pi\u00e8ce 01. Cada joya, una a una, est\u00e1 hecha a mano de manera artesanal con metales reciclados en el taller de joyer\u00eda en Barcelona.\",\"breadcrumb\":{\"@id\":\"https:\\\/\\\/mademoisellecoline.com\\\/en\\\/product\\\/pendant-01\\\/#breadcrumb\"},\"inLanguage\":\"en-US\",\"potentialAction\":[{\"@type\":\"ReadAction\",\"target\":[\"https:\\\/\\\/mademoisellecoline.com\\\/en\\\/product\\\/pendant-01\\\/\"]}]},{\"@type\":\"ImageObject\",\"inLanguage\":\"en-US\",\"@id\":\"https:\\\/\\\/mademoisellecoline.com\\\/en\\\/product\\\/pendant-01\\\/#primaryimage\",\"url\":\"https:\\\/\\\/mademoisellecoline.com\\\/wp-content\\\/uploads\\\/2025\\\/08\\\/colgante-hecho-a-mano-barcelona-mademoiselle-coline.jpg\",\"contentUrl\":\"https:\\\/\\\/mademoisellecoline.com\\\/wp-content\\\/uploads\\\/2025\\\/08\\\/colgante-hecho-a-mano-barcelona-mademoiselle-coline.jpg\",\"width\":1500,\"height\":1500,\"caption\":\"Handcrafted silver pendant with organic shape, antique engraving and five blue sapphires, on a neutral white background\"},{\"@type\":\"BreadcrumbList\",\"@id\":\"https:\\\/\\\/mademoisellecoline.com\\\/en\\\/product\\\/pendant-01\\\/#breadcrumb\",\"itemListElement\":[{\"@type\":\"ListItem\",\"position\":1,\"name\":\"Portada\",\"item\":\"https:\\\/\\\/mademoisellecoline.com\\\/en\\\/\"},{\"@type\":\"ListItem\",\"position\":2,\"name\":\"Artisanal jewelry\",\"item\":\"https:\\\/\\\/mademoisellecoline.com\\\/en\\\/shop-artisanal-jewelry\\\/\"},{\"@type\":\"ListItem\",\"position\":3,\"name\":\"Pendant \u2013 Pi\u00e8ce 01\"}]},{\"@type\":\"WebSite\",\"@id\":\"https:\\\/\\\/mademoisellecoline.com\\\/en\\\/#website\",\"url\":\"https:\\\/\\\/mademoisellecoline.com\\\/en\\\/\",\"name\":\"Mademoiselle Coline\",\"description\":\"Joyas delicadas, c\u00e1lidas y arm\u00f3nicas\",\"publisher\":{\"@id\":\"https:\\\/\\\/mademoisellecoline.com\\\/en\\\/#\\\/schema\\\/person\\\/a87a3358725ddb0d57e86600da53e416\"},\"potentialAction\":[{\"@type\":\"SearchAction\",\"target\":{\"@type\":\"EntryPoint\",\"urlTemplate\":\"https:\\\/\\\/mademoisellecoline.com\\\/en\\\/?s={search_term_string}\"},\"query-input\":{\"@type\":\"PropertyValueSpecification\",\"valueRequired\":true,\"valueName\":\"search_term_string\"}}],\"inLanguage\":\"en-US\"},{\"@type\":[\"Person\",\"Organization\"],\"@id\":\"https:\\\/\\\/mademoisellecoline.com\\\/en\\\/#\\\/schema\\\/person\\\/a87a3358725ddb0d57e86600da53e416\",\"name\":\"Mademoiselle Coline\",\"image\":{\"@type\":\"ImageObject\",\"inLanguage\":\"en-US\",\"@id\":\"https:\\\/\\\/mademoisellecoline.com\\\/wp-content\\\/uploads\\\/2024\\\/01\\\/ColineNeg.jpg\",\"url\":\"https:\\\/\\\/mademoisellecoline.com\\\/wp-content\\\/uploads\\\/2024\\\/01\\\/ColineNeg.jpg\",\"contentUrl\":\"https:\\\/\\\/mademoisellecoline.com\\\/wp-content\\\/uploads\\\/2024\\\/01\\\/ColineNeg.jpg\",\"width\":584,\"height\":349,\"caption\":\"Mademoiselle Coline\"},\"logo\":{\"@id\":\"https:\\\/\\\/mademoisellecoline.com\\\/wp-content\\\/uploads\\\/2024\\\/01\\\/ColineNeg.jpg\"},\"sameAs\":[\"https:\\\/\\\/www.facebook.com\\\/mademoisellecoline\",\"https:\\\/\\\/www.instagram.com\\\/mademoiselle_coline\\\/\"]}]}<\/script>\n<!-- \/ Yoast SEO plugin. -->","yoast_head_json":{"title":"Pendant \u2013 Pi\u00e8ce 01 | Mademoiselle Coline | Barcelona & Par\u00eds","description":"Pendant \u2013 Pi\u00e8ce 01. Cada joya, una a una, est\u00e1 hecha a mano de manera artesanal con metales reciclados en el taller de joyer\u00eda en Barcelona.","robots":{"index":"index","follow":"follow","max-snippet":"max-snippet:-1","max-image-preview":"max-image-preview:large","max-video-preview":"max-video-preview:-1"},"canonical":"https:\/\/mademoisellecoline.com\/en\/product\/pendant-01\/","og_locale":"en_US","og_type":"article","og_title":"Pendant \u2013 Pi\u00e8ce 01 | Mademoiselle Coline | Barcelona & Par\u00eds","og_description":"Pendant \u2013 Pi\u00e8ce 01. Cada joya, una a una, est\u00e1 hecha a mano de manera artesanal con metales reciclados en el taller de joyer\u00eda en Barcelona.","og_url":"https:\/\/mademoisellecoline.com\/en\/product\/pendant-01\/","og_site_name":"Mademoiselle Coline","article_publisher":"https:\/\/www.facebook.com\/mademoisellecoline","article_modified_time":"2026-04-21T15:57:38+00:00","og_image":[{"width":1500,"height":1500,"url":"https:\/\/mademoisellecoline.com\/wp-content\/uploads\/2025\/08\/colgante-hecho-a-mano-barcelona-mademoiselle-coline.jpg","type":"image\/jpeg"}],"twitter_card":"summary_large_image","schema":{"@context":"https:\/\/schema.org","@graph":[{"@type":"WebPage","@id":"https:\/\/mademoisellecoline.com\/en\/product\/pendant-01\/","url":"https:\/\/mademoisellecoline.com\/en\/product\/pendant-01\/","name":"Pendant \u2013 Pi\u00e8ce 01 | Mademoiselle Coline | Barcelona & Par\u00eds","isPartOf":{"@id":"https:\/\/mademoisellecoline.com\/en\/#website"},"primaryImageOfPage":{"@id":"https:\/\/mademoisellecoline.com\/en\/product\/pendant-01\/#primaryimage"},"image":{"@id":"https:\/\/mademoisellecoline.com\/en\/product\/pendant-01\/#primaryimage"},"thumbnailUrl":"https:\/\/mademoisellecoline.com\/wp-content\/uploads\/2025\/08\/colgante-hecho-a-mano-barcelona-mademoiselle-coline.jpg","datePublished":"2025-07-17T11:33:10+00:00","dateModified":"2026-04-21T15:57:38+00:00","description":"Pendant \u2013 Pi\u00e8ce 01. Cada joya, una a una, est\u00e1 hecha a mano de manera artesanal con metales reciclados en el taller de joyer\u00eda en Barcelona.","breadcrumb":{"@id":"https:\/\/mademoisellecoline.com\/en\/product\/pendant-01\/#breadcrumb"},"inLanguage":"en-US","potentialAction":[{"@type":"ReadAction","target":["https:\/\/mademoisellecoline.com\/en\/product\/pendant-01\/"]}]},{"@type":"ImageObject","inLanguage":"en-US","@id":"https:\/\/mademoisellecoline.com\/en\/product\/pendant-01\/#primaryimage","url":"https:\/\/mademoisellecoline.com\/wp-content\/uploads\/2025\/08\/colgante-hecho-a-mano-barcelona-mademoiselle-coline.jpg","contentUrl":"https:\/\/mademoisellecoline.com\/wp-content\/uploads\/2025\/08\/colgante-hecho-a-mano-barcelona-mademoiselle-coline.jpg","width":1500,"height":1500,"caption":"Handcrafted silver pendant with organic shape, antique engraving and five blue sapphires, on a neutral white background"},{"@type":"BreadcrumbList","@id":"https:\/\/mademoisellecoline.com\/en\/product\/pendant-01\/#breadcrumb","itemListElement":[{"@type":"ListItem","position":1,"name":"Portada","item":"https:\/\/mademoisellecoline.com\/en\/"},{"@type":"ListItem","position":2,"name":"Artisanal jewelry","item":"https:\/\/mademoisellecoline.com\/en\/shop-artisanal-jewelry\/"},{"@type":"ListItem","position":3,"name":"Pendant \u2013 Pi\u00e8ce 01"}]},{"@type":"WebSite","@id":"https:\/\/mademoisellecoline.com\/en\/#website","url":"https:\/\/mademoisellecoline.com\/en\/","name":"Mademoiselle Coline","description":"Joyas delicadas, c\u00e1lidas y arm\u00f3nicas","publisher":{"@id":"https:\/\/mademoisellecoline.com\/en\/#\/schema\/person\/a87a3358725ddb0d57e86600da53e416"},"potentialAction":[{"@type":"SearchAction","target":{"@type":"EntryPoint","urlTemplate":"https:\/\/mademoisellecoline.com\/en\/?s={search_term_string}"},"query-input":{"@type":"PropertyValueSpecification","valueRequired":true,"valueName":"search_term_string"}}],"inLanguage":"en-US"},{"@type":["Person","Organization"],"@id":"https:\/\/mademoisellecoline.com\/en\/#\/schema\/person\/a87a3358725ddb0d57e86600da53e416","name":"Mademoiselle Coline","image":{"@type":"ImageObject","inLanguage":"en-US","@id":"https:\/\/mademoisellecoline.com\/wp-content\/uploads\/2024\/01\/ColineNeg.jpg","url":"https:\/\/mademoisellecoline.com\/wp-content\/uploads\/2024\/01\/ColineNeg.jpg","contentUrl":"https:\/\/mademoisellecoline.com\/wp-content\/uploads\/2024\/01\/ColineNeg.jpg","width":584,"height":349,"caption":"Mademoiselle Coline"},"logo":{"@id":"https:\/\/mademoisellecoline.com\/wp-content\/uploads\/2024\/01\/ColineNeg.jpg"},"sameAs":["https:\/\/www.facebook.com\/mademoisellecoline","https:\/\/www.instagram.com\/mademoiselle_coline\/"]}]}},"_links":{"self":[{"href":"https:\/\/mademoisellecoline.com\/en\/wp-json\/wp\/v2\/product\/36788","targetHints":{"allow":["GET"]}}],"collection":[{"href":"https:\/\/mademoisellecoline.com\/en\/wp-json\/wp\/v2\/product"}],"about":[{"href":"https:\/\/mademoisellecoline.com\/en\/wp-json\/wp\/v2\/types\/product"}],"wp:featuredmedia":[{"embeddable":true,"href":"https:\/\/mademoisellecoline.com\/en\/wp-json\/wp\/v2\/media\/36897"}],"wp:attachment":[{"href":"https:\/\/mademoisellecoline.com\/en\/wp-json\/wp\/v2\/media?parent=36788"}],"wp:term":[{"taxonomy":"product_brand","embeddable":true,"href":"https:\/\/mademoisellecoline.com\/en\/wp-json\/wp\/v2\/product_brand?post=36788"},{"taxonomy":"product_cat","embeddable":true,"href":"https:\/\/mademoisellecoline.com\/en\/wp-json\/wp\/v2\/product_cat?post=36788"},{"taxonomy":"product_tag","embeddable":true,"href":"https:\/\/mademoisellecoline.com\/en\/wp-json\/wp\/v2\/product_tag?post=36788"}],"curies":[{"name":"wp","href":"https:\/\/api.w.org\/{rel}","templated":true}]}}