{"id":39533,"date":"2026-03-25T12:07:59","date_gmt":"2026-03-25T12:07:59","guid":{"rendered":"https:\/\/mademoisellecoline.com\/?post_type=product&#038;p=39533"},"modified":"2026-04-21T15:53:50","modified_gmt":"2026-04-21T15:53:50","slug":"chain-09","status":"publish","type":"product","link":"https:\/\/mademoisellecoline.com\/en\/product\/chain-09\/","title":{"rendered":"Chain 09"},"content":{"rendered":"","protected":false},"excerpt":{"rendered":"<p>Delicate and versatile creation. Each chain features a unique design and its own identity. It can be worn on its own or combined with charms to create personal compositions. In the Chain 09 model, the charms are designed to be attached to the clasp, conceived as a point of union and a defining detail of the piece.<\/p>\n<p><strong>Description:<br \/>\n<\/strong>Handcrafted piece<br \/>\nRecycled metals sourced from the European Union<br \/>\nSilver chain with rectangular links<br \/>\nTotal length: 45 cm, adjustable to 38 cm<br \/>\nPolished finish<\/p>\n<p>You can purchase the chain on its own or <a href=\"https:\/\/mademoisellecoline.com\/en\/jewels\/artisanal-pendants\/\"><strong>pair it with a pendant\u2026<\/strong><\/a><br \/>\nWhen choosing more than one piece from the Entre Nous collection, you can enjoy an <strong>exclusive discount.<\/strong><\/p>\n<p>In Chain 09, the charms are designed to be attached to the clasp. If you have any questions, please <a href=\"mailto: contact@mademoisellecoline.com\"><strong>feel free to contact us.<\/strong><\/a><\/p>\n","protected":false},"featured_media":39830,"template":"","meta":{"_joinchat":[]},"product_brand":[],"product_cat":[3034],"product_tag":[3088,3189,3009,3043,3202,2320,2878],"class_list":{"0":"post-39533","1":"product","2":"type-product","3":"status-publish","4":"has-post-thumbnail","6":"product_cat-entre-nous-collection","7":"product_tag-artisanal-chains","8":"product_tag-artisanal-jewelry","9":"product_tag-artisanal-necklaces","10":"product_tag-handmade-chains","11":"product_tag-handmade-jewelry","12":"product_tag-handmade-necklaces","13":"product_tag-silver","15":"first","16":"instock","17":"sold-individually","18":"taxable","19":"shipping-taxable","20":"purchasable","21":"product-type-simple"},"yoast_head":"<!-- This site is optimized with the Yoast SEO plugin v27.4 - https:\/\/yoast.com\/product\/yoast-seo-wordpress\/ -->\n<title>Chain 09 | Mademoiselle Coline | Barcelona &amp; Par\u00eds<\/title>\n<meta name=\"description\" content=\"Chain 09. Cada joya, una a una, est\u00e1 hecha a mano de manera artesanal con metales reciclados en el taller de joyer\u00eda en Barcelona.\" \/>\n<meta name=\"robots\" content=\"index, follow, max-snippet:-1, max-image-preview:large, max-video-preview:-1\" \/>\n<link rel=\"canonical\" href=\"https:\/\/mademoisellecoline.com\/en\/product\/chain-09\/\" \/>\n<meta property=\"og:locale\" content=\"en_US\" \/>\n<meta property=\"og:type\" content=\"article\" \/>\n<meta property=\"og:title\" content=\"Chain 09 | Mademoiselle Coline | Barcelona &amp; Par\u00eds\" \/>\n<meta property=\"og:description\" content=\"Chain 09. Cada joya, una a una, est\u00e1 hecha a mano de manera artesanal con metales reciclados en el taller de joyer\u00eda en Barcelona.\" \/>\n<meta property=\"og:url\" content=\"https:\/\/mademoisellecoline.com\/en\/product\/chain-09\/\" \/>\n<meta property=\"og:site_name\" content=\"Mademoiselle Coline\" \/>\n<meta property=\"article:publisher\" content=\"https:\/\/www.facebook.com\/mademoisellecoline\" \/>\n<meta property=\"article:modified_time\" content=\"2026-04-21T15:53:50+00:00\" \/>\n<meta property=\"og:image\" content=\"https:\/\/mademoisellecoline.com\/wp-content\/uploads\/2026\/04\/handmade-jewelry-chain-mademoiselle-coline.-.jpg\" \/>\n\t<meta property=\"og:image:width\" content=\"1500\" \/>\n\t<meta property=\"og:image:height\" content=\"1500\" \/>\n\t<meta property=\"og:image:type\" content=\"image\/jpeg\" \/>\n<meta name=\"twitter:card\" content=\"summary_large_image\" \/>\n<script type=\"application\/ld+json\" class=\"yoast-schema-graph\">{\"@context\":\"https:\\\/\\\/schema.org\",\"@graph\":[{\"@type\":\"WebPage\",\"@id\":\"https:\\\/\\\/mademoisellecoline.com\\\/en\\\/product\\\/chain-09\\\/\",\"url\":\"https:\\\/\\\/mademoisellecoline.com\\\/en\\\/product\\\/chain-09\\\/\",\"name\":\"Chain 09 | Mademoiselle Coline | Barcelona & Par\u00eds\",\"isPartOf\":{\"@id\":\"https:\\\/\\\/mademoisellecoline.com\\\/en\\\/#website\"},\"primaryImageOfPage\":{\"@id\":\"https:\\\/\\\/mademoisellecoline.com\\\/en\\\/product\\\/chain-09\\\/#primaryimage\"},\"image\":{\"@id\":\"https:\\\/\\\/mademoisellecoline.com\\\/en\\\/product\\\/chain-09\\\/#primaryimage\"},\"thumbnailUrl\":\"https:\\\/\\\/mademoisellecoline.com\\\/wp-content\\\/uploads\\\/2026\\\/04\\\/handmade-jewelry-chain-mademoiselle-coline.-.jpg\",\"datePublished\":\"2026-03-25T12:07:59+00:00\",\"dateModified\":\"2026-04-21T15:53:50+00:00\",\"description\":\"Chain 09. Cada joya, una a una, est\u00e1 hecha a mano de manera artesanal con metales reciclados en el taller de joyer\u00eda en Barcelona.\",\"breadcrumb\":{\"@id\":\"https:\\\/\\\/mademoisellecoline.com\\\/en\\\/product\\\/chain-09\\\/#breadcrumb\"},\"inLanguage\":\"en-US\",\"potentialAction\":[{\"@type\":\"ReadAction\",\"target\":[\"https:\\\/\\\/mademoisellecoline.com\\\/en\\\/product\\\/chain-09\\\/\"]}]},{\"@type\":\"ImageObject\",\"inLanguage\":\"en-US\",\"@id\":\"https:\\\/\\\/mademoisellecoline.com\\\/en\\\/product\\\/chain-09\\\/#primaryimage\",\"url\":\"https:\\\/\\\/mademoisellecoline.com\\\/wp-content\\\/uploads\\\/2026\\\/04\\\/handmade-jewelry-chain-mademoiselle-coline.-.jpg\",\"contentUrl\":\"https:\\\/\\\/mademoisellecoline.com\\\/wp-content\\\/uploads\\\/2026\\\/04\\\/handmade-jewelry-chain-mademoiselle-coline.-.jpg\",\"width\":1500,\"height\":1500},{\"@type\":\"BreadcrumbList\",\"@id\":\"https:\\\/\\\/mademoisellecoline.com\\\/en\\\/product\\\/chain-09\\\/#breadcrumb\",\"itemListElement\":[{\"@type\":\"ListItem\",\"position\":1,\"name\":\"Portada\",\"item\":\"https:\\\/\\\/mademoisellecoline.com\\\/en\\\/\"},{\"@type\":\"ListItem\",\"position\":2,\"name\":\"Artisanal jewelry\",\"item\":\"https:\\\/\\\/mademoisellecoline.com\\\/en\\\/shop-artisanal-jewelry\\\/\"},{\"@type\":\"ListItem\",\"position\":3,\"name\":\"Chain 09\"}]},{\"@type\":\"WebSite\",\"@id\":\"https:\\\/\\\/mademoisellecoline.com\\\/en\\\/#website\",\"url\":\"https:\\\/\\\/mademoisellecoline.com\\\/en\\\/\",\"name\":\"Mademoiselle Coline\",\"description\":\"Joyas delicadas, c\u00e1lidas y arm\u00f3nicas\",\"publisher\":{\"@id\":\"https:\\\/\\\/mademoisellecoline.com\\\/en\\\/#\\\/schema\\\/person\\\/a87a3358725ddb0d57e86600da53e416\"},\"potentialAction\":[{\"@type\":\"SearchAction\",\"target\":{\"@type\":\"EntryPoint\",\"urlTemplate\":\"https:\\\/\\\/mademoisellecoline.com\\\/en\\\/?s={search_term_string}\"},\"query-input\":{\"@type\":\"PropertyValueSpecification\",\"valueRequired\":true,\"valueName\":\"search_term_string\"}}],\"inLanguage\":\"en-US\"},{\"@type\":[\"Person\",\"Organization\"],\"@id\":\"https:\\\/\\\/mademoisellecoline.com\\\/en\\\/#\\\/schema\\\/person\\\/a87a3358725ddb0d57e86600da53e416\",\"name\":\"Mademoiselle Coline\",\"image\":{\"@type\":\"ImageObject\",\"inLanguage\":\"en-US\",\"@id\":\"https:\\\/\\\/mademoisellecoline.com\\\/wp-content\\\/uploads\\\/2024\\\/01\\\/ColineNeg.jpg\",\"url\":\"https:\\\/\\\/mademoisellecoline.com\\\/wp-content\\\/uploads\\\/2024\\\/01\\\/ColineNeg.jpg\",\"contentUrl\":\"https:\\\/\\\/mademoisellecoline.com\\\/wp-content\\\/uploads\\\/2024\\\/01\\\/ColineNeg.jpg\",\"width\":584,\"height\":349,\"caption\":\"Mademoiselle Coline\"},\"logo\":{\"@id\":\"https:\\\/\\\/mademoisellecoline.com\\\/wp-content\\\/uploads\\\/2024\\\/01\\\/ColineNeg.jpg\"},\"sameAs\":[\"https:\\\/\\\/www.facebook.com\\\/mademoisellecoline\",\"https:\\\/\\\/www.instagram.com\\\/mademoiselle_coline\\\/\"]}]}<\/script>\n<!-- \/ Yoast SEO plugin. -->","yoast_head_json":{"title":"Chain 09 | Mademoiselle Coline | Barcelona & Par\u00eds","description":"Chain 09. Cada joya, una a una, est\u00e1 hecha a mano de manera artesanal con metales reciclados en el taller de joyer\u00eda en Barcelona.","robots":{"index":"index","follow":"follow","max-snippet":"max-snippet:-1","max-image-preview":"max-image-preview:large","max-video-preview":"max-video-preview:-1"},"canonical":"https:\/\/mademoisellecoline.com\/en\/product\/chain-09\/","og_locale":"en_US","og_type":"article","og_title":"Chain 09 | Mademoiselle Coline | Barcelona & Par\u00eds","og_description":"Chain 09. Cada joya, una a una, est\u00e1 hecha a mano de manera artesanal con metales reciclados en el taller de joyer\u00eda en Barcelona.","og_url":"https:\/\/mademoisellecoline.com\/en\/product\/chain-09\/","og_site_name":"Mademoiselle Coline","article_publisher":"https:\/\/www.facebook.com\/mademoisellecoline","article_modified_time":"2026-04-21T15:53:50+00:00","og_image":[{"width":1500,"height":1500,"url":"https:\/\/mademoisellecoline.com\/wp-content\/uploads\/2026\/04\/handmade-jewelry-chain-mademoiselle-coline.-.jpg","type":"image\/jpeg"}],"twitter_card":"summary_large_image","schema":{"@context":"https:\/\/schema.org","@graph":[{"@type":"WebPage","@id":"https:\/\/mademoisellecoline.com\/en\/product\/chain-09\/","url":"https:\/\/mademoisellecoline.com\/en\/product\/chain-09\/","name":"Chain 09 | Mademoiselle Coline | Barcelona & Par\u00eds","isPartOf":{"@id":"https:\/\/mademoisellecoline.com\/en\/#website"},"primaryImageOfPage":{"@id":"https:\/\/mademoisellecoline.com\/en\/product\/chain-09\/#primaryimage"},"image":{"@id":"https:\/\/mademoisellecoline.com\/en\/product\/chain-09\/#primaryimage"},"thumbnailUrl":"https:\/\/mademoisellecoline.com\/wp-content\/uploads\/2026\/04\/handmade-jewelry-chain-mademoiselle-coline.-.jpg","datePublished":"2026-03-25T12:07:59+00:00","dateModified":"2026-04-21T15:53:50+00:00","description":"Chain 09. Cada joya, una a una, est\u00e1 hecha a mano de manera artesanal con metales reciclados en el taller de joyer\u00eda en Barcelona.","breadcrumb":{"@id":"https:\/\/mademoisellecoline.com\/en\/product\/chain-09\/#breadcrumb"},"inLanguage":"en-US","potentialAction":[{"@type":"ReadAction","target":["https:\/\/mademoisellecoline.com\/en\/product\/chain-09\/"]}]},{"@type":"ImageObject","inLanguage":"en-US","@id":"https:\/\/mademoisellecoline.com\/en\/product\/chain-09\/#primaryimage","url":"https:\/\/mademoisellecoline.com\/wp-content\/uploads\/2026\/04\/handmade-jewelry-chain-mademoiselle-coline.-.jpg","contentUrl":"https:\/\/mademoisellecoline.com\/wp-content\/uploads\/2026\/04\/handmade-jewelry-chain-mademoiselle-coline.-.jpg","width":1500,"height":1500},{"@type":"BreadcrumbList","@id":"https:\/\/mademoisellecoline.com\/en\/product\/chain-09\/#breadcrumb","itemListElement":[{"@type":"ListItem","position":1,"name":"Portada","item":"https:\/\/mademoisellecoline.com\/en\/"},{"@type":"ListItem","position":2,"name":"Artisanal jewelry","item":"https:\/\/mademoisellecoline.com\/en\/shop-artisanal-jewelry\/"},{"@type":"ListItem","position":3,"name":"Chain 09"}]},{"@type":"WebSite","@id":"https:\/\/mademoisellecoline.com\/en\/#website","url":"https:\/\/mademoisellecoline.com\/en\/","name":"Mademoiselle Coline","description":"Joyas delicadas, c\u00e1lidas y arm\u00f3nicas","publisher":{"@id":"https:\/\/mademoisellecoline.com\/en\/#\/schema\/person\/a87a3358725ddb0d57e86600da53e416"},"potentialAction":[{"@type":"SearchAction","target":{"@type":"EntryPoint","urlTemplate":"https:\/\/mademoisellecoline.com\/en\/?s={search_term_string}"},"query-input":{"@type":"PropertyValueSpecification","valueRequired":true,"valueName":"search_term_string"}}],"inLanguage":"en-US"},{"@type":["Person","Organization"],"@id":"https:\/\/mademoisellecoline.com\/en\/#\/schema\/person\/a87a3358725ddb0d57e86600da53e416","name":"Mademoiselle Coline","image":{"@type":"ImageObject","inLanguage":"en-US","@id":"https:\/\/mademoisellecoline.com\/wp-content\/uploads\/2024\/01\/ColineNeg.jpg","url":"https:\/\/mademoisellecoline.com\/wp-content\/uploads\/2024\/01\/ColineNeg.jpg","contentUrl":"https:\/\/mademoisellecoline.com\/wp-content\/uploads\/2024\/01\/ColineNeg.jpg","width":584,"height":349,"caption":"Mademoiselle Coline"},"logo":{"@id":"https:\/\/mademoisellecoline.com\/wp-content\/uploads\/2024\/01\/ColineNeg.jpg"},"sameAs":["https:\/\/www.facebook.com\/mademoisellecoline","https:\/\/www.instagram.com\/mademoiselle_coline\/"]}]}},"_links":{"self":[{"href":"https:\/\/mademoisellecoline.com\/en\/wp-json\/wp\/v2\/product\/39533","targetHints":{"allow":["GET"]}}],"collection":[{"href":"https:\/\/mademoisellecoline.com\/en\/wp-json\/wp\/v2\/product"}],"about":[{"href":"https:\/\/mademoisellecoline.com\/en\/wp-json\/wp\/v2\/types\/product"}],"wp:featuredmedia":[{"embeddable":true,"href":"https:\/\/mademoisellecoline.com\/en\/wp-json\/wp\/v2\/media\/39830"}],"wp:attachment":[{"href":"https:\/\/mademoisellecoline.com\/en\/wp-json\/wp\/v2\/media?parent=39533"}],"wp:term":[{"taxonomy":"product_brand","embeddable":true,"href":"https:\/\/mademoisellecoline.com\/en\/wp-json\/wp\/v2\/product_brand?post=39533"},{"taxonomy":"product_cat","embeddable":true,"href":"https:\/\/mademoisellecoline.com\/en\/wp-json\/wp\/v2\/product_cat?post=39533"},{"taxonomy":"product_tag","embeddable":true,"href":"https:\/\/mademoisellecoline.com\/en\/wp-json\/wp\/v2\/product_tag?post=39533"}],"curies":[{"name":"wp","href":"https:\/\/api.w.org\/{rel}","templated":true}]}}