{"id":17969,"date":"2021-03-09T09:13:22","date_gmt":"2021-03-09T09:13:22","guid":{"rendered":"https:\/\/mademoisellecoline.com\/?page_id=17969"},"modified":"2025-04-01T11:56:39","modified_gmt":"2025-04-01T11:56:39","slug":"ethique-bijouterie-durable","status":"publish","type":"page","link":"https:\/\/mademoisellecoline.com\/fr\/ethique-bijouterie-durable\/","title":{"rendered":"Bijoux \u00e9thique"},"content":{"rendered":"<div class=\"wpb-content-wrapper\"><section class=\"content-section full-width with-col cover rella-no-padding rella-no-margin    content-section-69efc30abbb13\"><div class=\"row vc_row-fluid\"><div class=\"wpb_column col-md-12\">[vc_custom_heading text=\u00a0\u00bbDes bijoux \u00e9thiques et durables<br \/>\ndot\u00e9s d\u2019amour pour toujours\u00a0\u00bb font_container=\u00a0\u00bbtag:h1|font_size:30|text_align:center\u00a0\u00bb google_fonts=\u00a0\u00bbfont_family:Dosis%3A200%2C300%2Cregular%2C500%2C600%2C700%2C800|font_style:300%20light%20regular%3A300%3Anormal\u00a0\u00bb css=\u00a0\u00bb\u00a0\u00bb]<\/div><\/div><\/section><section  class=\"content-section full-width with-col cover rella-no-padding rella-no-margin    content-section-69efc30abbd13\"><div class=\"row vc_row-fluid\"><div class=\"wpb_column col-md-3 hidden-xs\"><section  class=\"content-section full-width with-col cover rella-no-padding rella-no-margin    content-section-69efc30abc05d\"><div class=\"row vc_row-fluid\"><div class=\"wpb_column col-md-12\"><h3  class=\"banner-heading font-alt mb-30 mb-xxs-10\" >Bijoux \u00e9thique<\/h3><\/div><\/div><\/section><\/div><div class=\"wpb_column col-md-6\"><section  class=\"content-section full-width with-col cover rella-no-padding rella-no-margin    content-section-69efc30abc2cc\"><div class=\"row vc_row-fluid\"><div class=\"wpb_column col-md-12\">[vc_single_image image=\u00a0\u00bb23775&Prime; img_size=\u00a0\u00bbfull\u00a0\u00bb alignment=\u00a0\u00bbright\u00a0\u00bb onclick=\u00a0\u00bbcustom_link\u00a0\u00bb css=\u00a0\u00bb\u00a0\u00bb el_class=\u00a0\u00bbocultarDesk\u00a0\u00bb]<div class=\"section-text text-block \" ><p>Mademoiselle Coline, depuis sa cr\u00e9ation, est intrins\u00e8quement li\u00e9e \u00e0 la r\u00e9cup\u00e9ration, la restauration et la r\u00e9utilisation. Une production artisanale, \u00e9thique et durable qui poursuit une croissance contr\u00f4l\u00e9e et limit\u00e9e.<br \/>\nChaque bijou est cr\u00e9\u00e9e \u00e0 la main avec des m\u00e9taux recycl\u00e9s issus de l\u2019Union europ\u00e9enne. Nos fournisseurs d\u2019or et d\u2019argent, certifi\u00e9s par le Responsible Jewellery Council (RJC), garantissent un processus tra\u00e7able et responsable. De plus, nous collaborons avec des fournisseurs locaux et adaptons la production au rythme de la demande.<br \/>\nNotre objectif final : donner vie, avec nos mains, \u00e0 des pi\u00e8ces durables, des pi\u00e8ces pour toujours, dot\u00e9es d\u2019amour pour la vie.<\/p>\n<\/div><\/div><\/div><\/section><\/div><div class=\"wpb_column col-md-3 hidden-xs\">[vc_single_image image=\u00a0\u00bb23775&Prime; img_size=\u00a0\u00bbfull\u00a0\u00bb alignment=\u00a0\u00bbright\u00a0\u00bb onclick=\u00a0\u00bbcustom_link\u00a0\u00bb]<\/div><\/div><\/section><section  class=\"content-section full-width with-col cover custom-padding rella-no-margin    content-section-69efc30abc52a\"><div class=\"row vc_row-fluid\"><div class=\"wpb_column col-md-3\"><\/div><div class=\"wpb_column col-md-6\"><section  class=\"content-section full-width with-col cover rella-no-padding rella-no-margin    content-section-69efc30abc6aa\"><div class=\"row vc_row-fluid\"><div class=\"wpb_column col-md-6\">[vc_single_image image=\u00a0\u00bb23797&Prime; img_size=\u00a0\u00bbfull\u00a0\u00bb onclick=\u00a0\u00bbcustom_link\u00a0\u00bb]<\/div><div class=\"wpb_column col-md-6\">[vc_single_image image=\u00a0\u00bb23755&Prime; img_size=\u00a0\u00bbfull\u00a0\u00bb onclick=\u00a0\u00bbcustom_link\u00a0\u00bb]<\/div><\/div><\/section><\/div><div class=\"wpb_column col-md-3\"><\/div><\/div><\/section><section  class=\"content-section full-width with-col cover rella-no-padding rella-no-margin    content-section-69efc30abc821\"><div class=\"row vc_row-fluid\"><div class=\"wpb_column col-md-3\"><\/div><div class=\"wpb_column col-md-6\">[vc_custom_heading text=\u00a0\u00bbD\u00e9couvrez notre Boutique en Ligne<br \/>\nBijoux \u00c9thiques et Durables\u00a0\u00bb font_container=\u00a0\u00bbtag:h2|font_size:25|text_align:center\u00a0\u00bb google_fonts=\u00a0\u00bbfont_family:Dosis%3A200%2C300%2Cregular%2C500%2C600%2C700%2C800|font_style:300%20light%20regular%3A300%3Anormal\u00a0\u00bb css=\u00a0\u00bb\u00a0\u00bb link=\u00a0\u00bburl:https%3A%2F%2Fmademoisellecoline.com%2Ffr%2Fboutique-bijoux-faits-main%2F|title:SHOP\u00a0\u00bb]<\/div><div class=\"wpb_column col-md-3\"><\/div><\/div><\/section>\n<\/div>","protected":false},"excerpt":{"rendered":"[vc_custom_heading text=\"Des bijoux \u00e9thiques et durables dot\u00e9s d\u2019amour pour toujours\" font_container=\"tag:h1|font_size:30|text_align:center\" google_fonts=\"font_family:Dosis%3A200%2C300%2Cregular%2C500%2C600%2C700%2C800|font_style:300%20light%20regular%3A300%3Anormal\" css=\"\"]Bijoux \u00e9thique[vc_single_image image=\"23775\" img_size=\"full\" alignment=\"right\" onclick=\"custom_link\" css=\"\" el_class=\"ocultarDesk\"]Mademoiselle Coline, depuis sa cr\u00e9ation, est intrins\u00e8quement li\u00e9e \u00e0 la r\u00e9cup\u00e9ration, la restauration et la r\u00e9utilisation. Une production artisanale, \u00e9thique et durable qui poursuit une croissance contr\u00f4l\u00e9e et limit\u00e9e. Chaque bijou est cr\u00e9\u00e9e \u00e0 la main","protected":false},"author":1,"featured_media":23755,"parent":0,"menu_order":0,"comment_status":"closed","ping_status":"closed","template":"","meta":{"_joinchat":[],"footnotes":""},"class_list":["post-17969","page","type-page","status-publish","has-post-thumbnail","hentry"],"yoast_head":"<!-- This site is optimized with the Yoast SEO plugin v27.4 - https:\/\/yoast.com\/product\/yoast-seo-wordpress\/ -->\n<title>Bijoux \u00e9thiques et durables Paris Barcelone | Mademoiselle Coline<\/title>\n<meta name=\"description\" content=\"D\u00e9couvrez nos bijoux uniques faits \u00e0 la main avec des m\u00e9taux recycl\u00e9s. Visitez-nous dans notre atelier de bijouterie \u00e0 Barcelone.\" \/>\n<meta name=\"robots\" content=\"index, follow, max-snippet:-1, max-image-preview:large, max-video-preview:-1\" \/>\n<link rel=\"canonical\" href=\"https:\/\/mademoisellecoline.com\/fr\/ethique-bijouterie-durable\/\" \/>\n<meta property=\"og:locale\" content=\"fr_FR\" \/>\n<meta property=\"og:type\" content=\"article\" \/>\n<meta property=\"og:title\" content=\"Bijoux \u00e9thiques et durables Paris Barcelone | Mademoiselle Coline\" \/>\n<meta property=\"og:description\" content=\"D\u00e9couvrez nos bijoux uniques faits \u00e0 la main avec des m\u00e9taux recycl\u00e9s. Visitez-nous dans notre atelier de bijouterie \u00e0 Barcelone.\" \/>\n<meta property=\"og:url\" content=\"https:\/\/mademoisellecoline.com\/fr\/ethique-bijouterie-durable\/\" \/>\n<meta property=\"og:site_name\" content=\"Mademoiselle Coline\" \/>\n<meta property=\"article:publisher\" content=\"https:\/\/www.facebook.com\/mademoisellecoline\" \/>\n<meta property=\"article:modified_time\" content=\"2025-04-01T11:56:39+00:00\" \/>\n<meta property=\"og:image\" content=\"https:\/\/mademoisellecoline.com\/wp-content\/uploads\/2022\/02\/oneofakind-artisan-handmade-jewelry-sustainable-coline.jpg\" \/>\n\t<meta property=\"og:image:width\" content=\"1320\" \/>\n\t<meta property=\"og:image:height\" content=\"990\" \/>\n\t<meta property=\"og:image:type\" content=\"image\/jpeg\" \/>\n<meta name=\"twitter:card\" content=\"summary_large_image\" \/>\n<meta name=\"twitter:label1\" content=\"Dur\u00e9e de lecture estim\u00e9e\" \/>\n\t<meta name=\"twitter:data1\" content=\"2 minutes\" \/>\n<script type=\"application\/ld+json\" class=\"yoast-schema-graph\">{\"@context\":\"https:\\\/\\\/schema.org\",\"@graph\":[{\"@type\":\"WebPage\",\"@id\":\"https:\\\/\\\/mademoisellecoline.com\\\/fr\\\/ethique-bijouterie-durable\\\/\",\"url\":\"https:\\\/\\\/mademoisellecoline.com\\\/fr\\\/ethique-bijouterie-durable\\\/\",\"name\":\"Bijoux \u00e9thiques et durables Paris Barcelone | Mademoiselle Coline\",\"isPartOf\":{\"@id\":\"https:\\\/\\\/mademoisellecoline.com\\\/en\\\/#website\"},\"primaryImageOfPage\":{\"@id\":\"https:\\\/\\\/mademoisellecoline.com\\\/fr\\\/ethique-bijouterie-durable\\\/#primaryimage\"},\"image\":{\"@id\":\"https:\\\/\\\/mademoisellecoline.com\\\/fr\\\/ethique-bijouterie-durable\\\/#primaryimage\"},\"thumbnailUrl\":\"https:\\\/\\\/mademoisellecoline.com\\\/wp-content\\\/uploads\\\/2022\\\/02\\\/oneofakind-artisan-handmade-jewelry-sustainable-coline.jpg\",\"datePublished\":\"2021-03-09T09:13:22+00:00\",\"dateModified\":\"2025-04-01T11:56:39+00:00\",\"description\":\"D\u00e9couvrez nos bijoux uniques faits \u00e0 la main avec des m\u00e9taux recycl\u00e9s. Visitez-nous dans notre atelier de bijouterie \u00e0 Barcelone.\",\"breadcrumb\":{\"@id\":\"https:\\\/\\\/mademoisellecoline.com\\\/fr\\\/ethique-bijouterie-durable\\\/#breadcrumb\"},\"inLanguage\":\"fr-FR\",\"potentialAction\":[{\"@type\":\"ReadAction\",\"target\":[\"https:\\\/\\\/mademoisellecoline.com\\\/fr\\\/ethique-bijouterie-durable\\\/\"]}]},{\"@type\":\"ImageObject\",\"inLanguage\":\"fr-FR\",\"@id\":\"https:\\\/\\\/mademoisellecoline.com\\\/fr\\\/ethique-bijouterie-durable\\\/#primaryimage\",\"url\":\"https:\\\/\\\/mademoisellecoline.com\\\/wp-content\\\/uploads\\\/2022\\\/02\\\/oneofakind-artisan-handmade-jewelry-sustainable-coline.jpg\",\"contentUrl\":\"https:\\\/\\\/mademoisellecoline.com\\\/wp-content\\\/uploads\\\/2022\\\/02\\\/oneofakind-artisan-handmade-jewelry-sustainable-coline.jpg\",\"width\":1320,\"height\":990},{\"@type\":\"BreadcrumbList\",\"@id\":\"https:\\\/\\\/mademoisellecoline.com\\\/fr\\\/ethique-bijouterie-durable\\\/#breadcrumb\",\"itemListElement\":[{\"@type\":\"ListItem\",\"position\":1,\"name\":\"Portada\",\"item\":\"https:\\\/\\\/mademoisellecoline.com\\\/fr\\\/\"},{\"@type\":\"ListItem\",\"position\":2,\"name\":\"Bijoux \u00e9thique\"}]},{\"@type\":\"WebSite\",\"@id\":\"https:\\\/\\\/mademoisellecoline.com\\\/en\\\/#website\",\"url\":\"https:\\\/\\\/mademoisellecoline.com\\\/en\\\/\",\"name\":\"Mademoiselle Coline\",\"description\":\"Joyas delicadas, c\u00e1lidas y arm\u00f3nicas\",\"publisher\":{\"@id\":\"https:\\\/\\\/mademoisellecoline.com\\\/en\\\/#\\\/schema\\\/person\\\/a87a3358725ddb0d57e86600da53e416\"},\"potentialAction\":[{\"@type\":\"SearchAction\",\"target\":{\"@type\":\"EntryPoint\",\"urlTemplate\":\"https:\\\/\\\/mademoisellecoline.com\\\/en\\\/?s={search_term_string}\"},\"query-input\":{\"@type\":\"PropertyValueSpecification\",\"valueRequired\":true,\"valueName\":\"search_term_string\"}}],\"inLanguage\":\"fr-FR\"},{\"@type\":[\"Person\",\"Organization\"],\"@id\":\"https:\\\/\\\/mademoisellecoline.com\\\/en\\\/#\\\/schema\\\/person\\\/a87a3358725ddb0d57e86600da53e416\",\"name\":\"Mademoiselle Coline\",\"image\":{\"@type\":\"ImageObject\",\"inLanguage\":\"fr-FR\",\"@id\":\"https:\\\/\\\/mademoisellecoline.com\\\/wp-content\\\/uploads\\\/2024\\\/01\\\/ColineNeg.jpg\",\"url\":\"https:\\\/\\\/mademoisellecoline.com\\\/wp-content\\\/uploads\\\/2024\\\/01\\\/ColineNeg.jpg\",\"contentUrl\":\"https:\\\/\\\/mademoisellecoline.com\\\/wp-content\\\/uploads\\\/2024\\\/01\\\/ColineNeg.jpg\",\"width\":584,\"height\":349,\"caption\":\"Mademoiselle Coline\"},\"logo\":{\"@id\":\"https:\\\/\\\/mademoisellecoline.com\\\/wp-content\\\/uploads\\\/2024\\\/01\\\/ColineNeg.jpg\"},\"sameAs\":[\"https:\\\/\\\/www.facebook.com\\\/mademoisellecoline\",\"https:\\\/\\\/www.instagram.com\\\/mademoiselle_coline\\\/\"]}]}<\/script>\n<!-- \/ Yoast SEO plugin. -->","yoast_head_json":{"title":"Bijoux \u00e9thiques et durables Paris Barcelone | Mademoiselle Coline","description":"D\u00e9couvrez nos bijoux uniques faits \u00e0 la main avec des m\u00e9taux recycl\u00e9s. Visitez-nous dans notre atelier de bijouterie \u00e0 Barcelone.","robots":{"index":"index","follow":"follow","max-snippet":"max-snippet:-1","max-image-preview":"max-image-preview:large","max-video-preview":"max-video-preview:-1"},"canonical":"https:\/\/mademoisellecoline.com\/fr\/ethique-bijouterie-durable\/","og_locale":"fr_FR","og_type":"article","og_title":"Bijoux \u00e9thiques et durables Paris Barcelone | Mademoiselle Coline","og_description":"D\u00e9couvrez nos bijoux uniques faits \u00e0 la main avec des m\u00e9taux recycl\u00e9s. Visitez-nous dans notre atelier de bijouterie \u00e0 Barcelone.","og_url":"https:\/\/mademoisellecoline.com\/fr\/ethique-bijouterie-durable\/","og_site_name":"Mademoiselle Coline","article_publisher":"https:\/\/www.facebook.com\/mademoisellecoline","article_modified_time":"2025-04-01T11:56:39+00:00","og_image":[{"width":1320,"height":990,"url":"https:\/\/mademoisellecoline.com\/wp-content\/uploads\/2022\/02\/oneofakind-artisan-handmade-jewelry-sustainable-coline.jpg","type":"image\/jpeg"}],"twitter_card":"summary_large_image","twitter_misc":{"Dur\u00e9e de lecture estim\u00e9e":"2 minutes"},"schema":{"@context":"https:\/\/schema.org","@graph":[{"@type":"WebPage","@id":"https:\/\/mademoisellecoline.com\/fr\/ethique-bijouterie-durable\/","url":"https:\/\/mademoisellecoline.com\/fr\/ethique-bijouterie-durable\/","name":"Bijoux \u00e9thiques et durables Paris Barcelone | Mademoiselle Coline","isPartOf":{"@id":"https:\/\/mademoisellecoline.com\/en\/#website"},"primaryImageOfPage":{"@id":"https:\/\/mademoisellecoline.com\/fr\/ethique-bijouterie-durable\/#primaryimage"},"image":{"@id":"https:\/\/mademoisellecoline.com\/fr\/ethique-bijouterie-durable\/#primaryimage"},"thumbnailUrl":"https:\/\/mademoisellecoline.com\/wp-content\/uploads\/2022\/02\/oneofakind-artisan-handmade-jewelry-sustainable-coline.jpg","datePublished":"2021-03-09T09:13:22+00:00","dateModified":"2025-04-01T11:56:39+00:00","description":"D\u00e9couvrez nos bijoux uniques faits \u00e0 la main avec des m\u00e9taux recycl\u00e9s. Visitez-nous dans notre atelier de bijouterie \u00e0 Barcelone.","breadcrumb":{"@id":"https:\/\/mademoisellecoline.com\/fr\/ethique-bijouterie-durable\/#breadcrumb"},"inLanguage":"fr-FR","potentialAction":[{"@type":"ReadAction","target":["https:\/\/mademoisellecoline.com\/fr\/ethique-bijouterie-durable\/"]}]},{"@type":"ImageObject","inLanguage":"fr-FR","@id":"https:\/\/mademoisellecoline.com\/fr\/ethique-bijouterie-durable\/#primaryimage","url":"https:\/\/mademoisellecoline.com\/wp-content\/uploads\/2022\/02\/oneofakind-artisan-handmade-jewelry-sustainable-coline.jpg","contentUrl":"https:\/\/mademoisellecoline.com\/wp-content\/uploads\/2022\/02\/oneofakind-artisan-handmade-jewelry-sustainable-coline.jpg","width":1320,"height":990},{"@type":"BreadcrumbList","@id":"https:\/\/mademoisellecoline.com\/fr\/ethique-bijouterie-durable\/#breadcrumb","itemListElement":[{"@type":"ListItem","position":1,"name":"Portada","item":"https:\/\/mademoisellecoline.com\/fr\/"},{"@type":"ListItem","position":2,"name":"Bijoux \u00e9thique"}]},{"@type":"WebSite","@id":"https:\/\/mademoisellecoline.com\/en\/#website","url":"https:\/\/mademoisellecoline.com\/en\/","name":"Mademoiselle Coline","description":"Joyas delicadas, c\u00e1lidas y arm\u00f3nicas","publisher":{"@id":"https:\/\/mademoisellecoline.com\/en\/#\/schema\/person\/a87a3358725ddb0d57e86600da53e416"},"potentialAction":[{"@type":"SearchAction","target":{"@type":"EntryPoint","urlTemplate":"https:\/\/mademoisellecoline.com\/en\/?s={search_term_string}"},"query-input":{"@type":"PropertyValueSpecification","valueRequired":true,"valueName":"search_term_string"}}],"inLanguage":"fr-FR"},{"@type":["Person","Organization"],"@id":"https:\/\/mademoisellecoline.com\/en\/#\/schema\/person\/a87a3358725ddb0d57e86600da53e416","name":"Mademoiselle Coline","image":{"@type":"ImageObject","inLanguage":"fr-FR","@id":"https:\/\/mademoisellecoline.com\/wp-content\/uploads\/2024\/01\/ColineNeg.jpg","url":"https:\/\/mademoisellecoline.com\/wp-content\/uploads\/2024\/01\/ColineNeg.jpg","contentUrl":"https:\/\/mademoisellecoline.com\/wp-content\/uploads\/2024\/01\/ColineNeg.jpg","width":584,"height":349,"caption":"Mademoiselle Coline"},"logo":{"@id":"https:\/\/mademoisellecoline.com\/wp-content\/uploads\/2024\/01\/ColineNeg.jpg"},"sameAs":["https:\/\/www.facebook.com\/mademoisellecoline","https:\/\/www.instagram.com\/mademoiselle_coline\/"]}]}},"_links":{"self":[{"href":"https:\/\/mademoisellecoline.com\/fr\/wp-json\/wp\/v2\/pages\/17969","targetHints":{"allow":["GET"]}}],"collection":[{"href":"https:\/\/mademoisellecoline.com\/fr\/wp-json\/wp\/v2\/pages"}],"about":[{"href":"https:\/\/mademoisellecoline.com\/fr\/wp-json\/wp\/v2\/types\/page"}],"author":[{"embeddable":true,"href":"https:\/\/mademoisellecoline.com\/fr\/wp-json\/wp\/v2\/users\/1"}],"replies":[{"embeddable":true,"href":"https:\/\/mademoisellecoline.com\/fr\/wp-json\/wp\/v2\/comments?post=17969"}],"version-history":[{"count":5,"href":"https:\/\/mademoisellecoline.com\/fr\/wp-json\/wp\/v2\/pages\/17969\/revisions"}],"predecessor-version":[{"id":36596,"href":"https:\/\/mademoisellecoline.com\/fr\/wp-json\/wp\/v2\/pages\/17969\/revisions\/36596"}],"wp:featuredmedia":[{"embeddable":true,"href":"https:\/\/mademoisellecoline.com\/fr\/wp-json\/wp\/v2\/media\/23755"}],"wp:attachment":[{"href":"https:\/\/mademoisellecoline.com\/fr\/wp-json\/wp\/v2\/media?parent=17969"}],"curies":[{"name":"wp","href":"https:\/\/api.w.org\/{rel}","templated":true}]}}