{"id":17978,"date":"2021-03-08T16:37:55","date_gmt":"2021-03-08T16:37:55","guid":{"rendered":"https:\/\/mademoisellecoline.com\/?page_id=17978"},"modified":"2025-09-26T08:13:31","modified_gmt":"2025-09-26T08:13:31","slug":"boutique-bijoux-faits-main-2","status":"publish","type":"page","link":"https:\/\/mademoisellecoline.com\/fr\/boutique-bijoux-faits-main-2\/","title":{"rendered":"SHOP"},"content":{"rendered":"<div class=\"wpb-content-wrapper\"><section class=\"content-section full-width with-col cover rella-no-padding rella-no-margin   shop  content-section-69efc30ab92ac\"><div class=\"row vc_row-fluid\"><div class=\"wpb_column col-md-6 hidden-sm hidden-xs\">[vc_empty_space height=\u00a0\u00bb30px\u00a0\u00bb el_class=\u00a0\u00bbhide-movil\u00a0\u00bb][vc_single_image image=\u00a0\u00bb34906&Prime; img_size=\u00a0\u00bbfull\u00a0\u00bb onclick=\u00a0\u00bbcustom_link\u00a0\u00bb css_animation=\u00a0\u00bbbottom-to-top\u00a0\u00bb css=\u00a0\u00bb\u00a0\u00bb link=\u00a0\u00bbhttps:\/\/mademoisellecoline.com\/fr\/bijoux\/bagues-artisanales\/\u00a0\u00bb][vc_empty_space height=\u00a0\u00bb30px\u00a0\u00bb el_class=\u00a0\u00bbhide-movil\u00a0\u00bb][vc_single_image image=\u00a0\u00bb37254&Prime; img_size=\u00a0\u00bbfull\u00a0\u00bb onclick=\u00a0\u00bbcustom_link\u00a0\u00bb css_animation=\u00a0\u00bbbottom-to-top\u00a0\u00bb css=\u00a0\u00bb\u00a0\u00bb link=\u00a0\u00bbhttps:\/\/mademoisellecoline.com\/fr\/bijoux\/pendentifs-artisanaux-fr\/\u00a0\u00bb][vc_empty_space height=\u00a0\u00bb30px\u00a0\u00bb el_class=\u00a0\u00bbhide-movil\u00a0\u00bb][vc_single_image image=\u00a0\u00bb34966&Prime; img_size=\u00a0\u00bbfull\u00a0\u00bb onclick=\u00a0\u00bbcustom_link\u00a0\u00bb css_animation=\u00a0\u00bbfadeInUp\u00a0\u00bb css=\u00a0\u00bb\u00a0\u00bb link=\u00a0\u00bbhttps:\/\/mademoisellecoline.com\/fr\/bijoux\/bracelets-artisanaux\/\u00a0\u00bb][vc_empty_space height=\u00a0\u00bb30px\u00a0\u00bb el_class=\u00a0\u00bbhide-movil\u00a0\u00bb][vc_single_image image=\u00a0\u00bb34950&Prime; img_size=\u00a0\u00bbfull\u00a0\u00bb onclick=\u00a0\u00bbcustom_link\u00a0\u00bb css_animation=\u00a0\u00bbfadeInUp\u00a0\u00bb css=\u00a0\u00bb\u00a0\u00bb link=\u00a0\u00bbhttps:\/\/mademoisellecoline.com\/fr\/bijoux\/pieces-uniques-bijoux-artisanaux\/\u00a0\u00bb]<\/div><div class=\"wpb_column col-md-6 hidden-sm hidden-xs\">[vc_empty_space height=\u00a0\u00bb240px\u00a0\u00bb el_class=\u00a0\u00bbhide-movil\u00a0\u00bb][vc_single_image image=\u00a0\u00bb34938&Prime; img_size=\u00a0\u00bbfull\u00a0\u00bb onclick=\u00a0\u00bbcustom_link\u00a0\u00bb css_animation=\u00a0\u00bbfadeInUp\u00a0\u00bb css=\u00a0\u00bb\u00a0\u00bb link=\u00a0\u00bbhttps:\/\/mademoisellecoline.com\/fr\/bijoux\/colliers-faits-main\/\u00a0\u00bb][vc_empty_space height=\u00a0\u00bb30px\u00a0\u00bb el_class=\u00a0\u00bbhide-movil\u00a0\u00bb][vc_single_image image=\u00a0\u00bb34922&Prime; img_size=\u00a0\u00bbfull\u00a0\u00bb onclick=\u00a0\u00bbcustom_link\u00a0\u00bb css_animation=\u00a0\u00bbfadeInUp\u00a0\u00bb css=\u00a0\u00bb\u00a0\u00bb link=\u00a0\u00bbhttps:\/\/mademoisellecoline.com\/fr\/bijoux\/boucles-doreilles-faites-main\/\u00a0\u00bb][vc_empty_space height=\u00a0\u00bb30px\u00a0\u00bb el_class=\u00a0\u00bbhide-movil\u00a0\u00bb][vc_single_image image=\u00a0\u00bb34886&Prime; img_size=\u00a0\u00bbfull\u00a0\u00bb onclick=\u00a0\u00bbcustom_link\u00a0\u00bb css_animation=\u00a0\u00bbfadeInUp\u00a0\u00bb css=\u00a0\u00bb\u00a0\u00bb link=\u00a0\u00bbhttps:\/\/mademoisellecoline.com\/fr\/collections-bijoux-faits-main-ethiques-2\/atelier-coline-sur-mesure-2\/\u00a0\u00bb][vc_empty_space height=\u00a0\u00bb30px\u00a0\u00bb el_class=\u00a0\u00bbhide-movil\u00a0\u00bb][vc_single_image image=\u00a0\u00bb37258&Prime; img_size=\u00a0\u00bbfull\u00a0\u00bb onclick=\u00a0\u00bbcustom_link\u00a0\u00bb css_animation=\u00a0\u00bbfadeInUp\u00a0\u00bb css=\u00a0\u00bb\u00a0\u00bb link=\u00a0\u00bbhttps:\/\/mademoisellecoline.com\/fr\/bijoux\/chaines-faites-main\/\u00a0\u00bb]<\/div><\/div><\/section><section  class=\"content-section full-width with-col cover rella-no-padding rella-no-margin    content-section-69efc30ab94fe\"><div class=\"row vc_row-fluid\"><div class=\"wpb_column col-md-12 hidden-lg hidden-md\">[vc_single_image image=\u00a0\u00bb34906&Prime; img_size=\u00a0\u00bbfull\u00a0\u00bb onclick=\u00a0\u00bbcustom_link\u00a0\u00bb css_animation=\u00a0\u00bbnone\u00a0\u00bb css=\u00a0\u00bb\u00a0\u00bb link=\u00a0\u00bbhttps:\/\/mademoisellecoline.com\/fr\/bijoux\/bagues-artisanales\/\u00a0\u00bb][vc_single_image image=\u00a0\u00bb34938&Prime; img_size=\u00a0\u00bbfull\u00a0\u00bb onclick=\u00a0\u00bbcustom_link\u00a0\u00bb css_animation=\u00a0\u00bbnone\u00a0\u00bb css=\u00a0\u00bb\u00a0\u00bb link=\u00a0\u00bbhttps:\/\/mademoisellecoline.com\/fr\/bijoux\/colliers-faits-main\/\u00a0\u00bb][vc_single_image image=\u00a0\u00bb37254&Prime; img_size=\u00a0\u00bbfull\u00a0\u00bb onclick=\u00a0\u00bbcustom_link\u00a0\u00bb css_animation=\u00a0\u00bbnone\u00a0\u00bb css=\u00a0\u00bb\u00a0\u00bb link=\u00a0\u00bbhttps:\/\/mademoisellecoline.com\/fr\/bijoux\/pendentifs-artisanaux-fr\/\u00a0\u00bb][vc_single_image image=\u00a0\u00bb34922&Prime; img_size=\u00a0\u00bbfull\u00a0\u00bb onclick=\u00a0\u00bbcustom_link\u00a0\u00bb css_animation=\u00a0\u00bbnone\u00a0\u00bb css=\u00a0\u00bb\u00a0\u00bb link=\u00a0\u00bbhttps:\/\/mademoisellecoline.com\/fr\/bijoux\/boucles-doreilles-faites-main\/\u00a0\u00bb][vc_single_image image=\u00a0\u00bb34966&Prime; img_size=\u00a0\u00bbfull\u00a0\u00bb onclick=\u00a0\u00bbcustom_link\u00a0\u00bb css_animation=\u00a0\u00bbnone\u00a0\u00bb css=\u00a0\u00bb\u00a0\u00bb link=\u00a0\u00bbhttps:\/\/mademoisellecoline.com\/fr\/bijoux\/bracelets-artisanaux\/\u00a0\u00bb][vc_single_image image=\u00a0\u00bb37258&Prime; img_size=\u00a0\u00bbfull\u00a0\u00bb onclick=\u00a0\u00bbcustom_link\u00a0\u00bb css_animation=\u00a0\u00bbnone\u00a0\u00bb css=\u00a0\u00bb\u00a0\u00bb link=\u00a0\u00bbhttps:\/\/mademoisellecoline.com\/fr\/bijoux\/chaines-faites-main\/\u00a0\u00bb][vc_single_image image=\u00a0\u00bb34950&Prime; img_size=\u00a0\u00bbfull\u00a0\u00bb onclick=\u00a0\u00bbcustom_link\u00a0\u00bb css_animation=\u00a0\u00bbnone\u00a0\u00bb css=\u00a0\u00bb\u00a0\u00bb link=\u00a0\u00bbhttps:\/\/mademoisellecoline.com\/fr\/bijoux\/pieces-uniques-bijoux-artisanaux\/\u00a0\u00bb][vc_single_image image=\u00a0\u00bb34886&Prime; img_size=\u00a0\u00bbfull\u00a0\u00bb onclick=\u00a0\u00bbcustom_link\u00a0\u00bb css_animation=\u00a0\u00bbnone\u00a0\u00bb css=\u00a0\u00bb\u00a0\u00bb link=\u00a0\u00bbhttps:\/\/mademoisellecoline.com\/fr\/collections-bijoux-faits-main-ethiques-2\/atelier-coline-sur-mesure-2\/\u00a0\u00bb]<\/div><\/div><\/section>\n<\/div>","protected":false},"excerpt":{"rendered":"[vc_empty_space height=\"30px\" el_class=\"hide-movil\"][vc_single_image image=\"34906\" img_size=\"full\" onclick=\"custom_link\" css_animation=\"bottom-to-top\" css=\"\" link=\"https:\/\/mademoisellecoline.com\/fr\/bijoux\/bagues-artisanales\/\"][vc_empty_space height=\"30px\" el_class=\"hide-movil\"][vc_single_image image=\"37254\" img_size=\"full\" onclick=\"custom_link\" css_animation=\"bottom-to-top\" css=\"\" link=\"https:\/\/mademoisellecoline.com\/fr\/bijoux\/pendentifs-artisanaux-fr\/\"][vc_empty_space height=\"30px\" el_class=\"hide-movil\"][vc_single_image image=\"34966\" img_size=\"full\" onclick=\"custom_link\" css_animation=\"fadeInUp\" css=\"\" link=\"https:\/\/mademoisellecoline.com\/fr\/bijoux\/bracelets-artisanaux\/\"][vc_empty_space height=\"30px\" el_class=\"hide-movil\"][vc_single_image image=\"34950\" img_size=\"full\" onclick=\"custom_link\" css_animation=\"fadeInUp\" css=\"\" link=\"https:\/\/mademoisellecoline.com\/fr\/bijoux\/pieces-uniques-bijoux-artisanaux\/\"][vc_empty_space height=\"240px\" el_class=\"hide-movil\"][vc_single_image image=\"34938\" img_size=\"full\" onclick=\"custom_link\" css_animation=\"fadeInUp\" css=\"\" link=\"https:\/\/mademoisellecoline.com\/fr\/bijoux\/colliers-faits-main\/\"][vc_empty_space height=\"30px\" el_class=\"hide-movil\"][vc_single_image image=\"34922\" img_size=\"full\" onclick=\"custom_link\" css_animation=\"fadeInUp\" css=\"\" link=\"https:\/\/mademoisellecoline.com\/fr\/bijoux\/boucles-doreilles-faites-main\/\"][vc_empty_space height=\"30px\" el_class=\"hide-movil\"][vc_single_image image=\"34886\" img_size=\"full\" onclick=\"custom_link\" css_animation=\"fadeInUp\"","protected":false},"author":1,"featured_media":31640,"parent":0,"menu_order":0,"comment_status":"closed","ping_status":"closed","template":"","meta":{"_joinchat":[],"footnotes":""},"class_list":["post-17978","page","type-page","status-publish","has-post-thumbnail","hentry"],"yoast_head":"<!-- This site is optimized with the Yoast SEO plugin v27.4 - https:\/\/yoast.com\/product\/yoast-seo-wordpress\/ -->\n<title>Bijoux faits main artisanaux Paris Barcelone | Mademoiselle Coline<\/title>\n<meta name=\"description\" content=\"Bijoux artisanaux faits \u00e0 la main, \u00e9thiques et durables, cr\u00e9\u00e9s avec des m\u00e9taux recycl\u00e9s entre Barcelone et Paris\" \/>\n<meta name=\"robots\" content=\"index, follow, max-snippet:-1, max-image-preview:large, max-video-preview:-1\" \/>\n<link rel=\"canonical\" href=\"https:\/\/mademoisellecoline.com\/fr\/boutique-bijoux-faits-main-2\/\" \/>\n<meta property=\"og:locale\" content=\"fr_FR\" \/>\n<meta property=\"og:type\" content=\"article\" \/>\n<meta property=\"og:title\" content=\"Bijoux faits main artisanaux Paris Barcelone | Mademoiselle Coline\" \/>\n<meta property=\"og:description\" content=\"Bijoux artisanaux faits \u00e0 la main, \u00e9thiques et durables, cr\u00e9\u00e9s avec des m\u00e9taux recycl\u00e9s entre Barcelone et Paris\" \/>\n<meta property=\"og:url\" content=\"https:\/\/mademoisellecoline.com\/fr\/boutique-bijoux-faits-main-2\/\" \/>\n<meta property=\"og:site_name\" content=\"Mademoiselle Coline\" \/>\n<meta property=\"article:publisher\" content=\"https:\/\/www.facebook.com\/mademoisellecoline\" \/>\n<meta property=\"article:modified_time\" content=\"2025-09-26T08:13:31+00:00\" \/>\n<meta property=\"og:image\" content=\"https:\/\/mademoisellecoline.com\/wp-content\/uploads\/2024\/01\/mademoiselle-coline-joyeria-artesanal-hechaamano-sostenible.jpg\" \/>\n\t<meta property=\"og:image:width\" content=\"1957\" \/>\n\t<meta property=\"og:image:height\" content=\"1957\" \/>\n\t<meta property=\"og:image:type\" content=\"image\/jpeg\" \/>\n<meta name=\"twitter:card\" content=\"summary_large_image\" \/>\n<meta name=\"twitter:label1\" content=\"Dur\u00e9e de lecture estim\u00e9e\" \/>\n\t<meta name=\"twitter:data1\" content=\"3 minutes\" \/>\n<script type=\"application\/ld+json\" class=\"yoast-schema-graph\">{\"@context\":\"https:\\\/\\\/schema.org\",\"@graph\":[{\"@type\":\"WebPage\",\"@id\":\"https:\\\/\\\/mademoisellecoline.com\\\/fr\\\/boutique-bijoux-faits-main-2\\\/\",\"url\":\"https:\\\/\\\/mademoisellecoline.com\\\/fr\\\/boutique-bijoux-faits-main-2\\\/\",\"name\":\"Bijoux faits main artisanaux Paris Barcelone | Mademoiselle Coline\",\"isPartOf\":{\"@id\":\"https:\\\/\\\/mademoisellecoline.com\\\/en\\\/#website\"},\"primaryImageOfPage\":{\"@id\":\"https:\\\/\\\/mademoisellecoline.com\\\/fr\\\/boutique-bijoux-faits-main-2\\\/#primaryimage\"},\"image\":{\"@id\":\"https:\\\/\\\/mademoisellecoline.com\\\/fr\\\/boutique-bijoux-faits-main-2\\\/#primaryimage\"},\"thumbnailUrl\":\"https:\\\/\\\/mademoisellecoline.com\\\/wp-content\\\/uploads\\\/2024\\\/01\\\/mademoiselle-coline-joyeria-artesanal-hechaamano-sostenible.jpg\",\"datePublished\":\"2021-03-08T16:37:55+00:00\",\"dateModified\":\"2025-09-26T08:13:31+00:00\",\"description\":\"Bijoux artisanaux faits \u00e0 la main, \u00e9thiques et durables, cr\u00e9\u00e9s avec des m\u00e9taux recycl\u00e9s entre Barcelone et Paris\",\"breadcrumb\":{\"@id\":\"https:\\\/\\\/mademoisellecoline.com\\\/fr\\\/boutique-bijoux-faits-main-2\\\/#breadcrumb\"},\"inLanguage\":\"fr-FR\",\"potentialAction\":[{\"@type\":\"ReadAction\",\"target\":[\"https:\\\/\\\/mademoisellecoline.com\\\/fr\\\/boutique-bijoux-faits-main-2\\\/\"]}]},{\"@type\":\"ImageObject\",\"inLanguage\":\"fr-FR\",\"@id\":\"https:\\\/\\\/mademoisellecoline.com\\\/fr\\\/boutique-bijoux-faits-main-2\\\/#primaryimage\",\"url\":\"https:\\\/\\\/mademoisellecoline.com\\\/wp-content\\\/uploads\\\/2024\\\/01\\\/mademoiselle-coline-joyeria-artesanal-hechaamano-sostenible.jpg\",\"contentUrl\":\"https:\\\/\\\/mademoisellecoline.com\\\/wp-content\\\/uploads\\\/2024\\\/01\\\/mademoiselle-coline-joyeria-artesanal-hechaamano-sostenible.jpg\",\"width\":1957,\"height\":1957},{\"@type\":\"BreadcrumbList\",\"@id\":\"https:\\\/\\\/mademoisellecoline.com\\\/fr\\\/boutique-bijoux-faits-main-2\\\/#breadcrumb\",\"itemListElement\":[{\"@type\":\"ListItem\",\"position\":1,\"name\":\"Portada\",\"item\":\"https:\\\/\\\/mademoisellecoline.com\\\/fr\\\/\"},{\"@type\":\"ListItem\",\"position\":2,\"name\":\"SHOP\"}]},{\"@type\":\"WebSite\",\"@id\":\"https:\\\/\\\/mademoisellecoline.com\\\/en\\\/#website\",\"url\":\"https:\\\/\\\/mademoisellecoline.com\\\/en\\\/\",\"name\":\"Mademoiselle Coline\",\"description\":\"Joyas delicadas, c\u00e1lidas y arm\u00f3nicas\",\"publisher\":{\"@id\":\"https:\\\/\\\/mademoisellecoline.com\\\/en\\\/#\\\/schema\\\/person\\\/a87a3358725ddb0d57e86600da53e416\"},\"potentialAction\":[{\"@type\":\"SearchAction\",\"target\":{\"@type\":\"EntryPoint\",\"urlTemplate\":\"https:\\\/\\\/mademoisellecoline.com\\\/en\\\/?s={search_term_string}\"},\"query-input\":{\"@type\":\"PropertyValueSpecification\",\"valueRequired\":true,\"valueName\":\"search_term_string\"}}],\"inLanguage\":\"fr-FR\"},{\"@type\":[\"Person\",\"Organization\"],\"@id\":\"https:\\\/\\\/mademoisellecoline.com\\\/en\\\/#\\\/schema\\\/person\\\/a87a3358725ddb0d57e86600da53e416\",\"name\":\"Mademoiselle Coline\",\"image\":{\"@type\":\"ImageObject\",\"inLanguage\":\"fr-FR\",\"@id\":\"https:\\\/\\\/mademoisellecoline.com\\\/wp-content\\\/uploads\\\/2024\\\/01\\\/ColineNeg.jpg\",\"url\":\"https:\\\/\\\/mademoisellecoline.com\\\/wp-content\\\/uploads\\\/2024\\\/01\\\/ColineNeg.jpg\",\"contentUrl\":\"https:\\\/\\\/mademoisellecoline.com\\\/wp-content\\\/uploads\\\/2024\\\/01\\\/ColineNeg.jpg\",\"width\":584,\"height\":349,\"caption\":\"Mademoiselle Coline\"},\"logo\":{\"@id\":\"https:\\\/\\\/mademoisellecoline.com\\\/wp-content\\\/uploads\\\/2024\\\/01\\\/ColineNeg.jpg\"},\"sameAs\":[\"https:\\\/\\\/www.facebook.com\\\/mademoisellecoline\",\"https:\\\/\\\/www.instagram.com\\\/mademoiselle_coline\\\/\"]}]}<\/script>\n<!-- \/ Yoast SEO plugin. -->","yoast_head_json":{"title":"Bijoux faits main artisanaux Paris Barcelone | Mademoiselle Coline","description":"Bijoux artisanaux faits \u00e0 la main, \u00e9thiques et durables, cr\u00e9\u00e9s avec des m\u00e9taux recycl\u00e9s entre Barcelone et Paris","robots":{"index":"index","follow":"follow","max-snippet":"max-snippet:-1","max-image-preview":"max-image-preview:large","max-video-preview":"max-video-preview:-1"},"canonical":"https:\/\/mademoisellecoline.com\/fr\/boutique-bijoux-faits-main-2\/","og_locale":"fr_FR","og_type":"article","og_title":"Bijoux faits main artisanaux Paris Barcelone | Mademoiselle Coline","og_description":"Bijoux artisanaux faits \u00e0 la main, \u00e9thiques et durables, cr\u00e9\u00e9s avec des m\u00e9taux recycl\u00e9s entre Barcelone et Paris","og_url":"https:\/\/mademoisellecoline.com\/fr\/boutique-bijoux-faits-main-2\/","og_site_name":"Mademoiselle Coline","article_publisher":"https:\/\/www.facebook.com\/mademoisellecoline","article_modified_time":"2025-09-26T08:13:31+00:00","og_image":[{"width":1957,"height":1957,"url":"https:\/\/mademoisellecoline.com\/wp-content\/uploads\/2024\/01\/mademoiselle-coline-joyeria-artesanal-hechaamano-sostenible.jpg","type":"image\/jpeg"}],"twitter_card":"summary_large_image","twitter_misc":{"Dur\u00e9e de lecture estim\u00e9e":"3 minutes"},"schema":{"@context":"https:\/\/schema.org","@graph":[{"@type":"WebPage","@id":"https:\/\/mademoisellecoline.com\/fr\/boutique-bijoux-faits-main-2\/","url":"https:\/\/mademoisellecoline.com\/fr\/boutique-bijoux-faits-main-2\/","name":"Bijoux faits main artisanaux Paris Barcelone | Mademoiselle Coline","isPartOf":{"@id":"https:\/\/mademoisellecoline.com\/en\/#website"},"primaryImageOfPage":{"@id":"https:\/\/mademoisellecoline.com\/fr\/boutique-bijoux-faits-main-2\/#primaryimage"},"image":{"@id":"https:\/\/mademoisellecoline.com\/fr\/boutique-bijoux-faits-main-2\/#primaryimage"},"thumbnailUrl":"https:\/\/mademoisellecoline.com\/wp-content\/uploads\/2024\/01\/mademoiselle-coline-joyeria-artesanal-hechaamano-sostenible.jpg","datePublished":"2021-03-08T16:37:55+00:00","dateModified":"2025-09-26T08:13:31+00:00","description":"Bijoux artisanaux faits \u00e0 la main, \u00e9thiques et durables, cr\u00e9\u00e9s avec des m\u00e9taux recycl\u00e9s entre Barcelone et Paris","breadcrumb":{"@id":"https:\/\/mademoisellecoline.com\/fr\/boutique-bijoux-faits-main-2\/#breadcrumb"},"inLanguage":"fr-FR","potentialAction":[{"@type":"ReadAction","target":["https:\/\/mademoisellecoline.com\/fr\/boutique-bijoux-faits-main-2\/"]}]},{"@type":"ImageObject","inLanguage":"fr-FR","@id":"https:\/\/mademoisellecoline.com\/fr\/boutique-bijoux-faits-main-2\/#primaryimage","url":"https:\/\/mademoisellecoline.com\/wp-content\/uploads\/2024\/01\/mademoiselle-coline-joyeria-artesanal-hechaamano-sostenible.jpg","contentUrl":"https:\/\/mademoisellecoline.com\/wp-content\/uploads\/2024\/01\/mademoiselle-coline-joyeria-artesanal-hechaamano-sostenible.jpg","width":1957,"height":1957},{"@type":"BreadcrumbList","@id":"https:\/\/mademoisellecoline.com\/fr\/boutique-bijoux-faits-main-2\/#breadcrumb","itemListElement":[{"@type":"ListItem","position":1,"name":"Portada","item":"https:\/\/mademoisellecoline.com\/fr\/"},{"@type":"ListItem","position":2,"name":"SHOP"}]},{"@type":"WebSite","@id":"https:\/\/mademoisellecoline.com\/en\/#website","url":"https:\/\/mademoisellecoline.com\/en\/","name":"Mademoiselle Coline","description":"Joyas delicadas, c\u00e1lidas y arm\u00f3nicas","publisher":{"@id":"https:\/\/mademoisellecoline.com\/en\/#\/schema\/person\/a87a3358725ddb0d57e86600da53e416"},"potentialAction":[{"@type":"SearchAction","target":{"@type":"EntryPoint","urlTemplate":"https:\/\/mademoisellecoline.com\/en\/?s={search_term_string}"},"query-input":{"@type":"PropertyValueSpecification","valueRequired":true,"valueName":"search_term_string"}}],"inLanguage":"fr-FR"},{"@type":["Person","Organization"],"@id":"https:\/\/mademoisellecoline.com\/en\/#\/schema\/person\/a87a3358725ddb0d57e86600da53e416","name":"Mademoiselle Coline","image":{"@type":"ImageObject","inLanguage":"fr-FR","@id":"https:\/\/mademoisellecoline.com\/wp-content\/uploads\/2024\/01\/ColineNeg.jpg","url":"https:\/\/mademoisellecoline.com\/wp-content\/uploads\/2024\/01\/ColineNeg.jpg","contentUrl":"https:\/\/mademoisellecoline.com\/wp-content\/uploads\/2024\/01\/ColineNeg.jpg","width":584,"height":349,"caption":"Mademoiselle Coline"},"logo":{"@id":"https:\/\/mademoisellecoline.com\/wp-content\/uploads\/2024\/01\/ColineNeg.jpg"},"sameAs":["https:\/\/www.facebook.com\/mademoisellecoline","https:\/\/www.instagram.com\/mademoiselle_coline\/"]}]}},"_links":{"self":[{"href":"https:\/\/mademoisellecoline.com\/fr\/wp-json\/wp\/v2\/pages\/17978","targetHints":{"allow":["GET"]}}],"collection":[{"href":"https:\/\/mademoisellecoline.com\/fr\/wp-json\/wp\/v2\/pages"}],"about":[{"href":"https:\/\/mademoisellecoline.com\/fr\/wp-json\/wp\/v2\/types\/page"}],"author":[{"embeddable":true,"href":"https:\/\/mademoisellecoline.com\/fr\/wp-json\/wp\/v2\/users\/1"}],"replies":[{"embeddable":true,"href":"https:\/\/mademoisellecoline.com\/fr\/wp-json\/wp\/v2\/comments?post=17978"}],"version-history":[{"count":5,"href":"https:\/\/mademoisellecoline.com\/fr\/wp-json\/wp\/v2\/pages\/17978\/revisions"}],"predecessor-version":[{"id":37274,"href":"https:\/\/mademoisellecoline.com\/fr\/wp-json\/wp\/v2\/pages\/17978\/revisions\/37274"}],"wp:featuredmedia":[{"embeddable":true,"href":"https:\/\/mademoisellecoline.com\/fr\/wp-json\/wp\/v2\/media\/31640"}],"wp:attachment":[{"href":"https:\/\/mademoisellecoline.com\/fr\/wp-json\/wp\/v2\/media?parent=17978"}],"curies":[{"name":"wp","href":"https:\/\/api.w.org\/{rel}","templated":true}]}}