{"id":18011,"date":"2021-03-09T09:35:57","date_gmt":"2021-03-09T09:35:57","guid":{"rendered":"https:\/\/mademoisellecoline.com\/?page_id=18011"},"modified":"2025-09-26T08:21:32","modified_gmt":"2025-09-26T08:21:32","slug":"collections-bijoux-faits-main-ethiques-2","status":"publish","type":"page","link":"https:\/\/mademoisellecoline.com\/fr\/collections-bijoux-faits-main-ethiques-2\/","title":{"rendered":"Collections"},"content":{"rendered":"<div class=\"wpb-content-wrapper\"><section class=\"content-section full-width with-col cover rella-no-padding rella-no-margin   collections  content-section-69efc3142b6e1\"><div class=\"row vc_row-fluid\"><div class=\"wpb_column col-md-6 hidden-sm hidden-xs\">[vc_empty_space height=\u00a0\u00bb200px\u00a0\u00bb][vc_single_image image=\u00a0\u00bb34862&Prime; img_size=\u00a0\u00bbfull\u00a0\u00bb onclick=\u00a0\u00bbcustom_link\u00a0\u00bb css_animation=\u00a0\u00bbfadeInUp\u00a0\u00bb css=\u00a0\u00bb\u00a0\u00bb link=\u00a0\u00bbhttps:\/\/mademoisellecoline.com\/fr\/collections-bijoux-faits-main-ethiques-2\/envie-du-passe\/\u00a0\u00bb][vc_empty_space height=\u00a0\u00bb30px\u00a0\u00bb][vc_single_image image=\u00a0\u00bb34858&Prime; img_size=\u00a0\u00bbfull\u00a0\u00bb onclick=\u00a0\u00bbcustom_link\u00a0\u00bb css_animation=\u00a0\u00bbfadeInUp\u00a0\u00bb css=\u00a0\u00bb\u00a0\u00bb link=\u00a0\u00bbhttps:\/\/mademoisellecoline.com\/fr\/collections-bijoux-faits-main-ethiques-2\/interlude\/\u00a0\u00bb][vc_empty_space height=\u00a0\u00bb30px\u00a0\u00bb][vc_single_image image=\u00a0\u00bb34870&Prime; img_size=\u00a0\u00bbfull\u00a0\u00bb onclick=\u00a0\u00bbcustom_link\u00a0\u00bb css_animation=\u00a0\u00bbfadeInUp\u00a0\u00bb css=\u00a0\u00bb\u00a0\u00bb link=\u00a0\u00bbhttps:\/\/mademoisellecoline.com\/fr\/collections-bijoux-faits-main-ethiques-2\/seamless\/\u00a0\u00bb][vc_empty_space height=\u00a0\u00bb30px\u00a0\u00bb][vc_single_image image=\u00a0\u00bb34854&Prime; img_size=\u00a0\u00bbfull\u00a0\u00bb onclick=\u00a0\u00bbcustom_link\u00a0\u00bb css_animation=\u00a0\u00bbfadeInUp\u00a0\u00bb css=\u00a0\u00bb\u00a0\u00bb link=\u00a0\u00bbhttps:\/\/mademoisellecoline.com\/fr\/collections-bijoux-faits-main-ethiques-2\/soupir\/\u00a0\u00bb][vc_empty_space height=\u00a0\u00bb30px\u00a0\u00bb][vc_single_image image=\u00a0\u00bb34850&Prime; img_size=\u00a0\u00bbfull\u00a0\u00bb onclick=\u00a0\u00bbcustom_link\u00a0\u00bb css_animation=\u00a0\u00bbfadeInUp\u00a0\u00bb css=\u00a0\u00bb\u00a0\u00bb link=\u00a0\u00bbhttps:\/\/mademoisellecoline.com\/fr\/collections-bijoux-faits-main-ethiques-2\/paysages-de-vie\/\u00a0\u00bb]<\/div><div class=\"wpb_column col-md-6 hidden-sm hidden-xs\">[vc_custom_heading text=\u00a0\u00bbDes bijoux faits \u00e0 la main<br \/>\nd\u00e9licats, chaleureux et harmonieux\u00a0\u00bb font_container=\u00a0\u00bbtag:h1|font_size:33|text_align:left\u00a0\u00bb google_fonts=\u00a0\u00bbfont_family:Dosis%3A200%2C300%2Cregular%2C500%2C600%2C700%2C800|font_style:300%20light%20regular%3A300%3Anormal\u00a0\u00bb css=\u00a0\u00bb\u00a0\u00bb]<div class=\"section-text text-block \" ><p>Mademoiselle Coline est n\u00e9e de la sensibilit\u00e9, de la passion et de l\u2019amour de sa cr\u00e9atrice pour la beaut\u00e9 \u00e0 travers le temps, et de son envie de la faire vivre au pr\u00e9sent. Son id\u00e9e est d\u2019unir la beaut\u00e9 du pass\u00e9 avec l\u2019actuelle, cr\u00e9ant ainsi des pi\u00e8ces uniques, r\u00e9alis\u00e9es \u00e0 la main selon la technique professionnelle et traditionnelle de la bijouterie artisanale.<\/p>\n<p>Le dialogue entre les m\u00e9taux, les textures et les finitions donne forme \u00e0 des cr\u00e9ations d\u00e9licates et intemporelles : des bijoux porteurs de leur propre \u00e9cho silencieux de beaut\u00e9, o\u00f9 le pass\u00e9 et le pr\u00e9sent fusionnent en harmonie.<\/p>\n<\/div>[vc_empty_space height=\u00a0\u00bb30px\u00a0\u00bb][vc_single_image image=\u00a0\u00bb37215&Prime; img_size=\u00a0\u00bbfull\u00a0\u00bb onclick=\u00a0\u00bbcustom_link\u00a0\u00bb css_animation=\u00a0\u00bbfadeInUp\u00a0\u00bb css=\u00a0\u00bb\u00a0\u00bb link=\u00a0\u00bbhttps:\/\/mademoisellecoline.com\/fr\/collections-bijoux-faits-main-ethiques-2\/entre-nous\/\u00a0\u00bb][vc_empty_space height=\u00a0\u00bb30px\u00a0\u00bb][vc_single_image image=\u00a0\u00bb34874&Prime; img_size=\u00a0\u00bbfull\u00a0\u00bb onclick=\u00a0\u00bbcustom_link\u00a0\u00bb css_animation=\u00a0\u00bbfadeInUp\u00a0\u00bb css=\u00a0\u00bb\u00a0\u00bb link=\u00a0\u00bbhttps:\/\/mademoisellecoline.com\/fr\/collections-bijoux-faits-main-ethiques-2\/atelier-coline-sur-mesure-2\/\u00a0\u00bb][vc_empty_space height=\u00a0\u00bb30px\u00a0\u00bb][vc_single_image image=\u00a0\u00bb34866&Prime; img_size=\u00a0\u00bbfull\u00a0\u00bb onclick=\u00a0\u00bbcustom_link\u00a0\u00bb css_animation=\u00a0\u00bbfadeInUp\u00a0\u00bb css=\u00a0\u00bb\u00a0\u00bb link=\u00a0\u00bbhttps:\/\/mademoisellecoline.com\/fr\/collections-bijoux-faits-main-ethiques-2\/au-fil-du-temps\/\u00a0\u00bb][vc_empty_space height=\u00a0\u00bb30px\u00a0\u00bb][vc_single_image image=\u00a0\u00bb34878&Prime; img_size=\u00a0\u00bbfull\u00a0\u00bb onclick=\u00a0\u00bbcustom_link\u00a0\u00bb css_animation=\u00a0\u00bbfadeInUp\u00a0\u00bb css=\u00a0\u00bb\u00a0\u00bb link=\u00a0\u00bbhttps:\/\/mademoisellecoline.com\/fr\/collections-bijoux-faits-main-ethiques-2\/apres-un-reve\/\u00a0\u00bb][vc_empty_space height=\u00a0\u00bb30px\u00a0\u00bb][vc_single_image image=\u00a0\u00bb34882&Prime; img_size=\u00a0\u00bbfull\u00a0\u00bb onclick=\u00a0\u00bbcustom_link\u00a0\u00bb css_animation=\u00a0\u00bbfadeInUp\u00a0\u00bb css=\u00a0\u00bb\u00a0\u00bb link=\u00a0\u00bbhttps:\/\/mademoisellecoline.com\/fr\/collections-bijoux-faits-main-ethiques-2\/surrounded-by-beauty\/\u00a0\u00bb][vc_empty_space height=\u00a0\u00bb120px\u00a0\u00bb]<\/div><\/div><\/section><section  class=\"content-section full-width with-col cover rella-no-padding rella-no-margin    content-section-69efc3142b973\"><div class=\"row vc_row-fluid\"><div class=\"wpb_column col-md-12 hidden-lg hidden-md\">[vc_custom_heading text=\u00a0\u00bbDes bijoux faits \u00e0 la main<br \/>\nd\u00e9licats, chaleureux et harmonieux\u00a0\u00bb font_container=\u00a0\u00bbtag:h1|font_size:33|text_align:left\u00a0\u00bb google_fonts=\u00a0\u00bbfont_family:Dosis%3A200%2C300%2Cregular%2C500%2C600%2C700%2C800|font_style:300%20light%20regular%3A300%3Anormal\u00a0\u00bb css=\u00a0\u00bb\u00a0\u00bb]<div class=\"section-text text-block \" ><p>Mademoiselle Coline est n\u00e9e de la sensibilit\u00e9, de la passion et de l\u2019amour de sa cr\u00e9atrice pour la beaut\u00e9 \u00e0 travers le temps, et de son envie de la faire vivre au pr\u00e9sent. Son id\u00e9e est d\u2019unir la beaut\u00e9 du pass\u00e9 avec l\u2019actuelle, cr\u00e9ant ainsi des pi\u00e8ces uniques, r\u00e9alis\u00e9es \u00e0 la main selon la technique professionnelle et traditionnelle de la bijouterie artisanale.<br \/>\nLe dialogue entre les m\u00e9taux, les textures et les finitions donne forme \u00e0 des cr\u00e9ations d\u00e9licates et intemporelles : des bijoux porteurs de leur propre \u00e9cho silencieux de beaut\u00e9, o\u00f9 le pass\u00e9 et le pr\u00e9sent fusionnent en harmonie.<\/p>\n<\/div>[vc_single_image image=\u00a0\u00bb34862&Prime; img_size=\u00a0\u00bbfull\u00a0\u00bb onclick=\u00a0\u00bbcustom_link\u00a0\u00bb css_animation=\u00a0\u00bbnone\u00a0\u00bb css=\u00a0\u00bb\u00a0\u00bb link=\u00a0\u00bbhttps:\/\/mademoisellecoline.com\/fr\/collections-bijoux-faits-main-ethiques-2\/envie-du-passe\/\u00a0\u00bb][vc_single_image image=\u00a0\u00bb37215&Prime; img_size=\u00a0\u00bbfull\u00a0\u00bb onclick=\u00a0\u00bbcustom_link\u00a0\u00bb css_animation=\u00a0\u00bbnone\u00a0\u00bb css=\u00a0\u00bb\u00a0\u00bb link=\u00a0\u00bbhttps:\/\/mademoisellecoline.com\/fr\/collections-bijoux-faits-main-ethiques-2\/entre-nous\/\u00a0\u00bb][vc_single_image image=\u00a0\u00bb34858&Prime; img_size=\u00a0\u00bbfull\u00a0\u00bb onclick=\u00a0\u00bbcustom_link\u00a0\u00bb css_animation=\u00a0\u00bbnone\u00a0\u00bb css=\u00a0\u00bb\u00a0\u00bb link=\u00a0\u00bbhttps:\/\/mademoisellecoline.com\/fr\/collections-bijoux-faits-main-ethiques-2\/interlude\/\u00a0\u00bb][vc_single_image image=\u00a0\u00bb34866&Prime; img_size=\u00a0\u00bbfull\u00a0\u00bb onclick=\u00a0\u00bbcustom_link\u00a0\u00bb css_animation=\u00a0\u00bbnone\u00a0\u00bb css=\u00a0\u00bb\u00a0\u00bb link=\u00a0\u00bbhttps:\/\/mademoisellecoline.com\/fr\/collections-bijoux-faits-main-ethiques-2\/au-fil-du-temps\/\u00a0\u00bb][vc_single_image image=\u00a0\u00bb34854&Prime; img_size=\u00a0\u00bbfull\u00a0\u00bb onclick=\u00a0\u00bbcustom_link\u00a0\u00bb css_animation=\u00a0\u00bbnone\u00a0\u00bb css=\u00a0\u00bb\u00a0\u00bb link=\u00a0\u00bbhttps:\/\/mademoisellecoline.com\/fr\/collections-bijoux-faits-main-ethiques-2\/soupir\/\u00a0\u00bb][vc_single_image image=\u00a0\u00bb34878&Prime; img_size=\u00a0\u00bbfull\u00a0\u00bb onclick=\u00a0\u00bbcustom_link\u00a0\u00bb css_animation=\u00a0\u00bbnone\u00a0\u00bb css=\u00a0\u00bb\u00a0\u00bb link=\u00a0\u00bbhttps:\/\/mademoisellecoline.com\/fr\/collections-bijoux-faits-main-ethiques-2\/apres-un-reve\/\u00a0\u00bb][vc_single_image image=\u00a0\u00bb34850&Prime; img_size=\u00a0\u00bbfull\u00a0\u00bb onclick=\u00a0\u00bbcustom_link\u00a0\u00bb css_animation=\u00a0\u00bbnone\u00a0\u00bb css=\u00a0\u00bb\u00a0\u00bb link=\u00a0\u00bbhttps:\/\/mademoisellecoline.com\/fr\/collections-bijoux-faits-main-ethiques-2\/paysages-de-vie\/\u00a0\u00bb][vc_single_image image=\u00a0\u00bb34882&Prime; img_size=\u00a0\u00bbfull\u00a0\u00bb onclick=\u00a0\u00bbcustom_link\u00a0\u00bb css_animation=\u00a0\u00bbnone\u00a0\u00bb css=\u00a0\u00bb\u00a0\u00bb link=\u00a0\u00bbhttps:\/\/mademoisellecoline.com\/fr\/collections-bijoux-faits-main-ethiques-2\/surrounded-by-beauty\/\u00a0\u00bb][vc_single_image image=\u00a0\u00bb34870&Prime; img_size=\u00a0\u00bbfull\u00a0\u00bb onclick=\u00a0\u00bbcustom_link\u00a0\u00bb css_animation=\u00a0\u00bbnone\u00a0\u00bb css=\u00a0\u00bb\u00a0\u00bb link=\u00a0\u00bbhttps:\/\/mademoisellecoline.com\/fr\/collections-bijoux-faits-main-ethiques-2\/seamless\/\u00a0\u00bb][vc_single_image image=\u00a0\u00bb34874&Prime; img_size=\u00a0\u00bbfull\u00a0\u00bb onclick=\u00a0\u00bbcustom_link\u00a0\u00bb css_animation=\u00a0\u00bbnone\u00a0\u00bb css=\u00a0\u00bb\u00a0\u00bb link=\u00a0\u00bbhttps:\/\/mademoisellecoline.com\/fr\/collections-bijoux-faits-main-ethiques-2\/atelier-coline-sur-mesure-2\/\u00a0\u00bb]<\/div><\/div><\/section>\n<\/div>","protected":false},"excerpt":{"rendered":"[vc_empty_space height=\"200px\"][vc_single_image image=\"34862\" img_size=\"full\" onclick=\"custom_link\" css_animation=\"fadeInUp\" css=\"\" link=\"https:\/\/mademoisellecoline.com\/fr\/collections-bijoux-faits-main-ethiques-2\/envie-du-passe\/\"][vc_empty_space height=\"30px\"][vc_single_image image=\"34858\" img_size=\"full\" onclick=\"custom_link\" css_animation=\"fadeInUp\" css=\"\" link=\"https:\/\/mademoisellecoline.com\/fr\/collections-bijoux-faits-main-ethiques-2\/interlude\/\"][vc_empty_space height=\"30px\"][vc_single_image image=\"34870\" img_size=\"full\" onclick=\"custom_link\" css_animation=\"fadeInUp\" css=\"\" link=\"https:\/\/mademoisellecoline.com\/fr\/collections-bijoux-faits-main-ethiques-2\/seamless\/\"][vc_empty_space height=\"30px\"][vc_single_image image=\"34854\" img_size=\"full\" onclick=\"custom_link\" css_animation=\"fadeInUp\" css=\"\" link=\"https:\/\/mademoisellecoline.com\/fr\/collections-bijoux-faits-main-ethiques-2\/soupir\/\"][vc_empty_space height=\"30px\"][vc_single_image image=\"34850\" img_size=\"full\" onclick=\"custom_link\" css_animation=\"fadeInUp\" css=\"\" link=\"https:\/\/mademoisellecoline.com\/fr\/collections-bijoux-faits-main-ethiques-2\/paysages-de-vie\/\"][vc_custom_heading text=\"Des bijoux faits \u00e0 la main d\u00e9licats, chaleureux et harmonieux\" font_container=\"tag:h1|font_size:33|text_align:left\" google_fonts=\"font_family:Dosis%3A200%2C300%2Cregular%2C500%2C600%2C700%2C800|font_style:300%20light%20regular%3A300%3Anormal\" css=\"\"]Mademoiselle Coline est n\u00e9e de la sensibilit\u00e9,","protected":false},"author":1,"featured_media":31636,"parent":0,"menu_order":0,"comment_status":"closed","ping_status":"closed","template":"","meta":{"_joinchat":[],"footnotes":""},"class_list":["post-18011","page","type-page","status-publish","has-post-thumbnail","hentry"],"yoast_head":"<!-- This site is optimized with the Yoast SEO plugin v27.4 - https:\/\/yoast.com\/product\/yoast-seo-wordpress\/ -->\n<title>Bijoux \u00e9thiques faits main Paris Barcelone | Mademoiselle Coline<\/title>\n<meta name=\"description\" content=\"Bijoux artisanaux faits \u00e0 la main et durables qui nous invitent \u00e0 r\u00eaver. Avec des m\u00e9taux recycl\u00e9s. Atelier de bijouterie \u00e0 Barcelone.\" \/>\n<meta name=\"robots\" content=\"index, follow, max-snippet:-1, max-image-preview:large, max-video-preview:-1\" \/>\n<link rel=\"canonical\" href=\"https:\/\/mademoisellecoline.com\/fr\/collections-bijoux-faits-main-ethiques-2\/\" \/>\n<meta property=\"og:locale\" content=\"fr_FR\" \/>\n<meta property=\"og:type\" content=\"article\" \/>\n<meta property=\"og:title\" content=\"Bijoux \u00e9thiques faits main Paris Barcelone | Mademoiselle Coline\" \/>\n<meta property=\"og:description\" content=\"Bijoux artisanaux faits \u00e0 la main et durables qui nous invitent \u00e0 r\u00eaver. Avec des m\u00e9taux recycl\u00e9s. Atelier de bijouterie \u00e0 Barcelone.\" \/>\n<meta property=\"og:url\" content=\"https:\/\/mademoisellecoline.com\/fr\/collections-bijoux-faits-main-ethiques-2\/\" \/>\n<meta property=\"og:site_name\" content=\"Mademoiselle Coline\" \/>\n<meta property=\"article:publisher\" content=\"https:\/\/www.facebook.com\/mademoisellecoline\" \/>\n<meta property=\"article:modified_time\" content=\"2025-09-26T08:21:32+00:00\" \/>\n<meta property=\"og:image\" content=\"https:\/\/mademoisellecoline.com\/wp-content\/uploads\/2024\/01\/oneofakind-slow-jewelry-mademoiselle-coline-.jpg\" \/>\n\t<meta property=\"og:image:width\" content=\"1320\" \/>\n\t<meta property=\"og:image:height\" content=\"990\" \/>\n\t<meta property=\"og:image:type\" content=\"image\/jpeg\" \/>\n<meta name=\"twitter:card\" content=\"summary_large_image\" \/>\n<meta name=\"twitter:label1\" content=\"Dur\u00e9e de lecture estim\u00e9e\" \/>\n\t<meta name=\"twitter:data1\" content=\"2 minutes\" \/>\n<script type=\"application\/ld+json\" class=\"yoast-schema-graph\">{\"@context\":\"https:\\\/\\\/schema.org\",\"@graph\":[{\"@type\":\"WebPage\",\"@id\":\"https:\\\/\\\/mademoisellecoline.com\\\/fr\\\/collections-bijoux-faits-main-ethiques-2\\\/\",\"url\":\"https:\\\/\\\/mademoisellecoline.com\\\/fr\\\/collections-bijoux-faits-main-ethiques-2\\\/\",\"name\":\"Bijoux \u00e9thiques faits main Paris Barcelone | Mademoiselle Coline\",\"isPartOf\":{\"@id\":\"https:\\\/\\\/mademoisellecoline.com\\\/en\\\/#website\"},\"primaryImageOfPage\":{\"@id\":\"https:\\\/\\\/mademoisellecoline.com\\\/fr\\\/collections-bijoux-faits-main-ethiques-2\\\/#primaryimage\"},\"image\":{\"@id\":\"https:\\\/\\\/mademoisellecoline.com\\\/fr\\\/collections-bijoux-faits-main-ethiques-2\\\/#primaryimage\"},\"thumbnailUrl\":\"https:\\\/\\\/mademoisellecoline.com\\\/wp-content\\\/uploads\\\/2024\\\/01\\\/oneofakind-slow-jewelry-mademoiselle-coline-.jpg\",\"datePublished\":\"2021-03-09T09:35:57+00:00\",\"dateModified\":\"2025-09-26T08:21:32+00:00\",\"description\":\"Bijoux artisanaux faits \u00e0 la main et durables qui nous invitent \u00e0 r\u00eaver. Avec des m\u00e9taux recycl\u00e9s. Atelier de bijouterie \u00e0 Barcelone.\",\"breadcrumb\":{\"@id\":\"https:\\\/\\\/mademoisellecoline.com\\\/fr\\\/collections-bijoux-faits-main-ethiques-2\\\/#breadcrumb\"},\"inLanguage\":\"fr-FR\",\"potentialAction\":[{\"@type\":\"ReadAction\",\"target\":[\"https:\\\/\\\/mademoisellecoline.com\\\/fr\\\/collections-bijoux-faits-main-ethiques-2\\\/\"]}]},{\"@type\":\"ImageObject\",\"inLanguage\":\"fr-FR\",\"@id\":\"https:\\\/\\\/mademoisellecoline.com\\\/fr\\\/collections-bijoux-faits-main-ethiques-2\\\/#primaryimage\",\"url\":\"https:\\\/\\\/mademoisellecoline.com\\\/wp-content\\\/uploads\\\/2024\\\/01\\\/oneofakind-slow-jewelry-mademoiselle-coline-.jpg\",\"contentUrl\":\"https:\\\/\\\/mademoisellecoline.com\\\/wp-content\\\/uploads\\\/2024\\\/01\\\/oneofakind-slow-jewelry-mademoiselle-coline-.jpg\",\"width\":1320,\"height\":990},{\"@type\":\"BreadcrumbList\",\"@id\":\"https:\\\/\\\/mademoisellecoline.com\\\/fr\\\/collections-bijoux-faits-main-ethiques-2\\\/#breadcrumb\",\"itemListElement\":[{\"@type\":\"ListItem\",\"position\":1,\"name\":\"Portada\",\"item\":\"https:\\\/\\\/mademoisellecoline.com\\\/fr\\\/\"},{\"@type\":\"ListItem\",\"position\":2,\"name\":\"Collections\"}]},{\"@type\":\"WebSite\",\"@id\":\"https:\\\/\\\/mademoisellecoline.com\\\/en\\\/#website\",\"url\":\"https:\\\/\\\/mademoisellecoline.com\\\/en\\\/\",\"name\":\"Mademoiselle Coline\",\"description\":\"Joyas delicadas, c\u00e1lidas y arm\u00f3nicas\",\"publisher\":{\"@id\":\"https:\\\/\\\/mademoisellecoline.com\\\/en\\\/#\\\/schema\\\/person\\\/a87a3358725ddb0d57e86600da53e416\"},\"potentialAction\":[{\"@type\":\"SearchAction\",\"target\":{\"@type\":\"EntryPoint\",\"urlTemplate\":\"https:\\\/\\\/mademoisellecoline.com\\\/en\\\/?s={search_term_string}\"},\"query-input\":{\"@type\":\"PropertyValueSpecification\",\"valueRequired\":true,\"valueName\":\"search_term_string\"}}],\"inLanguage\":\"fr-FR\"},{\"@type\":[\"Person\",\"Organization\"],\"@id\":\"https:\\\/\\\/mademoisellecoline.com\\\/en\\\/#\\\/schema\\\/person\\\/a87a3358725ddb0d57e86600da53e416\",\"name\":\"Mademoiselle Coline\",\"image\":{\"@type\":\"ImageObject\",\"inLanguage\":\"fr-FR\",\"@id\":\"https:\\\/\\\/mademoisellecoline.com\\\/wp-content\\\/uploads\\\/2024\\\/01\\\/ColineNeg.jpg\",\"url\":\"https:\\\/\\\/mademoisellecoline.com\\\/wp-content\\\/uploads\\\/2024\\\/01\\\/ColineNeg.jpg\",\"contentUrl\":\"https:\\\/\\\/mademoisellecoline.com\\\/wp-content\\\/uploads\\\/2024\\\/01\\\/ColineNeg.jpg\",\"width\":584,\"height\":349,\"caption\":\"Mademoiselle Coline\"},\"logo\":{\"@id\":\"https:\\\/\\\/mademoisellecoline.com\\\/wp-content\\\/uploads\\\/2024\\\/01\\\/ColineNeg.jpg\"},\"sameAs\":[\"https:\\\/\\\/www.facebook.com\\\/mademoisellecoline\",\"https:\\\/\\\/www.instagram.com\\\/mademoiselle_coline\\\/\"]}]}<\/script>\n<!-- \/ Yoast SEO plugin. -->","yoast_head_json":{"title":"Bijoux \u00e9thiques faits main Paris Barcelone | Mademoiselle Coline","description":"Bijoux artisanaux faits \u00e0 la main et durables qui nous invitent \u00e0 r\u00eaver. Avec des m\u00e9taux recycl\u00e9s. Atelier de bijouterie \u00e0 Barcelone.","robots":{"index":"index","follow":"follow","max-snippet":"max-snippet:-1","max-image-preview":"max-image-preview:large","max-video-preview":"max-video-preview:-1"},"canonical":"https:\/\/mademoisellecoline.com\/fr\/collections-bijoux-faits-main-ethiques-2\/","og_locale":"fr_FR","og_type":"article","og_title":"Bijoux \u00e9thiques faits main Paris Barcelone | Mademoiselle Coline","og_description":"Bijoux artisanaux faits \u00e0 la main et durables qui nous invitent \u00e0 r\u00eaver. Avec des m\u00e9taux recycl\u00e9s. Atelier de bijouterie \u00e0 Barcelone.","og_url":"https:\/\/mademoisellecoline.com\/fr\/collections-bijoux-faits-main-ethiques-2\/","og_site_name":"Mademoiselle Coline","article_publisher":"https:\/\/www.facebook.com\/mademoisellecoline","article_modified_time":"2025-09-26T08:21:32+00:00","og_image":[{"width":1320,"height":990,"url":"https:\/\/mademoisellecoline.com\/wp-content\/uploads\/2024\/01\/oneofakind-slow-jewelry-mademoiselle-coline-.jpg","type":"image\/jpeg"}],"twitter_card":"summary_large_image","twitter_misc":{"Dur\u00e9e de lecture estim\u00e9e":"2 minutes"},"schema":{"@context":"https:\/\/schema.org","@graph":[{"@type":"WebPage","@id":"https:\/\/mademoisellecoline.com\/fr\/collections-bijoux-faits-main-ethiques-2\/","url":"https:\/\/mademoisellecoline.com\/fr\/collections-bijoux-faits-main-ethiques-2\/","name":"Bijoux \u00e9thiques faits main Paris Barcelone | Mademoiselle Coline","isPartOf":{"@id":"https:\/\/mademoisellecoline.com\/en\/#website"},"primaryImageOfPage":{"@id":"https:\/\/mademoisellecoline.com\/fr\/collections-bijoux-faits-main-ethiques-2\/#primaryimage"},"image":{"@id":"https:\/\/mademoisellecoline.com\/fr\/collections-bijoux-faits-main-ethiques-2\/#primaryimage"},"thumbnailUrl":"https:\/\/mademoisellecoline.com\/wp-content\/uploads\/2024\/01\/oneofakind-slow-jewelry-mademoiselle-coline-.jpg","datePublished":"2021-03-09T09:35:57+00:00","dateModified":"2025-09-26T08:21:32+00:00","description":"Bijoux artisanaux faits \u00e0 la main et durables qui nous invitent \u00e0 r\u00eaver. Avec des m\u00e9taux recycl\u00e9s. Atelier de bijouterie \u00e0 Barcelone.","breadcrumb":{"@id":"https:\/\/mademoisellecoline.com\/fr\/collections-bijoux-faits-main-ethiques-2\/#breadcrumb"},"inLanguage":"fr-FR","potentialAction":[{"@type":"ReadAction","target":["https:\/\/mademoisellecoline.com\/fr\/collections-bijoux-faits-main-ethiques-2\/"]}]},{"@type":"ImageObject","inLanguage":"fr-FR","@id":"https:\/\/mademoisellecoline.com\/fr\/collections-bijoux-faits-main-ethiques-2\/#primaryimage","url":"https:\/\/mademoisellecoline.com\/wp-content\/uploads\/2024\/01\/oneofakind-slow-jewelry-mademoiselle-coline-.jpg","contentUrl":"https:\/\/mademoisellecoline.com\/wp-content\/uploads\/2024\/01\/oneofakind-slow-jewelry-mademoiselle-coline-.jpg","width":1320,"height":990},{"@type":"BreadcrumbList","@id":"https:\/\/mademoisellecoline.com\/fr\/collections-bijoux-faits-main-ethiques-2\/#breadcrumb","itemListElement":[{"@type":"ListItem","position":1,"name":"Portada","item":"https:\/\/mademoisellecoline.com\/fr\/"},{"@type":"ListItem","position":2,"name":"Collections"}]},{"@type":"WebSite","@id":"https:\/\/mademoisellecoline.com\/en\/#website","url":"https:\/\/mademoisellecoline.com\/en\/","name":"Mademoiselle Coline","description":"Joyas delicadas, c\u00e1lidas y arm\u00f3nicas","publisher":{"@id":"https:\/\/mademoisellecoline.com\/en\/#\/schema\/person\/a87a3358725ddb0d57e86600da53e416"},"potentialAction":[{"@type":"SearchAction","target":{"@type":"EntryPoint","urlTemplate":"https:\/\/mademoisellecoline.com\/en\/?s={search_term_string}"},"query-input":{"@type":"PropertyValueSpecification","valueRequired":true,"valueName":"search_term_string"}}],"inLanguage":"fr-FR"},{"@type":["Person","Organization"],"@id":"https:\/\/mademoisellecoline.com\/en\/#\/schema\/person\/a87a3358725ddb0d57e86600da53e416","name":"Mademoiselle Coline","image":{"@type":"ImageObject","inLanguage":"fr-FR","@id":"https:\/\/mademoisellecoline.com\/wp-content\/uploads\/2024\/01\/ColineNeg.jpg","url":"https:\/\/mademoisellecoline.com\/wp-content\/uploads\/2024\/01\/ColineNeg.jpg","contentUrl":"https:\/\/mademoisellecoline.com\/wp-content\/uploads\/2024\/01\/ColineNeg.jpg","width":584,"height":349,"caption":"Mademoiselle Coline"},"logo":{"@id":"https:\/\/mademoisellecoline.com\/wp-content\/uploads\/2024\/01\/ColineNeg.jpg"},"sameAs":["https:\/\/www.facebook.com\/mademoisellecoline","https:\/\/www.instagram.com\/mademoiselle_coline\/"]}]}},"_links":{"self":[{"href":"https:\/\/mademoisellecoline.com\/fr\/wp-json\/wp\/v2\/pages\/18011","targetHints":{"allow":["GET"]}}],"collection":[{"href":"https:\/\/mademoisellecoline.com\/fr\/wp-json\/wp\/v2\/pages"}],"about":[{"href":"https:\/\/mademoisellecoline.com\/fr\/wp-json\/wp\/v2\/types\/page"}],"author":[{"embeddable":true,"href":"https:\/\/mademoisellecoline.com\/fr\/wp-json\/wp\/v2\/users\/1"}],"replies":[{"embeddable":true,"href":"https:\/\/mademoisellecoline.com\/fr\/wp-json\/wp\/v2\/comments?post=18011"}],"version-history":[{"count":5,"href":"https:\/\/mademoisellecoline.com\/fr\/wp-json\/wp\/v2\/pages\/18011\/revisions"}],"predecessor-version":[{"id":37280,"href":"https:\/\/mademoisellecoline.com\/fr\/wp-json\/wp\/v2\/pages\/18011\/revisions\/37280"}],"wp:featuredmedia":[{"embeddable":true,"href":"https:\/\/mademoisellecoline.com\/fr\/wp-json\/wp\/v2\/media\/31636"}],"wp:attachment":[{"href":"https:\/\/mademoisellecoline.com\/fr\/wp-json\/wp\/v2\/media?parent=18011"}],"curies":[{"name":"wp","href":"https:\/\/api.w.org\/{rel}","templated":true}]}}