{"id":2101,"date":"2018-11-23T12:02:55","date_gmt":"2018-11-23T12:02:55","guid":{"rendered":"https:\/\/mademoisellecoline.com\/?page_id=2101"},"modified":"2024-12-02T11:52:07","modified_gmt":"2024-12-02T11:52:07","slug":"termes-et-conditions-dachat","status":"publish","type":"page","link":"https:\/\/mademoisellecoline.com\/fr\/termes-et-conditions-dachat\/","title":{"rendered":"Termes et conditions d&rsquo;achat"},"content":{"rendered":"<p><strong>Termes et conditions d&rsquo;achat<\/strong><\/p>\n<p>Les conditions d\u2019achat de <a href=\"http:\/\/www.mademoisellecoline.com\">www.mademoisellecoline.com<\/a> constituent un contrat juridiquement contraignant, qui prot\u00e8ge votre droit en tant que client et le n\u00f4tre en tant qu\u2019entreprise. Nous vous recommandons de lire les conditions g\u00e9n\u00e9rales d&rsquo;achat.<\/p>\n<p>Disponibilit\u00e9 du service et des produits. Les articles propos\u00e9s sur notre site Web ne sont disponibles qu&rsquo;\u00e0 destination de l\u2019Espagne et de l&rsquo;Europe. Si vous souhaitez effectuer un achat hors d&rsquo;Europe, contactez-nous \u00e0 <a href=\"mailto:contact@mademoisellecoline.com\">contact@mademoisellecoline.com<\/a><\/p>\n<p><strong>Engagement d&rsquo;exp\u00e9dition.<\/strong> Aucun contrat ne sera conclu entre vous et nous en relation avec un produit jusqu&rsquo;\u00e0 ce que votre commande ait \u00e9t\u00e9 express\u00e9ment accept\u00e9e par nous.<\/p>\n<p>Pour passer une commande, vous devez suivre la proc\u00e9dure d&rsquo;achat en ligne et cliquer sur \u00ab\u00a0Autoriser le paiement\u00a0\u00bb. Apr\u00e8s cela, vous recevrez un e-mail accusant r\u00e9ception de votre commande (la \u00ab\u00a0Confirmation de commande\u00a0\u00bb). Toutes les commandes sont soumises \u00e0 notre acceptation, qui vous sera confirm\u00e9e par un e-mail dans lequel nous vous informerons de l\u2019envoi du produit. (la \u00ab\u00a0Confirmation d&rsquo;exp\u00e9dition\u00a0\u00bb). Le contrat entre vous et nous ne sera formalis\u00e9 que lorsque nous vous enverrons la confirmation d&rsquo;exp\u00e9dition.<\/p>\n<p><strong>Modes de paiement.<\/strong>\u00a0Une fois que vous avez effectu\u00e9 vos achats, tous les articles que vous souhaitez acheter auront \u00e9t\u00e9 ajout\u00e9s \u00e0 votre panier. La prochaine \u00e9tape consistera \u00e0 traiter la commande et \u00e0 effectuer le paiement. Remplissez ou v\u00e9rifiez les informations de contact, les d\u00e9tails de votre commande, l\u2019adresse \u00e0 laquelle vous souhaitez que la commande soit envoy\u00e9e.<\/p>\n<p>Nous acceptons les modes de paiement suivants : MasterCard, VISA, American Express, PayPal et Klarna (voir la section \u2018Paiement en 3 fois avec Klarna\u2019).<\/p>\n<p>Si vous le pr\u00e9f\u00e9rez, vous pouvez \u00e9galement nous contacter pour effectuer un paiement par <a href=\"mailto: contact@mademoisellecoline.com\">virement bancaire<\/a> ou via <a href=\"mailto: contact@mademoisellecoline.com\">Bizum<\/a>.<\/p>\n<p>Le paiement est effectu\u00e9 directement et de mani\u00e8re s\u00e9curis\u00e9e depuis les serveurs de la banque et nous ne sauvegardons aucune donn\u00e9e de votre num\u00e9ro de carte.<\/p>\n<p>Paiement en 3 fois avec Klarna. Comment payer en 3 fois sans frais ?<br \/>\nAvec le mode de paiement Klarna, le client peut fractionner le paiement de son achat en 3 \u00e9ch\u00e9ances sans frais. Le premier paiement est effectu\u00e9 lors du traitement de la commande, et les deux suivants sont pr\u00e9lev\u00e9s automatiquement tous les 30 jours, directement sur le compte li\u00e9 \u00e0 la carte de d\u00e9bit ou de cr\u00e9dit indiqu\u00e9e.<\/p>\n<p>Comment acheter avec Klarna ?\u00a0:<\/p>\n<ol>\n<li>Ajouter les articles au panier et s\u00e9lectionner Klarna lors du paiement.<\/li>\n<li>\u00c9chelonner les paiements sur une p\u00e9riode d\u00e9termin\u00e9e.<\/li>\n<li>Choisir l\u2019option \u2018Payer en 3 fois sans frais\u2019 pour fractionner l\u2019achat en 3 paiements, r\u00e9alis\u00e9s tous les 30 jours \u00e0 partir de la confirmation de la commande. Le client n\u2019a qu\u2019\u00e0 fournir les informations de la carte de d\u00e9bit ou de cr\u00e9dit qu\u2019il souhaite utiliser pour les paiements automatiques, et Klarna lui rappellera la date des prochains pr\u00e9l\u00e8vements.<\/li>\n<li>G\u00e9rer les commandes et paiements via l\u2019application Klarna.<\/li>\n<\/ol>\n<p><strong>Prix et taxes.<\/strong> Le prix de chaque produit sera celui stipul\u00e9 \u00e0 chaque instant sur notre site, sauf en cas d&rsquo;erreur manifeste.<\/p>\n<p>Pour les pays <strong>Appartenant \u00e0 l&rsquo;Union Europ\u00e9enne:<\/strong><br \/>\nTous les prix des produits, les frais d&rsquo;exp\u00e9dition et les autres services incluent la TVA. Les prix des produits sur ce site incluent 21% de TVA (taxe \u00e0 la valeur ajout\u00e9e de l&rsquo;Espagne). Les co\u00fbts pouvant d\u00e9couler des coutumes de pays non membres de l&rsquo;UE ne sont pas inclus, ni les taxes locales d\u2019Andorre, des Canaries, de Ceuta et de Melilla.<\/p>\n<p>Pour les autres pays <strong>N&rsquo;appartenant pas \u00e0 l&rsquo;Union europ\u00e9enne<\/strong>:<br \/>\nTous les prix des produits n&rsquo;incluent pas les taxes locales et les co\u00fbts qui peuvent d\u00e9river des douanes dans les pays non membres de l&rsquo;UE.<\/p>\n<p>Les frais d&rsquo;exp\u00e9dition sont ajout\u00e9s par commande.<br \/>\nLes prix peuvent \u00eatre sujets \u00e0 changement sans pr\u00e9avis, mais les changements n&rsquo;affecteront pas les commandes que d\u00e9j\u00e0 accept\u00e9es.<\/p>\n<p>Nous d\u00e9taillons ici les frais de livraison en fonction de votre destination:*<\/p>\n<p><strong>Espagne et Portugal:<\/strong><br \/>\nBarcelona: Gratu\u00eft<br \/>\nTarragona, Girona et Lleida: Gratu\u00eft<br \/>\nP\u00e9ninsule Espagne, Andorre et Portugal: Gratu\u00eft<br \/>\nGran Canarias, Tenerife, Melilla, Lanzarote, Fuerteventura, La Palma, La Gomera et El Hierro: 15\u20ac<\/p>\n<p><strong>Europe:<\/strong><br \/>\nZone Europe 1 (Allemagne, Autriche, Belgique, Danemark, France, Hollande, Italie, Luxembourg, Pologne, Royaume-Uni, R\u00e9publique tch\u00e8que et Suisse): 15\u20ac<br \/>\nZone Europe 2 (Bulgarie, Slov\u00e9nie, Estonie, Finlande, Gr\u00e8ce, Hongrie, Irlande, Lettonie, Lituanie, Norv\u00e8ge, R\u00e9publique slovaque, Roumanie et La Su\u00e8de): 15\u20ac<\/p>\n<p><strong>Pays hors Union europ\u00e9enne:<\/strong>\u00a035\u20ac<\/p>\n<p>* La marque se r\u00e9serve le droit d&rsquo;annuler une commande en cas de circonstances externes \u00e0 la marque pouvant rendre difficile la livraison dans les pays de destination. Dans ce cas, vous recevrez un e-mail le communiquant et le montant sera int\u00e9gralement rembours\u00e9.<\/p>\n<p>Les prix figurant sur le site Web sont ceux en vigueur au moment de l&rsquo;achat. Les prix peuvent \u00eatre sujets \u00e0 changement sans pr\u00e9avis, mais les changements n&rsquo;affecteront pas les commandes d\u00e9j\u00e0 accept\u00e9es. Des erreurs d\u2019information peuvent survenir de temps \u00e0 autre (erreurs de prix, d\u2019orthographe, etc.). Lors du processus de confirmation de la commande, nous v\u00e9rifions les prix. Si le prix correct est inf\u00e9rieur au prix indiqu\u00e9, le montant le moins \u00e9lev\u00e9 vous sera factur\u00e9. Si le prix correct est sup\u00e9rieur au prix affich\u00e9 sur notre site Web, nous vous contacterons. Si nous ne pouvons pas communiquer, nous rejetterons votre offre et vous en informerons par courrier \u00e9lectronique.<\/p>\n<p><strong>Informations et conditions d&rsquo;exp\u00e9dition.<\/strong> Si la pi\u00e8ce que vous avez s\u00e9lectionn\u00e9e est en stock, elle vous sera envoy\u00e9e dans les 5 jours ouvrables \u00e0 compter de la date d&rsquo;achat. Si nous devons le cr\u00e9er, nous vous l&rsquo;enverrons dans un d\u00e9lai variant entre 2 et 5 semaines (livraison par entreprise de messagerie). \u00c0 l&rsquo;exception des collections de pi\u00e8ces uniques qui ne peuvent pas \u00eatre reproduites.<\/p>\n<p>Si pour une raison quelconque nous ne pouvions pas respecter la date de livraison, nous vous informerons de cette circonstance et nous vous donnerons la possibilit\u00e9 de poursuivre l&rsquo;achat en \u00e9tablissant une nouvelle date de livraison ou en annulant la commande avec le remboursement int\u00e9gral du prix pay\u00e9. Nous ne livrons pas les samedis et les dimanches.<\/p>\n<p>Vous devez \u00e9galement prendre en compte les d\u00e9lais de livraison de l&rsquo;entreprise de messagerie:<br \/>\nEntre 2 et 5 jours pour les pays appartenant \u00e0 l&rsquo;UE. D&rsquo;autres pays non membres de l&rsquo;UE de 4 \u00e0 10 jours, le d\u00e9lai pourrait \u00e9galement \u00eatre prolong\u00e9 par des inspections douani\u00e8res.<\/p>\n<p><strong>Modifications, retours et produits d\u00e9fectueux.<\/strong> Les retours sont autoris\u00e9s tant que la pi\u00e8ce est en parfait \u00e9tat, avec son emballage d&rsquo;origine et jusqu\u2019\u00e0 14 jours apr\u00e8s la date de r\u00e9ception.<\/p>\n<p>Si vous d\u00e9tectez un incident lors de la r\u00e9ception de votre commande, veuillez contacter le service client\u00e8le par courrier \u00e9lectronique \u00e0 <a href=\"mailto:contact@mademoisellecoline.com\">contact@mademoisellecoline.com<\/a><\/p>\n<p>Vous avez 14 jours \u00e0 compter de la r\u00e9ception pour retourner le produit. Une fois votre commande re\u00e7ue et dans le cas o\u00f9 une modification ou un retour serait n\u00e9cessaire, veuillez contacter le service client\u00e8le par courrier \u00e9lectronique \u00e0 contact@mademoisellecoline.com en indiquant la raison du retour\/de l&rsquo;\u00e9change.<\/p>\n<p>Nous prendrons contact avec vous pour vous transmettre le num\u00e9ro d&rsquo;autorisation. Une fois re\u00e7u, les retours devront \u00eatre envoy\u00e9s \u00e0 notre centre situ\u00e9 a Barcelone, sous la responsabilit\u00e9 de l&rsquo;acheteur en y joignant le billet d&rsquo;achat.<\/p>\n<p>Mademoiselle Coline<br \/>\nC \/ Teodora Lamadrid 35<br \/>\n08022 Barcelone<br \/>\nEspagne<\/p>\n<p>Le retour doit \u00eatre effectu\u00e9 par courrier certifi\u00e9 ou par un autre syst\u00e8me avec enregistrement de livraison (service de messagerie, etc.).<\/p>\n<p>Comme preuve de la livraison de votre colis, nous vous recommandons de conserver le re\u00e7u du transporteur.<\/p>\n<p>Dans le cas d&rsquo;articles d\u00e9fectueux dus \u00e0 un d\u00e9faut de fabrication, et dans la mesure du possible, Mademoiselle Coline remplacera l&rsquo;article par un nouveau ayant les m\u00eames caract\u00e9ristiques. Sinon, le montant pay\u00e9 sera rembours\u00e9.<\/p>\n<p>Vous devez tenir compte du fait que toutes les pi\u00e8ces de Mademoiselle Coline sont fabriqu\u00e9es \u00e0 la main, une par une. Ce qui conf\u00e8re un caract\u00e8re unique et personnel \u00e0 chacune des pi\u00e8ces.<\/p>\n<p><strong>Examen des produits.<\/strong> Si l&#8217;emballage est endommag\u00e9, veuillez ne pas accepter l&rsquo;envoi. Sans pr\u00e9judice de vos droits l\u00e9gaux, vous \u00eates responsable de l&rsquo;inspection du produit et de la notification de toute plainte. En cas de produits d\u00e9fectueux ou de d\u00e9saccord avec votre demande, vous avez la possibilit\u00e9 de retourner le produit d\u00e9fectueux et nous vous rembourserons le prix d&rsquo;achat et tous les frais d&rsquo;exp\u00e9dition.<\/p>\n<p><strong>Propri\u00e9t\u00e9 intellectuelle.<\/strong> L&rsquo;utilisation de ce site web et les contrats d&rsquo;achat de produits qui en d\u00e9coulent seront r\u00e9gis par la l\u00e9gislation espagnole. Tout litige en relation avec l&rsquo;utilisation du site ou avec les contrats sera soumis \u00e0 la juridiction des cours et tribunaux de Barcelone.<\/p>\n<p>Le contenu du site Web de la marque Mademoiselle Coline appartient \u00e0:<br \/>\nMPD<br \/>\nN.I.F: 52167425K<br \/>\nAdresse: Teodora Lamadrid 35 08022 Barcelone (Espagne)<br \/>\nE-mail: <a href=\"mailto:contact@mademoisellecoline.com\">contact@mademoisellecoline.com<\/a><\/p>\n<p>Pour plus d&rsquo;informations sur la politique de confidentialit\u00e9, consultez <a href=\"https:\/\/mademoisellecoline.com\/fr\/mentions-legales\/\">l&rsquo;Avis l\u00e9gal<\/a>.<\/p>\n","protected":false},"excerpt":{"rendered":"<p>Termes et conditions d&rsquo;achat Les conditions d\u2019achat de www.mademoisellecoline.com constituent un contrat juridiquement contraignant, qui prot\u00e8ge votre droit en tant que client et le n\u00f4tre en tant qu\u2019entreprise. Nous vous recommandons de lire les conditions g\u00e9n\u00e9rales d&rsquo;achat. Disponibilit\u00e9 du service et des produits. Les articles propos\u00e9s sur notre site Web ne sont disponibles qu&rsquo;\u00e0 destination<\/p>\n","protected":false},"author":1,"featured_media":0,"parent":0,"menu_order":0,"comment_status":"closed","ping_status":"closed","template":"","meta":{"_joinchat":[],"footnotes":""},"class_list":["post-2101","page","type-page","status-publish","hentry"],"yoast_head":"<!-- This site is optimized with the Yoast SEO plugin v27.4 - https:\/\/yoast.com\/product\/yoast-seo-wordpress\/ -->\n<title>Termes et conditions d&#039;achat | Mademoiselle Coline<\/title>\n<meta name=\"robots\" content=\"noindex, nofollow\" \/>\n<meta property=\"og:locale\" content=\"fr_FR\" \/>\n<meta property=\"og:type\" content=\"article\" \/>\n<meta property=\"og:title\" content=\"Termes et conditions d&#039;achat | Mademoiselle Coline\" \/>\n<meta property=\"og:description\" content=\"Termes et conditions d&rsquo;achat Les conditions d\u2019achat de www.mademoisellecoline.com constituent un contrat juridiquement contraignant, qui prot\u00e8ge votre droit en tant que client et le n\u00f4tre en tant qu\u2019entreprise. Nous vous recommandons de lire les conditions g\u00e9n\u00e9rales d&rsquo;achat. Disponibilit\u00e9 du service et des produits. Les articles propos\u00e9s sur notre site Web ne sont disponibles qu&rsquo;\u00e0 destination\" \/>\n<meta property=\"og:url\" content=\"https:\/\/mademoisellecoline.com\/fr\/termes-et-conditions-dachat\/\" \/>\n<meta property=\"og:site_name\" content=\"Mademoiselle Coline\" \/>\n<meta property=\"article:publisher\" content=\"https:\/\/www.facebook.com\/mademoisellecoline\" \/>\n<meta property=\"article:modified_time\" content=\"2024-12-02T11:52:07+00:00\" \/>\n<meta property=\"og:image\" content=\"https:\/\/mademoisellecoline.com\/wp-content\/uploads\/2018\/12\/mademoiselle-coline-logo-mails.png\" \/>\n\t<meta property=\"og:image:width\" content=\"283\" \/>\n\t<meta property=\"og:image:height\" content=\"119\" \/>\n\t<meta property=\"og:image:type\" content=\"image\/png\" \/>\n<meta name=\"twitter:card\" content=\"summary_large_image\" \/>\n<meta name=\"twitter:label1\" content=\"Dur\u00e9e de lecture estim\u00e9e\" \/>\n\t<meta name=\"twitter:data1\" content=\"7 minutes\" \/>\n<script type=\"application\/ld+json\" class=\"yoast-schema-graph\">{\"@context\":\"https:\\\/\\\/schema.org\",\"@graph\":[{\"@type\":\"WebPage\",\"@id\":\"https:\\\/\\\/mademoisellecoline.com\\\/fr\\\/termes-et-conditions-dachat\\\/\",\"url\":\"https:\\\/\\\/mademoisellecoline.com\\\/fr\\\/termes-et-conditions-dachat\\\/\",\"name\":\"Termes et conditions d'achat | Mademoiselle Coline\",\"isPartOf\":{\"@id\":\"https:\\\/\\\/mademoisellecoline.com\\\/en\\\/#website\"},\"datePublished\":\"2018-11-23T12:02:55+00:00\",\"dateModified\":\"2024-12-02T11:52:07+00:00\",\"breadcrumb\":{\"@id\":\"https:\\\/\\\/mademoisellecoline.com\\\/fr\\\/termes-et-conditions-dachat\\\/#breadcrumb\"},\"inLanguage\":\"fr-FR\",\"potentialAction\":[{\"@type\":\"ReadAction\",\"target\":[\"https:\\\/\\\/mademoisellecoline.com\\\/fr\\\/termes-et-conditions-dachat\\\/\"]}]},{\"@type\":\"BreadcrumbList\",\"@id\":\"https:\\\/\\\/mademoisellecoline.com\\\/fr\\\/termes-et-conditions-dachat\\\/#breadcrumb\",\"itemListElement\":[{\"@type\":\"ListItem\",\"position\":1,\"name\":\"Portada\",\"item\":\"https:\\\/\\\/mademoisellecoline.com\\\/fr\\\/\"},{\"@type\":\"ListItem\",\"position\":2,\"name\":\"Termes et conditions d&#8217;achat\"}]},{\"@type\":\"WebSite\",\"@id\":\"https:\\\/\\\/mademoisellecoline.com\\\/en\\\/#website\",\"url\":\"https:\\\/\\\/mademoisellecoline.com\\\/en\\\/\",\"name\":\"Mademoiselle Coline\",\"description\":\"Joyas delicadas, c\u00e1lidas y arm\u00f3nicas\",\"publisher\":{\"@id\":\"https:\\\/\\\/mademoisellecoline.com\\\/en\\\/#\\\/schema\\\/person\\\/a87a3358725ddb0d57e86600da53e416\"},\"potentialAction\":[{\"@type\":\"SearchAction\",\"target\":{\"@type\":\"EntryPoint\",\"urlTemplate\":\"https:\\\/\\\/mademoisellecoline.com\\\/en\\\/?s={search_term_string}\"},\"query-input\":{\"@type\":\"PropertyValueSpecification\",\"valueRequired\":true,\"valueName\":\"search_term_string\"}}],\"inLanguage\":\"fr-FR\"},{\"@type\":[\"Person\",\"Organization\"],\"@id\":\"https:\\\/\\\/mademoisellecoline.com\\\/en\\\/#\\\/schema\\\/person\\\/a87a3358725ddb0d57e86600da53e416\",\"name\":\"Mademoiselle Coline\",\"image\":{\"@type\":\"ImageObject\",\"inLanguage\":\"fr-FR\",\"@id\":\"https:\\\/\\\/mademoisellecoline.com\\\/wp-content\\\/uploads\\\/2024\\\/01\\\/ColineNeg.jpg\",\"url\":\"https:\\\/\\\/mademoisellecoline.com\\\/wp-content\\\/uploads\\\/2024\\\/01\\\/ColineNeg.jpg\",\"contentUrl\":\"https:\\\/\\\/mademoisellecoline.com\\\/wp-content\\\/uploads\\\/2024\\\/01\\\/ColineNeg.jpg\",\"width\":584,\"height\":349,\"caption\":\"Mademoiselle Coline\"},\"logo\":{\"@id\":\"https:\\\/\\\/mademoisellecoline.com\\\/wp-content\\\/uploads\\\/2024\\\/01\\\/ColineNeg.jpg\"},\"sameAs\":[\"https:\\\/\\\/www.facebook.com\\\/mademoisellecoline\",\"https:\\\/\\\/www.instagram.com\\\/mademoiselle_coline\\\/\"]}]}<\/script>\n<!-- \/ Yoast SEO plugin. -->","yoast_head_json":{"title":"Termes et conditions d'achat | Mademoiselle Coline","robots":{"index":"noindex","follow":"nofollow"},"og_locale":"fr_FR","og_type":"article","og_title":"Termes et conditions d'achat | Mademoiselle Coline","og_description":"Termes et conditions d&rsquo;achat Les conditions d\u2019achat de www.mademoisellecoline.com constituent un contrat juridiquement contraignant, qui prot\u00e8ge votre droit en tant que client et le n\u00f4tre en tant qu\u2019entreprise. Nous vous recommandons de lire les conditions g\u00e9n\u00e9rales d&rsquo;achat. Disponibilit\u00e9 du service et des produits. Les articles propos\u00e9s sur notre site Web ne sont disponibles qu&rsquo;\u00e0 destination","og_url":"https:\/\/mademoisellecoline.com\/fr\/termes-et-conditions-dachat\/","og_site_name":"Mademoiselle Coline","article_publisher":"https:\/\/www.facebook.com\/mademoisellecoline","article_modified_time":"2024-12-02T11:52:07+00:00","og_image":[{"width":283,"height":119,"url":"https:\/\/mademoisellecoline.com\/wp-content\/uploads\/2018\/12\/mademoiselle-coline-logo-mails.png","type":"image\/png"}],"twitter_card":"summary_large_image","twitter_misc":{"Dur\u00e9e de lecture estim\u00e9e":"7 minutes"},"schema":{"@context":"https:\/\/schema.org","@graph":[{"@type":"WebPage","@id":"https:\/\/mademoisellecoline.com\/fr\/termes-et-conditions-dachat\/","url":"https:\/\/mademoisellecoline.com\/fr\/termes-et-conditions-dachat\/","name":"Termes et conditions d'achat | Mademoiselle Coline","isPartOf":{"@id":"https:\/\/mademoisellecoline.com\/en\/#website"},"datePublished":"2018-11-23T12:02:55+00:00","dateModified":"2024-12-02T11:52:07+00:00","breadcrumb":{"@id":"https:\/\/mademoisellecoline.com\/fr\/termes-et-conditions-dachat\/#breadcrumb"},"inLanguage":"fr-FR","potentialAction":[{"@type":"ReadAction","target":["https:\/\/mademoisellecoline.com\/fr\/termes-et-conditions-dachat\/"]}]},{"@type":"BreadcrumbList","@id":"https:\/\/mademoisellecoline.com\/fr\/termes-et-conditions-dachat\/#breadcrumb","itemListElement":[{"@type":"ListItem","position":1,"name":"Portada","item":"https:\/\/mademoisellecoline.com\/fr\/"},{"@type":"ListItem","position":2,"name":"Termes et conditions d&#8217;achat"}]},{"@type":"WebSite","@id":"https:\/\/mademoisellecoline.com\/en\/#website","url":"https:\/\/mademoisellecoline.com\/en\/","name":"Mademoiselle Coline","description":"Joyas delicadas, c\u00e1lidas y arm\u00f3nicas","publisher":{"@id":"https:\/\/mademoisellecoline.com\/en\/#\/schema\/person\/a87a3358725ddb0d57e86600da53e416"},"potentialAction":[{"@type":"SearchAction","target":{"@type":"EntryPoint","urlTemplate":"https:\/\/mademoisellecoline.com\/en\/?s={search_term_string}"},"query-input":{"@type":"PropertyValueSpecification","valueRequired":true,"valueName":"search_term_string"}}],"inLanguage":"fr-FR"},{"@type":["Person","Organization"],"@id":"https:\/\/mademoisellecoline.com\/en\/#\/schema\/person\/a87a3358725ddb0d57e86600da53e416","name":"Mademoiselle Coline","image":{"@type":"ImageObject","inLanguage":"fr-FR","@id":"https:\/\/mademoisellecoline.com\/wp-content\/uploads\/2024\/01\/ColineNeg.jpg","url":"https:\/\/mademoisellecoline.com\/wp-content\/uploads\/2024\/01\/ColineNeg.jpg","contentUrl":"https:\/\/mademoisellecoline.com\/wp-content\/uploads\/2024\/01\/ColineNeg.jpg","width":584,"height":349,"caption":"Mademoiselle Coline"},"logo":{"@id":"https:\/\/mademoisellecoline.com\/wp-content\/uploads\/2024\/01\/ColineNeg.jpg"},"sameAs":["https:\/\/www.facebook.com\/mademoisellecoline","https:\/\/www.instagram.com\/mademoiselle_coline\/"]}]}},"_links":{"self":[{"href":"https:\/\/mademoisellecoline.com\/fr\/wp-json\/wp\/v2\/pages\/2101","targetHints":{"allow":["GET"]}}],"collection":[{"href":"https:\/\/mademoisellecoline.com\/fr\/wp-json\/wp\/v2\/pages"}],"about":[{"href":"https:\/\/mademoisellecoline.com\/fr\/wp-json\/wp\/v2\/types\/page"}],"author":[{"embeddable":true,"href":"https:\/\/mademoisellecoline.com\/fr\/wp-json\/wp\/v2\/users\/1"}],"replies":[{"embeddable":true,"href":"https:\/\/mademoisellecoline.com\/fr\/wp-json\/wp\/v2\/comments?post=2101"}],"version-history":[{"count":5,"href":"https:\/\/mademoisellecoline.com\/fr\/wp-json\/wp\/v2\/pages\/2101\/revisions"}],"predecessor-version":[{"id":35851,"href":"https:\/\/mademoisellecoline.com\/fr\/wp-json\/wp\/v2\/pages\/2101\/revisions\/35851"}],"wp:attachment":[{"href":"https:\/\/mademoisellecoline.com\/fr\/wp-json\/wp\/v2\/media?parent=2101"}],"curies":[{"name":"wp","href":"https:\/\/api.w.org\/{rel}","templated":true}]}}