{"id":33562,"date":"2024-07-01T03:22:07","date_gmt":"2024-07-01T03:22:07","guid":{"rendered":"https:\/\/mademoisellecoline.com\/?page_id=33562"},"modified":"2024-07-09T08:27:10","modified_gmt":"2024-07-09T08:27:10","slug":"entretien-de-vos-bijoux-mademoiselle-coline","status":"publish","type":"page","link":"https:\/\/mademoisellecoline.com\/fr\/entretien-de-vos-bijoux-mademoiselle-coline\/","title":{"rendered":"Entretien de vos bijoux"},"content":{"rendered":"<div class=\"wpb-content-wrapper\"><section  class=\"content-section full-width with-col cover rella-no-padding rella-no-margin    content-section-69efb0ebd7d28\"><div class=\"row vc_row-fluid\"><div class=\"wpb_column col-md-12\"><div class=\"section-text text-block \" ><p><strong>Entretien de vos bijoux<br \/>\n<\/strong>Les cr\u00e9ations de Mademoiselle Coline marient naturellement la beaut\u00e9 du pass\u00e9 avec l\u2019actuelle et chaque cr\u00e9ation recherche l\u2019alliance et la communion de m\u00e9taux, textures et tonalit\u00e9s. Ce sont des pi\u00e8ces qui jouissent d&rsquo;une vie et d&rsquo;une histoire pass\u00e9es et d&rsquo;une vie et d&rsquo;une histoire futures auxquelles vous contribuerez. Les pi\u00e8ces sont vivantes et \u00e9voluent au fil de leur utilisation quotidienne.<\/p>\n<p><strong>Pour un entretien correct, je recommande<br \/>\n<\/strong>Lorsque vous ne les utilisez pas, je vous recommande de les conserver dans leur \u00e9tui d&rsquo;origine sans contact avec d&rsquo;autres bijoux. Les m\u00e9taux \u00e9voluent par le processus d&rsquo;oxydation au contact de l&rsquo;air. Aussi, cette r\u00e9action peut \u00eatre accentu\u00e9e par le pH de la peau. Par cons\u00e9quence, les m\u00e9taux \u00e9voluent en changeant de couleur et deviennent plus nuanc\u00e9s ou, de mani\u00e8re contraire, ils peuvent perdre leur oxydation d\u2019origine \u00e0 cause de l\u2019utilization et la friction avec d\u2019autres \u00e9l\u00e9ments. Mademoiselle Coline croit que l&rsquo;\u00e9volution des m\u00e9taux fait partie des pi\u00e8ces, synonyme de vie, de temps qui passe et de beaut\u00e9.<\/p>\n<p><strong>Nettoyage<br \/>\n<\/strong>Utilisez un savon neutre avec de l&rsquo;eau ti\u00e8de si vous devez nettoyer la pi\u00e8ce. N&rsquo;utilisez jamais de produits de nettoyage de m\u00e9taux car ils sont tr\u00e8s abrasifs et ne frottez jamais avec tout ce qui peut rayer la pi\u00e8ce.<\/p>\n<p><strong>Un soin particulier pour les pi\u00e8ces avec des pierres pr\u00e9cieuses<br \/>\n<\/strong>Vous devez \u00eatre particuli\u00e8rement prudent avec les bracelets et les bagues qui ont des pierres pr\u00e9cieuses car ce sont les pi\u00e8ces qui ont plus de contact avec d&rsquo;autres \u00e9l\u00e9ments et objets. Surtout, \u00e9vitez de heurter les surfaces dures et les changements extr\u00eames de temp\u00e9rature.<\/p>\n<p><strong>Entretien des pi\u00e8ces plaqu\u00e9es or 24 carats<br \/>\n<\/strong>Afin de maintenir le plaqu\u00e9 or le plus longtemps possible, il faut:<br \/>\n\u00c9viter le contact avec le parfum, les produits cosm\u00e9tiques ou chimiques, l&rsquo;eau de mer ou la piscine<br \/>\nRetirezvos bijoux avant se coucher, prendre une douche ou faire des activit\u00e9s qui peut les heurter<\/p>\n<p>Nous offrons \u00e9galement un service de restauration et de replaquage pour que vous puissiez retrouver vos pi\u00e8ces comme au premier jour.<\/p>\n<p>&nbsp;<\/p>\n<p>S&rsquo;il vous pla\u00eet,\u00a0 n\u2019h\u00e9sitez pas \u00e0 me contacter si vous avez des questions.<\/p>\n<\/div><\/div><\/div><\/section>\n<\/div>","protected":false},"excerpt":{"rendered":"Entretien de vos bijoux Les cr\u00e9ations de Mademoiselle Coline marient naturellement la beaut\u00e9 du pass\u00e9 avec l\u2019actuelle et chaque cr\u00e9ation recherche l\u2019alliance et la communion de m\u00e9taux, textures et tonalit\u00e9s. Ce sont des pi\u00e8ces qui jouissent d'une vie et d'une histoire pass\u00e9es et d'une vie et d'une histoire futures auxquelles vous contribuerez. Les pi\u00e8ces sont","protected":false},"author":3,"featured_media":0,"parent":0,"menu_order":0,"comment_status":"closed","ping_status":"closed","template":"","meta":{"_joinchat":[],"footnotes":""},"class_list":["post-33562","page","type-page","status-publish","hentry"],"yoast_head":"<!-- This site is optimized with the Yoast SEO plugin v27.4 - https:\/\/yoast.com\/product\/yoast-seo-wordpress\/ -->\n<title>Entretien de vos bijoux | Mademoiselle Coline<\/title>\n<meta name=\"description\" content=\"Conseils d&#039;entretien des bijoux faits main artisanaux. Service de restauration et de replaquage de vous bijoux.\" \/>\n<meta name=\"robots\" content=\"index, follow, max-snippet:-1, max-image-preview:large, max-video-preview:-1\" \/>\n<link rel=\"canonical\" href=\"https:\/\/mademoisellecoline.com\/fr\/entretien-de-vos-bijoux-mademoiselle-coline\/\" \/>\n<meta property=\"og:locale\" content=\"fr_FR\" \/>\n<meta property=\"og:type\" content=\"article\" \/>\n<meta property=\"og:title\" content=\"Entretien de vos bijoux | Mademoiselle Coline\" \/>\n<meta property=\"og:description\" content=\"Conseils d&#039;entretien des bijoux faits main artisanaux. Service de restauration et de replaquage de vous bijoux.\" \/>\n<meta property=\"og:url\" content=\"https:\/\/mademoisellecoline.com\/fr\/entretien-de-vos-bijoux-mademoiselle-coline\/\" \/>\n<meta property=\"og:site_name\" content=\"Mademoiselle Coline\" \/>\n<meta property=\"article:publisher\" content=\"https:\/\/www.facebook.com\/mademoisellecoline\" \/>\n<meta property=\"article:modified_time\" content=\"2024-07-09T08:27:10+00:00\" \/>\n<meta property=\"og:image\" content=\"https:\/\/mademoisellecoline.com\/wp-content\/uploads\/2018\/12\/mademoiselle-coline-logo-mails.png\" \/>\n\t<meta property=\"og:image:width\" content=\"283\" \/>\n\t<meta property=\"og:image:height\" content=\"119\" \/>\n\t<meta property=\"og:image:type\" content=\"image\/png\" \/>\n<meta name=\"twitter:card\" content=\"summary_large_image\" \/>\n<meta name=\"twitter:label1\" content=\"Dur\u00e9e de lecture estim\u00e9e\" \/>\n\t<meta name=\"twitter:data1\" content=\"2 minutes\" \/>\n<script type=\"application\/ld+json\" class=\"yoast-schema-graph\">{\"@context\":\"https:\\\/\\\/schema.org\",\"@graph\":[{\"@type\":\"WebPage\",\"@id\":\"https:\\\/\\\/mademoisellecoline.com\\\/fr\\\/entretien-de-vos-bijoux-mademoiselle-coline\\\/\",\"url\":\"https:\\\/\\\/mademoisellecoline.com\\\/fr\\\/entretien-de-vos-bijoux-mademoiselle-coline\\\/\",\"name\":\"Entretien de vos bijoux | Mademoiselle Coline\",\"isPartOf\":{\"@id\":\"https:\\\/\\\/mademoisellecoline.com\\\/en\\\/#website\"},\"datePublished\":\"2024-07-01T03:22:07+00:00\",\"dateModified\":\"2024-07-09T08:27:10+00:00\",\"description\":\"Conseils d'entretien des bijoux faits main artisanaux. Service de restauration et de replaquage de vous bijoux.\",\"breadcrumb\":{\"@id\":\"https:\\\/\\\/mademoisellecoline.com\\\/fr\\\/entretien-de-vos-bijoux-mademoiselle-coline\\\/#breadcrumb\"},\"inLanguage\":\"fr-FR\",\"potentialAction\":[{\"@type\":\"ReadAction\",\"target\":[\"https:\\\/\\\/mademoisellecoline.com\\\/fr\\\/entretien-de-vos-bijoux-mademoiselle-coline\\\/\"]}]},{\"@type\":\"BreadcrumbList\",\"@id\":\"https:\\\/\\\/mademoisellecoline.com\\\/fr\\\/entretien-de-vos-bijoux-mademoiselle-coline\\\/#breadcrumb\",\"itemListElement\":[{\"@type\":\"ListItem\",\"position\":1,\"name\":\"Portada\",\"item\":\"https:\\\/\\\/mademoisellecoline.com\\\/fr\\\/\"},{\"@type\":\"ListItem\",\"position\":2,\"name\":\"Entretien de vos bijoux\"}]},{\"@type\":\"WebSite\",\"@id\":\"https:\\\/\\\/mademoisellecoline.com\\\/en\\\/#website\",\"url\":\"https:\\\/\\\/mademoisellecoline.com\\\/en\\\/\",\"name\":\"Mademoiselle Coline\",\"description\":\"Joyas delicadas, c\u00e1lidas y arm\u00f3nicas\",\"publisher\":{\"@id\":\"https:\\\/\\\/mademoisellecoline.com\\\/en\\\/#\\\/schema\\\/person\\\/a87a3358725ddb0d57e86600da53e416\"},\"potentialAction\":[{\"@type\":\"SearchAction\",\"target\":{\"@type\":\"EntryPoint\",\"urlTemplate\":\"https:\\\/\\\/mademoisellecoline.com\\\/en\\\/?s={search_term_string}\"},\"query-input\":{\"@type\":\"PropertyValueSpecification\",\"valueRequired\":true,\"valueName\":\"search_term_string\"}}],\"inLanguage\":\"fr-FR\"},{\"@type\":[\"Person\",\"Organization\"],\"@id\":\"https:\\\/\\\/mademoisellecoline.com\\\/en\\\/#\\\/schema\\\/person\\\/a87a3358725ddb0d57e86600da53e416\",\"name\":\"Mademoiselle Coline\",\"image\":{\"@type\":\"ImageObject\",\"inLanguage\":\"fr-FR\",\"@id\":\"https:\\\/\\\/mademoisellecoline.com\\\/wp-content\\\/uploads\\\/2024\\\/01\\\/ColineNeg.jpg\",\"url\":\"https:\\\/\\\/mademoisellecoline.com\\\/wp-content\\\/uploads\\\/2024\\\/01\\\/ColineNeg.jpg\",\"contentUrl\":\"https:\\\/\\\/mademoisellecoline.com\\\/wp-content\\\/uploads\\\/2024\\\/01\\\/ColineNeg.jpg\",\"width\":584,\"height\":349,\"caption\":\"Mademoiselle Coline\"},\"logo\":{\"@id\":\"https:\\\/\\\/mademoisellecoline.com\\\/wp-content\\\/uploads\\\/2024\\\/01\\\/ColineNeg.jpg\"},\"sameAs\":[\"https:\\\/\\\/www.facebook.com\\\/mademoisellecoline\",\"https:\\\/\\\/www.instagram.com\\\/mademoiselle_coline\\\/\"]}]}<\/script>\n<!-- \/ Yoast SEO plugin. -->","yoast_head_json":{"title":"Entretien de vos bijoux | Mademoiselle Coline","description":"Conseils d'entretien des bijoux faits main artisanaux. Service de restauration et de replaquage de vous bijoux.","robots":{"index":"index","follow":"follow","max-snippet":"max-snippet:-1","max-image-preview":"max-image-preview:large","max-video-preview":"max-video-preview:-1"},"canonical":"https:\/\/mademoisellecoline.com\/fr\/entretien-de-vos-bijoux-mademoiselle-coline\/","og_locale":"fr_FR","og_type":"article","og_title":"Entretien de vos bijoux | Mademoiselle Coline","og_description":"Conseils d'entretien des bijoux faits main artisanaux. Service de restauration et de replaquage de vous bijoux.","og_url":"https:\/\/mademoisellecoline.com\/fr\/entretien-de-vos-bijoux-mademoiselle-coline\/","og_site_name":"Mademoiselle Coline","article_publisher":"https:\/\/www.facebook.com\/mademoisellecoline","article_modified_time":"2024-07-09T08:27:10+00:00","og_image":[{"width":283,"height":119,"url":"https:\/\/mademoisellecoline.com\/wp-content\/uploads\/2018\/12\/mademoiselle-coline-logo-mails.png","type":"image\/png"}],"twitter_card":"summary_large_image","twitter_misc":{"Dur\u00e9e de lecture estim\u00e9e":"2 minutes"},"schema":{"@context":"https:\/\/schema.org","@graph":[{"@type":"WebPage","@id":"https:\/\/mademoisellecoline.com\/fr\/entretien-de-vos-bijoux-mademoiselle-coline\/","url":"https:\/\/mademoisellecoline.com\/fr\/entretien-de-vos-bijoux-mademoiselle-coline\/","name":"Entretien de vos bijoux | Mademoiselle Coline","isPartOf":{"@id":"https:\/\/mademoisellecoline.com\/en\/#website"},"datePublished":"2024-07-01T03:22:07+00:00","dateModified":"2024-07-09T08:27:10+00:00","description":"Conseils d'entretien des bijoux faits main artisanaux. Service de restauration et de replaquage de vous bijoux.","breadcrumb":{"@id":"https:\/\/mademoisellecoline.com\/fr\/entretien-de-vos-bijoux-mademoiselle-coline\/#breadcrumb"},"inLanguage":"fr-FR","potentialAction":[{"@type":"ReadAction","target":["https:\/\/mademoisellecoline.com\/fr\/entretien-de-vos-bijoux-mademoiselle-coline\/"]}]},{"@type":"BreadcrumbList","@id":"https:\/\/mademoisellecoline.com\/fr\/entretien-de-vos-bijoux-mademoiselle-coline\/#breadcrumb","itemListElement":[{"@type":"ListItem","position":1,"name":"Portada","item":"https:\/\/mademoisellecoline.com\/fr\/"},{"@type":"ListItem","position":2,"name":"Entretien de vos bijoux"}]},{"@type":"WebSite","@id":"https:\/\/mademoisellecoline.com\/en\/#website","url":"https:\/\/mademoisellecoline.com\/en\/","name":"Mademoiselle Coline","description":"Joyas delicadas, c\u00e1lidas y arm\u00f3nicas","publisher":{"@id":"https:\/\/mademoisellecoline.com\/en\/#\/schema\/person\/a87a3358725ddb0d57e86600da53e416"},"potentialAction":[{"@type":"SearchAction","target":{"@type":"EntryPoint","urlTemplate":"https:\/\/mademoisellecoline.com\/en\/?s={search_term_string}"},"query-input":{"@type":"PropertyValueSpecification","valueRequired":true,"valueName":"search_term_string"}}],"inLanguage":"fr-FR"},{"@type":["Person","Organization"],"@id":"https:\/\/mademoisellecoline.com\/en\/#\/schema\/person\/a87a3358725ddb0d57e86600da53e416","name":"Mademoiselle Coline","image":{"@type":"ImageObject","inLanguage":"fr-FR","@id":"https:\/\/mademoisellecoline.com\/wp-content\/uploads\/2024\/01\/ColineNeg.jpg","url":"https:\/\/mademoisellecoline.com\/wp-content\/uploads\/2024\/01\/ColineNeg.jpg","contentUrl":"https:\/\/mademoisellecoline.com\/wp-content\/uploads\/2024\/01\/ColineNeg.jpg","width":584,"height":349,"caption":"Mademoiselle Coline"},"logo":{"@id":"https:\/\/mademoisellecoline.com\/wp-content\/uploads\/2024\/01\/ColineNeg.jpg"},"sameAs":["https:\/\/www.facebook.com\/mademoisellecoline","https:\/\/www.instagram.com\/mademoiselle_coline\/"]}]}},"_links":{"self":[{"href":"https:\/\/mademoisellecoline.com\/fr\/wp-json\/wp\/v2\/pages\/33562","targetHints":{"allow":["GET"]}}],"collection":[{"href":"https:\/\/mademoisellecoline.com\/fr\/wp-json\/wp\/v2\/pages"}],"about":[{"href":"https:\/\/mademoisellecoline.com\/fr\/wp-json\/wp\/v2\/types\/page"}],"author":[{"embeddable":true,"href":"https:\/\/mademoisellecoline.com\/fr\/wp-json\/wp\/v2\/users\/3"}],"replies":[{"embeddable":true,"href":"https:\/\/mademoisellecoline.com\/fr\/wp-json\/wp\/v2\/comments?post=33562"}],"version-history":[{"count":5,"href":"https:\/\/mademoisellecoline.com\/fr\/wp-json\/wp\/v2\/pages\/33562\/revisions"}],"predecessor-version":[{"id":33630,"href":"https:\/\/mademoisellecoline.com\/fr\/wp-json\/wp\/v2\/pages\/33562\/revisions\/33630"}],"wp:attachment":[{"href":"https:\/\/mademoisellecoline.com\/fr\/wp-json\/wp\/v2\/media?parent=33562"}],"curies":[{"name":"wp","href":"https:\/\/api.w.org\/{rel}","templated":true}]}}