{"id":33643,"date":"2024-10-24T06:59:36","date_gmt":"2024-10-24T06:59:36","guid":{"rendered":"https:\/\/mademoisellecoline.com\/?page_id=33643"},"modified":"2026-01-28T11:27:43","modified_gmt":"2026-01-28T11:27:43","slug":"atelier-coline-sur-mesure-2","status":"publish","type":"page","link":"https:\/\/mademoisellecoline.com\/fr\/collections-bijoux-faits-main-ethiques-2\/atelier-coline-sur-mesure-2\/","title":{"rendered":"Atelier Coline \u2013 Sur Mesure"},"content":{"rendered":"<div class=\"wpb-content-wrapper\"><section class=\"content-section full-width with-col cover rella-no-padding rella-no-margin    content-section-69efb0f1f28f0\"><div class=\"row vc_row-fluid\"><div class=\"wpb_column col-md-12\"><\/div><\/div><\/section><section  class=\"content-section full-width with-col cover rella-no-padding rella-no-margin    content-section-69efb0f1f2a47\"><div class=\"row vc_row-fluid\"><div class=\"wpb_column col-md-12 hidden-sm hidden-xs\"><section  class=\"content-section full-width with-col cover rella-no-padding rella-no-margin    content-section-69efb0f1f2f2e\"><div class=\"row vc_row-fluid\"><div class=\"wpb_column col-md-4\">[vc_custom_heading text=\u00a0\u00bbAtelier Coline,<br \/>\nbijoux faits \u00e0 la main<br \/>\nSur Mesure, pour toujours\u00a0\u00bb font_container=\u00a0\u00bbtag:h1|font_size:33|text_align:left\u00a0\u00bb google_fonts=\u00a0\u00bbfont_family:Dosis%3A200%2C300%2Cregular%2C500%2C600%2C700%2C800|font_style:300%20light%20regular%3A300%3Anormal\u00a0\u00bb css=\u00a0\u00bb\u00a0\u00bb]<div class=\"section-text text-block align-left\" ><p>Atelier Coline est une ode \u00e0 l\u2019\u00e9ternit\u00e9, \u00e0 la beaut\u00e9 immortelle et \u00e0 son profond symbolisme \u00e0 travers le temps.<\/p>\n<p>Un espace intime pour partager, r\u00eaver et s\u2019inspirer, o\u00f9 des bijoux Sur Mesure sont cr\u00e9\u00e9es exclusivement pour vous. Des bijoux artisanaux personnalis\u00e9s, fabriqu\u00e9s \u00e0 la main avec des m\u00e9taux pr\u00e9cieux et des pierres soigneusement s\u00e9lectionn\u00e9es, cr\u00e9ant des pi\u00e8ces uniques et personnelles, qui transforment des moments significatifs en souvenirs inoubliables.<\/p>\n<p>Des nouvelles cr\u00e9ations aux pi\u00e8ces iconiques de la marque, chaque bijou peut \u00eatre personnalis\u00e9 ou servir de point de d\u00e9part \u00e0 une cr\u00e9ation sur mesure, r\u00e9alis\u00e9e \u00e0 la main sp\u00e9cialement pour vous en lien personnel avec la cr\u00e9atrice.<\/p>\n<\/div>[vc_single_image image=\u00a0\u00bb34134&Prime; img_size=\u00a0\u00bbfull\u00a0\u00bb alignment=\u00a0\u00bbcenter\u00a0\u00bb onclick=\u00a0\u00bbcustom_link\u00a0\u00bb css_animation=\u00a0\u00bbfadeInUp\u00a0\u00bb css=\u00a0\u00bb\u00a0\u00bb link=\u00a0\u00bbhttps:\/\/mademoisellecoline.com\/fr\/produit\/bague-cris-creation-sur-mesure\/\u00a0\u00bb]<div class=\"section-text text-block \" style=\"font-size:15px;\"><p style=\"text-align: center\">Bague Cris &#8211; Cr\u00e9ation Sur Mesure<br \/>\n<a href=\"https:\/\/mademoisellecoline.com\/fr\/produit\/bague-coeur-piece-sur-mesure\/\">Voir plus<\/a><\/p>\n<\/div>[vc_single_image image=\u00a0\u00bb34165&Prime; img_size=\u00a0\u00bbfull\u00a0\u00bb alignment=\u00a0\u00bbcenter\u00a0\u00bb onclick=\u00a0\u00bbcustom_link\u00a0\u00bb css_animation=\u00a0\u00bbfadeInUp\u00a0\u00bb css=\u00a0\u00bb\u00a0\u00bb link=\u00a0\u00bbhttps:\/\/mademoisellecoline.com\/fr\/produit\/bague-elle-creation-sur-mesure\/\u00a0\u00bb]<div class=\"section-text text-block \" style=\"font-size:15px;\"><p style=\"text-align: center\">Bague Elle &#8211; Cr\u00e9ation Sur Mesure<br \/>\n<a href=\"https:\/\/mademoisellecoline.com\/fr\/produit\/bague-coeur-piece-sur-mesure\/\">Voir plus<\/a><\/p>\n<\/div><\/div><div class=\"wpb_column col-md-4\">[vc_empty_space height=\u00a0\u00bb252px\u00a0\u00bb][vc_single_image image=\u00a0\u00bb34015&Prime; img_size=\u00a0\u00bbfull\u00a0\u00bb alignment=\u00a0\u00bbcenter\u00a0\u00bb onclick=\u00a0\u00bbcustom_link\u00a0\u00bb css_animation=\u00a0\u00bbfadeInUp\u00a0\u00bb css=\u00a0\u00bb\u00a0\u00bb link=\u00a0\u00bbhttps:\/\/mademoisellecoline.com\/fr\/produit\/bague-coeur-piece-sur-mesure\/\u00a0\u00bb]<div class=\"section-text text-block \" style=\"font-size:15px;\"><p style=\"text-align: center\">Bague C\u0153ur &#8211; Cr\u00e9ation Sur Mesure<br \/>\n<a href=\"https:\/\/mademoisellecoline.com\/fr\/produit\/bague-coeur-piece-sur-mesure\/\">Voir plus<\/a><\/p>\n<\/div>[vc_single_image image=\u00a0\u00bb34019&Prime; img_size=\u00a0\u00bbfull\u00a0\u00bb alignment=\u00a0\u00bbcenter\u00a0\u00bb onclick=\u00a0\u00bbcustom_link\u00a0\u00bb css_animation=\u00a0\u00bbfadeInUp\u00a0\u00bb css=\u00a0\u00bb\u00a0\u00bb link=\u00a0\u00bbhttps:\/\/mademoisellecoline.com\/fr\/produit\/pieces-iconiques-creation-sur-mesure\/\u00a0\u00bb]<div class=\"section-text text-block \" style=\"font-size:15px;\"><p style=\"text-align: center\">Pi\u00e8ces Iconiques &#8211; Cr\u00e9ation Sur Mesure<br \/>\n<a href=\"https:\/\/mademoisellecoline.com\/fr\/produit\/bague-coeur-piece-sur-mesure\/\">Voir plus<\/a><\/p>\n<\/div><div class=\"section-text text-block \" ><h2 style=\"text-align: center;font-family: Dosis;font-size: 24px;font-weight: 300;padding: 20px\">Envie de commencer \u00e0 vous inspirer ? Si vous souhaitez parler de la cr\u00e9ation d\u2019une pi\u00e8ce Sur Mesure, contactez <a href=\"mailto:contact@mademoisellecoline.com\" target=\"_blank\" rel=\"noopener\"><u>Atelier Coline<\/u><\/a><\/h2>\n<\/div><\/div><div class=\"wpb_column col-md-4\">[vc_empty_space height=\u00a0\u00bb322px\u00a0\u00bb][vc_single_image image=\u00a0\u00bb34149&Prime; img_size=\u00a0\u00bbfull\u00a0\u00bb alignment=\u00a0\u00bbcenter\u00a0\u00bb onclick=\u00a0\u00bbcustom_link\u00a0\u00bb css_animation=\u00a0\u00bbfadeInUp\u00a0\u00bb css=\u00a0\u00bb\u00a0\u00bb link=\u00a0\u00bbhttps:\/\/mademoisellecoline.com\/fr\/produit\/bague-eon-creation-sur-mesure\/\u00a0\u00bb]<div class=\"section-text text-block \" style=\"font-size:15px;\"><p style=\"text-align: center\">Bague \u00c9on &#8211; Cr\u00e9ation Sur Mesure<br \/>\n<a href=\"https:\/\/mademoisellecoline.com\/fr\/produit\/bague-coeur-piece-sur-mesure\/\">Voir plus<\/a><\/p>\n<\/div>[vc_single_image image=\u00a0\u00bb34444&Prime; img_size=\u00a0\u00bbfull\u00a0\u00bb alignment=\u00a0\u00bbcenter\u00a0\u00bb onclick=\u00a0\u00bbcustom_link\u00a0\u00bb css_animation=\u00a0\u00bbfadeInUp\u00a0\u00bb css=\u00a0\u00bb\u00a0\u00bb link=\u00a0\u00bbhttps:\/\/mademoisellecoline.com\/fr\/produit\/bague-stella-creation-sur-mesure\/\u00a0\u00bb]<div class=\"section-text text-block \" style=\"font-size:15px;\"><p style=\"text-align: center\">Bague Stella &#8211; Cr\u00e9ation Sur Mesure<br \/>\n<a href=\"https:\/\/mademoisellecoline.com\/fr\/produit\/bague-coeur-piece-sur-mesure\/\">Voir plus<\/a><\/p>\n<\/div><\/div><\/div><\/section><\/div><\/div><\/section><section  class=\"content-section full-width with-col cover rella-no-padding rella-no-margin    content-section-69efb0f1f3701\"><div class=\"row vc_row-fluid\"><div class=\"wpb_column col-md-12 hidden-lg hidden-md\"><section  class=\"content-section full-width with-col cover rella-no-padding rella-no-margin    content-section-69efb0f1f3a86\"><div class=\"row vc_row-fluid\"><div class=\"wpb_column col-md-12\">[vc_custom_heading text=\u00a0\u00bbAtelier Coline,<br \/>\nbijoux faits \u00e0 la main<br \/>\nSur Mesure, pour toujours\u00a0\u00bb font_container=\u00a0\u00bbtag:h1|font_size:33|text_align:left\u00a0\u00bb google_fonts=\u00a0\u00bbfont_family:Dosis%3A200%2C300%2Cregular%2C500%2C600%2C700%2C800|font_style:300%20light%20regular%3A300%3Anormal\u00a0\u00bb css=\u00a0\u00bb\u00a0\u00bb]<div class=\"section-text text-block align-left\" ><p>Atelier Coline est une ode \u00e0 l\u2019\u00e9ternit\u00e9, \u00e0 la beaut\u00e9 immortelle et \u00e0 son profond symbolisme \u00e0 travers le temps.<\/p>\n<p>Un espace intime pour partager, r\u00eaver et s\u2019inspirer, o\u00f9 des pi\u00e8ces Sur Mesure sont cr\u00e9\u00e9es exclusivement pour vous. Des bijoux artisanaux personnalis\u00e9s, fabriqu\u00e9s \u00e0 la main avec des m\u00e9taux pr\u00e9cieux et des pierres soigneusement s\u00e9lectionn\u00e9es, cr\u00e9ant des pi\u00e8ces uniques et personnelles, qui transforment des moments significatifs en souvenirs inoubliables.<\/p>\n<p>Des nouvelles cr\u00e9ations aux pi\u00e8ces iconiques de la marque, chaque bijou peut \u00eatre personnalis\u00e9 ou servir d\u2019inspiration pour une nouvelle cr\u00e9ation, con\u00e7ue sp\u00e9cialement pour vous.<\/p>\n<\/div>[vc_single_image image=\u00a0\u00bb34015&Prime; img_size=\u00a0\u00bbfull\u00a0\u00bb alignment=\u00a0\u00bbcenter\u00a0\u00bb onclick=\u00a0\u00bbcustom_link\u00a0\u00bb css=\u00a0\u00bb\u00a0\u00bb link=\u00a0\u00bbhttps:\/\/mademoisellecoline.com\/fr\/produit\/bague-coeur-piece-sur-mesure\/\u00a0\u00bb]<div class=\"section-text text-block \" style=\"font-size:15px;\"><p style=\"text-align: center\">Bague C\u0153ur &#8211; Cr\u00e9ation Sur Mesure<br \/>\n<a href=\"https:\/\/mademoisellecoline.com\/fr\/produit\/bague-coeur-piece-sur-mesure\/\">Voir plus<\/a><\/p>\n<\/div>[vc_single_image image=\u00a0\u00bb34149&Prime; img_size=\u00a0\u00bbfull\u00a0\u00bb alignment=\u00a0\u00bbcenter\u00a0\u00bb onclick=\u00a0\u00bbcustom_link\u00a0\u00bb css=\u00a0\u00bb\u00a0\u00bb link=\u00a0\u00bbhttps:\/\/mademoisellecoline.com\/fr\/produit\/bague-eon-creation-sur-mesure\/\u00a0\u00bb]<div class=\"section-text text-block \" style=\"font-size:15px;\"><p style=\"text-align: center\">Bague \u00c9on &#8211; Cr\u00e9ation Sur Mesure<br \/>\n<a href=\"https:\/\/mademoisellecoline.com\/fr\/produit\/bague-coeur-piece-sur-mesure\/\">Voir plus<\/a><\/p>\n<\/div>[vc_single_image image=\u00a0\u00bb34134&Prime; img_size=\u00a0\u00bbfull\u00a0\u00bb alignment=\u00a0\u00bbcenter\u00a0\u00bb onclick=\u00a0\u00bbcustom_link\u00a0\u00bb css=\u00a0\u00bb\u00a0\u00bb link=\u00a0\u00bbhttps:\/\/mademoisellecoline.com\/fr\/produit\/bague-cris-creation-sur-mesure\/\u00a0\u00bb]<div class=\"section-text text-block \" style=\"font-size:15px;\"><p style=\"text-align: center\">Bague Cris &#8211; Cr\u00e9ation Sur Mesure<br \/>\n<a href=\"https:\/\/mademoisellecoline.com\/fr\/produit\/bague-coeur-piece-sur-mesure\/\">Voir plus<\/a><\/p>\n<\/div>[vc_empty_space height=\u00a0\u00bb0px\u00a0\u00bb]<div class=\"section-text text-block \" ><h2 style=\"text-align: center;font-family: Dosis;font-size: 24px;font-weight: 300;padding: 20px\">Envie de commencer \u00e0 vous inspirer ? Si vous souhaitez parler de la cr\u00e9ation d\u2019une pi\u00e8ce Sur Mesure, contactez <a href=\"mailto:contact@mademoisellecoline.com\" target=\"_blank\" rel=\"noopener\"><u>Atelier Coline<\/u><\/a><\/h2>\n<\/div>[vc_empty_space height=\u00a0\u00bb20px\u00a0\u00bb][vc_single_image image=\u00a0\u00bb34165&Prime; img_size=\u00a0\u00bbfull\u00a0\u00bb alignment=\u00a0\u00bbcenter\u00a0\u00bb onclick=\u00a0\u00bbcustom_link\u00a0\u00bb css=\u00a0\u00bb\u00a0\u00bb link=\u00a0\u00bbhttps:\/\/mademoisellecoline.com\/fr\/produit\/bague-elle-creation-sur-mesure\/\u00a0\u00bb]<div class=\"section-text text-block \" style=\"font-size:15px;\"><p style=\"text-align: center\">Bague Elle &#8211; Cr\u00e9ation Sur Mesure<br \/>\n<a href=\"https:\/\/mademoisellecoline.com\/fr\/produit\/bague-coeur-piece-sur-mesure\/\">Voir plus<\/a><\/p>\n<\/div>[vc_single_image image=\u00a0\u00bb34444&Prime; img_size=\u00a0\u00bbfull\u00a0\u00bb alignment=\u00a0\u00bbcenter\u00a0\u00bb onclick=\u00a0\u00bbcustom_link\u00a0\u00bb css=\u00a0\u00bb\u00a0\u00bb link=\u00a0\u00bbhttps:\/\/mademoisellecoline.com\/fr\/produit\/bague-stella-creation-sur-mesure\/\u00a0\u00bb]<div class=\"section-text text-block \" style=\"font-size:15px;\"><p style=\"text-align: center\">Bague Stella &#8211; Cr\u00e9ation Sur Mesure<br \/>\n<a href=\"https:\/\/mademoisellecoline.com\/fr\/produit\/bague-coeur-piece-sur-mesure\/\">Voir plus<\/a><\/p>\n<\/div>[vc_single_image image=\u00a0\u00bb34019&Prime; img_size=\u00a0\u00bbfull\u00a0\u00bb alignment=\u00a0\u00bbcenter\u00a0\u00bb onclick=\u00a0\u00bbcustom_link\u00a0\u00bb css=\u00a0\u00bb\u00a0\u00bb link=\u00a0\u00bbhttps:\/\/mademoisellecoline.com\/fr\/produit\/pieces-iconiques-creation-sur-mesure\/\u00a0\u00bb]<div class=\"section-text text-block \" style=\"font-size:15px;\"><p style=\"text-align: center\">Pi\u00e8ces Iconiques &#8211; Cr\u00e9ation Sur Mesure<br \/>\n<a href=\"https:\/\/mademoisellecoline.com\/fr\/produit\/bague-coeur-piece-sur-mesure\/\">Voir plus<\/a><\/p>\n<\/div><\/div><\/div><\/section><\/div><\/div><\/section>\n<\/div>","protected":false},"excerpt":{"rendered":"[vc_custom_heading text=\"Atelier Coline, bijoux faits \u00e0 la main Sur Mesure, pour toujours\" font_container=\"tag:h1|font_size:33|text_align:left\" google_fonts=\"font_family:Dosis%3A200%2C300%2Cregular%2C500%2C600%2C700%2C800|font_style:300%20light%20regular%3A300%3Anormal\" css=\"\"]Atelier Coline est une ode \u00e0 l\u2019\u00e9ternit\u00e9, \u00e0 la beaut\u00e9 immortelle et \u00e0 son profond symbolisme \u00e0 travers le temps. Un espace intime pour partager, r\u00eaver et s\u2019inspirer, o\u00f9 des bijoux Sur Mesure sont cr\u00e9\u00e9es exclusivement pour vous. Des bijoux artisanaux","protected":false},"author":1,"featured_media":34228,"parent":18011,"menu_order":0,"comment_status":"closed","ping_status":"closed","template":"","meta":{"_joinchat":[],"footnotes":""},"class_list":["post-33643","page","type-page","status-publish","has-post-thumbnail","hentry"],"yoast_head":"<!-- This site is optimized with the Yoast SEO plugin v27.4 - https:\/\/yoast.com\/product\/yoast-seo-wordpress\/ -->\n<title>Bijoux faits main Sur Mesure | Mademoiselle Coline<\/title>\n<meta name=\"description\" content=\"Bijoux faits \u00e0 la main Sur Mesure. Cr\u00e9ations uniques qui symbolisent des moments significatifs. Nous vous attendons chez Atelier Coline.\" \/>\n<meta name=\"robots\" content=\"index, follow, max-snippet:-1, max-image-preview:large, max-video-preview:-1\" \/>\n<link rel=\"canonical\" href=\"https:\/\/mademoisellecoline.com\/fr\/collections-bijoux-faits-main-ethiques-2\/atelier-coline-sur-mesure-2\/\" \/>\n<meta property=\"og:locale\" content=\"fr_FR\" \/>\n<meta property=\"og:type\" content=\"article\" \/>\n<meta property=\"og:title\" content=\"Bijoux faits main Sur Mesure | Mademoiselle Coline\" \/>\n<meta property=\"og:description\" content=\"Bijoux faits \u00e0 la main Sur Mesure. Cr\u00e9ations uniques qui symbolisent des moments significatifs. Nous vous attendons chez Atelier Coline.\" \/>\n<meta property=\"og:url\" content=\"https:\/\/mademoisellecoline.com\/fr\/collections-bijoux-faits-main-ethiques-2\/atelier-coline-sur-mesure-2\/\" \/>\n<meta property=\"og:site_name\" content=\"Mademoiselle Coline\" \/>\n<meta property=\"article:publisher\" content=\"https:\/\/www.facebook.com\/mademoisellecoline\" \/>\n<meta property=\"article:modified_time\" content=\"2026-01-28T11:27:43+00:00\" \/>\n<meta property=\"og:image\" content=\"https:\/\/mademoisellecoline.com\/wp-content\/uploads\/2024\/09\/bijoux-artisanaux-sur-mesure-fait-main-Mademoiselle-Coline.jpg\" \/>\n\t<meta property=\"og:image:width\" content=\"1500\" \/>\n\t<meta property=\"og:image:height\" content=\"1500\" \/>\n\t<meta property=\"og:image:type\" content=\"image\/jpeg\" \/>\n<meta name=\"twitter:card\" content=\"summary_large_image\" \/>\n<meta name=\"twitter:label1\" content=\"Dur\u00e9e de lecture estim\u00e9e\" \/>\n\t<meta name=\"twitter:data1\" content=\"3 minutes\" \/>\n<script type=\"application\/ld+json\" class=\"yoast-schema-graph\">{\"@context\":\"https:\\\/\\\/schema.org\",\"@graph\":[{\"@type\":\"WebPage\",\"@id\":\"https:\\\/\\\/mademoisellecoline.com\\\/fr\\\/collections-bijoux-faits-main-ethiques-2\\\/atelier-coline-sur-mesure-2\\\/\",\"url\":\"https:\\\/\\\/mademoisellecoline.com\\\/fr\\\/collections-bijoux-faits-main-ethiques-2\\\/atelier-coline-sur-mesure-2\\\/\",\"name\":\"Bijoux faits main Sur Mesure | Mademoiselle Coline\",\"isPartOf\":{\"@id\":\"https:\\\/\\\/mademoisellecoline.com\\\/en\\\/#website\"},\"primaryImageOfPage\":{\"@id\":\"https:\\\/\\\/mademoisellecoline.com\\\/fr\\\/collections-bijoux-faits-main-ethiques-2\\\/atelier-coline-sur-mesure-2\\\/#primaryimage\"},\"image\":{\"@id\":\"https:\\\/\\\/mademoisellecoline.com\\\/fr\\\/collections-bijoux-faits-main-ethiques-2\\\/atelier-coline-sur-mesure-2\\\/#primaryimage\"},\"thumbnailUrl\":\"https:\\\/\\\/mademoisellecoline.com\\\/wp-content\\\/uploads\\\/2024\\\/09\\\/bijoux-artisanaux-sur-mesure-fait-main-Mademoiselle-Coline.jpg\",\"datePublished\":\"2024-10-24T06:59:36+00:00\",\"dateModified\":\"2026-01-28T11:27:43+00:00\",\"description\":\"Bijoux faits \u00e0 la main Sur Mesure. Cr\u00e9ations uniques qui symbolisent des moments significatifs. Nous vous attendons chez Atelier Coline.\",\"breadcrumb\":{\"@id\":\"https:\\\/\\\/mademoisellecoline.com\\\/fr\\\/collections-bijoux-faits-main-ethiques-2\\\/atelier-coline-sur-mesure-2\\\/#breadcrumb\"},\"inLanguage\":\"fr-FR\",\"potentialAction\":[{\"@type\":\"ReadAction\",\"target\":[\"https:\\\/\\\/mademoisellecoline.com\\\/fr\\\/collections-bijoux-faits-main-ethiques-2\\\/atelier-coline-sur-mesure-2\\\/\"]}]},{\"@type\":\"ImageObject\",\"inLanguage\":\"fr-FR\",\"@id\":\"https:\\\/\\\/mademoisellecoline.com\\\/fr\\\/collections-bijoux-faits-main-ethiques-2\\\/atelier-coline-sur-mesure-2\\\/#primaryimage\",\"url\":\"https:\\\/\\\/mademoisellecoline.com\\\/wp-content\\\/uploads\\\/2024\\\/09\\\/bijoux-artisanaux-sur-mesure-fait-main-Mademoiselle-Coline.jpg\",\"contentUrl\":\"https:\\\/\\\/mademoisellecoline.com\\\/wp-content\\\/uploads\\\/2024\\\/09\\\/bijoux-artisanaux-sur-mesure-fait-main-Mademoiselle-Coline.jpg\",\"width\":1500,\"height\":1500},{\"@type\":\"BreadcrumbList\",\"@id\":\"https:\\\/\\\/mademoisellecoline.com\\\/fr\\\/collections-bijoux-faits-main-ethiques-2\\\/atelier-coline-sur-mesure-2\\\/#breadcrumb\",\"itemListElement\":[{\"@type\":\"ListItem\",\"position\":1,\"name\":\"Portada\",\"item\":\"https:\\\/\\\/mademoisellecoline.com\\\/fr\\\/\"},{\"@type\":\"ListItem\",\"position\":2,\"name\":\"Collections\",\"item\":\"https:\\\/\\\/mademoisellecoline.com\\\/fr\\\/collections-bijoux-faits-main-ethiques-2\\\/\"},{\"@type\":\"ListItem\",\"position\":3,\"name\":\"Atelier Coline \u2013 Sur Mesure\"}]},{\"@type\":\"WebSite\",\"@id\":\"https:\\\/\\\/mademoisellecoline.com\\\/en\\\/#website\",\"url\":\"https:\\\/\\\/mademoisellecoline.com\\\/en\\\/\",\"name\":\"Mademoiselle Coline\",\"description\":\"Joyas delicadas, c\u00e1lidas y arm\u00f3nicas\",\"publisher\":{\"@id\":\"https:\\\/\\\/mademoisellecoline.com\\\/en\\\/#\\\/schema\\\/person\\\/a87a3358725ddb0d57e86600da53e416\"},\"potentialAction\":[{\"@type\":\"SearchAction\",\"target\":{\"@type\":\"EntryPoint\",\"urlTemplate\":\"https:\\\/\\\/mademoisellecoline.com\\\/en\\\/?s={search_term_string}\"},\"query-input\":{\"@type\":\"PropertyValueSpecification\",\"valueRequired\":true,\"valueName\":\"search_term_string\"}}],\"inLanguage\":\"fr-FR\"},{\"@type\":[\"Person\",\"Organization\"],\"@id\":\"https:\\\/\\\/mademoisellecoline.com\\\/en\\\/#\\\/schema\\\/person\\\/a87a3358725ddb0d57e86600da53e416\",\"name\":\"Mademoiselle Coline\",\"image\":{\"@type\":\"ImageObject\",\"inLanguage\":\"fr-FR\",\"@id\":\"https:\\\/\\\/mademoisellecoline.com\\\/wp-content\\\/uploads\\\/2024\\\/01\\\/ColineNeg.jpg\",\"url\":\"https:\\\/\\\/mademoisellecoline.com\\\/wp-content\\\/uploads\\\/2024\\\/01\\\/ColineNeg.jpg\",\"contentUrl\":\"https:\\\/\\\/mademoisellecoline.com\\\/wp-content\\\/uploads\\\/2024\\\/01\\\/ColineNeg.jpg\",\"width\":584,\"height\":349,\"caption\":\"Mademoiselle Coline\"},\"logo\":{\"@id\":\"https:\\\/\\\/mademoisellecoline.com\\\/wp-content\\\/uploads\\\/2024\\\/01\\\/ColineNeg.jpg\"},\"sameAs\":[\"https:\\\/\\\/www.facebook.com\\\/mademoisellecoline\",\"https:\\\/\\\/www.instagram.com\\\/mademoiselle_coline\\\/\"]}]}<\/script>\n<!-- \/ Yoast SEO plugin. -->","yoast_head_json":{"title":"Bijoux faits main Sur Mesure | Mademoiselle Coline","description":"Bijoux faits \u00e0 la main Sur Mesure. Cr\u00e9ations uniques qui symbolisent des moments significatifs. Nous vous attendons chez Atelier Coline.","robots":{"index":"index","follow":"follow","max-snippet":"max-snippet:-1","max-image-preview":"max-image-preview:large","max-video-preview":"max-video-preview:-1"},"canonical":"https:\/\/mademoisellecoline.com\/fr\/collections-bijoux-faits-main-ethiques-2\/atelier-coline-sur-mesure-2\/","og_locale":"fr_FR","og_type":"article","og_title":"Bijoux faits main Sur Mesure | Mademoiselle Coline","og_description":"Bijoux faits \u00e0 la main Sur Mesure. Cr\u00e9ations uniques qui symbolisent des moments significatifs. Nous vous attendons chez Atelier Coline.","og_url":"https:\/\/mademoisellecoline.com\/fr\/collections-bijoux-faits-main-ethiques-2\/atelier-coline-sur-mesure-2\/","og_site_name":"Mademoiselle Coline","article_publisher":"https:\/\/www.facebook.com\/mademoisellecoline","article_modified_time":"2026-01-28T11:27:43+00:00","og_image":[{"width":1500,"height":1500,"url":"https:\/\/mademoisellecoline.com\/wp-content\/uploads\/2024\/09\/bijoux-artisanaux-sur-mesure-fait-main-Mademoiselle-Coline.jpg","type":"image\/jpeg"}],"twitter_card":"summary_large_image","twitter_misc":{"Dur\u00e9e de lecture estim\u00e9e":"3 minutes"},"schema":{"@context":"https:\/\/schema.org","@graph":[{"@type":"WebPage","@id":"https:\/\/mademoisellecoline.com\/fr\/collections-bijoux-faits-main-ethiques-2\/atelier-coline-sur-mesure-2\/","url":"https:\/\/mademoisellecoline.com\/fr\/collections-bijoux-faits-main-ethiques-2\/atelier-coline-sur-mesure-2\/","name":"Bijoux faits main Sur Mesure | Mademoiselle Coline","isPartOf":{"@id":"https:\/\/mademoisellecoline.com\/en\/#website"},"primaryImageOfPage":{"@id":"https:\/\/mademoisellecoline.com\/fr\/collections-bijoux-faits-main-ethiques-2\/atelier-coline-sur-mesure-2\/#primaryimage"},"image":{"@id":"https:\/\/mademoisellecoline.com\/fr\/collections-bijoux-faits-main-ethiques-2\/atelier-coline-sur-mesure-2\/#primaryimage"},"thumbnailUrl":"https:\/\/mademoisellecoline.com\/wp-content\/uploads\/2024\/09\/bijoux-artisanaux-sur-mesure-fait-main-Mademoiselle-Coline.jpg","datePublished":"2024-10-24T06:59:36+00:00","dateModified":"2026-01-28T11:27:43+00:00","description":"Bijoux faits \u00e0 la main Sur Mesure. Cr\u00e9ations uniques qui symbolisent des moments significatifs. Nous vous attendons chez Atelier Coline.","breadcrumb":{"@id":"https:\/\/mademoisellecoline.com\/fr\/collections-bijoux-faits-main-ethiques-2\/atelier-coline-sur-mesure-2\/#breadcrumb"},"inLanguage":"fr-FR","potentialAction":[{"@type":"ReadAction","target":["https:\/\/mademoisellecoline.com\/fr\/collections-bijoux-faits-main-ethiques-2\/atelier-coline-sur-mesure-2\/"]}]},{"@type":"ImageObject","inLanguage":"fr-FR","@id":"https:\/\/mademoisellecoline.com\/fr\/collections-bijoux-faits-main-ethiques-2\/atelier-coline-sur-mesure-2\/#primaryimage","url":"https:\/\/mademoisellecoline.com\/wp-content\/uploads\/2024\/09\/bijoux-artisanaux-sur-mesure-fait-main-Mademoiselle-Coline.jpg","contentUrl":"https:\/\/mademoisellecoline.com\/wp-content\/uploads\/2024\/09\/bijoux-artisanaux-sur-mesure-fait-main-Mademoiselle-Coline.jpg","width":1500,"height":1500},{"@type":"BreadcrumbList","@id":"https:\/\/mademoisellecoline.com\/fr\/collections-bijoux-faits-main-ethiques-2\/atelier-coline-sur-mesure-2\/#breadcrumb","itemListElement":[{"@type":"ListItem","position":1,"name":"Portada","item":"https:\/\/mademoisellecoline.com\/fr\/"},{"@type":"ListItem","position":2,"name":"Collections","item":"https:\/\/mademoisellecoline.com\/fr\/collections-bijoux-faits-main-ethiques-2\/"},{"@type":"ListItem","position":3,"name":"Atelier Coline \u2013 Sur Mesure"}]},{"@type":"WebSite","@id":"https:\/\/mademoisellecoline.com\/en\/#website","url":"https:\/\/mademoisellecoline.com\/en\/","name":"Mademoiselle Coline","description":"Joyas delicadas, c\u00e1lidas y arm\u00f3nicas","publisher":{"@id":"https:\/\/mademoisellecoline.com\/en\/#\/schema\/person\/a87a3358725ddb0d57e86600da53e416"},"potentialAction":[{"@type":"SearchAction","target":{"@type":"EntryPoint","urlTemplate":"https:\/\/mademoisellecoline.com\/en\/?s={search_term_string}"},"query-input":{"@type":"PropertyValueSpecification","valueRequired":true,"valueName":"search_term_string"}}],"inLanguage":"fr-FR"},{"@type":["Person","Organization"],"@id":"https:\/\/mademoisellecoline.com\/en\/#\/schema\/person\/a87a3358725ddb0d57e86600da53e416","name":"Mademoiselle Coline","image":{"@type":"ImageObject","inLanguage":"fr-FR","@id":"https:\/\/mademoisellecoline.com\/wp-content\/uploads\/2024\/01\/ColineNeg.jpg","url":"https:\/\/mademoisellecoline.com\/wp-content\/uploads\/2024\/01\/ColineNeg.jpg","contentUrl":"https:\/\/mademoisellecoline.com\/wp-content\/uploads\/2024\/01\/ColineNeg.jpg","width":584,"height":349,"caption":"Mademoiselle Coline"},"logo":{"@id":"https:\/\/mademoisellecoline.com\/wp-content\/uploads\/2024\/01\/ColineNeg.jpg"},"sameAs":["https:\/\/www.facebook.com\/mademoisellecoline","https:\/\/www.instagram.com\/mademoiselle_coline\/"]}]}},"_links":{"self":[{"href":"https:\/\/mademoisellecoline.com\/fr\/wp-json\/wp\/v2\/pages\/33643","targetHints":{"allow":["GET"]}}],"collection":[{"href":"https:\/\/mademoisellecoline.com\/fr\/wp-json\/wp\/v2\/pages"}],"about":[{"href":"https:\/\/mademoisellecoline.com\/fr\/wp-json\/wp\/v2\/types\/page"}],"author":[{"embeddable":true,"href":"https:\/\/mademoisellecoline.com\/fr\/wp-json\/wp\/v2\/users\/1"}],"replies":[{"embeddable":true,"href":"https:\/\/mademoisellecoline.com\/fr\/wp-json\/wp\/v2\/comments?post=33643"}],"version-history":[{"count":6,"href":"https:\/\/mademoisellecoline.com\/fr\/wp-json\/wp\/v2\/pages\/33643\/revisions"}],"predecessor-version":[{"id":37774,"href":"https:\/\/mademoisellecoline.com\/fr\/wp-json\/wp\/v2\/pages\/33643\/revisions\/37774"}],"up":[{"embeddable":true,"href":"https:\/\/mademoisellecoline.com\/fr\/wp-json\/wp\/v2\/pages\/18011"}],"wp:featuredmedia":[{"embeddable":true,"href":"https:\/\/mademoisellecoline.com\/fr\/wp-json\/wp\/v2\/media\/34228"}],"wp:attachment":[{"href":"https:\/\/mademoisellecoline.com\/fr\/wp-json\/wp\/v2\/media?parent=33643"}],"curies":[{"name":"wp","href":"https:\/\/api.w.org\/{rel}","templated":true}]}}