{"id":36483,"date":"2025-03-10T18:56:37","date_gmt":"2025-03-10T18:56:37","guid":{"rendered":"https:\/\/mademoisellecoline.com\/?page_id=36483"},"modified":"2026-04-14T15:17:39","modified_gmt":"2026-04-14T15:17:39","slug":"plan-du-site","status":"publish","type":"page","link":"https:\/\/mademoisellecoline.com\/fr\/plan-du-site\/","title":{"rendered":"Plan du site"},"content":{"rendered":"<div class=\"wpb-content-wrapper\"><section  class=\"content-section full-width with-col cover rella-no-padding rella-no-margin    content-section-69efb0e8717de\"><div class=\"row vc_row-fluid\"><div class=\"wpb_column col-md-12\"><div class=\"section-text text-block \" ><ul>\n<li><a href=\"https:\/\/mademoisellecoline.com\/fr\/bijoux\/bagues-artisanales\/\">Bagues artisanales<\/a><\/li>\n<li><a href=\"https:\/\/mademoisellecoline.com\/fr\/bijoux\/bagues-chevalieres-sur-mesure\/\">Bagues chevali\u00e8res sur mesure<\/a><\/li>\n<li><a href=\"https:\/\/mademoisellecoline.com\/fr\/bijoux\/bagues-chevalieres-personnalisees\/\">Bagues chevali\u00e8res personnalis\u00e9es<\/a><\/li>\n<li><a href=\"https:\/\/mademoisellecoline.com\/fr\/bijoux\/bagues-faites-a-la-main\/\">Bagues faites \u00e0 la main<\/a><\/li>\n<li><a href=\"https:\/\/mademoisellecoline.com\/fr\/bijoux\/bagues-sur-mesure\/\">Bagues sur mesure<\/a><\/li>\n<li><a href=\"https:\/\/mademoisellecoline.com\/fr\/bijoux\/bijoux-artisanaux\/\">Bijoux artisanaux<\/a><\/li>\n<li><a href=\"https:\/\/mademoisellecoline.com\/fr\/bijoux\/argent-plaque-or-24-carats\/\">Bijoux argent plaqu\u00e9 or jaune 24 carats<\/a><\/li>\n<li><a href=\"https:\/\/mademoisellecoline.com\/fr\/bijoux\/argent\/\">Bijoux en argent<\/a><\/li>\n<li><a href=\"https:\/\/mademoisellecoline.com\/fr\/bijoux\/bijoux-faits-main\/\">Bijoux faits main<\/a><\/li>\n<li><a href=\"https:\/\/mademoisellecoline.com\/fr\/bijoux\/bijoux-or-18-carats\/\">Bijoux Or 18 carats<\/a><\/li>\n<li><a href=\"https:\/\/mademoisellecoline.com\/fr\/bijoux\/or-9-carats\/\">Bijoux Or 9 carats<\/a><\/li>\n<li><a href=\"https:\/\/mademoisellecoline.com\/fr\/bijoux\/sur-mesure\/\">Bijoux sur mesure<\/a><\/li>\n<li><a href=\"https:\/\/mademoisellecoline.com\/fr\/bijoux\/boucles-doreilles-faites-main\/\">Boucles d\u2019oreilles artisanales<\/a><\/li>\n<li><a href=\"https:\/\/mademoisellecoline.com\/fr\/bijoux\/boucles-doreilles-faites-a-la-main\/\">Boucles d&rsquo;oreilles faites \u00e0 la main<\/a><\/li>\n<li><a href=\"https:\/\/mademoisellecoline.com\/fr\/bijoux\/boucles-doreilles-sur-mesure\/\">Boucles d&rsquo;oreilles sur mesure<\/a><\/li>\n<li><a href=\"https:\/\/mademoisellecoline.com\/fr\/bijoux\/bracelets-artisanaux\/\">Bracelet faits \u00e0 la main<\/a><\/li>\n<li><a href=\"https:\/\/mademoisellecoline.com\/fr\/bijoux\/bracelets-artisanaux-fr\/\">Bracelets artisanaux<\/a><\/li>\n<li><a href=\"https:\/\/mademoisellecoline.com\/fr\/bijoux\/bracelets-sur-mesure\/\">Bracelets sur mesure<\/a><\/li>\n<li><a href=\"https:\/\/mademoisellecoline.com\/fr\/bijoux\/chaines-artisanales\/\">Cha\u00eenes artisanales<\/a><\/li>\n<li><a href=\"https:\/\/mademoisellecoline.com\/fr\/bijoux\/chaines-faites-main\/\">Cha\u00eenes faites main<\/a><\/li>\n<li><a href=\"https:\/\/mademoisellecoline.com\/fr\/bijoux\/chaines-sur-mesure\/\">Chaines sur mesure<\/a><\/li>\n<li><a href=\"https:\/\/mademoisellecoline.com\/fr\/bijoux\/colliers-artisanaux\/\">Colliers artisanaux<\/a><\/li>\n<li><a href=\"https:\/\/mademoisellecoline.com\/fr\/bijoux\/colliers-faits-main\/\">Colliers faits main<\/a><\/li>\n<li><a href=\"https:\/\/mademoisellecoline.com\/fr\/bijoux\/colliers-sur-mesure\/\">Colliers sur mesure<\/a><\/li>\n<li><a href=\"https:\/\/mademoisellecoline.com\/fr\/bijoux\/pendentif-fait-main\/\">Pendentif fait main<\/a><\/li>\n<li><a href=\"https:\/\/mademoisellecoline.com\/fr\/bijoux\/pendentif-sur-mesure\/\">Pendentif sur mesure<\/a><\/li>\n<li><a href=\"https:\/\/mademoisellecoline.com\/fr\/bijoux\/pendentifs-artisanaux-fr\/\">Pendentifs artisanaux<\/a><\/li>\n<li><a href=\"https:\/\/mademoisellecoline.com\/fr\/bijoux\/pieces-uniques-bijoux-faits-a-la-main\/\">Pi\u00e8ces uniques bijoux faits \u00e0 la main<\/a><\/li>\n<li><a href=\"https:\/\/mademoisellecoline.com\/fr\/bijoux\/pieces-uniques-de-bijoux-artisanaux\/\">Pi\u00e8ces uniques de bijoux artisanaux<\/a><\/li>\n<li><a href=\"https:\/\/mademoisellecoline.com\/fr\/bijoux\/bijoux-faits-main-personnalises\/\">Bijoux faits main personnalis\u00e9s<\/a><\/li>\n<li><a href=\"https:\/\/mademoisellecoline.com\/fr\/bijoux\/bijoux-artisanaux-personnalises\/\">Bijoux artisanaux personnalis\u00e9s<\/a><\/li>\n<li><a href=\"https:\/\/mademoisellecoline.com\/fr\/bijoux\/alliances-de-mariage-sur-mesure\/\">Alliances de mariage sur mesure <\/a><\/li>\n<li><a href=\"https:\/\/mademoisellecoline.com\/fr\/bijoux\/bagues-de-fiancailles-sur-mesure\/\">Bagues de fian\u00e7ailles sur mesure<\/a><\/li>\n<li><a href=\"https:\/\/mademoisellecoline.com\/fr\/bijoux\/bijoux-amulette-artisanaux\/\">Bijoux amulette faits main <\/a><\/li>\n<li><a href=\"https:\/\/mademoisellecoline.com\/fr\/bijoux\/amulettes-sur-mesure\/\">Amulettes sur mesure<\/a><\/li>\n<li><a href=\"https:\/\/mademoisellecoline.com\/fr\/bijoux\/amulettes-artisanales\/\">Amulettes artisanales<\/a><\/li>\n<li><a href=\"https:\/\/mademoisellecoline.com\/fr\/bijoux\/pendentifs-artisanaux-uniques\/\">Pendentifs artisanaux uniques<\/a><\/li>\n<\/ul>\n<\/div><\/div><\/div><\/section>\n<\/div>","protected":false},"excerpt":{"rendered":"Bagues artisanales Bagues chevali\u00e8res sur mesure Bagues chevali\u00e8res personnalis\u00e9es Bagues faites \u00e0 la main Bagues sur mesure Bijoux artisanaux Bijoux argent plaqu\u00e9 or jaune 24 carats Bijoux en argent Bijoux faits main Bijoux Or 18 carats Bijoux Or 9 carats Bijoux sur mesure Boucles d\u2019oreilles artisanales Boucles d'oreilles faites \u00e0 la main Boucles d'oreilles sur","protected":false},"author":6,"featured_media":0,"parent":0,"menu_order":0,"comment_status":"closed","ping_status":"closed","template":"","meta":{"_joinchat":[],"footnotes":""},"class_list":["post-36483","page","type-page","status-publish","hentry"],"yoast_head":"<!-- This site is optimized with the Yoast SEO plugin v27.4 - https:\/\/yoast.com\/product\/yoast-seo-wordpress\/ -->\n<title>Plan du site | Mademoiselle Coline<\/title>\n<meta name=\"description\" content=\"Liste compl\u00e8te des diff\u00e9rents types de bijoux artisanaux fabriqu\u00e9s de mani\u00e8re durable que nous proposons sur notre site web.\" \/>\n<meta name=\"robots\" content=\"index, follow, max-snippet:-1, max-image-preview:large, max-video-preview:-1\" \/>\n<link rel=\"canonical\" href=\"https:\/\/mademoisellecoline.com\/fr\/plan-du-site\/\" \/>\n<meta property=\"og:locale\" content=\"fr_FR\" \/>\n<meta property=\"og:type\" content=\"article\" \/>\n<meta property=\"og:title\" content=\"Plan du site | Mademoiselle Coline\" \/>\n<meta property=\"og:description\" content=\"Liste compl\u00e8te des diff\u00e9rents types de bijoux artisanaux fabriqu\u00e9s de mani\u00e8re durable que nous proposons sur notre site web.\" \/>\n<meta property=\"og:url\" content=\"https:\/\/mademoisellecoline.com\/fr\/plan-du-site\/\" \/>\n<meta property=\"og:site_name\" content=\"Mademoiselle Coline\" \/>\n<meta property=\"article:publisher\" content=\"https:\/\/www.facebook.com\/mademoisellecoline\" \/>\n<meta property=\"article:modified_time\" content=\"2026-04-14T15:17:39+00:00\" \/>\n<meta property=\"og:image\" content=\"https:\/\/mademoisellecoline.com\/wp-content\/uploads\/2018\/12\/mademoiselle-coline-logo-mails.png\" \/>\n\t<meta property=\"og:image:width\" content=\"283\" \/>\n\t<meta property=\"og:image:height\" content=\"119\" \/>\n\t<meta property=\"og:image:type\" content=\"image\/png\" \/>\n<meta name=\"twitter:card\" content=\"summary_large_image\" \/>\n<meta name=\"twitter:label1\" content=\"Dur\u00e9e de lecture estim\u00e9e\" \/>\n\t<meta name=\"twitter:data1\" content=\"1 minute\" \/>\n<script type=\"application\/ld+json\" class=\"yoast-schema-graph\">{\"@context\":\"https:\\\/\\\/schema.org\",\"@graph\":[{\"@type\":\"WebPage\",\"@id\":\"https:\\\/\\\/mademoisellecoline.com\\\/fr\\\/plan-du-site\\\/\",\"url\":\"https:\\\/\\\/mademoisellecoline.com\\\/fr\\\/plan-du-site\\\/\",\"name\":\"Plan du site | Mademoiselle Coline\",\"isPartOf\":{\"@id\":\"https:\\\/\\\/mademoisellecoline.com\\\/en\\\/#website\"},\"datePublished\":\"2025-03-10T18:56:37+00:00\",\"dateModified\":\"2026-04-14T15:17:39+00:00\",\"description\":\"Liste compl\u00e8te des diff\u00e9rents types de bijoux artisanaux fabriqu\u00e9s de mani\u00e8re durable que nous proposons sur notre site web.\",\"breadcrumb\":{\"@id\":\"https:\\\/\\\/mademoisellecoline.com\\\/fr\\\/plan-du-site\\\/#breadcrumb\"},\"inLanguage\":\"fr-FR\",\"potentialAction\":[{\"@type\":\"ReadAction\",\"target\":[\"https:\\\/\\\/mademoisellecoline.com\\\/fr\\\/plan-du-site\\\/\"]}]},{\"@type\":\"BreadcrumbList\",\"@id\":\"https:\\\/\\\/mademoisellecoline.com\\\/fr\\\/plan-du-site\\\/#breadcrumb\",\"itemListElement\":[{\"@type\":\"ListItem\",\"position\":1,\"name\":\"Portada\",\"item\":\"https:\\\/\\\/mademoisellecoline.com\\\/fr\\\/\"},{\"@type\":\"ListItem\",\"position\":2,\"name\":\"Plan du site\"}]},{\"@type\":\"WebSite\",\"@id\":\"https:\\\/\\\/mademoisellecoline.com\\\/en\\\/#website\",\"url\":\"https:\\\/\\\/mademoisellecoline.com\\\/en\\\/\",\"name\":\"Mademoiselle Coline\",\"description\":\"Joyas delicadas, c\u00e1lidas y arm\u00f3nicas\",\"publisher\":{\"@id\":\"https:\\\/\\\/mademoisellecoline.com\\\/en\\\/#\\\/schema\\\/person\\\/a87a3358725ddb0d57e86600da53e416\"},\"potentialAction\":[{\"@type\":\"SearchAction\",\"target\":{\"@type\":\"EntryPoint\",\"urlTemplate\":\"https:\\\/\\\/mademoisellecoline.com\\\/en\\\/?s={search_term_string}\"},\"query-input\":{\"@type\":\"PropertyValueSpecification\",\"valueRequired\":true,\"valueName\":\"search_term_string\"}}],\"inLanguage\":\"fr-FR\"},{\"@type\":[\"Person\",\"Organization\"],\"@id\":\"https:\\\/\\\/mademoisellecoline.com\\\/en\\\/#\\\/schema\\\/person\\\/a87a3358725ddb0d57e86600da53e416\",\"name\":\"Mademoiselle Coline\",\"image\":{\"@type\":\"ImageObject\",\"inLanguage\":\"fr-FR\",\"@id\":\"https:\\\/\\\/mademoisellecoline.com\\\/wp-content\\\/uploads\\\/2024\\\/01\\\/ColineNeg.jpg\",\"url\":\"https:\\\/\\\/mademoisellecoline.com\\\/wp-content\\\/uploads\\\/2024\\\/01\\\/ColineNeg.jpg\",\"contentUrl\":\"https:\\\/\\\/mademoisellecoline.com\\\/wp-content\\\/uploads\\\/2024\\\/01\\\/ColineNeg.jpg\",\"width\":584,\"height\":349,\"caption\":\"Mademoiselle Coline\"},\"logo\":{\"@id\":\"https:\\\/\\\/mademoisellecoline.com\\\/wp-content\\\/uploads\\\/2024\\\/01\\\/ColineNeg.jpg\"},\"sameAs\":[\"https:\\\/\\\/www.facebook.com\\\/mademoisellecoline\",\"https:\\\/\\\/www.instagram.com\\\/mademoiselle_coline\\\/\"]}]}<\/script>\n<!-- \/ Yoast SEO plugin. -->","yoast_head_json":{"title":"Plan du site | Mademoiselle Coline","description":"Liste compl\u00e8te des diff\u00e9rents types de bijoux artisanaux fabriqu\u00e9s de mani\u00e8re durable que nous proposons sur notre site web.","robots":{"index":"index","follow":"follow","max-snippet":"max-snippet:-1","max-image-preview":"max-image-preview:large","max-video-preview":"max-video-preview:-1"},"canonical":"https:\/\/mademoisellecoline.com\/fr\/plan-du-site\/","og_locale":"fr_FR","og_type":"article","og_title":"Plan du site | Mademoiselle Coline","og_description":"Liste compl\u00e8te des diff\u00e9rents types de bijoux artisanaux fabriqu\u00e9s de mani\u00e8re durable que nous proposons sur notre site web.","og_url":"https:\/\/mademoisellecoline.com\/fr\/plan-du-site\/","og_site_name":"Mademoiselle Coline","article_publisher":"https:\/\/www.facebook.com\/mademoisellecoline","article_modified_time":"2026-04-14T15:17:39+00:00","og_image":[{"width":283,"height":119,"url":"https:\/\/mademoisellecoline.com\/wp-content\/uploads\/2018\/12\/mademoiselle-coline-logo-mails.png","type":"image\/png"}],"twitter_card":"summary_large_image","twitter_misc":{"Dur\u00e9e de lecture estim\u00e9e":"1 minute"},"schema":{"@context":"https:\/\/schema.org","@graph":[{"@type":"WebPage","@id":"https:\/\/mademoisellecoline.com\/fr\/plan-du-site\/","url":"https:\/\/mademoisellecoline.com\/fr\/plan-du-site\/","name":"Plan du site | Mademoiselle Coline","isPartOf":{"@id":"https:\/\/mademoisellecoline.com\/en\/#website"},"datePublished":"2025-03-10T18:56:37+00:00","dateModified":"2026-04-14T15:17:39+00:00","description":"Liste compl\u00e8te des diff\u00e9rents types de bijoux artisanaux fabriqu\u00e9s de mani\u00e8re durable que nous proposons sur notre site web.","breadcrumb":{"@id":"https:\/\/mademoisellecoline.com\/fr\/plan-du-site\/#breadcrumb"},"inLanguage":"fr-FR","potentialAction":[{"@type":"ReadAction","target":["https:\/\/mademoisellecoline.com\/fr\/plan-du-site\/"]}]},{"@type":"BreadcrumbList","@id":"https:\/\/mademoisellecoline.com\/fr\/plan-du-site\/#breadcrumb","itemListElement":[{"@type":"ListItem","position":1,"name":"Portada","item":"https:\/\/mademoisellecoline.com\/fr\/"},{"@type":"ListItem","position":2,"name":"Plan du site"}]},{"@type":"WebSite","@id":"https:\/\/mademoisellecoline.com\/en\/#website","url":"https:\/\/mademoisellecoline.com\/en\/","name":"Mademoiselle Coline","description":"Joyas delicadas, c\u00e1lidas y arm\u00f3nicas","publisher":{"@id":"https:\/\/mademoisellecoline.com\/en\/#\/schema\/person\/a87a3358725ddb0d57e86600da53e416"},"potentialAction":[{"@type":"SearchAction","target":{"@type":"EntryPoint","urlTemplate":"https:\/\/mademoisellecoline.com\/en\/?s={search_term_string}"},"query-input":{"@type":"PropertyValueSpecification","valueRequired":true,"valueName":"search_term_string"}}],"inLanguage":"fr-FR"},{"@type":["Person","Organization"],"@id":"https:\/\/mademoisellecoline.com\/en\/#\/schema\/person\/a87a3358725ddb0d57e86600da53e416","name":"Mademoiselle Coline","image":{"@type":"ImageObject","inLanguage":"fr-FR","@id":"https:\/\/mademoisellecoline.com\/wp-content\/uploads\/2024\/01\/ColineNeg.jpg","url":"https:\/\/mademoisellecoline.com\/wp-content\/uploads\/2024\/01\/ColineNeg.jpg","contentUrl":"https:\/\/mademoisellecoline.com\/wp-content\/uploads\/2024\/01\/ColineNeg.jpg","width":584,"height":349,"caption":"Mademoiselle Coline"},"logo":{"@id":"https:\/\/mademoisellecoline.com\/wp-content\/uploads\/2024\/01\/ColineNeg.jpg"},"sameAs":["https:\/\/www.facebook.com\/mademoisellecoline","https:\/\/www.instagram.com\/mademoiselle_coline\/"]}]}},"_links":{"self":[{"href":"https:\/\/mademoisellecoline.com\/fr\/wp-json\/wp\/v2\/pages\/36483","targetHints":{"allow":["GET"]}}],"collection":[{"href":"https:\/\/mademoisellecoline.com\/fr\/wp-json\/wp\/v2\/pages"}],"about":[{"href":"https:\/\/mademoisellecoline.com\/fr\/wp-json\/wp\/v2\/types\/page"}],"author":[{"embeddable":true,"href":"https:\/\/mademoisellecoline.com\/fr\/wp-json\/wp\/v2\/users\/6"}],"replies":[{"embeddable":true,"href":"https:\/\/mademoisellecoline.com\/fr\/wp-json\/wp\/v2\/comments?post=36483"}],"version-history":[{"count":10,"href":"https:\/\/mademoisellecoline.com\/fr\/wp-json\/wp\/v2\/pages\/36483\/revisions"}],"predecessor-version":[{"id":39715,"href":"https:\/\/mademoisellecoline.com\/fr\/wp-json\/wp\/v2\/pages\/36483\/revisions\/39715"}],"wp:attachment":[{"href":"https:\/\/mademoisellecoline.com\/fr\/wp-json\/wp\/v2\/media?parent=36483"}],"curies":[{"name":"wp","href":"https:\/\/api.w.org\/{rel}","templated":true}]}}