{"id":817,"date":"2018-03-15T23:21:26","date_gmt":"2018-03-15T23:21:26","guid":{"rendered":"https:\/\/mademoisellecoline.com\/?page_id=817"},"modified":"2024-12-02T11:54:58","modified_gmt":"2024-12-02T11:54:58","slug":"mentions-legales","status":"publish","type":"page","link":"https:\/\/mademoisellecoline.com\/fr\/mentions-legales\/","title":{"rendered":"Mentions L\u00e9gales"},"content":{"rendered":"<div><b>Mentions L\u00e9gales<\/b><\/div>\n<div><b>Le contenu du site internet de la marque Mademoiselle Coline appartient \u00e0<\/b>:<\/div>\n<div>MPD<\/div>\n<div>N.I.F: 52167425K<\/div>\n<div>Adress: Teodora Lamadrid 35 08022 Barcelona (Espa\u00f1a)<\/div>\n<div>E-mail: contact@mademoisellecoline.com<\/div>\n<div><\/div>\n<div><b>Utilisation du site. <\/b>L\u2019utilisation du pr\u00e9sent site implique la connaissance et l\u2019acceptation par le visiteur des caract\u00e9ristiques et des limites de l\u2019internet et des technologies qui y sont li\u00e9es, l\u2019absence de protection de certaines donn\u00e9es contre des d\u00e9tournements \u00e9ventuels ou piratage ainsi que les risques de contamination par des \u00e9ventuels virus circulants.<\/div>\n<div><\/div>\n<div><b>Propri\u00e9t\u00e9 intellectuelle et droits d\u2019auteur. <\/b>Toutes les publications et informations pr\u00e9sentes dans le site www.mademoisellecoline.com: textes, documents, photographies, designs, repr\u00e9sentations graphiques, bases de donn\u00e9es, vid\u00e9os, logos, marques commerciaux, noms commerciaux ou autres signes distinctifs etc, sont prot\u00e9g\u00e9s par des droits d\u2019auteur, brevets et autres d\u00e9p\u00f4ts relevant de la propri\u00e9t\u00e9 intellectuelle, appartenant \u00e0 Marta Puig Durall. Aucun de ces \u00e9l\u00e9ments ne peut \u00eatre modifi\u00e9,<\/div>\n<div>utilis\u00e9, emprunt\u00e9, reproduit ou copi\u00e9, sans l\u2019autorisation de Marta Puig Durall, propi\u00e9taire de la marque Mademoiselle Coline.<\/div>\n<div><\/div>\n<div><b>Politique de protection des donn\u00e9es personnelles et de confidentialit\u00e9<\/b>. Conform\u00e9ment aux dispositions du r\u00e8glement (UE) 2016\/679 du Parlement europ\u00e9en et du Conseil du 27 avril 2016), MPD, propri\u00e9taire de la marque Mademoiselle Coline, stipule que les donn\u00e9es personnelles que vous fournirez seront trait\u00e9es par MPD, adresse C\/ Teodora Lamadrid 35 08022, Barcelona NIF: 52167425K. Email contact@mademoisellecoline.com<\/div>\n<div>MPD s\u2019engage \u00e0 ne divulguer aucune donn\u00e9es personnelles fournies par ses clients. Ces donn\u00e9es sont confidentielles. Les informations recueillies ne le sont qu\u2019\u00e0 usage de MPD propri\u00e9taire de la marque Mademoiselle Coline, dans le but de diffuser des offres et des informations commerciales. Vous disposez d\u2019un droit d\u2019acc\u00e8s, de rectification, et d\u2019opposition aux donn\u00e9es personnelles vous concernant. Pour cela il suffit de nous en faire la demande par courrier contact@mademoisellecoline.com en nous indiquant vos noms et pr\u00e9noms.<\/div>\n<div><\/div>\n<div><b>Utilisation de cooki<\/b><strong>es<\/strong>. Sur le site de Mademoiselle Coline, le code Google Analytics a \u00e9t\u00e9 activ\u00e9 pour pouvoir collecter des donn\u00e9es li\u00e9es \u00e0 la navigation. Avec cela, nous aurons des informations anonymes qui nous permettront d&rsquo;am\u00e9liorer la fa\u00e7on dont nous montrons nos contenus pour les adapter aux go\u00fbts des utilisateurs qui nous visitent. La dur\u00e9e des cookies sur ce site peut varier entre 100 jours et 1 an. Vous pouvez d\u00e9sactiver les cookies de votre navigateur en modifiant les param\u00e8tres dans \u00ab\u00a0options\u00a0\u00bb ou \u00ab\u00a0pr\u00e9f\u00e9rences\u00a0\u00bb.<\/div>\n<div><\/div>\n<div><b>Exactitude de l&rsquo;information<\/b>. Afin de montrer en d\u00e9tail les produits et leurs caract\u00e9ristiques, les images des articles peuvent \u00eatre expos\u00e9es dans une taille modifi\u00e9e au produit r\u00e9el. De m\u00eame, certains articles peuvent \u00eatre modifi\u00e9s en taille et en tonalit\u00e9 par rapport \u00e0 la r\u00e9alit\u00e9 en raison de la configuration de l&rsquo;\u00e9cran et de la technique photographique.<\/div>\n<div>L\u00e9gislation L&rsquo;utilisation de cette website et les contrats d&rsquo;achat de produits via ce website seront r\u00e9gis par la l\u00e9gislation espagnole.<\/div>\n<div><\/div>\n<div>Tout litige en relation avec l&rsquo;utilisation du site ou avec les contrats sera soumis \u00e0 la juridiction des cours et tribunaux de Barcelone.<\/div>\n","protected":false},"excerpt":{"rendered":"<p>Mentions L\u00e9gales Le contenu du site internet de la marque Mademoiselle Coline appartient \u00e0: MPD N.I.F: 52167425K Adress: Teodora Lamadrid 35 08022 Barcelona (Espa\u00f1a) E-mail: contact@mademoisellecoline.com Utilisation du site. L\u2019utilisation du pr\u00e9sent site implique la connaissance et l\u2019acceptation par le visiteur des caract\u00e9ristiques et des limites de l\u2019internet et des technologies qui y sont li\u00e9es,<\/p>\n","protected":false},"author":1,"featured_media":0,"parent":0,"menu_order":0,"comment_status":"closed","ping_status":"closed","template":"","meta":{"_joinchat":[],"footnotes":""},"class_list":["post-817","page","type-page","status-publish","hentry"],"yoast_head":"<!-- This site is optimized with the Yoast SEO plugin v27.4 - https:\/\/yoast.com\/product\/yoast-seo-wordpress\/ -->\n<title>Mentions L\u00e9gales | Mademoiselle Coline<\/title>\n<meta name=\"robots\" content=\"noindex, nofollow\" \/>\n<meta property=\"og:locale\" content=\"fr_FR\" \/>\n<meta property=\"og:type\" content=\"article\" \/>\n<meta property=\"og:title\" content=\"Mentions L\u00e9gales | Mademoiselle Coline\" \/>\n<meta property=\"og:description\" content=\"Mentions L\u00e9gales Le contenu du site internet de la marque Mademoiselle Coline appartient \u00e0: MPD N.I.F: 52167425K Adress: Teodora Lamadrid 35 08022 Barcelona (Espa\u00f1a) E-mail: contact@mademoisellecoline.com Utilisation du site. L\u2019utilisation du pr\u00e9sent site implique la connaissance et l\u2019acceptation par le visiteur des caract\u00e9ristiques et des limites de l\u2019internet et des technologies qui y sont li\u00e9es,\" \/>\n<meta property=\"og:url\" content=\"https:\/\/mademoisellecoline.com\/fr\/mentions-legales\/\" \/>\n<meta property=\"og:site_name\" content=\"Mademoiselle Coline\" \/>\n<meta property=\"article:publisher\" content=\"https:\/\/www.facebook.com\/mademoisellecoline\" \/>\n<meta property=\"article:modified_time\" content=\"2024-12-02T11:54:58+00:00\" \/>\n<meta property=\"og:image\" content=\"https:\/\/mademoisellecoline.com\/wp-content\/uploads\/2018\/12\/mademoiselle-coline-logo-mails.png\" \/>\n\t<meta property=\"og:image:width\" content=\"283\" \/>\n\t<meta property=\"og:image:height\" content=\"119\" \/>\n\t<meta property=\"og:image:type\" content=\"image\/png\" \/>\n<meta name=\"twitter:card\" content=\"summary_large_image\" \/>\n<meta name=\"twitter:label1\" content=\"Dur\u00e9e de lecture estim\u00e9e\" \/>\n\t<meta name=\"twitter:data1\" content=\"3 minutes\" \/>\n<script type=\"application\/ld+json\" class=\"yoast-schema-graph\">{\"@context\":\"https:\\\/\\\/schema.org\",\"@graph\":[{\"@type\":\"WebPage\",\"@id\":\"https:\\\/\\\/mademoisellecoline.com\\\/fr\\\/mentions-legales\\\/\",\"url\":\"https:\\\/\\\/mademoisellecoline.com\\\/fr\\\/mentions-legales\\\/\",\"name\":\"Mentions L\u00e9gales | Mademoiselle Coline\",\"isPartOf\":{\"@id\":\"https:\\\/\\\/mademoisellecoline.com\\\/en\\\/#website\"},\"datePublished\":\"2018-03-15T23:21:26+00:00\",\"dateModified\":\"2024-12-02T11:54:58+00:00\",\"breadcrumb\":{\"@id\":\"https:\\\/\\\/mademoisellecoline.com\\\/fr\\\/mentions-legales\\\/#breadcrumb\"},\"inLanguage\":\"fr-FR\",\"potentialAction\":[{\"@type\":\"ReadAction\",\"target\":[\"https:\\\/\\\/mademoisellecoline.com\\\/fr\\\/mentions-legales\\\/\"]}]},{\"@type\":\"BreadcrumbList\",\"@id\":\"https:\\\/\\\/mademoisellecoline.com\\\/fr\\\/mentions-legales\\\/#breadcrumb\",\"itemListElement\":[{\"@type\":\"ListItem\",\"position\":1,\"name\":\"Portada\",\"item\":\"https:\\\/\\\/mademoisellecoline.com\\\/fr\\\/\"},{\"@type\":\"ListItem\",\"position\":2,\"name\":\"Mentions L\u00e9gales\"}]},{\"@type\":\"WebSite\",\"@id\":\"https:\\\/\\\/mademoisellecoline.com\\\/en\\\/#website\",\"url\":\"https:\\\/\\\/mademoisellecoline.com\\\/en\\\/\",\"name\":\"Mademoiselle Coline\",\"description\":\"Joyas delicadas, c\u00e1lidas y arm\u00f3nicas\",\"publisher\":{\"@id\":\"https:\\\/\\\/mademoisellecoline.com\\\/en\\\/#\\\/schema\\\/person\\\/a87a3358725ddb0d57e86600da53e416\"},\"potentialAction\":[{\"@type\":\"SearchAction\",\"target\":{\"@type\":\"EntryPoint\",\"urlTemplate\":\"https:\\\/\\\/mademoisellecoline.com\\\/en\\\/?s={search_term_string}\"},\"query-input\":{\"@type\":\"PropertyValueSpecification\",\"valueRequired\":true,\"valueName\":\"search_term_string\"}}],\"inLanguage\":\"fr-FR\"},{\"@type\":[\"Person\",\"Organization\"],\"@id\":\"https:\\\/\\\/mademoisellecoline.com\\\/en\\\/#\\\/schema\\\/person\\\/a87a3358725ddb0d57e86600da53e416\",\"name\":\"Mademoiselle Coline\",\"image\":{\"@type\":\"ImageObject\",\"inLanguage\":\"fr-FR\",\"@id\":\"https:\\\/\\\/mademoisellecoline.com\\\/wp-content\\\/uploads\\\/2024\\\/01\\\/ColineNeg.jpg\",\"url\":\"https:\\\/\\\/mademoisellecoline.com\\\/wp-content\\\/uploads\\\/2024\\\/01\\\/ColineNeg.jpg\",\"contentUrl\":\"https:\\\/\\\/mademoisellecoline.com\\\/wp-content\\\/uploads\\\/2024\\\/01\\\/ColineNeg.jpg\",\"width\":584,\"height\":349,\"caption\":\"Mademoiselle Coline\"},\"logo\":{\"@id\":\"https:\\\/\\\/mademoisellecoline.com\\\/wp-content\\\/uploads\\\/2024\\\/01\\\/ColineNeg.jpg\"},\"sameAs\":[\"https:\\\/\\\/www.facebook.com\\\/mademoisellecoline\",\"https:\\\/\\\/www.instagram.com\\\/mademoiselle_coline\\\/\"]}]}<\/script>\n<!-- \/ Yoast SEO plugin. -->","yoast_head_json":{"title":"Mentions L\u00e9gales | Mademoiselle Coline","robots":{"index":"noindex","follow":"nofollow"},"og_locale":"fr_FR","og_type":"article","og_title":"Mentions L\u00e9gales | Mademoiselle Coline","og_description":"Mentions L\u00e9gales Le contenu du site internet de la marque Mademoiselle Coline appartient \u00e0: MPD N.I.F: 52167425K Adress: Teodora Lamadrid 35 08022 Barcelona (Espa\u00f1a) E-mail: contact@mademoisellecoline.com Utilisation du site. L\u2019utilisation du pr\u00e9sent site implique la connaissance et l\u2019acceptation par le visiteur des caract\u00e9ristiques et des limites de l\u2019internet et des technologies qui y sont li\u00e9es,","og_url":"https:\/\/mademoisellecoline.com\/fr\/mentions-legales\/","og_site_name":"Mademoiselle Coline","article_publisher":"https:\/\/www.facebook.com\/mademoisellecoline","article_modified_time":"2024-12-02T11:54:58+00:00","og_image":[{"width":283,"height":119,"url":"https:\/\/mademoisellecoline.com\/wp-content\/uploads\/2018\/12\/mademoiselle-coline-logo-mails.png","type":"image\/png"}],"twitter_card":"summary_large_image","twitter_misc":{"Dur\u00e9e de lecture estim\u00e9e":"3 minutes"},"schema":{"@context":"https:\/\/schema.org","@graph":[{"@type":"WebPage","@id":"https:\/\/mademoisellecoline.com\/fr\/mentions-legales\/","url":"https:\/\/mademoisellecoline.com\/fr\/mentions-legales\/","name":"Mentions L\u00e9gales | Mademoiselle Coline","isPartOf":{"@id":"https:\/\/mademoisellecoline.com\/en\/#website"},"datePublished":"2018-03-15T23:21:26+00:00","dateModified":"2024-12-02T11:54:58+00:00","breadcrumb":{"@id":"https:\/\/mademoisellecoline.com\/fr\/mentions-legales\/#breadcrumb"},"inLanguage":"fr-FR","potentialAction":[{"@type":"ReadAction","target":["https:\/\/mademoisellecoline.com\/fr\/mentions-legales\/"]}]},{"@type":"BreadcrumbList","@id":"https:\/\/mademoisellecoline.com\/fr\/mentions-legales\/#breadcrumb","itemListElement":[{"@type":"ListItem","position":1,"name":"Portada","item":"https:\/\/mademoisellecoline.com\/fr\/"},{"@type":"ListItem","position":2,"name":"Mentions L\u00e9gales"}]},{"@type":"WebSite","@id":"https:\/\/mademoisellecoline.com\/en\/#website","url":"https:\/\/mademoisellecoline.com\/en\/","name":"Mademoiselle Coline","description":"Joyas delicadas, c\u00e1lidas y arm\u00f3nicas","publisher":{"@id":"https:\/\/mademoisellecoline.com\/en\/#\/schema\/person\/a87a3358725ddb0d57e86600da53e416"},"potentialAction":[{"@type":"SearchAction","target":{"@type":"EntryPoint","urlTemplate":"https:\/\/mademoisellecoline.com\/en\/?s={search_term_string}"},"query-input":{"@type":"PropertyValueSpecification","valueRequired":true,"valueName":"search_term_string"}}],"inLanguage":"fr-FR"},{"@type":["Person","Organization"],"@id":"https:\/\/mademoisellecoline.com\/en\/#\/schema\/person\/a87a3358725ddb0d57e86600da53e416","name":"Mademoiselle Coline","image":{"@type":"ImageObject","inLanguage":"fr-FR","@id":"https:\/\/mademoisellecoline.com\/wp-content\/uploads\/2024\/01\/ColineNeg.jpg","url":"https:\/\/mademoisellecoline.com\/wp-content\/uploads\/2024\/01\/ColineNeg.jpg","contentUrl":"https:\/\/mademoisellecoline.com\/wp-content\/uploads\/2024\/01\/ColineNeg.jpg","width":584,"height":349,"caption":"Mademoiselle Coline"},"logo":{"@id":"https:\/\/mademoisellecoline.com\/wp-content\/uploads\/2024\/01\/ColineNeg.jpg"},"sameAs":["https:\/\/www.facebook.com\/mademoisellecoline","https:\/\/www.instagram.com\/mademoiselle_coline\/"]}]}},"_links":{"self":[{"href":"https:\/\/mademoisellecoline.com\/fr\/wp-json\/wp\/v2\/pages\/817","targetHints":{"allow":["GET"]}}],"collection":[{"href":"https:\/\/mademoisellecoline.com\/fr\/wp-json\/wp\/v2\/pages"}],"about":[{"href":"https:\/\/mademoisellecoline.com\/fr\/wp-json\/wp\/v2\/types\/page"}],"author":[{"embeddable":true,"href":"https:\/\/mademoisellecoline.com\/fr\/wp-json\/wp\/v2\/users\/1"}],"replies":[{"embeddable":true,"href":"https:\/\/mademoisellecoline.com\/fr\/wp-json\/wp\/v2\/comments?post=817"}],"version-history":[{"count":2,"href":"https:\/\/mademoisellecoline.com\/fr\/wp-json\/wp\/v2\/pages\/817\/revisions"}],"predecessor-version":[{"id":35853,"href":"https:\/\/mademoisellecoline.com\/fr\/wp-json\/wp\/v2\/pages\/817\/revisions\/35853"}],"wp:attachment":[{"href":"https:\/\/mademoisellecoline.com\/fr\/wp-json\/wp\/v2\/media?parent=817"}],"curies":[{"name":"wp","href":"https:\/\/api.w.org\/{rel}","templated":true}]}}