{"id":821,"date":"2018-03-15T23:42:39","date_gmt":"2018-03-15T23:42:39","guid":{"rendered":"https:\/\/mademoisellecoline.com\/?page_id=821"},"modified":"2026-02-09T15:25:03","modified_gmt":"2026-02-09T15:25:03","slug":"a-propos-bijoux-artisanaux-faits-main-2","status":"publish","type":"page","link":"https:\/\/mademoisellecoline.com\/fr\/a-propos-bijoux-artisanaux-faits-main-2\/","title":{"rendered":"\u00c0 propos de moi"},"content":{"rendered":"<div class=\"wpb-content-wrapper\"><section class=\"content-section full-width with-col cover rella-no-padding rella-no-margin    content-section-69efb0fb6849f\"><div class=\"row vc_row-fluid\"><div class=\"wpb_column col-sm-10 col-sm-offset-1\">[vc_custom_heading text=\u00a0\u00bbCr\u00e9er des bijoux artisanaux qui \u00e9voquent la beaut\u00e9, un \u00e9cho intime et infini\u00a0\u00bb font_container=\u00a0\u00bbtag:h1|font_size:30|text_align:center|color:%23000000&Prime; google_fonts=\u00a0\u00bbfont_family:Dosis%3A200%2C300%2Cregular%2C500%2C600%2C700%2C800|font_style:300%20light%20regular%3A300%3Anormal\u00a0\u00bb css=\u00a0\u00bb\u00a0\u00bb]<\/div><\/div><\/section><section  class=\"content-section full-width with-col cover rella-no-padding rella-no-margin    content-section-69efb0fb6863b\"><div class=\"row vc_row-fluid\"><div id=\"seccion-titulo\" class=\"wpb_column col-sm-3 hidden-xs wow fadeIn\" data-wow-delay=\"0.1s\" data-wow-duration=\"1.5s\"><h2  class=\"section-title  mb-70 mb-sm-40 font-alt align-left\" style=\"margin-top:0px;\">\u00c0 propos<\/h2><\/div><div class=\"wpb_column col-md-6\">[vc_single_image image=\u00a0\u00bb37907&Prime; img_size=\u00a0\u00bbfull\u00a0\u00bb alignment=\u00a0\u00bbright\u00a0\u00bb css=\u00a0\u00bb.vc_custom_1770650695006{margin-bottom: 30px !important;padding-bottom: 0px !important;}\u00a0\u00bb el_class=\u00a0\u00bbocultarDesk\u00a0\u00bb]<div class=\"section-text text-block \" ><p>Tout au long de ma vie,\u00a0j\u2019ai eu la chance de vivre dans des endroits sp\u00e9ciaux, riches en histoire, comme par exemple la maison Art Nouveau de mes grands-parents, et d\u2019\u00eatre entour\u00e9e de personnes qui ont su laisser s\u2019exprimer ma sensibilit\u00e9 et mon amour pour les cr\u00e9ations d\u2019autrefois.<\/p>\n<p>Quand je porte mon regard sur la route trac\u00e9e depuis mes ann\u00e9es de publicitaire \u00e0 Barcelone jusqu\u2019\u00e0 mon aventure parisienne, j&rsquo;ai le sentiment d\u2019avoir trouv\u00e9 toutes mes r\u00e9ponses; comme si tout avait \u00e9t\u00e9 pr\u00e9destin\u00e9, que ce chemin avait \u00e9t\u00e9 dessin\u00e9 pour moi. C\u2019est pr\u00e9cis\u00e9ment ce qui m\u2019a men\u00e9e jusqu\u2019\u00e0 Mademoiselle Coline, une femme fran\u00e7aise, imaginaire, des ann\u00e9es 20, ann\u00e9es de pleine effervescence \u00e0 Paris, dans les milieux artistiques, culturels et intellectuels. Une jeune femme passionn\u00e9e, que j\u2019aurais pu \u00eatre, et qui tout comme moi, se serait install\u00e9e dans cette ville, la t\u00eate remplie d\u2019envies et de r\u00eaves, pr\u00eate \u00e0 se laisser s\u00e9duire par sa beaut\u00e9.<\/p>\n<\/div>[vc_empty_space height=\u00a0\u00bb10px\u00a0\u00bb][vc_single_image image=\u00a0\u00bb37636&Prime; img_size=\u00a0\u00bbfull\u00a0\u00bb css=\u00a0\u00bb\u00a0\u00bb]<div class=\"section-text text-block \" ><p>C\u2019est que Mademoiselle Coline va au-del\u00e0 d\u2019un nom : un esprit qui traverse le temps, reflet de nous toutes, femmes qui r\u00eavent, cr\u00e9ent et poursuivent ce qu\u2019elles aiment. Une \u00e2me emplie de passion et de sensibilit\u00e9, en qu\u00eate infinie de beaut\u00e9.<\/p>\n<p>C\u2019est \u00e0 Paris que ma passion s\u2019est r\u00e9veill\u00e9e et que j\u2019ai pu p\u00e9n\u00e9trer le monde de la bijouterie artisanale, de ses techniques professionnelles et traditionnelles. Au gr\u00e9 de mes promenades dans les d\u00e9dales de Paris, de mes innombrables visites d\u2019antiquaires et de march\u00e9s aux puces, j\u2019ai peu \u00e0 peu appris \u00e0 reconna\u00eetre la beaut\u00e9 historique et esth\u00e9tique des objets du pass\u00e9 et j\u2019ai pris go\u00fbt \u00e0 chiner des pi\u00e8ces d\u2019autrefois. C\u2019est alors que j\u2019ai d\u00e9cid\u00e9 de leur donner une deuxi\u00e8me vie en cr\u00e9ant avec mes mains des bijoux alliant beaut\u00e9s du pass\u00e9 et charmes des temps actuels. Fortes des techniques artisanales en bijouterie acquises, je donnerai naissance, pi\u00e8ce par pi\u00e8ce, \u00e0 des bijoux uniques.<\/p>\n<p>Et c\u2019est dans cette qu\u00eate que Mademoiselle Coline na\u00eet comme une marque de bijouterie artisanale, r\u00e9alis\u00e9e \u00e0 la main de mani\u00e8re \u00e9thique et durable, qui cr\u00e9e ses propres collections de bijoux, des pi\u00e8ces uniques ainsi que des cr\u00e9ations personnalis\u00e9es et sur mesure. Dans son petit atelier, des bijoux sont fa\u00e7onn\u00e9s \u00e0 la main \u00e0 partir de m\u00e9taux recycl\u00e9s, selon les techniques traditionnelles de la bijouterie artisanale, tout en maintenant une relation personnelle et directe entre la cr\u00e9atrice et chaque cliente.<\/p>\n<p><strong>Mademoiselle Coline incarne ainsi l\u2019intention la plus profonde de cr\u00e9er et de partager la beaut\u00e9 \u00e0 travers des pi\u00e8ces d\u00e9licates et intemporelles, o\u00f9 pass\u00e9 et pr\u00e9sent fusionnent en harmonie, donnant naissance \u00e0 des cr\u00e9ations oniriques inspir\u00e9es par la beaut\u00e9 \u00e0 travers le temps.<\/strong><\/p>\n<\/div><\/div><div class=\"wpb_column col-md-3 hidden-xs\">[vc_single_image image=\u00a0\u00bb37907&Prime; img_size=\u00a0\u00bbfull\u00a0\u00bb alignment=\u00a0\u00bbright\u00a0\u00bb css=\u00a0\u00bb.vc_custom_1770480383406{margin-bottom: 0px !important;padding-bottom: 0px !important;}\u00a0\u00bb][vc_empty_space height=\u00a0\u00bb30px\u00a0\u00bb]<section  class=\"content-section full-width with-col cover rella-no-padding rella-no-margin    content-section-69efb0fb68cb8\"><div class=\"row vc_row-fluid\"><div class=\"wpb_column col-md-12\">[vc_single_image image=\u00a0\u00bb5479&Prime; img_size=\u00a0\u00bbmedium\u00a0\u00bb alignment=\u00a0\u00bbcenter\u00a0\u00bb css=\u00a0\u00bb.vc_custom_1517323613197{margin-top: 10px !important;margin-right: 30px !important;margin-bottom: 10px !important;margin-left: 30px !important;}\u00a0\u00bb]<\/div><\/div><\/section><\/div><\/div><\/section><section  class=\"content-section full-width with-col cover rella-no-padding rella-no-margin    content-section-69efb0fb68e24\"><div class=\"row vc_row-fluid\"><div class=\"wpb_column col-md-12\"><section  class=\"content-section full-width with-col cover rella-no-padding rella-no-margin    content-section-69efb0fb68f7d\"><div class=\"row vc_row-fluid\"><div class=\"wpb_column col-md-3 col-md-3 col-sm-3\">[vc_single_image image=\u00a0\u00bb33482&Prime; img_size=\u00a0\u00bbfull\u00a0\u00bb css=\u00a0\u00bb\u00a0\u00bb]<\/div><div class=\"wpb_column col-md-3 col-sm-3\">[vc_single_image image=\u00a0\u00bb17703&Prime; img_size=\u00a0\u00bbfull\u00a0\u00bb]<\/div><div class=\"wpb_column col-md-3 col-sm-3\">[vc_single_image image=\u00a0\u00bb31804&Prime; img_size=\u00a0\u00bbfull\u00a0\u00bb css=\u00a0\u00bb\u00a0\u00bb]<\/div><div class=\"wpb_column col-md-3 col-sm-3\">[vc_single_image image=\u00a0\u00bb33600&Prime; img_size=\u00a0\u00bbfull\u00a0\u00bb css=\u00a0\u00bb\u00a0\u00bb]<\/div><\/div><\/section><\/div><\/div><\/section>\n<\/div>","protected":false},"excerpt":{"rendered":"[vc_custom_heading text=\"Cr\u00e9er des bijoux artisanaux qui \u00e9voquent la beaut\u00e9, un \u00e9cho intime et infini\" font_container=\"tag:h1|font_size:30|text_align:center|color:%23000000\" google_fonts=\"font_family:Dosis%3A200%2C300%2Cregular%2C500%2C600%2C700%2C800|font_style:300%20light%20regular%3A300%3Anormal\" css=\"\"]\u00c0 propos[vc_single_image image=\"37907\" img_size=\"full\" alignment=\"right\" css=\".vc_custom_1770650695006{margin-bottom: 30px !important;padding-bottom: 0px !important;}\" el_class=\"ocultarDesk\"]Tout au long de ma vie,\u00a0j\u2019ai eu la chance de vivre dans des endroits sp\u00e9ciaux, riches en histoire, comme par exemple la maison Art Nouveau de mes grands-parents, et","protected":false},"author":1,"featured_media":23803,"parent":0,"menu_order":0,"comment_status":"closed","ping_status":"closed","template":"","meta":{"_joinchat":[],"footnotes":""},"class_list":["post-821","page","type-page","status-publish","has-post-thumbnail","hentry"],"yoast_head":"<!-- This site is optimized with the Yoast SEO plugin v27.4 - https:\/\/yoast.com\/product\/yoast-seo-wordpress\/ -->\n<title>Bijoux artisanaux faits main Paris Barcelone | Mademoiselle Coline<\/title>\n<meta name=\"description\" content=\"D\u00e9couvrez la passion de Mademoiselle Coline pour cr\u00e9er et partager des bijoux artisanaux faits \u00e0 la main, uniques, entre Barcelone et Paris.\" \/>\n<meta name=\"robots\" content=\"index, follow, max-snippet:-1, max-image-preview:large, max-video-preview:-1\" \/>\n<link rel=\"canonical\" href=\"https:\/\/mademoisellecoline.com\/fr\/a-propos-bijoux-artisanaux-faits-main-2\/\" \/>\n<meta property=\"og:locale\" content=\"fr_FR\" \/>\n<meta property=\"og:type\" content=\"article\" \/>\n<meta property=\"og:title\" content=\"Bijoux artisanaux faits main Paris Barcelone | Mademoiselle Coline\" \/>\n<meta property=\"og:description\" content=\"D\u00e9couvrez la passion de Mademoiselle Coline pour cr\u00e9er et partager des bijoux artisanaux faits \u00e0 la main, uniques, entre Barcelone et Paris.\" \/>\n<meta property=\"og:url\" content=\"https:\/\/mademoisellecoline.com\/fr\/a-propos-bijoux-artisanaux-faits-main-2\/\" \/>\n<meta property=\"og:site_name\" content=\"Mademoiselle Coline\" \/>\n<meta property=\"article:publisher\" content=\"https:\/\/www.facebook.com\/mademoisellecoline\" \/>\n<meta property=\"article:modified_time\" content=\"2026-02-09T15:25:03+00:00\" \/>\n<meta property=\"og:image\" content=\"https:\/\/mademoisellecoline.com\/wp-content\/uploads\/2022\/02\/mademoiselle-coline-handmade-jewelry.jpg\" \/>\n\t<meta property=\"og:image:width\" content=\"800\" \/>\n\t<meta property=\"og:image:height\" content=\"947\" \/>\n\t<meta property=\"og:image:type\" content=\"image\/jpeg\" \/>\n<meta name=\"twitter:card\" content=\"summary_large_image\" \/>\n<meta name=\"twitter:label1\" content=\"Dur\u00e9e de lecture estim\u00e9e\" \/>\n\t<meta name=\"twitter:data1\" content=\"3 minutes\" \/>\n<script type=\"application\/ld+json\" class=\"yoast-schema-graph\">{\"@context\":\"https:\\\/\\\/schema.org\",\"@graph\":[{\"@type\":\"WebPage\",\"@id\":\"https:\\\/\\\/mademoisellecoline.com\\\/fr\\\/a-propos-bijoux-artisanaux-faits-main-2\\\/\",\"url\":\"https:\\\/\\\/mademoisellecoline.com\\\/fr\\\/a-propos-bijoux-artisanaux-faits-main-2\\\/\",\"name\":\"Bijoux artisanaux faits main Paris Barcelone | Mademoiselle Coline\",\"isPartOf\":{\"@id\":\"https:\\\/\\\/mademoisellecoline.com\\\/en\\\/#website\"},\"primaryImageOfPage\":{\"@id\":\"https:\\\/\\\/mademoisellecoline.com\\\/fr\\\/a-propos-bijoux-artisanaux-faits-main-2\\\/#primaryimage\"},\"image\":{\"@id\":\"https:\\\/\\\/mademoisellecoline.com\\\/fr\\\/a-propos-bijoux-artisanaux-faits-main-2\\\/#primaryimage\"},\"thumbnailUrl\":\"https:\\\/\\\/mademoisellecoline.com\\\/wp-content\\\/uploads\\\/2022\\\/02\\\/mademoiselle-coline-handmade-jewelry.jpg\",\"datePublished\":\"2018-03-15T23:42:39+00:00\",\"dateModified\":\"2026-02-09T15:25:03+00:00\",\"description\":\"D\u00e9couvrez la passion de Mademoiselle Coline pour cr\u00e9er et partager des bijoux artisanaux faits \u00e0 la main, uniques, entre Barcelone et Paris.\",\"breadcrumb\":{\"@id\":\"https:\\\/\\\/mademoisellecoline.com\\\/fr\\\/a-propos-bijoux-artisanaux-faits-main-2\\\/#breadcrumb\"},\"inLanguage\":\"fr-FR\",\"potentialAction\":[{\"@type\":\"ReadAction\",\"target\":[\"https:\\\/\\\/mademoisellecoline.com\\\/fr\\\/a-propos-bijoux-artisanaux-faits-main-2\\\/\"]}]},{\"@type\":\"ImageObject\",\"inLanguage\":\"fr-FR\",\"@id\":\"https:\\\/\\\/mademoisellecoline.com\\\/fr\\\/a-propos-bijoux-artisanaux-faits-main-2\\\/#primaryimage\",\"url\":\"https:\\\/\\\/mademoisellecoline.com\\\/wp-content\\\/uploads\\\/2022\\\/02\\\/mademoiselle-coline-handmade-jewelry.jpg\",\"contentUrl\":\"https:\\\/\\\/mademoisellecoline.com\\\/wp-content\\\/uploads\\\/2022\\\/02\\\/mademoiselle-coline-handmade-jewelry.jpg\",\"width\":800,\"height\":947},{\"@type\":\"BreadcrumbList\",\"@id\":\"https:\\\/\\\/mademoisellecoline.com\\\/fr\\\/a-propos-bijoux-artisanaux-faits-main-2\\\/#breadcrumb\",\"itemListElement\":[{\"@type\":\"ListItem\",\"position\":1,\"name\":\"Portada\",\"item\":\"https:\\\/\\\/mademoisellecoline.com\\\/fr\\\/\"},{\"@type\":\"ListItem\",\"position\":2,\"name\":\"\u00c0 propos de moi\"}]},{\"@type\":\"WebSite\",\"@id\":\"https:\\\/\\\/mademoisellecoline.com\\\/en\\\/#website\",\"url\":\"https:\\\/\\\/mademoisellecoline.com\\\/en\\\/\",\"name\":\"Mademoiselle Coline\",\"description\":\"Joyas delicadas, c\u00e1lidas y arm\u00f3nicas\",\"publisher\":{\"@id\":\"https:\\\/\\\/mademoisellecoline.com\\\/en\\\/#\\\/schema\\\/person\\\/a87a3358725ddb0d57e86600da53e416\"},\"potentialAction\":[{\"@type\":\"SearchAction\",\"target\":{\"@type\":\"EntryPoint\",\"urlTemplate\":\"https:\\\/\\\/mademoisellecoline.com\\\/en\\\/?s={search_term_string}\"},\"query-input\":{\"@type\":\"PropertyValueSpecification\",\"valueRequired\":true,\"valueName\":\"search_term_string\"}}],\"inLanguage\":\"fr-FR\"},{\"@type\":[\"Person\",\"Organization\"],\"@id\":\"https:\\\/\\\/mademoisellecoline.com\\\/en\\\/#\\\/schema\\\/person\\\/a87a3358725ddb0d57e86600da53e416\",\"name\":\"Mademoiselle Coline\",\"image\":{\"@type\":\"ImageObject\",\"inLanguage\":\"fr-FR\",\"@id\":\"https:\\\/\\\/mademoisellecoline.com\\\/wp-content\\\/uploads\\\/2024\\\/01\\\/ColineNeg.jpg\",\"url\":\"https:\\\/\\\/mademoisellecoline.com\\\/wp-content\\\/uploads\\\/2024\\\/01\\\/ColineNeg.jpg\",\"contentUrl\":\"https:\\\/\\\/mademoisellecoline.com\\\/wp-content\\\/uploads\\\/2024\\\/01\\\/ColineNeg.jpg\",\"width\":584,\"height\":349,\"caption\":\"Mademoiselle Coline\"},\"logo\":{\"@id\":\"https:\\\/\\\/mademoisellecoline.com\\\/wp-content\\\/uploads\\\/2024\\\/01\\\/ColineNeg.jpg\"},\"sameAs\":[\"https:\\\/\\\/www.facebook.com\\\/mademoisellecoline\",\"https:\\\/\\\/www.instagram.com\\\/mademoiselle_coline\\\/\"]}]}<\/script>\n<!-- \/ Yoast SEO plugin. -->","yoast_head_json":{"title":"Bijoux artisanaux faits main Paris Barcelone | Mademoiselle Coline","description":"D\u00e9couvrez la passion de Mademoiselle Coline pour cr\u00e9er et partager des bijoux artisanaux faits \u00e0 la main, uniques, entre Barcelone et Paris.","robots":{"index":"index","follow":"follow","max-snippet":"max-snippet:-1","max-image-preview":"max-image-preview:large","max-video-preview":"max-video-preview:-1"},"canonical":"https:\/\/mademoisellecoline.com\/fr\/a-propos-bijoux-artisanaux-faits-main-2\/","og_locale":"fr_FR","og_type":"article","og_title":"Bijoux artisanaux faits main Paris Barcelone | Mademoiselle Coline","og_description":"D\u00e9couvrez la passion de Mademoiselle Coline pour cr\u00e9er et partager des bijoux artisanaux faits \u00e0 la main, uniques, entre Barcelone et Paris.","og_url":"https:\/\/mademoisellecoline.com\/fr\/a-propos-bijoux-artisanaux-faits-main-2\/","og_site_name":"Mademoiselle Coline","article_publisher":"https:\/\/www.facebook.com\/mademoisellecoline","article_modified_time":"2026-02-09T15:25:03+00:00","og_image":[{"width":800,"height":947,"url":"https:\/\/mademoisellecoline.com\/wp-content\/uploads\/2022\/02\/mademoiselle-coline-handmade-jewelry.jpg","type":"image\/jpeg"}],"twitter_card":"summary_large_image","twitter_misc":{"Dur\u00e9e de lecture estim\u00e9e":"3 minutes"},"schema":{"@context":"https:\/\/schema.org","@graph":[{"@type":"WebPage","@id":"https:\/\/mademoisellecoline.com\/fr\/a-propos-bijoux-artisanaux-faits-main-2\/","url":"https:\/\/mademoisellecoline.com\/fr\/a-propos-bijoux-artisanaux-faits-main-2\/","name":"Bijoux artisanaux faits main Paris Barcelone | Mademoiselle Coline","isPartOf":{"@id":"https:\/\/mademoisellecoline.com\/en\/#website"},"primaryImageOfPage":{"@id":"https:\/\/mademoisellecoline.com\/fr\/a-propos-bijoux-artisanaux-faits-main-2\/#primaryimage"},"image":{"@id":"https:\/\/mademoisellecoline.com\/fr\/a-propos-bijoux-artisanaux-faits-main-2\/#primaryimage"},"thumbnailUrl":"https:\/\/mademoisellecoline.com\/wp-content\/uploads\/2022\/02\/mademoiselle-coline-handmade-jewelry.jpg","datePublished":"2018-03-15T23:42:39+00:00","dateModified":"2026-02-09T15:25:03+00:00","description":"D\u00e9couvrez la passion de Mademoiselle Coline pour cr\u00e9er et partager des bijoux artisanaux faits \u00e0 la main, uniques, entre Barcelone et Paris.","breadcrumb":{"@id":"https:\/\/mademoisellecoline.com\/fr\/a-propos-bijoux-artisanaux-faits-main-2\/#breadcrumb"},"inLanguage":"fr-FR","potentialAction":[{"@type":"ReadAction","target":["https:\/\/mademoisellecoline.com\/fr\/a-propos-bijoux-artisanaux-faits-main-2\/"]}]},{"@type":"ImageObject","inLanguage":"fr-FR","@id":"https:\/\/mademoisellecoline.com\/fr\/a-propos-bijoux-artisanaux-faits-main-2\/#primaryimage","url":"https:\/\/mademoisellecoline.com\/wp-content\/uploads\/2022\/02\/mademoiselle-coline-handmade-jewelry.jpg","contentUrl":"https:\/\/mademoisellecoline.com\/wp-content\/uploads\/2022\/02\/mademoiselle-coline-handmade-jewelry.jpg","width":800,"height":947},{"@type":"BreadcrumbList","@id":"https:\/\/mademoisellecoline.com\/fr\/a-propos-bijoux-artisanaux-faits-main-2\/#breadcrumb","itemListElement":[{"@type":"ListItem","position":1,"name":"Portada","item":"https:\/\/mademoisellecoline.com\/fr\/"},{"@type":"ListItem","position":2,"name":"\u00c0 propos de moi"}]},{"@type":"WebSite","@id":"https:\/\/mademoisellecoline.com\/en\/#website","url":"https:\/\/mademoisellecoline.com\/en\/","name":"Mademoiselle Coline","description":"Joyas delicadas, c\u00e1lidas y arm\u00f3nicas","publisher":{"@id":"https:\/\/mademoisellecoline.com\/en\/#\/schema\/person\/a87a3358725ddb0d57e86600da53e416"},"potentialAction":[{"@type":"SearchAction","target":{"@type":"EntryPoint","urlTemplate":"https:\/\/mademoisellecoline.com\/en\/?s={search_term_string}"},"query-input":{"@type":"PropertyValueSpecification","valueRequired":true,"valueName":"search_term_string"}}],"inLanguage":"fr-FR"},{"@type":["Person","Organization"],"@id":"https:\/\/mademoisellecoline.com\/en\/#\/schema\/person\/a87a3358725ddb0d57e86600da53e416","name":"Mademoiselle Coline","image":{"@type":"ImageObject","inLanguage":"fr-FR","@id":"https:\/\/mademoisellecoline.com\/wp-content\/uploads\/2024\/01\/ColineNeg.jpg","url":"https:\/\/mademoisellecoline.com\/wp-content\/uploads\/2024\/01\/ColineNeg.jpg","contentUrl":"https:\/\/mademoisellecoline.com\/wp-content\/uploads\/2024\/01\/ColineNeg.jpg","width":584,"height":349,"caption":"Mademoiselle Coline"},"logo":{"@id":"https:\/\/mademoisellecoline.com\/wp-content\/uploads\/2024\/01\/ColineNeg.jpg"},"sameAs":["https:\/\/www.facebook.com\/mademoisellecoline","https:\/\/www.instagram.com\/mademoiselle_coline\/"]}]}},"_links":{"self":[{"href":"https:\/\/mademoisellecoline.com\/fr\/wp-json\/wp\/v2\/pages\/821","targetHints":{"allow":["GET"]}}],"collection":[{"href":"https:\/\/mademoisellecoline.com\/fr\/wp-json\/wp\/v2\/pages"}],"about":[{"href":"https:\/\/mademoisellecoline.com\/fr\/wp-json\/wp\/v2\/types\/page"}],"author":[{"embeddable":true,"href":"https:\/\/mademoisellecoline.com\/fr\/wp-json\/wp\/v2\/users\/1"}],"replies":[{"embeddable":true,"href":"https:\/\/mademoisellecoline.com\/fr\/wp-json\/wp\/v2\/comments?post=821"}],"version-history":[{"count":9,"href":"https:\/\/mademoisellecoline.com\/fr\/wp-json\/wp\/v2\/pages\/821\/revisions"}],"predecessor-version":[{"id":37921,"href":"https:\/\/mademoisellecoline.com\/fr\/wp-json\/wp\/v2\/pages\/821\/revisions\/37921"}],"wp:featuredmedia":[{"embeddable":true,"href":"https:\/\/mademoisellecoline.com\/fr\/wp-json\/wp\/v2\/media\/23803"}],"wp:attachment":[{"href":"https:\/\/mademoisellecoline.com\/fr\/wp-json\/wp\/v2\/media?parent=821"}],"curies":[{"name":"wp","href":"https:\/\/api.w.org\/{rel}","templated":true}]}}