{"id":835,"date":"2018-03-15T23:50:09","date_gmt":"2018-03-15T23:50:09","guid":{"rendered":"https:\/\/mademoisellecoline.com\/?page_id=835"},"modified":"2025-03-07T12:04:11","modified_gmt":"2025-03-07T12:04:11","slug":"contact-bijoux-artisanaux","status":"publish","type":"page","link":"https:\/\/mademoisellecoline.com\/fr\/contact-bijoux-artisanaux\/","title":{"rendered":"Contact"},"content":{"rendered":"<div class=\"wpb-content-wrapper\"><section class=\"content-section full-width with-col cover rella-no-padding rella-no-margin    content-section-69efb0f4de06b\"><div class=\"row vc_row-fluid\"><div class=\"wpb_column col-sm-10 col-sm-offset-1\">[vc_custom_heading text=\u00a0\u00bbDans un petit atelier, des bijoux<br \/>\nartisanaux oniriques prennent vie\u00a0\u00bb font_container=\u00a0\u00bbtag:h1|font_size:30|text_align:center|color:%23000000&Prime; google_fonts=\u00a0\u00bbfont_family:Dosis%3A200%2C300%2Cregular%2C500%2C600%2C700%2C800|font_style:300%20light%20regular%3A300%3Anormal\u00a0\u00bb css=\u00a0\u00bb\u00a0\u00bb]<\/div><\/div><\/section><section  class=\"content-section full-width with-col cover rella-no-padding rella-no-margin    content-section-69efb0f4de21c\"><div class=\"row vc_row-fluid\"><div class=\"wpb_column col-md-4\">[vc_single_image image=\u00a0\u00bb23763&Prime; img_size=\u00a0\u00bbfull\u00a0\u00bb]<\/div><div class=\"wpb_column col-md-4\">[vc_single_image image=\u00a0\u00bb23759&Prime; img_size=\u00a0\u00bbfull\u00a0\u00bb]<\/div><div class=\"wpb_column col-md-4\">[vc_single_image image=\u00a0\u00bb23755&Prime; img_size=\u00a0\u00bbfull\u00a0\u00bb]<\/div><\/div><\/section><section  class=\"content-section full-width with-col cover rella-no-padding rella-no-margin    content-section-69efb0f4de3a8\"><div class=\"row vc_row-fluid\"><div class=\"wpb_column col-md-12\"><section  class=\"content-section full-width with-col cover rella-no-padding rella-no-margin    content-section-69efb0f4de657\"><div class=\"row vc_row-fluid\"><div class=\"wpb_column col-md-6\"><div class=\"pt-20 pb-20 pb-xs-0\" ><div class=\"contact-item\"><div class=\"ci-icon \" ><i class=\"fa fa-heart\"><\/i><\/div><div class=\"ci-title font-alt\" >Entre deux villes<\/div><div class=\"ci-text\" >Paris &#8211; Barcelone<\/div><\/div><\/div><div class=\"pt-20 pb-20 pb-xs-0\" ><div class=\"contact-item\"><div class=\"ci-icon \" ><i class=\"fa fa-comments-o\"><\/i><\/div><div class=\"ci-title font-alt\" >RENDEZ-VOUS \u00c0 L&#039;ATELIER<\/div><div class=\"ci-text\" ><a class=\"\" href=\"mailto:contact@mademoisellecoline.com\">contact@mademoisellecoline.com<\/a><\/div><\/div><\/div>[vc_empty_space height=\u00a0\u00bb40px\u00a0\u00bb]<\/div><div class=\"wpb_column col-md-6\"><div  class=\"rs-contact-form\">\n<div class=\"wpcf7 no-js\" id=\"wpcf7-f820-o1\" lang=\"en-US\" dir=\"ltr\" data-wpcf7-id=\"820\">\n<div class=\"screen-reader-response\"><p role=\"status\" aria-live=\"polite\" aria-atomic=\"true\"><\/p> <ul><\/ul><\/div>\n<form action=\"\/fr\/wp-json\/wp\/v2\/pages\/835#wpcf7-f820-o1\" method=\"post\" class=\"wpcf7-form init\" aria-label=\"Contact form\" novalidate=\"novalidate\" data-status=\"init\">\n<fieldset class=\"hidden-fields-container\"><input type=\"hidden\" name=\"_wpcf7\" value=\"820\" \/><input type=\"hidden\" name=\"_wpcf7_version\" value=\"6.1.5\" \/><input type=\"hidden\" name=\"_wpcf7_locale\" value=\"en_US\" \/><input type=\"hidden\" name=\"_wpcf7_unit_tag\" value=\"wpcf7-f820-o1\" \/><input type=\"hidden\" name=\"_wpcf7_container_post\" value=\"0\" \/><input type=\"hidden\" name=\"_wpcf7_posted_data_hash\" value=\"\" \/><input type=\"hidden\" name=\"_cf7a__timestamp\" value=\"Bv3mcImPvM95BawiKnUnGg==\" \/><input type=\"hidden\" name=\"_cf7a_version\" value=\"1.0\" \/><input type=\"hidden\" name=\"_cf7a_address\" value=\"\" \/><input type=\"hidden\" name=\"_cf7a_referer\" value=\"\" \/><input type=\"hidden\" name=\"_cf7a_protocol\" value=\"\" \/><input type=\"hidden\" name=\"_cf7a_bot_fingerprint\" value=\"Bv3mcImPvM95BawiKnUnGg==\" \/><input type=\"hidden\" name=\"_cf7a_bot_fingerprint_extras\" \/><input type=\"hidden\" name=\"_cf7a_append_on_submit\" \/>\n<\/fieldset>\n<div class=\"wpcf7-response-output\" aria-hidden=\"true\"><\/div>\n<div class=\"form-group\">\n\t<p><span class=\"wpcf7-form-control-wrap\" data-name=\"your-name\"><input size=\"40\" maxlength=\"400\" class=\"wpcf7-form-control wpcf7-text wpcf7-validates-as-required input-lg round form-control\" aria-required=\"true\" aria-invalid=\"false\" placeholder=\"Nom et Pr\u00e9nom\" value=\"\" type=\"text\" name=\"your-name\" \/><input type=\"text\" name=\"name\" value=\"\" autocomplete=\"fill\" class=\"fit-the-fullspace\" aria-hidden=\"true\" tabindex=\"-1\" \/><\/span>\n\t<\/p>\n<\/div>\n<div class=\"form-group\">\n\t<p><span class=\"wpcf7-form-control-wrap\" data-name=\"your-email\"><input size=\"40\" maxlength=\"400\" class=\"wpcf7-form-control wpcf7-email wpcf7-validates-as-required wpcf7-text wpcf7-validates-as-email input-lg round form-control\" aria-required=\"true\" aria-invalid=\"false\" placeholder=\"E-mail\" value=\"\" type=\"email\" name=\"your-email\" \/><\/span>\n\t<\/p>\n<\/div>\n<div class=\"form-group\">\n\t<p><span class=\"wpcf7-form-control-wrap\" data-name=\"your-message\"><textarea cols=\"40\" rows=\"10\" maxlength=\"2000\" class=\"wpcf7-form-control wpcf7-textarea wpcf7-validates-as-required input-lg round form-control\" aria-required=\"true\" aria-invalid=\"false\" placeholder=\"Message\" name=\"your-message\"><\/textarea><\/span>\n\t<\/p>\n<\/div>\n<div class=\"form-group\" id=\"checkbox-politica\">\n\t<p><span class=\"wpcf7-form-control-wrap\" data-name=\"checkbox-500\"><span class=\"wpcf7-form-control wpcf7-checkbox\"><span class=\"wpcf7-list-item first last\"><input type=\"checkbox\" name=\"checkbox-500[]\" value=\"\" \/><span class=\"wpcf7-list-item-label\"><\/span><\/span><\/span><\/span> J'accepte de recevoir des communications conform\u00e9ment \u00e0 <a href=\"https:\/\/mademoisellecoline.com\/fr\/mentions-legales\/\" target=\"_blank\" rel=\"nofollow\">la politique de confidentialit\u00e9<\/a>\n\t<\/p>\n<\/div>\n<p><input class=\"wpcf7-form-control wpcf7-submit has-spinner submit_btn btn btn-mod btn-large btn-round btn-full\" type=\"submit\" value=\"Envoyer le message\" \/>\n<\/p><p style=\"display: none !important;\" class=\"akismet-fields-container\" data-prefix=\"_wpcf7_ak_\"><label>&#916;<textarea name=\"_wpcf7_ak_hp_textarea\" cols=\"45\" rows=\"8\" maxlength=\"100\"><\/textarea><\/label><input type=\"hidden\" id=\"ak_js_1\" name=\"_wpcf7_ak_js\" value=\"250\"\/><script type=\"text\/javascript\">\n\/* <![CDATA[ *\/\ndocument.getElementById( \"ak_js_1\" ).setAttribute( \"value\", ( new Date() ).getTime() );\n\/* ]]> *\/\n<\/script>\n<\/p>\n<\/form>\n<\/div>\n<div class=\"form-tip pt-10\"><i class=\"fa fa-info-circle\"><\/i> Tous les champs sont n\u00e9cessaires<\/div><\/div><\/div><\/div><\/section><\/div><\/div><\/section>\n<\/div>","protected":false},"excerpt":{"rendered":"[vc_custom_heading text=\"Dans un petit atelier, des bijoux artisanaux oniriques prennent vie\" font_container=\"tag:h1|font_size:30|text_align:center|color:%23000000\" google_fonts=\"font_family:Dosis%3A200%2C300%2Cregular%2C500%2C600%2C700%2C800|font_style:300%20light%20regular%3A300%3Anormal\" css=\"\"][vc_single_image image=\"23763\" img_size=\"full\"][vc_single_image image=\"23759\" img_size=\"full\"][vc_single_image image=\"23755\" img_size=\"full\"]Entre deux villesParis - BarceloneRENDEZ-VOUS \u00c0 L&#039;ATELIERcontact@mademoisellecoline.com[vc_empty_space height=\"40px\"] J'accepte de recevoir des communications conform\u00e9ment \u00e0 la politique de confidentialit\u00e9 &#916; Tous les champs sont n\u00e9cessaires","protected":false},"author":1,"featured_media":23759,"parent":0,"menu_order":0,"comment_status":"closed","ping_status":"closed","template":"","meta":{"_joinchat":[],"footnotes":""},"class_list":["post-835","page","type-page","status-publish","has-post-thumbnail","hentry"],"yoast_head":"<!-- This site is optimized with the Yoast SEO plugin v27.4 - https:\/\/yoast.com\/product\/yoast-seo-wordpress\/ -->\n<title>Bijoux artisanaux \u00e9thiques Barcelone Paris| Mademoiselle Coline<\/title>\n<meta name=\"description\" content=\"Cr\u00e9ation de bijoux artisanaux faits \u00e0 la main, durables et \u00e9thiques. Venez nous rendre visite dans notre atelier de joaillerie \u00e0 Barcelone.\" \/>\n<meta name=\"robots\" content=\"index, follow, max-snippet:-1, max-image-preview:large, max-video-preview:-1\" \/>\n<link rel=\"canonical\" href=\"https:\/\/mademoisellecoline.com\/fr\/contact-bijoux-artisanaux\/\" \/>\n<meta property=\"og:locale\" content=\"fr_FR\" \/>\n<meta property=\"og:type\" content=\"article\" \/>\n<meta property=\"og:title\" content=\"Bijoux artisanaux \u00e9thiques Barcelone Paris| Mademoiselle Coline\" \/>\n<meta property=\"og:description\" content=\"Cr\u00e9ation de bijoux artisanaux faits \u00e0 la main, durables et \u00e9thiques. Venez nous rendre visite dans notre atelier de joaillerie \u00e0 Barcelone.\" \/>\n<meta property=\"og:url\" content=\"https:\/\/mademoisellecoline.com\/fr\/contact-bijoux-artisanaux\/\" \/>\n<meta property=\"og:site_name\" content=\"Mademoiselle Coline\" \/>\n<meta property=\"article:publisher\" content=\"https:\/\/www.facebook.com\/mademoisellecoline\" \/>\n<meta property=\"article:modified_time\" content=\"2025-03-07T12:04:11+00:00\" \/>\n<meta property=\"og:image\" content=\"https:\/\/mademoisellecoline.com\/wp-content\/uploads\/2022\/02\/handmade-artisan-jewelry-sustainable-coline.jpg\" \/>\n\t<meta property=\"og:image:width\" content=\"1320\" \/>\n\t<meta property=\"og:image:height\" content=\"990\" \/>\n\t<meta property=\"og:image:type\" content=\"image\/jpeg\" \/>\n<meta name=\"twitter:card\" content=\"summary_large_image\" \/>\n<meta name=\"twitter:label1\" content=\"Dur\u00e9e de lecture estim\u00e9e\" \/>\n\t<meta name=\"twitter:data1\" content=\"1 minute\" \/>\n<script type=\"application\/ld+json\" class=\"yoast-schema-graph\">{\"@context\":\"https:\\\/\\\/schema.org\",\"@graph\":[{\"@type\":\"WebPage\",\"@id\":\"https:\\\/\\\/mademoisellecoline.com\\\/fr\\\/contact-bijoux-artisanaux\\\/\",\"url\":\"https:\\\/\\\/mademoisellecoline.com\\\/fr\\\/contact-bijoux-artisanaux\\\/\",\"name\":\"Bijoux artisanaux \u00e9thiques Barcelone Paris| Mademoiselle Coline\",\"isPartOf\":{\"@id\":\"https:\\\/\\\/mademoisellecoline.com\\\/en\\\/#website\"},\"primaryImageOfPage\":{\"@id\":\"https:\\\/\\\/mademoisellecoline.com\\\/fr\\\/contact-bijoux-artisanaux\\\/#primaryimage\"},\"image\":{\"@id\":\"https:\\\/\\\/mademoisellecoline.com\\\/fr\\\/contact-bijoux-artisanaux\\\/#primaryimage\"},\"thumbnailUrl\":\"https:\\\/\\\/mademoisellecoline.com\\\/wp-content\\\/uploads\\\/2022\\\/02\\\/handmade-artisan-jewelry-sustainable-coline.jpg\",\"datePublished\":\"2018-03-15T23:50:09+00:00\",\"dateModified\":\"2025-03-07T12:04:11+00:00\",\"description\":\"Cr\u00e9ation de bijoux artisanaux faits \u00e0 la main, durables et \u00e9thiques. Venez nous rendre visite dans notre atelier de joaillerie \u00e0 Barcelone.\",\"breadcrumb\":{\"@id\":\"https:\\\/\\\/mademoisellecoline.com\\\/fr\\\/contact-bijoux-artisanaux\\\/#breadcrumb\"},\"inLanguage\":\"fr-FR\",\"potentialAction\":[{\"@type\":\"ReadAction\",\"target\":[\"https:\\\/\\\/mademoisellecoline.com\\\/fr\\\/contact-bijoux-artisanaux\\\/\"]}]},{\"@type\":\"ImageObject\",\"inLanguage\":\"fr-FR\",\"@id\":\"https:\\\/\\\/mademoisellecoline.com\\\/fr\\\/contact-bijoux-artisanaux\\\/#primaryimage\",\"url\":\"https:\\\/\\\/mademoisellecoline.com\\\/wp-content\\\/uploads\\\/2022\\\/02\\\/handmade-artisan-jewelry-sustainable-coline.jpg\",\"contentUrl\":\"https:\\\/\\\/mademoisellecoline.com\\\/wp-content\\\/uploads\\\/2022\\\/02\\\/handmade-artisan-jewelry-sustainable-coline.jpg\",\"width\":1320,\"height\":990},{\"@type\":\"BreadcrumbList\",\"@id\":\"https:\\\/\\\/mademoisellecoline.com\\\/fr\\\/contact-bijoux-artisanaux\\\/#breadcrumb\",\"itemListElement\":[{\"@type\":\"ListItem\",\"position\":1,\"name\":\"Portada\",\"item\":\"https:\\\/\\\/mademoisellecoline.com\\\/fr\\\/\"},{\"@type\":\"ListItem\",\"position\":2,\"name\":\"Contact\"}]},{\"@type\":\"WebSite\",\"@id\":\"https:\\\/\\\/mademoisellecoline.com\\\/en\\\/#website\",\"url\":\"https:\\\/\\\/mademoisellecoline.com\\\/en\\\/\",\"name\":\"Mademoiselle Coline\",\"description\":\"Joyas delicadas, c\u00e1lidas y arm\u00f3nicas\",\"publisher\":{\"@id\":\"https:\\\/\\\/mademoisellecoline.com\\\/en\\\/#\\\/schema\\\/person\\\/a87a3358725ddb0d57e86600da53e416\"},\"potentialAction\":[{\"@type\":\"SearchAction\",\"target\":{\"@type\":\"EntryPoint\",\"urlTemplate\":\"https:\\\/\\\/mademoisellecoline.com\\\/en\\\/?s={search_term_string}\"},\"query-input\":{\"@type\":\"PropertyValueSpecification\",\"valueRequired\":true,\"valueName\":\"search_term_string\"}}],\"inLanguage\":\"fr-FR\"},{\"@type\":[\"Person\",\"Organization\"],\"@id\":\"https:\\\/\\\/mademoisellecoline.com\\\/en\\\/#\\\/schema\\\/person\\\/a87a3358725ddb0d57e86600da53e416\",\"name\":\"Mademoiselle Coline\",\"image\":{\"@type\":\"ImageObject\",\"inLanguage\":\"fr-FR\",\"@id\":\"https:\\\/\\\/mademoisellecoline.com\\\/wp-content\\\/uploads\\\/2024\\\/01\\\/ColineNeg.jpg\",\"url\":\"https:\\\/\\\/mademoisellecoline.com\\\/wp-content\\\/uploads\\\/2024\\\/01\\\/ColineNeg.jpg\",\"contentUrl\":\"https:\\\/\\\/mademoisellecoline.com\\\/wp-content\\\/uploads\\\/2024\\\/01\\\/ColineNeg.jpg\",\"width\":584,\"height\":349,\"caption\":\"Mademoiselle Coline\"},\"logo\":{\"@id\":\"https:\\\/\\\/mademoisellecoline.com\\\/wp-content\\\/uploads\\\/2024\\\/01\\\/ColineNeg.jpg\"},\"sameAs\":[\"https:\\\/\\\/www.facebook.com\\\/mademoisellecoline\",\"https:\\\/\\\/www.instagram.com\\\/mademoiselle_coline\\\/\"]}]}<\/script>\n<!-- \/ Yoast SEO plugin. -->","yoast_head_json":{"title":"Bijoux artisanaux \u00e9thiques Barcelone Paris| Mademoiselle Coline","description":"Cr\u00e9ation de bijoux artisanaux faits \u00e0 la main, durables et \u00e9thiques. Venez nous rendre visite dans notre atelier de joaillerie \u00e0 Barcelone.","robots":{"index":"index","follow":"follow","max-snippet":"max-snippet:-1","max-image-preview":"max-image-preview:large","max-video-preview":"max-video-preview:-1"},"canonical":"https:\/\/mademoisellecoline.com\/fr\/contact-bijoux-artisanaux\/","og_locale":"fr_FR","og_type":"article","og_title":"Bijoux artisanaux \u00e9thiques Barcelone Paris| Mademoiselle Coline","og_description":"Cr\u00e9ation de bijoux artisanaux faits \u00e0 la main, durables et \u00e9thiques. Venez nous rendre visite dans notre atelier de joaillerie \u00e0 Barcelone.","og_url":"https:\/\/mademoisellecoline.com\/fr\/contact-bijoux-artisanaux\/","og_site_name":"Mademoiselle Coline","article_publisher":"https:\/\/www.facebook.com\/mademoisellecoline","article_modified_time":"2025-03-07T12:04:11+00:00","og_image":[{"width":1320,"height":990,"url":"https:\/\/mademoisellecoline.com\/wp-content\/uploads\/2022\/02\/handmade-artisan-jewelry-sustainable-coline.jpg","type":"image\/jpeg"}],"twitter_card":"summary_large_image","twitter_misc":{"Dur\u00e9e de lecture estim\u00e9e":"1 minute"},"schema":{"@context":"https:\/\/schema.org","@graph":[{"@type":"WebPage","@id":"https:\/\/mademoisellecoline.com\/fr\/contact-bijoux-artisanaux\/","url":"https:\/\/mademoisellecoline.com\/fr\/contact-bijoux-artisanaux\/","name":"Bijoux artisanaux \u00e9thiques Barcelone Paris| Mademoiselle Coline","isPartOf":{"@id":"https:\/\/mademoisellecoline.com\/en\/#website"},"primaryImageOfPage":{"@id":"https:\/\/mademoisellecoline.com\/fr\/contact-bijoux-artisanaux\/#primaryimage"},"image":{"@id":"https:\/\/mademoisellecoline.com\/fr\/contact-bijoux-artisanaux\/#primaryimage"},"thumbnailUrl":"https:\/\/mademoisellecoline.com\/wp-content\/uploads\/2022\/02\/handmade-artisan-jewelry-sustainable-coline.jpg","datePublished":"2018-03-15T23:50:09+00:00","dateModified":"2025-03-07T12:04:11+00:00","description":"Cr\u00e9ation de bijoux artisanaux faits \u00e0 la main, durables et \u00e9thiques. Venez nous rendre visite dans notre atelier de joaillerie \u00e0 Barcelone.","breadcrumb":{"@id":"https:\/\/mademoisellecoline.com\/fr\/contact-bijoux-artisanaux\/#breadcrumb"},"inLanguage":"fr-FR","potentialAction":[{"@type":"ReadAction","target":["https:\/\/mademoisellecoline.com\/fr\/contact-bijoux-artisanaux\/"]}]},{"@type":"ImageObject","inLanguage":"fr-FR","@id":"https:\/\/mademoisellecoline.com\/fr\/contact-bijoux-artisanaux\/#primaryimage","url":"https:\/\/mademoisellecoline.com\/wp-content\/uploads\/2022\/02\/handmade-artisan-jewelry-sustainable-coline.jpg","contentUrl":"https:\/\/mademoisellecoline.com\/wp-content\/uploads\/2022\/02\/handmade-artisan-jewelry-sustainable-coline.jpg","width":1320,"height":990},{"@type":"BreadcrumbList","@id":"https:\/\/mademoisellecoline.com\/fr\/contact-bijoux-artisanaux\/#breadcrumb","itemListElement":[{"@type":"ListItem","position":1,"name":"Portada","item":"https:\/\/mademoisellecoline.com\/fr\/"},{"@type":"ListItem","position":2,"name":"Contact"}]},{"@type":"WebSite","@id":"https:\/\/mademoisellecoline.com\/en\/#website","url":"https:\/\/mademoisellecoline.com\/en\/","name":"Mademoiselle Coline","description":"Joyas delicadas, c\u00e1lidas y arm\u00f3nicas","publisher":{"@id":"https:\/\/mademoisellecoline.com\/en\/#\/schema\/person\/a87a3358725ddb0d57e86600da53e416"},"potentialAction":[{"@type":"SearchAction","target":{"@type":"EntryPoint","urlTemplate":"https:\/\/mademoisellecoline.com\/en\/?s={search_term_string}"},"query-input":{"@type":"PropertyValueSpecification","valueRequired":true,"valueName":"search_term_string"}}],"inLanguage":"fr-FR"},{"@type":["Person","Organization"],"@id":"https:\/\/mademoisellecoline.com\/en\/#\/schema\/person\/a87a3358725ddb0d57e86600da53e416","name":"Mademoiselle Coline","image":{"@type":"ImageObject","inLanguage":"fr-FR","@id":"https:\/\/mademoisellecoline.com\/wp-content\/uploads\/2024\/01\/ColineNeg.jpg","url":"https:\/\/mademoisellecoline.com\/wp-content\/uploads\/2024\/01\/ColineNeg.jpg","contentUrl":"https:\/\/mademoisellecoline.com\/wp-content\/uploads\/2024\/01\/ColineNeg.jpg","width":584,"height":349,"caption":"Mademoiselle Coline"},"logo":{"@id":"https:\/\/mademoisellecoline.com\/wp-content\/uploads\/2024\/01\/ColineNeg.jpg"},"sameAs":["https:\/\/www.facebook.com\/mademoisellecoline","https:\/\/www.instagram.com\/mademoiselle_coline\/"]}]}},"_links":{"self":[{"href":"https:\/\/mademoisellecoline.com\/fr\/wp-json\/wp\/v2\/pages\/835","targetHints":{"allow":["GET"]}}],"collection":[{"href":"https:\/\/mademoisellecoline.com\/fr\/wp-json\/wp\/v2\/pages"}],"about":[{"href":"https:\/\/mademoisellecoline.com\/fr\/wp-json\/wp\/v2\/types\/page"}],"author":[{"embeddable":true,"href":"https:\/\/mademoisellecoline.com\/fr\/wp-json\/wp\/v2\/users\/1"}],"replies":[{"embeddable":true,"href":"https:\/\/mademoisellecoline.com\/fr\/wp-json\/wp\/v2\/comments?post=835"}],"version-history":[{"count":5,"href":"https:\/\/mademoisellecoline.com\/fr\/wp-json\/wp\/v2\/pages\/835\/revisions"}],"predecessor-version":[{"id":36412,"href":"https:\/\/mademoisellecoline.com\/fr\/wp-json\/wp\/v2\/pages\/835\/revisions\/36412"}],"wp:featuredmedia":[{"embeddable":true,"href":"https:\/\/mademoisellecoline.com\/fr\/wp-json\/wp\/v2\/media\/23759"}],"wp:attachment":[{"href":"https:\/\/mademoisellecoline.com\/fr\/wp-json\/wp\/v2\/media?parent=835"}],"curies":[{"name":"wp","href":"https:\/\/api.w.org\/{rel}","templated":true}]}}