{"id":12694,"date":"2019-10-09T13:49:33","date_gmt":"2019-10-09T13:49:33","guid":{"rendered":"https:\/\/mademoisellecoline.com\/?post_type=product&#038;p=12694"},"modified":"2026-04-07T13:21:37","modified_gmt":"2026-04-07T13:21:37","slug":"bagues-larbre-de-la-mer-2","status":"publish","type":"product","link":"https:\/\/mademoisellecoline.com\/fr\/produit\/bagues-larbre-de-la-mer-2\/","title":{"rendered":"Bagues Golden Arbre de la Mer"},"content":{"rendered":"","protected":false},"excerpt":{"rendered":"<p>Quand la nature devient d\u00e9licatesse. Combinaison de deux bagues de la <strong>Collection Paysages de Vie<\/strong> inspir\u00e9es de la texture organique de l&rsquo;arbre m\u00e9diterran\u00e9en par excellence, le pin. Combin\u00e9es \u00e0 la d\u00e9licate s\u00e9lection de pierres pr\u00e9cieuses et semi-pr\u00e9cieuses, les diff\u00e9rentes couleurs autour de la mer sont exprim\u00e9es.<\/p>\n<p><strong>Description de la pi\u00e8ce:<\/strong><br \/>\nPi\u00e8ce fabriqu\u00e9e \u00e0 la main<br \/>\nCombinaison de deux bagues en Argent recycl\u00e9 925\/1000 et Argent recycl\u00e9 925\/1000 plaqu\u00e9 Or 24k<br \/>\n\u00c9paisseur de chaque bague 2 mm (peut varier en fonction de la taille)<br \/>\n<strong>Choisissez la combinaison<\/strong><\/p>\n<p>Voir <a href=\"mailto: contact@mademoisellecoline.com\"><strong>disponibilit\u00e9<\/strong><\/a><\/p>\n","protected":false},"featured_media":38226,"template":"","meta":{"_joinchat":[]},"product_brand":[],"product_cat":[1483],"product_tag":[2877,2873,2315,3014,3190,3203],"class_list":{"0":"post-12694","1":"product","2":"type-product","3":"status-publish","4":"has-post-thumbnail","6":"product_cat-collection-paysages-de-vie","7":"product_tag-argent","8":"product_tag-argent-plaque-or-24-carats","9":"product_tag-bagues-artisanales","10":"product_tag-bagues-faites-a-la-main","11":"product_tag-bijoux-artisanaux","12":"product_tag-bijoux-faits-main","14":"first","15":"instock","16":"sold-individually","17":"taxable","18":"shipping-taxable","19":"purchasable","20":"product-type-variable"},"yoast_head":"<!-- This site is optimized with the Yoast SEO plugin v27.4 - https:\/\/yoast.com\/product\/yoast-seo-wordpress\/ -->\n<title>Bagues Golden Arbre de la Mer | Mademoiselle Coline | Barcelona &amp; Par\u00eds<\/title>\n<meta name=\"description\" content=\"Bagues Golden Arbre de la Mer. Cada joya, una a una, est\u00e1 hecha a mano de manera artesanal con metales reciclados en el taller de joyer\u00eda en Barcelona.\" \/>\n<meta name=\"robots\" content=\"index, follow, max-snippet:-1, max-image-preview:large, max-video-preview:-1\" \/>\n<link rel=\"canonical\" href=\"https:\/\/mademoisellecoline.com\/fr\/produit\/bagues-larbre-de-la-mer-2\/\" \/>\n<meta property=\"og:locale\" content=\"fr_FR\" \/>\n<meta property=\"og:type\" content=\"article\" \/>\n<meta property=\"og:title\" content=\"Bagues Golden Arbre de la Mer | Mademoiselle Coline | Barcelona &amp; Par\u00eds\" \/>\n<meta property=\"og:description\" content=\"Bagues Golden Arbre de la Mer. Cada joya, una a una, est\u00e1 hecha a mano de manera artesanal con metales reciclados en el taller de joyer\u00eda en Barcelona.\" \/>\n<meta property=\"og:url\" content=\"https:\/\/mademoisellecoline.com\/fr\/produit\/bagues-larbre-de-la-mer-2\/\" \/>\n<meta property=\"og:site_name\" content=\"Mademoiselle Coline\" \/>\n<meta property=\"article:publisher\" content=\"https:\/\/www.facebook.com\/mademoisellecoline\" \/>\n<meta property=\"article:modified_time\" content=\"2026-04-07T13:21:37+00:00\" \/>\n<meta property=\"og:image\" content=\"https:\/\/mademoisellecoline.com\/wp-content\/uploads\/2021\/04\/organic-rings-anillos-handmade-ethical-jewelry-mademoiselle-coline.jpg\" \/>\n\t<meta property=\"og:image:width\" content=\"1500\" \/>\n\t<meta property=\"og:image:height\" content=\"1500\" \/>\n\t<meta property=\"og:image:type\" content=\"image\/jpeg\" \/>\n<meta name=\"twitter:card\" content=\"summary_large_image\" \/>\n<script type=\"application\/ld+json\" class=\"yoast-schema-graph\">{\"@context\":\"https:\\\/\\\/schema.org\",\"@graph\":[{\"@type\":\"WebPage\",\"@id\":\"https:\\\/\\\/mademoisellecoline.com\\\/fr\\\/produit\\\/bagues-larbre-de-la-mer-2\\\/\",\"url\":\"https:\\\/\\\/mademoisellecoline.com\\\/fr\\\/produit\\\/bagues-larbre-de-la-mer-2\\\/\",\"name\":\"Bagues Golden Arbre de la Mer | Mademoiselle Coline | Barcelona & Par\u00eds\",\"isPartOf\":{\"@id\":\"https:\\\/\\\/mademoisellecoline.com\\\/en\\\/#website\"},\"primaryImageOfPage\":{\"@id\":\"https:\\\/\\\/mademoisellecoline.com\\\/fr\\\/produit\\\/bagues-larbre-de-la-mer-2\\\/#primaryimage\"},\"image\":{\"@id\":\"https:\\\/\\\/mademoisellecoline.com\\\/fr\\\/produit\\\/bagues-larbre-de-la-mer-2\\\/#primaryimage\"},\"thumbnailUrl\":\"https:\\\/\\\/mademoisellecoline.com\\\/wp-content\\\/uploads\\\/2026\\\/02\\\/bagues-mediterranee-coline-mademoiselle-gold-emeraude-diamant-1.jpg\",\"datePublished\":\"2019-10-09T13:49:33+00:00\",\"dateModified\":\"2026-04-07T13:21:37+00:00\",\"description\":\"Bagues Golden Arbre de la Mer. Cada joya, una a una, est\u00e1 hecha a mano de manera artesanal con metales reciclados en el taller de joyer\u00eda en Barcelona.\",\"breadcrumb\":{\"@id\":\"https:\\\/\\\/mademoisellecoline.com\\\/fr\\\/produit\\\/bagues-larbre-de-la-mer-2\\\/#breadcrumb\"},\"inLanguage\":\"fr-FR\",\"potentialAction\":[{\"@type\":\"ReadAction\",\"target\":[\"https:\\\/\\\/mademoisellecoline.com\\\/fr\\\/produit\\\/bagues-larbre-de-la-mer-2\\\/\"]}]},{\"@type\":\"ImageObject\",\"inLanguage\":\"fr-FR\",\"@id\":\"https:\\\/\\\/mademoisellecoline.com\\\/fr\\\/produit\\\/bagues-larbre-de-la-mer-2\\\/#primaryimage\",\"url\":\"https:\\\/\\\/mademoisellecoline.com\\\/wp-content\\\/uploads\\\/2026\\\/02\\\/bagues-mediterranee-coline-mademoiselle-gold-emeraude-diamant-1.jpg\",\"contentUrl\":\"https:\\\/\\\/mademoisellecoline.com\\\/wp-content\\\/uploads\\\/2026\\\/02\\\/bagues-mediterranee-coline-mademoiselle-gold-emeraude-diamant-1.jpg\",\"width\":1500,\"height\":1500,\"caption\":\"Ensemble de bagues artisanales en argent et argent plaqu\u00e9 or avec texture organique inspir\u00e9e de branche d\u2019arbre et pierres pr\u00e9cieuses diamant noir, citrine, \u00e9meraude et tourmaline rose con\u00e7ues pour \u00eatre port\u00e9es superpos\u00e9es.\"},{\"@type\":\"BreadcrumbList\",\"@id\":\"https:\\\/\\\/mademoisellecoline.com\\\/fr\\\/produit\\\/bagues-larbre-de-la-mer-2\\\/#breadcrumb\",\"itemListElement\":[{\"@type\":\"ListItem\",\"position\":1,\"name\":\"Portada\",\"item\":\"https:\\\/\\\/mademoisellecoline.com\\\/fr\\\/\"},{\"@type\":\"ListItem\",\"position\":2,\"name\":\"Bijouterie artisanale\",\"item\":\"https:\\\/\\\/mademoisellecoline.com\\\/fr\\\/boutique-bijouterie-artisanale\\\/\"},{\"@type\":\"ListItem\",\"position\":3,\"name\":\"Bagues Golden Arbre de la Mer\"}]},{\"@type\":\"WebSite\",\"@id\":\"https:\\\/\\\/mademoisellecoline.com\\\/en\\\/#website\",\"url\":\"https:\\\/\\\/mademoisellecoline.com\\\/en\\\/\",\"name\":\"Mademoiselle Coline\",\"description\":\"Joyas delicadas, c\u00e1lidas y arm\u00f3nicas\",\"publisher\":{\"@id\":\"https:\\\/\\\/mademoisellecoline.com\\\/en\\\/#\\\/schema\\\/person\\\/a87a3358725ddb0d57e86600da53e416\"},\"potentialAction\":[{\"@type\":\"SearchAction\",\"target\":{\"@type\":\"EntryPoint\",\"urlTemplate\":\"https:\\\/\\\/mademoisellecoline.com\\\/en\\\/?s={search_term_string}\"},\"query-input\":{\"@type\":\"PropertyValueSpecification\",\"valueRequired\":true,\"valueName\":\"search_term_string\"}}],\"inLanguage\":\"fr-FR\"},{\"@type\":[\"Person\",\"Organization\"],\"@id\":\"https:\\\/\\\/mademoisellecoline.com\\\/en\\\/#\\\/schema\\\/person\\\/a87a3358725ddb0d57e86600da53e416\",\"name\":\"Mademoiselle Coline\",\"image\":{\"@type\":\"ImageObject\",\"inLanguage\":\"fr-FR\",\"@id\":\"https:\\\/\\\/mademoisellecoline.com\\\/wp-content\\\/uploads\\\/2024\\\/01\\\/ColineNeg.jpg\",\"url\":\"https:\\\/\\\/mademoisellecoline.com\\\/wp-content\\\/uploads\\\/2024\\\/01\\\/ColineNeg.jpg\",\"contentUrl\":\"https:\\\/\\\/mademoisellecoline.com\\\/wp-content\\\/uploads\\\/2024\\\/01\\\/ColineNeg.jpg\",\"width\":584,\"height\":349,\"caption\":\"Mademoiselle Coline\"},\"logo\":{\"@id\":\"https:\\\/\\\/mademoisellecoline.com\\\/wp-content\\\/uploads\\\/2024\\\/01\\\/ColineNeg.jpg\"},\"sameAs\":[\"https:\\\/\\\/www.facebook.com\\\/mademoisellecoline\",\"https:\\\/\\\/www.instagram.com\\\/mademoiselle_coline\\\/\"]}]}<\/script>\n<!-- \/ Yoast SEO plugin. -->","yoast_head_json":{"title":"Bagues Golden Arbre de la Mer | Mademoiselle Coline | Barcelona & Par\u00eds","description":"Bagues Golden Arbre de la Mer. Cada joya, una a una, est\u00e1 hecha a mano de manera artesanal con metales reciclados en el taller de joyer\u00eda en Barcelona.","robots":{"index":"index","follow":"follow","max-snippet":"max-snippet:-1","max-image-preview":"max-image-preview:large","max-video-preview":"max-video-preview:-1"},"canonical":"https:\/\/mademoisellecoline.com\/fr\/produit\/bagues-larbre-de-la-mer-2\/","og_locale":"fr_FR","og_type":"article","og_title":"Bagues Golden Arbre de la Mer | Mademoiselle Coline | Barcelona & Par\u00eds","og_description":"Bagues Golden Arbre de la Mer. Cada joya, una a una, est\u00e1 hecha a mano de manera artesanal con metales reciclados en el taller de joyer\u00eda en Barcelona.","og_url":"https:\/\/mademoisellecoline.com\/fr\/produit\/bagues-larbre-de-la-mer-2\/","og_site_name":"Mademoiselle Coline","article_publisher":"https:\/\/www.facebook.com\/mademoisellecoline","article_modified_time":"2026-04-07T13:21:37+00:00","og_image":[{"width":1500,"height":1500,"url":"https:\/\/mademoisellecoline.com\/wp-content\/uploads\/2021\/04\/organic-rings-anillos-handmade-ethical-jewelry-mademoiselle-coline.jpg","type":"image\/jpeg"}],"twitter_card":"summary_large_image","schema":{"@context":"https:\/\/schema.org","@graph":[{"@type":"WebPage","@id":"https:\/\/mademoisellecoline.com\/fr\/produit\/bagues-larbre-de-la-mer-2\/","url":"https:\/\/mademoisellecoline.com\/fr\/produit\/bagues-larbre-de-la-mer-2\/","name":"Bagues Golden Arbre de la Mer | Mademoiselle Coline | Barcelona & Par\u00eds","isPartOf":{"@id":"https:\/\/mademoisellecoline.com\/en\/#website"},"primaryImageOfPage":{"@id":"https:\/\/mademoisellecoline.com\/fr\/produit\/bagues-larbre-de-la-mer-2\/#primaryimage"},"image":{"@id":"https:\/\/mademoisellecoline.com\/fr\/produit\/bagues-larbre-de-la-mer-2\/#primaryimage"},"thumbnailUrl":"https:\/\/mademoisellecoline.com\/wp-content\/uploads\/2026\/02\/bagues-mediterranee-coline-mademoiselle-gold-emeraude-diamant-1.jpg","datePublished":"2019-10-09T13:49:33+00:00","dateModified":"2026-04-07T13:21:37+00:00","description":"Bagues Golden Arbre de la Mer. Cada joya, una a una, est\u00e1 hecha a mano de manera artesanal con metales reciclados en el taller de joyer\u00eda en Barcelona.","breadcrumb":{"@id":"https:\/\/mademoisellecoline.com\/fr\/produit\/bagues-larbre-de-la-mer-2\/#breadcrumb"},"inLanguage":"fr-FR","potentialAction":[{"@type":"ReadAction","target":["https:\/\/mademoisellecoline.com\/fr\/produit\/bagues-larbre-de-la-mer-2\/"]}]},{"@type":"ImageObject","inLanguage":"fr-FR","@id":"https:\/\/mademoisellecoline.com\/fr\/produit\/bagues-larbre-de-la-mer-2\/#primaryimage","url":"https:\/\/mademoisellecoline.com\/wp-content\/uploads\/2026\/02\/bagues-mediterranee-coline-mademoiselle-gold-emeraude-diamant-1.jpg","contentUrl":"https:\/\/mademoisellecoline.com\/wp-content\/uploads\/2026\/02\/bagues-mediterranee-coline-mademoiselle-gold-emeraude-diamant-1.jpg","width":1500,"height":1500,"caption":"Ensemble de bagues artisanales en argent et argent plaqu\u00e9 or avec texture organique inspir\u00e9e de branche d\u2019arbre et pierres pr\u00e9cieuses diamant noir, citrine, \u00e9meraude et tourmaline rose con\u00e7ues pour \u00eatre port\u00e9es superpos\u00e9es."},{"@type":"BreadcrumbList","@id":"https:\/\/mademoisellecoline.com\/fr\/produit\/bagues-larbre-de-la-mer-2\/#breadcrumb","itemListElement":[{"@type":"ListItem","position":1,"name":"Portada","item":"https:\/\/mademoisellecoline.com\/fr\/"},{"@type":"ListItem","position":2,"name":"Bijouterie artisanale","item":"https:\/\/mademoisellecoline.com\/fr\/boutique-bijouterie-artisanale\/"},{"@type":"ListItem","position":3,"name":"Bagues Golden Arbre de la Mer"}]},{"@type":"WebSite","@id":"https:\/\/mademoisellecoline.com\/en\/#website","url":"https:\/\/mademoisellecoline.com\/en\/","name":"Mademoiselle Coline","description":"Joyas delicadas, c\u00e1lidas y arm\u00f3nicas","publisher":{"@id":"https:\/\/mademoisellecoline.com\/en\/#\/schema\/person\/a87a3358725ddb0d57e86600da53e416"},"potentialAction":[{"@type":"SearchAction","target":{"@type":"EntryPoint","urlTemplate":"https:\/\/mademoisellecoline.com\/en\/?s={search_term_string}"},"query-input":{"@type":"PropertyValueSpecification","valueRequired":true,"valueName":"search_term_string"}}],"inLanguage":"fr-FR"},{"@type":["Person","Organization"],"@id":"https:\/\/mademoisellecoline.com\/en\/#\/schema\/person\/a87a3358725ddb0d57e86600da53e416","name":"Mademoiselle Coline","image":{"@type":"ImageObject","inLanguage":"fr-FR","@id":"https:\/\/mademoisellecoline.com\/wp-content\/uploads\/2024\/01\/ColineNeg.jpg","url":"https:\/\/mademoisellecoline.com\/wp-content\/uploads\/2024\/01\/ColineNeg.jpg","contentUrl":"https:\/\/mademoisellecoline.com\/wp-content\/uploads\/2024\/01\/ColineNeg.jpg","width":584,"height":349,"caption":"Mademoiselle Coline"},"logo":{"@id":"https:\/\/mademoisellecoline.com\/wp-content\/uploads\/2024\/01\/ColineNeg.jpg"},"sameAs":["https:\/\/www.facebook.com\/mademoisellecoline","https:\/\/www.instagram.com\/mademoiselle_coline\/"]}]}},"_links":{"self":[{"href":"https:\/\/mademoisellecoline.com\/fr\/wp-json\/wp\/v2\/product\/12694","targetHints":{"allow":["GET"]}}],"collection":[{"href":"https:\/\/mademoisellecoline.com\/fr\/wp-json\/wp\/v2\/product"}],"about":[{"href":"https:\/\/mademoisellecoline.com\/fr\/wp-json\/wp\/v2\/types\/product"}],"wp:featuredmedia":[{"embeddable":true,"href":"https:\/\/mademoisellecoline.com\/fr\/wp-json\/wp\/v2\/media\/38226"}],"wp:attachment":[{"href":"https:\/\/mademoisellecoline.com\/fr\/wp-json\/wp\/v2\/media?parent=12694"}],"wp:term":[{"taxonomy":"product_brand","embeddable":true,"href":"https:\/\/mademoisellecoline.com\/fr\/wp-json\/wp\/v2\/product_brand?post=12694"},{"taxonomy":"product_cat","embeddable":true,"href":"https:\/\/mademoisellecoline.com\/fr\/wp-json\/wp\/v2\/product_cat?post=12694"},{"taxonomy":"product_tag","embeddable":true,"href":"https:\/\/mademoisellecoline.com\/fr\/wp-json\/wp\/v2\/product_tag?post=12694"}],"curies":[{"name":"wp","href":"https:\/\/api.w.org\/{rel}","templated":true}]}}