{"id":16439,"date":"2020-11-23T15:05:48","date_gmt":"2020-11-23T15:05:48","guid":{"rendered":"https:\/\/mademoisellecoline.com\/?post_type=product&#038;p=16439"},"modified":"2026-04-07T13:28:03","modified_gmt":"2026-04-07T13:28:03","slug":"bague-la-grece-classique-copia","status":"publish","type":"product","link":"https:\/\/mademoisellecoline.com\/fr\/produit\/bague-la-grece-classique-copia\/","title":{"rendered":"M\u00e9daille &lsquo;La Petite Couronne&rsquo;"},"content":{"rendered":"","protected":false},"excerpt":{"rendered":"<p>Pi\u00e8ce unique faite \u00e0 la main de la <strong>Collection Envie du Pass\u00e9<\/strong> qui nous raconte des temps pleins de lumi\u00e8re. Le d\u00e9tail central de la pi\u00e8ce, serti, est un \u00e9l\u00e9ment ancien r\u00e9cup\u00e9r\u00e9 et restaur\u00e9. Un \u00e9l\u00e9ment ancien, riche en d\u00e9tails, qui \u00e9voque l\u2019abondance d\u2019antan et qui, couronn\u00e9 de trois \u00e9meraudes, d\u00e9voile une pi\u00e8ce contemporaine baign\u00e9e de lumi\u00e8re.<\/p>\n<p><strong>Description de la pi\u00e8ce: <\/strong><br \/>\nPi\u00e8ce fabriqu\u00e9e \u00e0 la main<br data-start=\"600\" data-end=\"603\" \/>Argent \u00e9cologique recycl\u00e9 de l\u2019Union europ\u00e9enne<br data-start=\"650\" data-end=\"653\" \/>Pi\u00e8ce ancienne sertie<br data-start=\"674\" data-end=\"677\" \/>Trois \u00e9meraudes serties<br data-start=\"700\" data-end=\"703\" \/>Diam\u00e8tre 2 cm<br data-start=\"716\" data-end=\"719\" \/>Finition mix mate et brillante<br data-start=\"749\" data-end=\"752\" \/>Taille 45 cm<\/p>\n","protected":false},"featured_media":20861,"template":"","meta":{"_joinchat":[]},"product_brand":[],"product_cat":[447],"product_tag":[2877,3190,3203,2319,3016,3192,3021],"class_list":{"0":"post-16439","1":"product","2":"type-product","3":"status-publish","4":"has-post-thumbnail","6":"product_cat-collection-envie-du-passe","7":"product_tag-argent","8":"product_tag-bijoux-artisanaux","9":"product_tag-bijoux-faits-main","10":"product_tag-colliers-faits-main","11":"product_tag-colliers-artisanaux","12":"product_tag-pieces-uniques-de-bijoux-artisanaux","13":"product_tag-pieces-uniques-bijoux-faits-a-la-main","15":"first","16":"instock","17":"sold-individually","18":"taxable","19":"shipping-taxable","20":"purchasable","21":"product-type-variable"},"yoast_head":"<!-- This site is optimized with the Yoast SEO plugin v27.4 - https:\/\/yoast.com\/product\/yoast-seo-wordpress\/ -->\n<title>M\u00e9daille &#039;La Petite Couronne&#039; | Mademoiselle Coline | Barcelona &amp; Par\u00eds<\/title>\n<meta name=\"description\" content=\"M\u00e9daille &#039;La Petite Couronne&#039;. Cada joya, una a una, est\u00e1 hecha a mano de manera artesanal con metales reciclados en el taller de joyer\u00eda en Barcelona.\" \/>\n<meta name=\"robots\" content=\"index, follow, max-snippet:-1, max-image-preview:large, max-video-preview:-1\" \/>\n<link rel=\"canonical\" href=\"https:\/\/mademoisellecoline.com\/fr\/produit\/bague-la-grece-classique-copia\/\" \/>\n<meta property=\"og:locale\" content=\"fr_FR\" \/>\n<meta property=\"og:type\" content=\"article\" \/>\n<meta property=\"og:title\" content=\"M\u00e9daille &#039;La Petite Couronne&#039; | Mademoiselle Coline | Barcelona &amp; Par\u00eds\" \/>\n<meta property=\"og:description\" content=\"M\u00e9daille &#039;La Petite Couronne&#039;. Cada joya, una a una, est\u00e1 hecha a mano de manera artesanal con metales reciclados en el taller de joyer\u00eda en Barcelona.\" \/>\n<meta property=\"og:url\" content=\"https:\/\/mademoisellecoline.com\/fr\/produit\/bague-la-grece-classique-copia\/\" \/>\n<meta property=\"og:site_name\" content=\"Mademoiselle Coline\" \/>\n<meta property=\"article:publisher\" content=\"https:\/\/www.facebook.com\/mademoisellecoline\" \/>\n<meta property=\"article:modified_time\" content=\"2026-04-07T13:28:03+00:00\" \/>\n<meta property=\"og:image\" content=\"https:\/\/mademoisellecoline.com\/wp-content\/uploads\/2020\/11\/medalla-slow-esmeralda-handmade-hechoamano-coline-mademoiselle.jpg\" \/>\n\t<meta property=\"og:image:width\" content=\"1500\" \/>\n\t<meta property=\"og:image:height\" content=\"1500\" \/>\n\t<meta property=\"og:image:type\" content=\"image\/jpeg\" \/>\n<meta name=\"twitter:card\" content=\"summary_large_image\" \/>\n<script type=\"application\/ld+json\" class=\"yoast-schema-graph\">{\"@context\":\"https:\\\/\\\/schema.org\",\"@graph\":[{\"@type\":\"WebPage\",\"@id\":\"https:\\\/\\\/mademoisellecoline.com\\\/fr\\\/produit\\\/bague-la-grece-classique-copia\\\/\",\"url\":\"https:\\\/\\\/mademoisellecoline.com\\\/fr\\\/produit\\\/bague-la-grece-classique-copia\\\/\",\"name\":\"M\u00e9daille 'La Petite Couronne' | Mademoiselle Coline | Barcelona & Par\u00eds\",\"isPartOf\":{\"@id\":\"https:\\\/\\\/mademoisellecoline.com\\\/en\\\/#website\"},\"primaryImageOfPage\":{\"@id\":\"https:\\\/\\\/mademoisellecoline.com\\\/fr\\\/produit\\\/bague-la-grece-classique-copia\\\/#primaryimage\"},\"image\":{\"@id\":\"https:\\\/\\\/mademoisellecoline.com\\\/fr\\\/produit\\\/bague-la-grece-classique-copia\\\/#primaryimage\"},\"thumbnailUrl\":\"https:\\\/\\\/mademoisellecoline.com\\\/wp-content\\\/uploads\\\/2020\\\/11\\\/medalla-slow-esmeralda-handmade-hechoamano-coline-mademoiselle.jpg\",\"datePublished\":\"2020-11-23T15:05:48+00:00\",\"dateModified\":\"2026-04-07T13:28:03+00:00\",\"description\":\"M\u00e9daille 'La Petite Couronne'. Cada joya, una a una, est\u00e1 hecha a mano de manera artesanal con metales reciclados en el taller de joyer\u00eda en Barcelona.\",\"breadcrumb\":{\"@id\":\"https:\\\/\\\/mademoisellecoline.com\\\/fr\\\/produit\\\/bague-la-grece-classique-copia\\\/#breadcrumb\"},\"inLanguage\":\"fr-FR\",\"potentialAction\":[{\"@type\":\"ReadAction\",\"target\":[\"https:\\\/\\\/mademoisellecoline.com\\\/fr\\\/produit\\\/bague-la-grece-classique-copia\\\/\"]}]},{\"@type\":\"ImageObject\",\"inLanguage\":\"fr-FR\",\"@id\":\"https:\\\/\\\/mademoisellecoline.com\\\/fr\\\/produit\\\/bague-la-grece-classique-copia\\\/#primaryimage\",\"url\":\"https:\\\/\\\/mademoisellecoline.com\\\/wp-content\\\/uploads\\\/2020\\\/11\\\/medalla-slow-esmeralda-handmade-hechoamano-coline-mademoiselle.jpg\",\"contentUrl\":\"https:\\\/\\\/mademoisellecoline.com\\\/wp-content\\\/uploads\\\/2020\\\/11\\\/medalla-slow-esmeralda-handmade-hechoamano-coline-mademoiselle.jpg\",\"width\":1500,\"height\":1500,\"caption\":\"Pendentif rond en argent avec d\u00e9tail ancien et \u00e9meraudes vertes\"},{\"@type\":\"BreadcrumbList\",\"@id\":\"https:\\\/\\\/mademoisellecoline.com\\\/fr\\\/produit\\\/bague-la-grece-classique-copia\\\/#breadcrumb\",\"itemListElement\":[{\"@type\":\"ListItem\",\"position\":1,\"name\":\"Portada\",\"item\":\"https:\\\/\\\/mademoisellecoline.com\\\/fr\\\/\"},{\"@type\":\"ListItem\",\"position\":2,\"name\":\"Bijouterie artisanale\",\"item\":\"https:\\\/\\\/mademoisellecoline.com\\\/fr\\\/boutique-bijouterie-artisanale\\\/\"},{\"@type\":\"ListItem\",\"position\":3,\"name\":\"M\u00e9daille &#8216;La Petite Couronne&#8217;\"}]},{\"@type\":\"WebSite\",\"@id\":\"https:\\\/\\\/mademoisellecoline.com\\\/en\\\/#website\",\"url\":\"https:\\\/\\\/mademoisellecoline.com\\\/en\\\/\",\"name\":\"Mademoiselle Coline\",\"description\":\"Joyas delicadas, c\u00e1lidas y arm\u00f3nicas\",\"publisher\":{\"@id\":\"https:\\\/\\\/mademoisellecoline.com\\\/en\\\/#\\\/schema\\\/person\\\/a87a3358725ddb0d57e86600da53e416\"},\"potentialAction\":[{\"@type\":\"SearchAction\",\"target\":{\"@type\":\"EntryPoint\",\"urlTemplate\":\"https:\\\/\\\/mademoisellecoline.com\\\/en\\\/?s={search_term_string}\"},\"query-input\":{\"@type\":\"PropertyValueSpecification\",\"valueRequired\":true,\"valueName\":\"search_term_string\"}}],\"inLanguage\":\"fr-FR\"},{\"@type\":[\"Person\",\"Organization\"],\"@id\":\"https:\\\/\\\/mademoisellecoline.com\\\/en\\\/#\\\/schema\\\/person\\\/a87a3358725ddb0d57e86600da53e416\",\"name\":\"Mademoiselle Coline\",\"image\":{\"@type\":\"ImageObject\",\"inLanguage\":\"fr-FR\",\"@id\":\"https:\\\/\\\/mademoisellecoline.com\\\/wp-content\\\/uploads\\\/2024\\\/01\\\/ColineNeg.jpg\",\"url\":\"https:\\\/\\\/mademoisellecoline.com\\\/wp-content\\\/uploads\\\/2024\\\/01\\\/ColineNeg.jpg\",\"contentUrl\":\"https:\\\/\\\/mademoisellecoline.com\\\/wp-content\\\/uploads\\\/2024\\\/01\\\/ColineNeg.jpg\",\"width\":584,\"height\":349,\"caption\":\"Mademoiselle Coline\"},\"logo\":{\"@id\":\"https:\\\/\\\/mademoisellecoline.com\\\/wp-content\\\/uploads\\\/2024\\\/01\\\/ColineNeg.jpg\"},\"sameAs\":[\"https:\\\/\\\/www.facebook.com\\\/mademoisellecoline\",\"https:\\\/\\\/www.instagram.com\\\/mademoiselle_coline\\\/\"]}]}<\/script>\n<!-- \/ Yoast SEO plugin. -->","yoast_head_json":{"title":"M\u00e9daille 'La Petite Couronne' | Mademoiselle Coline | Barcelona & Par\u00eds","description":"M\u00e9daille 'La Petite Couronne'. Cada joya, una a una, est\u00e1 hecha a mano de manera artesanal con metales reciclados en el taller de joyer\u00eda en Barcelona.","robots":{"index":"index","follow":"follow","max-snippet":"max-snippet:-1","max-image-preview":"max-image-preview:large","max-video-preview":"max-video-preview:-1"},"canonical":"https:\/\/mademoisellecoline.com\/fr\/produit\/bague-la-grece-classique-copia\/","og_locale":"fr_FR","og_type":"article","og_title":"M\u00e9daille 'La Petite Couronne' | Mademoiselle Coline | Barcelona & Par\u00eds","og_description":"M\u00e9daille 'La Petite Couronne'. Cada joya, una a una, est\u00e1 hecha a mano de manera artesanal con metales reciclados en el taller de joyer\u00eda en Barcelona.","og_url":"https:\/\/mademoisellecoline.com\/fr\/produit\/bague-la-grece-classique-copia\/","og_site_name":"Mademoiselle Coline","article_publisher":"https:\/\/www.facebook.com\/mademoisellecoline","article_modified_time":"2026-04-07T13:28:03+00:00","og_image":[{"width":1500,"height":1500,"url":"https:\/\/mademoisellecoline.com\/wp-content\/uploads\/2020\/11\/medalla-slow-esmeralda-handmade-hechoamano-coline-mademoiselle.jpg","type":"image\/jpeg"}],"twitter_card":"summary_large_image","schema":{"@context":"https:\/\/schema.org","@graph":[{"@type":"WebPage","@id":"https:\/\/mademoisellecoline.com\/fr\/produit\/bague-la-grece-classique-copia\/","url":"https:\/\/mademoisellecoline.com\/fr\/produit\/bague-la-grece-classique-copia\/","name":"M\u00e9daille 'La Petite Couronne' | Mademoiselle Coline | Barcelona & Par\u00eds","isPartOf":{"@id":"https:\/\/mademoisellecoline.com\/en\/#website"},"primaryImageOfPage":{"@id":"https:\/\/mademoisellecoline.com\/fr\/produit\/bague-la-grece-classique-copia\/#primaryimage"},"image":{"@id":"https:\/\/mademoisellecoline.com\/fr\/produit\/bague-la-grece-classique-copia\/#primaryimage"},"thumbnailUrl":"https:\/\/mademoisellecoline.com\/wp-content\/uploads\/2020\/11\/medalla-slow-esmeralda-handmade-hechoamano-coline-mademoiselle.jpg","datePublished":"2020-11-23T15:05:48+00:00","dateModified":"2026-04-07T13:28:03+00:00","description":"M\u00e9daille 'La Petite Couronne'. Cada joya, una a una, est\u00e1 hecha a mano de manera artesanal con metales reciclados en el taller de joyer\u00eda en Barcelona.","breadcrumb":{"@id":"https:\/\/mademoisellecoline.com\/fr\/produit\/bague-la-grece-classique-copia\/#breadcrumb"},"inLanguage":"fr-FR","potentialAction":[{"@type":"ReadAction","target":["https:\/\/mademoisellecoline.com\/fr\/produit\/bague-la-grece-classique-copia\/"]}]},{"@type":"ImageObject","inLanguage":"fr-FR","@id":"https:\/\/mademoisellecoline.com\/fr\/produit\/bague-la-grece-classique-copia\/#primaryimage","url":"https:\/\/mademoisellecoline.com\/wp-content\/uploads\/2020\/11\/medalla-slow-esmeralda-handmade-hechoamano-coline-mademoiselle.jpg","contentUrl":"https:\/\/mademoisellecoline.com\/wp-content\/uploads\/2020\/11\/medalla-slow-esmeralda-handmade-hechoamano-coline-mademoiselle.jpg","width":1500,"height":1500,"caption":"Pendentif rond en argent avec d\u00e9tail ancien et \u00e9meraudes vertes"},{"@type":"BreadcrumbList","@id":"https:\/\/mademoisellecoline.com\/fr\/produit\/bague-la-grece-classique-copia\/#breadcrumb","itemListElement":[{"@type":"ListItem","position":1,"name":"Portada","item":"https:\/\/mademoisellecoline.com\/fr\/"},{"@type":"ListItem","position":2,"name":"Bijouterie artisanale","item":"https:\/\/mademoisellecoline.com\/fr\/boutique-bijouterie-artisanale\/"},{"@type":"ListItem","position":3,"name":"M\u00e9daille &#8216;La Petite Couronne&#8217;"}]},{"@type":"WebSite","@id":"https:\/\/mademoisellecoline.com\/en\/#website","url":"https:\/\/mademoisellecoline.com\/en\/","name":"Mademoiselle Coline","description":"Joyas delicadas, c\u00e1lidas y arm\u00f3nicas","publisher":{"@id":"https:\/\/mademoisellecoline.com\/en\/#\/schema\/person\/a87a3358725ddb0d57e86600da53e416"},"potentialAction":[{"@type":"SearchAction","target":{"@type":"EntryPoint","urlTemplate":"https:\/\/mademoisellecoline.com\/en\/?s={search_term_string}"},"query-input":{"@type":"PropertyValueSpecification","valueRequired":true,"valueName":"search_term_string"}}],"inLanguage":"fr-FR"},{"@type":["Person","Organization"],"@id":"https:\/\/mademoisellecoline.com\/en\/#\/schema\/person\/a87a3358725ddb0d57e86600da53e416","name":"Mademoiselle Coline","image":{"@type":"ImageObject","inLanguage":"fr-FR","@id":"https:\/\/mademoisellecoline.com\/wp-content\/uploads\/2024\/01\/ColineNeg.jpg","url":"https:\/\/mademoisellecoline.com\/wp-content\/uploads\/2024\/01\/ColineNeg.jpg","contentUrl":"https:\/\/mademoisellecoline.com\/wp-content\/uploads\/2024\/01\/ColineNeg.jpg","width":584,"height":349,"caption":"Mademoiselle Coline"},"logo":{"@id":"https:\/\/mademoisellecoline.com\/wp-content\/uploads\/2024\/01\/ColineNeg.jpg"},"sameAs":["https:\/\/www.facebook.com\/mademoisellecoline","https:\/\/www.instagram.com\/mademoiselle_coline\/"]}]}},"_links":{"self":[{"href":"https:\/\/mademoisellecoline.com\/fr\/wp-json\/wp\/v2\/product\/16439","targetHints":{"allow":["GET"]}}],"collection":[{"href":"https:\/\/mademoisellecoline.com\/fr\/wp-json\/wp\/v2\/product"}],"about":[{"href":"https:\/\/mademoisellecoline.com\/fr\/wp-json\/wp\/v2\/types\/product"}],"wp:featuredmedia":[{"embeddable":true,"href":"https:\/\/mademoisellecoline.com\/fr\/wp-json\/wp\/v2\/media\/20861"}],"wp:attachment":[{"href":"https:\/\/mademoisellecoline.com\/fr\/wp-json\/wp\/v2\/media?parent=16439"}],"wp:term":[{"taxonomy":"product_brand","embeddable":true,"href":"https:\/\/mademoisellecoline.com\/fr\/wp-json\/wp\/v2\/product_brand?post=16439"},{"taxonomy":"product_cat","embeddable":true,"href":"https:\/\/mademoisellecoline.com\/fr\/wp-json\/wp\/v2\/product_cat?post=16439"},{"taxonomy":"product_tag","embeddable":true,"href":"https:\/\/mademoisellecoline.com\/fr\/wp-json\/wp\/v2\/product_tag?post=16439"}],"curies":[{"name":"wp","href":"https:\/\/api.w.org\/{rel}","templated":true}]}}