{"id":2122,"date":"2018-11-23T13:48:21","date_gmt":"2018-11-23T13:48:21","guid":{"rendered":"https:\/\/mademoisellecoline.com\/?post_type=product&#038;p=2122"},"modified":"2026-04-07T13:19:47","modified_gmt":"2026-04-07T13:19:47","slug":"bague-cris-essence-gold-18k","status":"publish","type":"product","link":"https:\/\/mademoisellecoline.com\/fr\/produit\/bague-cris-essence-gold-18k\/","title":{"rendered":"Bague Cris Essence Gold 18k"},"content":{"rendered":"","protected":false},"excerpt":{"rendered":"<p>Bague faite \u00e0 la main de la <strong>Collection Surrounded by Beauty<\/strong> au design intemporel et d\u00e9licatement g\u00e9om\u00e9trique, inspir\u00e9e de l&rsquo;architecture d&rsquo;autrefois. Cette pi\u00e8ce \u00e9l\u00e9gante et d\u00e9licate, est sculpt\u00e9e \u00e0 la main selon la technique de la cire perdue<\/p>\n<p><strong>Description de la pi\u00e8ce:<\/strong><br \/>\nPi\u00e8ce fabriqu\u00e9e \u00e0 la main<br \/>\nOr 18 carats recycl\u00e9, \u00e9cologique et issu de l\u2019Union europ\u00e9enne<br \/>\n\u00c9paisseur 4&#215;1,7 mm. Poids de 6 \u00e0 8 grammes (selon la taille)<br \/>\n<strong>Finition \u00e0 choisir<\/strong><\/p>\n<p>Voir <a href=\"mailto: contact@mademoisellecoline.com\"><strong>disponibilit\u00e9<\/strong><\/a><\/p>\n","protected":false},"featured_media":38759,"template":"","meta":{"_joinchat":[]},"product_brand":[],"product_cat":[431],"product_tag":[2315,3014,3190,3203,2885],"class_list":{"0":"post-2122","1":"product","2":"type-product","3":"status-publish","4":"has-post-thumbnail","6":"product_cat-collection-surrounded-by-beauty","7":"product_tag-bagues-artisanales","8":"product_tag-bagues-faites-a-la-main","9":"product_tag-bijoux-artisanaux","10":"product_tag-bijoux-faits-main","11":"product_tag-bijoux-or-18-carats","13":"first","14":"instock","15":"sold-individually","16":"taxable","17":"shipping-taxable","18":"purchasable","19":"product-type-variable"},"yoast_head":"<!-- This site is optimized with the Yoast SEO plugin v27.4 - https:\/\/yoast.com\/product\/yoast-seo-wordpress\/ -->\n<title>Bague Cris Essence Gold 18k | Mademoiselle Coline | Barcelona &amp; Par\u00eds<\/title>\n<meta name=\"description\" content=\"Bague Cris Essence Gold 18k. Cada joya, una a una, est\u00e1 hecha a mano de manera artesanal con metales reciclados en el taller de joyer\u00eda en Barcelona.\" \/>\n<meta name=\"robots\" content=\"index, follow, max-snippet:-1, max-image-preview:large, max-video-preview:-1\" \/>\n<link rel=\"canonical\" href=\"https:\/\/mademoisellecoline.com\/fr\/produit\/bague-cris-essence-gold-18k\/\" \/>\n<meta property=\"og:locale\" content=\"fr_FR\" \/>\n<meta property=\"og:type\" content=\"article\" \/>\n<meta property=\"og:title\" content=\"Bague Cris Essence Gold 18k | Mademoiselle Coline | Barcelona &amp; Par\u00eds\" \/>\n<meta property=\"og:description\" content=\"Bague Cris Essence Gold 18k. Cada joya, una a una, est\u00e1 hecha a mano de manera artesanal con metales reciclados en el taller de joyer\u00eda en Barcelona.\" \/>\n<meta property=\"og:url\" content=\"https:\/\/mademoisellecoline.com\/fr\/produit\/bague-cris-essence-gold-18k\/\" \/>\n<meta property=\"og:site_name\" content=\"Mademoiselle Coline\" \/>\n<meta property=\"article:publisher\" content=\"https:\/\/www.facebook.com\/mademoisellecoline\" \/>\n<meta property=\"article:modified_time\" content=\"2026-04-07T13:19:47+00:00\" \/>\n<meta property=\"og:image\" content=\"https:\/\/mademoisellecoline.com\/wp-content\/uploads\/2021\/03\/Gold-18k-artesanal-artisanal-coline-mademoiselle.jpg\" \/>\n\t<meta property=\"og:image:width\" content=\"1500\" \/>\n\t<meta property=\"og:image:height\" content=\"1500\" \/>\n\t<meta property=\"og:image:type\" content=\"image\/jpeg\" \/>\n<meta name=\"twitter:card\" content=\"summary_large_image\" \/>\n<script type=\"application\/ld+json\" class=\"yoast-schema-graph\">{\"@context\":\"https:\\\/\\\/schema.org\",\"@graph\":[{\"@type\":\"WebPage\",\"@id\":\"https:\\\/\\\/mademoisellecoline.com\\\/fr\\\/produit\\\/bague-cris-essence-gold-18k\\\/\",\"url\":\"https:\\\/\\\/mademoisellecoline.com\\\/fr\\\/produit\\\/bague-cris-essence-gold-18k\\\/\",\"name\":\"Bague Cris Essence Gold 18k | Mademoiselle Coline | Barcelona & Par\u00eds\",\"isPartOf\":{\"@id\":\"https:\\\/\\\/mademoisellecoline.com\\\/en\\\/#website\"},\"primaryImageOfPage\":{\"@id\":\"https:\\\/\\\/mademoisellecoline.com\\\/fr\\\/produit\\\/bague-cris-essence-gold-18k\\\/#primaryimage\"},\"image\":{\"@id\":\"https:\\\/\\\/mademoisellecoline.com\\\/fr\\\/produit\\\/bague-cris-essence-gold-18k\\\/#primaryimage\"},\"thumbnailUrl\":\"https:\\\/\\\/mademoisellecoline.com\\\/wp-content\\\/uploads\\\/2018\\\/11\\\/Gold-18k-Cris-handmade-faitmain-coline.jpg\",\"datePublished\":\"2018-11-23T13:48:21+00:00\",\"dateModified\":\"2026-04-07T13:19:47+00:00\",\"description\":\"Bague Cris Essence Gold 18k. Cada joya, una a una, est\u00e1 hecha a mano de manera artesanal con metales reciclados en el taller de joyer\u00eda en Barcelona.\",\"breadcrumb\":{\"@id\":\"https:\\\/\\\/mademoisellecoline.com\\\/fr\\\/produit\\\/bague-cris-essence-gold-18k\\\/#breadcrumb\"},\"inLanguage\":\"fr-FR\",\"potentialAction\":[{\"@type\":\"ReadAction\",\"target\":[\"https:\\\/\\\/mademoisellecoline.com\\\/fr\\\/produit\\\/bague-cris-essence-gold-18k\\\/\"]}]},{\"@type\":\"ImageObject\",\"inLanguage\":\"fr-FR\",\"@id\":\"https:\\\/\\\/mademoisellecoline.com\\\/fr\\\/produit\\\/bague-cris-essence-gold-18k\\\/#primaryimage\",\"url\":\"https:\\\/\\\/mademoisellecoline.com\\\/wp-content\\\/uploads\\\/2018\\\/11\\\/Gold-18k-Cris-handmade-faitmain-coline.jpg\",\"contentUrl\":\"https:\\\/\\\/mademoisellecoline.com\\\/wp-content\\\/uploads\\\/2018\\\/11\\\/Gold-18k-Cris-handmade-faitmain-coline.jpg\",\"width\":1500,\"height\":1500,\"caption\":\"Bague en or 18 carats au design g\u00e9om\u00e9trique facett\u00e9 aux lignes \u00e9pur\u00e9es et au caract\u00e8re contemporain.\"},{\"@type\":\"BreadcrumbList\",\"@id\":\"https:\\\/\\\/mademoisellecoline.com\\\/fr\\\/produit\\\/bague-cris-essence-gold-18k\\\/#breadcrumb\",\"itemListElement\":[{\"@type\":\"ListItem\",\"position\":1,\"name\":\"Portada\",\"item\":\"https:\\\/\\\/mademoisellecoline.com\\\/fr\\\/\"},{\"@type\":\"ListItem\",\"position\":2,\"name\":\"Bijouterie artisanale\",\"item\":\"https:\\\/\\\/mademoisellecoline.com\\\/fr\\\/boutique-bijouterie-artisanale\\\/\"},{\"@type\":\"ListItem\",\"position\":3,\"name\":\"Bague Cris Essence Gold 18k\"}]},{\"@type\":\"WebSite\",\"@id\":\"https:\\\/\\\/mademoisellecoline.com\\\/en\\\/#website\",\"url\":\"https:\\\/\\\/mademoisellecoline.com\\\/en\\\/\",\"name\":\"Mademoiselle Coline\",\"description\":\"Joyas delicadas, c\u00e1lidas y arm\u00f3nicas\",\"publisher\":{\"@id\":\"https:\\\/\\\/mademoisellecoline.com\\\/en\\\/#\\\/schema\\\/person\\\/a87a3358725ddb0d57e86600da53e416\"},\"potentialAction\":[{\"@type\":\"SearchAction\",\"target\":{\"@type\":\"EntryPoint\",\"urlTemplate\":\"https:\\\/\\\/mademoisellecoline.com\\\/en\\\/?s={search_term_string}\"},\"query-input\":{\"@type\":\"PropertyValueSpecification\",\"valueRequired\":true,\"valueName\":\"search_term_string\"}}],\"inLanguage\":\"fr-FR\"},{\"@type\":[\"Person\",\"Organization\"],\"@id\":\"https:\\\/\\\/mademoisellecoline.com\\\/en\\\/#\\\/schema\\\/person\\\/a87a3358725ddb0d57e86600da53e416\",\"name\":\"Mademoiselle Coline\",\"image\":{\"@type\":\"ImageObject\",\"inLanguage\":\"fr-FR\",\"@id\":\"https:\\\/\\\/mademoisellecoline.com\\\/wp-content\\\/uploads\\\/2024\\\/01\\\/ColineNeg.jpg\",\"url\":\"https:\\\/\\\/mademoisellecoline.com\\\/wp-content\\\/uploads\\\/2024\\\/01\\\/ColineNeg.jpg\",\"contentUrl\":\"https:\\\/\\\/mademoisellecoline.com\\\/wp-content\\\/uploads\\\/2024\\\/01\\\/ColineNeg.jpg\",\"width\":584,\"height\":349,\"caption\":\"Mademoiselle Coline\"},\"logo\":{\"@id\":\"https:\\\/\\\/mademoisellecoline.com\\\/wp-content\\\/uploads\\\/2024\\\/01\\\/ColineNeg.jpg\"},\"sameAs\":[\"https:\\\/\\\/www.facebook.com\\\/mademoisellecoline\",\"https:\\\/\\\/www.instagram.com\\\/mademoiselle_coline\\\/\"]}]}<\/script>\n<!-- \/ Yoast SEO plugin. -->","yoast_head_json":{"title":"Bague Cris Essence Gold 18k | Mademoiselle Coline | Barcelona & Par\u00eds","description":"Bague Cris Essence Gold 18k. Cada joya, una a una, est\u00e1 hecha a mano de manera artesanal con metales reciclados en el taller de joyer\u00eda en Barcelona.","robots":{"index":"index","follow":"follow","max-snippet":"max-snippet:-1","max-image-preview":"max-image-preview:large","max-video-preview":"max-video-preview:-1"},"canonical":"https:\/\/mademoisellecoline.com\/fr\/produit\/bague-cris-essence-gold-18k\/","og_locale":"fr_FR","og_type":"article","og_title":"Bague Cris Essence Gold 18k | Mademoiselle Coline | Barcelona & Par\u00eds","og_description":"Bague Cris Essence Gold 18k. Cada joya, una a una, est\u00e1 hecha a mano de manera artesanal con metales reciclados en el taller de joyer\u00eda en Barcelona.","og_url":"https:\/\/mademoisellecoline.com\/fr\/produit\/bague-cris-essence-gold-18k\/","og_site_name":"Mademoiselle Coline","article_publisher":"https:\/\/www.facebook.com\/mademoisellecoline","article_modified_time":"2026-04-07T13:19:47+00:00","og_image":[{"width":1500,"height":1500,"url":"https:\/\/mademoisellecoline.com\/wp-content\/uploads\/2021\/03\/Gold-18k-artesanal-artisanal-coline-mademoiselle.jpg","type":"image\/jpeg"}],"twitter_card":"summary_large_image","schema":{"@context":"https:\/\/schema.org","@graph":[{"@type":"WebPage","@id":"https:\/\/mademoisellecoline.com\/fr\/produit\/bague-cris-essence-gold-18k\/","url":"https:\/\/mademoisellecoline.com\/fr\/produit\/bague-cris-essence-gold-18k\/","name":"Bague Cris Essence Gold 18k | Mademoiselle Coline | Barcelona & Par\u00eds","isPartOf":{"@id":"https:\/\/mademoisellecoline.com\/en\/#website"},"primaryImageOfPage":{"@id":"https:\/\/mademoisellecoline.com\/fr\/produit\/bague-cris-essence-gold-18k\/#primaryimage"},"image":{"@id":"https:\/\/mademoisellecoline.com\/fr\/produit\/bague-cris-essence-gold-18k\/#primaryimage"},"thumbnailUrl":"https:\/\/mademoisellecoline.com\/wp-content\/uploads\/2018\/11\/Gold-18k-Cris-handmade-faitmain-coline.jpg","datePublished":"2018-11-23T13:48:21+00:00","dateModified":"2026-04-07T13:19:47+00:00","description":"Bague Cris Essence Gold 18k. Cada joya, una a una, est\u00e1 hecha a mano de manera artesanal con metales reciclados en el taller de joyer\u00eda en Barcelona.","breadcrumb":{"@id":"https:\/\/mademoisellecoline.com\/fr\/produit\/bague-cris-essence-gold-18k\/#breadcrumb"},"inLanguage":"fr-FR","potentialAction":[{"@type":"ReadAction","target":["https:\/\/mademoisellecoline.com\/fr\/produit\/bague-cris-essence-gold-18k\/"]}]},{"@type":"ImageObject","inLanguage":"fr-FR","@id":"https:\/\/mademoisellecoline.com\/fr\/produit\/bague-cris-essence-gold-18k\/#primaryimage","url":"https:\/\/mademoisellecoline.com\/wp-content\/uploads\/2018\/11\/Gold-18k-Cris-handmade-faitmain-coline.jpg","contentUrl":"https:\/\/mademoisellecoline.com\/wp-content\/uploads\/2018\/11\/Gold-18k-Cris-handmade-faitmain-coline.jpg","width":1500,"height":1500,"caption":"Bague en or 18 carats au design g\u00e9om\u00e9trique facett\u00e9 aux lignes \u00e9pur\u00e9es et au caract\u00e8re contemporain."},{"@type":"BreadcrumbList","@id":"https:\/\/mademoisellecoline.com\/fr\/produit\/bague-cris-essence-gold-18k\/#breadcrumb","itemListElement":[{"@type":"ListItem","position":1,"name":"Portada","item":"https:\/\/mademoisellecoline.com\/fr\/"},{"@type":"ListItem","position":2,"name":"Bijouterie artisanale","item":"https:\/\/mademoisellecoline.com\/fr\/boutique-bijouterie-artisanale\/"},{"@type":"ListItem","position":3,"name":"Bague Cris Essence Gold 18k"}]},{"@type":"WebSite","@id":"https:\/\/mademoisellecoline.com\/en\/#website","url":"https:\/\/mademoisellecoline.com\/en\/","name":"Mademoiselle Coline","description":"Joyas delicadas, c\u00e1lidas y arm\u00f3nicas","publisher":{"@id":"https:\/\/mademoisellecoline.com\/en\/#\/schema\/person\/a87a3358725ddb0d57e86600da53e416"},"potentialAction":[{"@type":"SearchAction","target":{"@type":"EntryPoint","urlTemplate":"https:\/\/mademoisellecoline.com\/en\/?s={search_term_string}"},"query-input":{"@type":"PropertyValueSpecification","valueRequired":true,"valueName":"search_term_string"}}],"inLanguage":"fr-FR"},{"@type":["Person","Organization"],"@id":"https:\/\/mademoisellecoline.com\/en\/#\/schema\/person\/a87a3358725ddb0d57e86600da53e416","name":"Mademoiselle Coline","image":{"@type":"ImageObject","inLanguage":"fr-FR","@id":"https:\/\/mademoisellecoline.com\/wp-content\/uploads\/2024\/01\/ColineNeg.jpg","url":"https:\/\/mademoisellecoline.com\/wp-content\/uploads\/2024\/01\/ColineNeg.jpg","contentUrl":"https:\/\/mademoisellecoline.com\/wp-content\/uploads\/2024\/01\/ColineNeg.jpg","width":584,"height":349,"caption":"Mademoiselle Coline"},"logo":{"@id":"https:\/\/mademoisellecoline.com\/wp-content\/uploads\/2024\/01\/ColineNeg.jpg"},"sameAs":["https:\/\/www.facebook.com\/mademoisellecoline","https:\/\/www.instagram.com\/mademoiselle_coline\/"]}]}},"_links":{"self":[{"href":"https:\/\/mademoisellecoline.com\/fr\/wp-json\/wp\/v2\/product\/2122","targetHints":{"allow":["GET"]}}],"collection":[{"href":"https:\/\/mademoisellecoline.com\/fr\/wp-json\/wp\/v2\/product"}],"about":[{"href":"https:\/\/mademoisellecoline.com\/fr\/wp-json\/wp\/v2\/types\/product"}],"wp:featuredmedia":[{"embeddable":true,"href":"https:\/\/mademoisellecoline.com\/fr\/wp-json\/wp\/v2\/media\/38759"}],"wp:attachment":[{"href":"https:\/\/mademoisellecoline.com\/fr\/wp-json\/wp\/v2\/media?parent=2122"}],"wp:term":[{"taxonomy":"product_brand","embeddable":true,"href":"https:\/\/mademoisellecoline.com\/fr\/wp-json\/wp\/v2\/product_brand?post=2122"},{"taxonomy":"product_cat","embeddable":true,"href":"https:\/\/mademoisellecoline.com\/fr\/wp-json\/wp\/v2\/product_cat?post=2122"},{"taxonomy":"product_tag","embeddable":true,"href":"https:\/\/mademoisellecoline.com\/fr\/wp-json\/wp\/v2\/product_tag?post=2122"}],"curies":[{"name":"wp","href":"https:\/\/api.w.org\/{rel}","templated":true}]}}