{"id":32616,"date":"2024-04-24T17:13:53","date_gmt":"2024-04-24T17:13:53","guid":{"rendered":"https:\/\/mademoisellecoline.com\/?post_type=product&#038;p=32616"},"modified":"2026-04-07T13:23:22","modified_gmt":"2026-04-07T13:23:22","slug":"boucles-doreilles-etincelle-du-crepuscule","status":"publish","type":"product","link":"https:\/\/mademoisellecoline.com\/fr\/produit\/boucles-doreilles-etincelle-du-crepuscule\/","title":{"rendered":"Boucles d\u2019oreilles \u00c9tincelle du Cr\u00e9puscule"},"content":{"rendered":"","protected":false},"excerpt":{"rendered":"<p>Boucles d&rsquo;oreilles faites artisanalement de la <strong>Collection Interlude<\/strong>. Une collection qui nous invite \u00e0 nous arr\u00eater et \u00e0 nous plonger dans la contemplation. Ces boucles d&rsquo;oreilles symbolisent cette pause, durant laquelle le temps se d\u00e9compose en particules brillantes infinies qui scintillent incessamment<\/p>\n<p><strong>Description de la pi\u00e8ce:<\/strong><br \/>\nPi\u00e8ce fabriqu\u00e9e \u00e0 la main<br \/>\nM\u00e9taux \u00e9cologiques recycl\u00e9s de l&rsquo;Union europ\u00e9enne<br \/>\nDimensions :16,5 mm x 6,6 mm<br \/>\nPoids en or 18k 7,8 grs<br \/>\nFinition vintage brillante<\/p>\n<p>Voir <a href=\"mailto: contact@mademoisellecoline.com\"><strong>disponibilit\u00e9<\/strong><\/a><\/p>\n","protected":false},"featured_media":33000,"template":"","meta":{"_joinchat":[]},"product_brand":[],"product_cat":[2957],"product_tag":[2873,3190,3203,2311,3018,2885],"class_list":{"0":"post-32616","1":"product","2":"type-product","3":"status-publish","4":"has-post-thumbnail","6":"product_cat-collection-interlude","7":"product_tag-argent-plaque-or-24-carats","8":"product_tag-bijoux-artisanaux","9":"product_tag-bijoux-faits-main","10":"product_tag-boucles-doreilles-faites-main","11":"product_tag-boucles-doreilles-faites-a-la-main","12":"product_tag-bijoux-or-18-carats","14":"first","15":"instock","16":"sold-individually","17":"taxable","18":"shipping-taxable","19":"purchasable","20":"product-type-variable"},"yoast_head":"<!-- This site is optimized with the Yoast SEO plugin v27.4 - https:\/\/yoast.com\/product\/yoast-seo-wordpress\/ -->\n<title>Boucles d\u2019oreilles \u00c9tincelle du Cr\u00e9puscule | Mademoiselle Coline | Barcelona &amp; Par\u00eds<\/title>\n<meta name=\"description\" content=\"Boucles d\u2019oreilles \u00c9tincelle du Cr\u00e9puscule. Cada joya, una a una, est\u00e1 hecha a mano de manera artesanal con metales reciclados en el taller de joyer\u00eda en Barcelona.\" \/>\n<meta name=\"robots\" content=\"index, follow, max-snippet:-1, max-image-preview:large, max-video-preview:-1\" \/>\n<link rel=\"canonical\" href=\"https:\/\/mademoisellecoline.com\/fr\/produit\/boucles-doreilles-etincelle-du-crepuscule\/\" \/>\n<meta property=\"og:locale\" content=\"fr_FR\" \/>\n<meta property=\"og:type\" content=\"article\" \/>\n<meta property=\"og:title\" content=\"Boucles d\u2019oreilles \u00c9tincelle du Cr\u00e9puscule | Mademoiselle Coline | Barcelona &amp; Par\u00eds\" \/>\n<meta property=\"og:description\" content=\"Boucles d\u2019oreilles \u00c9tincelle du Cr\u00e9puscule. Cada joya, una a una, est\u00e1 hecha a mano de manera artesanal con metales reciclados en el taller de joyer\u00eda en Barcelona.\" \/>\n<meta property=\"og:url\" content=\"https:\/\/mademoisellecoline.com\/fr\/produit\/boucles-doreilles-etincelle-du-crepuscule\/\" \/>\n<meta property=\"og:site_name\" content=\"Mademoiselle Coline\" \/>\n<meta property=\"article:publisher\" content=\"https:\/\/www.facebook.com\/mademoisellecoline\" \/>\n<meta property=\"article:modified_time\" content=\"2026-04-07T13:23:22+00:00\" \/>\n<meta property=\"og:image\" content=\"https:\/\/mademoisellecoline.com\/wp-content\/uploads\/2024\/05\/mademoiselle-coline-sustainable-artisanal-jewelry-barcelona-paris.jpg\" \/>\n\t<meta property=\"og:image:width\" content=\"1500\" \/>\n\t<meta property=\"og:image:height\" content=\"1500\" \/>\n\t<meta property=\"og:image:type\" content=\"image\/jpeg\" \/>\n<meta name=\"twitter:card\" content=\"summary_large_image\" \/>\n<script type=\"application\/ld+json\" class=\"yoast-schema-graph\">{\"@context\":\"https:\\\/\\\/schema.org\",\"@graph\":[{\"@type\":\"WebPage\",\"@id\":\"https:\\\/\\\/mademoisellecoline.com\\\/fr\\\/produit\\\/boucles-doreilles-etincelle-du-crepuscule\\\/\",\"url\":\"https:\\\/\\\/mademoisellecoline.com\\\/fr\\\/produit\\\/boucles-doreilles-etincelle-du-crepuscule\\\/\",\"name\":\"Boucles d\u2019oreilles \u00c9tincelle du Cr\u00e9puscule | Mademoiselle Coline | Barcelona & Par\u00eds\",\"isPartOf\":{\"@id\":\"https:\\\/\\\/mademoisellecoline.com\\\/en\\\/#website\"},\"primaryImageOfPage\":{\"@id\":\"https:\\\/\\\/mademoisellecoline.com\\\/fr\\\/produit\\\/boucles-doreilles-etincelle-du-crepuscule\\\/#primaryimage\"},\"image\":{\"@id\":\"https:\\\/\\\/mademoisellecoline.com\\\/fr\\\/produit\\\/boucles-doreilles-etincelle-du-crepuscule\\\/#primaryimage\"},\"thumbnailUrl\":\"https:\\\/\\\/mademoisellecoline.com\\\/wp-content\\\/uploads\\\/2024\\\/05\\\/mademoiselle-coline-sustainable-artisanal-jewelry-barcelona-paris.jpg\",\"datePublished\":\"2024-04-24T17:13:53+00:00\",\"dateModified\":\"2026-04-07T13:23:22+00:00\",\"description\":\"Boucles d\u2019oreilles \u00c9tincelle du Cr\u00e9puscule. Cada joya, una a una, est\u00e1 hecha a mano de manera artesanal con metales reciclados en el taller de joyer\u00eda en Barcelona.\",\"breadcrumb\":{\"@id\":\"https:\\\/\\\/mademoisellecoline.com\\\/fr\\\/produit\\\/boucles-doreilles-etincelle-du-crepuscule\\\/#breadcrumb\"},\"inLanguage\":\"fr-FR\",\"potentialAction\":[{\"@type\":\"ReadAction\",\"target\":[\"https:\\\/\\\/mademoisellecoline.com\\\/fr\\\/produit\\\/boucles-doreilles-etincelle-du-crepuscule\\\/\"]}]},{\"@type\":\"ImageObject\",\"inLanguage\":\"fr-FR\",\"@id\":\"https:\\\/\\\/mademoisellecoline.com\\\/fr\\\/produit\\\/boucles-doreilles-etincelle-du-crepuscule\\\/#primaryimage\",\"url\":\"https:\\\/\\\/mademoisellecoline.com\\\/wp-content\\\/uploads\\\/2024\\\/05\\\/mademoiselle-coline-sustainable-artisanal-jewelry-barcelona-paris.jpg\",\"contentUrl\":\"https:\\\/\\\/mademoisellecoline.com\\\/wp-content\\\/uploads\\\/2024\\\/05\\\/mademoiselle-coline-sustainable-artisanal-jewelry-barcelona-paris.jpg\",\"width\":1500,\"height\":1500,\"caption\":\"Femme portant des cr\u00e9oles en or fait main avec perles group\u00e9es, design naturel et organique qui brille intens\u00e9ment\"},{\"@type\":\"BreadcrumbList\",\"@id\":\"https:\\\/\\\/mademoisellecoline.com\\\/fr\\\/produit\\\/boucles-doreilles-etincelle-du-crepuscule\\\/#breadcrumb\",\"itemListElement\":[{\"@type\":\"ListItem\",\"position\":1,\"name\":\"Portada\",\"item\":\"https:\\\/\\\/mademoisellecoline.com\\\/fr\\\/\"},{\"@type\":\"ListItem\",\"position\":2,\"name\":\"Bijouterie artisanale\",\"item\":\"https:\\\/\\\/mademoisellecoline.com\\\/fr\\\/boutique-bijouterie-artisanale\\\/\"},{\"@type\":\"ListItem\",\"position\":3,\"name\":\"Boucles d\u2019oreilles \u00c9tincelle du Cr\u00e9puscule\"}]},{\"@type\":\"WebSite\",\"@id\":\"https:\\\/\\\/mademoisellecoline.com\\\/en\\\/#website\",\"url\":\"https:\\\/\\\/mademoisellecoline.com\\\/en\\\/\",\"name\":\"Mademoiselle Coline\",\"description\":\"Joyas delicadas, c\u00e1lidas y arm\u00f3nicas\",\"publisher\":{\"@id\":\"https:\\\/\\\/mademoisellecoline.com\\\/en\\\/#\\\/schema\\\/person\\\/a87a3358725ddb0d57e86600da53e416\"},\"potentialAction\":[{\"@type\":\"SearchAction\",\"target\":{\"@type\":\"EntryPoint\",\"urlTemplate\":\"https:\\\/\\\/mademoisellecoline.com\\\/en\\\/?s={search_term_string}\"},\"query-input\":{\"@type\":\"PropertyValueSpecification\",\"valueRequired\":true,\"valueName\":\"search_term_string\"}}],\"inLanguage\":\"fr-FR\"},{\"@type\":[\"Person\",\"Organization\"],\"@id\":\"https:\\\/\\\/mademoisellecoline.com\\\/en\\\/#\\\/schema\\\/person\\\/a87a3358725ddb0d57e86600da53e416\",\"name\":\"Mademoiselle Coline\",\"image\":{\"@type\":\"ImageObject\",\"inLanguage\":\"fr-FR\",\"@id\":\"https:\\\/\\\/mademoisellecoline.com\\\/wp-content\\\/uploads\\\/2024\\\/01\\\/ColineNeg.jpg\",\"url\":\"https:\\\/\\\/mademoisellecoline.com\\\/wp-content\\\/uploads\\\/2024\\\/01\\\/ColineNeg.jpg\",\"contentUrl\":\"https:\\\/\\\/mademoisellecoline.com\\\/wp-content\\\/uploads\\\/2024\\\/01\\\/ColineNeg.jpg\",\"width\":584,\"height\":349,\"caption\":\"Mademoiselle Coline\"},\"logo\":{\"@id\":\"https:\\\/\\\/mademoisellecoline.com\\\/wp-content\\\/uploads\\\/2024\\\/01\\\/ColineNeg.jpg\"},\"sameAs\":[\"https:\\\/\\\/www.facebook.com\\\/mademoisellecoline\",\"https:\\\/\\\/www.instagram.com\\\/mademoiselle_coline\\\/\"]}]}<\/script>\n<!-- \/ Yoast SEO plugin. -->","yoast_head_json":{"title":"Boucles d\u2019oreilles \u00c9tincelle du Cr\u00e9puscule | Mademoiselle Coline | Barcelona & Par\u00eds","description":"Boucles d\u2019oreilles \u00c9tincelle du Cr\u00e9puscule. Cada joya, una a una, est\u00e1 hecha a mano de manera artesanal con metales reciclados en el taller de joyer\u00eda en Barcelona.","robots":{"index":"index","follow":"follow","max-snippet":"max-snippet:-1","max-image-preview":"max-image-preview:large","max-video-preview":"max-video-preview:-1"},"canonical":"https:\/\/mademoisellecoline.com\/fr\/produit\/boucles-doreilles-etincelle-du-crepuscule\/","og_locale":"fr_FR","og_type":"article","og_title":"Boucles d\u2019oreilles \u00c9tincelle du Cr\u00e9puscule | Mademoiselle Coline | Barcelona & Par\u00eds","og_description":"Boucles d\u2019oreilles \u00c9tincelle du Cr\u00e9puscule. Cada joya, una a una, est\u00e1 hecha a mano de manera artesanal con metales reciclados en el taller de joyer\u00eda en Barcelona.","og_url":"https:\/\/mademoisellecoline.com\/fr\/produit\/boucles-doreilles-etincelle-du-crepuscule\/","og_site_name":"Mademoiselle Coline","article_publisher":"https:\/\/www.facebook.com\/mademoisellecoline","article_modified_time":"2026-04-07T13:23:22+00:00","og_image":[{"width":1500,"height":1500,"url":"https:\/\/mademoisellecoline.com\/wp-content\/uploads\/2024\/05\/mademoiselle-coline-sustainable-artisanal-jewelry-barcelona-paris.jpg","type":"image\/jpeg"}],"twitter_card":"summary_large_image","schema":{"@context":"https:\/\/schema.org","@graph":[{"@type":"WebPage","@id":"https:\/\/mademoisellecoline.com\/fr\/produit\/boucles-doreilles-etincelle-du-crepuscule\/","url":"https:\/\/mademoisellecoline.com\/fr\/produit\/boucles-doreilles-etincelle-du-crepuscule\/","name":"Boucles d\u2019oreilles \u00c9tincelle du Cr\u00e9puscule | Mademoiselle Coline | Barcelona & Par\u00eds","isPartOf":{"@id":"https:\/\/mademoisellecoline.com\/en\/#website"},"primaryImageOfPage":{"@id":"https:\/\/mademoisellecoline.com\/fr\/produit\/boucles-doreilles-etincelle-du-crepuscule\/#primaryimage"},"image":{"@id":"https:\/\/mademoisellecoline.com\/fr\/produit\/boucles-doreilles-etincelle-du-crepuscule\/#primaryimage"},"thumbnailUrl":"https:\/\/mademoisellecoline.com\/wp-content\/uploads\/2024\/05\/mademoiselle-coline-sustainable-artisanal-jewelry-barcelona-paris.jpg","datePublished":"2024-04-24T17:13:53+00:00","dateModified":"2026-04-07T13:23:22+00:00","description":"Boucles d\u2019oreilles \u00c9tincelle du Cr\u00e9puscule. Cada joya, una a una, est\u00e1 hecha a mano de manera artesanal con metales reciclados en el taller de joyer\u00eda en Barcelona.","breadcrumb":{"@id":"https:\/\/mademoisellecoline.com\/fr\/produit\/boucles-doreilles-etincelle-du-crepuscule\/#breadcrumb"},"inLanguage":"fr-FR","potentialAction":[{"@type":"ReadAction","target":["https:\/\/mademoisellecoline.com\/fr\/produit\/boucles-doreilles-etincelle-du-crepuscule\/"]}]},{"@type":"ImageObject","inLanguage":"fr-FR","@id":"https:\/\/mademoisellecoline.com\/fr\/produit\/boucles-doreilles-etincelle-du-crepuscule\/#primaryimage","url":"https:\/\/mademoisellecoline.com\/wp-content\/uploads\/2024\/05\/mademoiselle-coline-sustainable-artisanal-jewelry-barcelona-paris.jpg","contentUrl":"https:\/\/mademoisellecoline.com\/wp-content\/uploads\/2024\/05\/mademoiselle-coline-sustainable-artisanal-jewelry-barcelona-paris.jpg","width":1500,"height":1500,"caption":"Femme portant des cr\u00e9oles en or fait main avec perles group\u00e9es, design naturel et organique qui brille intens\u00e9ment"},{"@type":"BreadcrumbList","@id":"https:\/\/mademoisellecoline.com\/fr\/produit\/boucles-doreilles-etincelle-du-crepuscule\/#breadcrumb","itemListElement":[{"@type":"ListItem","position":1,"name":"Portada","item":"https:\/\/mademoisellecoline.com\/fr\/"},{"@type":"ListItem","position":2,"name":"Bijouterie artisanale","item":"https:\/\/mademoisellecoline.com\/fr\/boutique-bijouterie-artisanale\/"},{"@type":"ListItem","position":3,"name":"Boucles d\u2019oreilles \u00c9tincelle du Cr\u00e9puscule"}]},{"@type":"WebSite","@id":"https:\/\/mademoisellecoline.com\/en\/#website","url":"https:\/\/mademoisellecoline.com\/en\/","name":"Mademoiselle Coline","description":"Joyas delicadas, c\u00e1lidas y arm\u00f3nicas","publisher":{"@id":"https:\/\/mademoisellecoline.com\/en\/#\/schema\/person\/a87a3358725ddb0d57e86600da53e416"},"potentialAction":[{"@type":"SearchAction","target":{"@type":"EntryPoint","urlTemplate":"https:\/\/mademoisellecoline.com\/en\/?s={search_term_string}"},"query-input":{"@type":"PropertyValueSpecification","valueRequired":true,"valueName":"search_term_string"}}],"inLanguage":"fr-FR"},{"@type":["Person","Organization"],"@id":"https:\/\/mademoisellecoline.com\/en\/#\/schema\/person\/a87a3358725ddb0d57e86600da53e416","name":"Mademoiselle Coline","image":{"@type":"ImageObject","inLanguage":"fr-FR","@id":"https:\/\/mademoisellecoline.com\/wp-content\/uploads\/2024\/01\/ColineNeg.jpg","url":"https:\/\/mademoisellecoline.com\/wp-content\/uploads\/2024\/01\/ColineNeg.jpg","contentUrl":"https:\/\/mademoisellecoline.com\/wp-content\/uploads\/2024\/01\/ColineNeg.jpg","width":584,"height":349,"caption":"Mademoiselle Coline"},"logo":{"@id":"https:\/\/mademoisellecoline.com\/wp-content\/uploads\/2024\/01\/ColineNeg.jpg"},"sameAs":["https:\/\/www.facebook.com\/mademoisellecoline","https:\/\/www.instagram.com\/mademoiselle_coline\/"]}]}},"_links":{"self":[{"href":"https:\/\/mademoisellecoline.com\/fr\/wp-json\/wp\/v2\/product\/32616","targetHints":{"allow":["GET"]}}],"collection":[{"href":"https:\/\/mademoisellecoline.com\/fr\/wp-json\/wp\/v2\/product"}],"about":[{"href":"https:\/\/mademoisellecoline.com\/fr\/wp-json\/wp\/v2\/types\/product"}],"wp:featuredmedia":[{"embeddable":true,"href":"https:\/\/mademoisellecoline.com\/fr\/wp-json\/wp\/v2\/media\/33000"}],"wp:attachment":[{"href":"https:\/\/mademoisellecoline.com\/fr\/wp-json\/wp\/v2\/media?parent=32616"}],"wp:term":[{"taxonomy":"product_brand","embeddable":true,"href":"https:\/\/mademoisellecoline.com\/fr\/wp-json\/wp\/v2\/product_brand?post=32616"},{"taxonomy":"product_cat","embeddable":true,"href":"https:\/\/mademoisellecoline.com\/fr\/wp-json\/wp\/v2\/product_cat?post=32616"},{"taxonomy":"product_tag","embeddable":true,"href":"https:\/\/mademoisellecoline.com\/fr\/wp-json\/wp\/v2\/product_tag?post=32616"}],"curies":[{"name":"wp","href":"https:\/\/api.w.org\/{rel}","templated":true}]}}