{"id":39567,"date":"2026-03-26T15:12:09","date_gmt":"2026-03-26T15:12:09","guid":{"rendered":"https:\/\/mademoisellecoline.com\/?post_type=product&#038;p=39567"},"modified":"2026-04-20T16:32:58","modified_gmt":"2026-04-20T16:32:58","slug":"alliance-eon-creation-sur-mesure-2","status":"publish","type":"product","link":"https:\/\/mademoisellecoline.com\/fr\/produit\/alliance-eon-creation-sur-mesure-2\/","title":{"rendered":"Alliance \u00c9on &#8211; Cr\u00e9ation Sur Mesure"},"content":{"rendered":"","protected":false},"excerpt":{"rendered":"<p>Alliance de mariage <strong>\u00c9on<\/strong>, avec sa pr\u00e9sence \u00e9clatante, apporte vie et joie, tel un instant \u00e9ternel, destin\u00e9e \u00e0 transcender l&rsquo;\u00e9ph\u00e9m\u00e8re.<\/p>\n<p>Chaque pi\u00e8ce est cr\u00e9\u00e9e\u00a0<strong>Sur Mesure<\/strong>, exclusivement pour vous. La pi\u00e8ce montr\u00e9e peut \u00eatre personnalis\u00e9e en choisissant le m\u00e9tal souhait\u00e9 et les pierres pr\u00e9cieuses \u00e0 sertir, ou servir d&rsquo;inspiration pour une nouvelle cr\u00e9ation.<\/p>\n<p><strong>Description de la pi\u00e8ce pr\u00e9sent\u00e9e sur la premi\u00e8re image :<\/strong><br \/>\nPi\u00e8ce r\u00e9alis\u00e9e \u00e0 la main<br \/>\nOr 18 carats recycl\u00e9 \u00e9cologique provenant de l\u2019Union europ\u00e9enne<br \/>\nPoids de 4,2 grammes (en taille 54)<br \/>\nL\u2019anneau mesure 3,8 mm de largeur et 1,5 mm d\u2019\u00e9paisseur<br \/>\nElle pr\u00e9sente une d\u00e9licate palette chromatique associant 3 saphirs verts, 9 diamants champagne et 9 diamants blancs, tous sertis de mani\u00e8re organique<br \/>\nFinition satin\u00e9e rustique<\/p>\n<p>&nbsp;<\/p>\n<p style=\"font-weight: 400;\"><strong>Si vous souhaitez parler de la cr\u00e9ation d&rsquo;une pi\u00e8ce Sur Mesure, n&rsquo;h\u00e9sitez pas \u00e0 nous contacter \u00e0 l&rsquo;adresse suivante\u00a0<\/strong><strong> <a href=\"mailto:contact@mademoisellecoline.com\">contact@mademoisellecoline.com<\/a><\/strong><\/p>\n","protected":false},"featured_media":39481,"template":"","meta":{"_joinchat":[]},"product_brand":[],"product_cat":[2971],"product_tag":[3234,2877,2873,2315,3240,3014,3013,3190,3230,3203,3224,2885,3046,3192,3021,2335],"class_list":{"0":"post-39567","1":"product","2":"type-product","3":"status-publish","4":"has-post-thumbnail","6":"product_cat-atelier-coline-sur-mesure","7":"product_tag-alliances-de-mariage-sur-mesure","8":"product_tag-argent","9":"product_tag-argent-plaque-or-24-carats","10":"product_tag-bagues-artisanales","11":"product_tag-bagues-de-fiancailles-sur-mesure","12":"product_tag-bagues-faites-a-la-main","13":"product_tag-bagues-sur-mesure","14":"product_tag-bijoux-artisanaux","15":"product_tag-bijoux-artisanaux-personnalises","16":"product_tag-bijoux-faits-main","17":"product_tag-bijoux-faits-main-personnalises","18":"product_tag-bijoux-or-18-carats","19":"product_tag-or-9-carats","20":"product_tag-pieces-uniques-de-bijoux-artisanaux","21":"product_tag-pieces-uniques-bijoux-faits-a-la-main","22":"product_tag-sur-mesure","24":"first","25":"instock","26":"sold-individually","27":"taxable","28":"shipping-taxable","29":"purchasable","30":"product-type-variable"},"yoast_head":"<!-- This site is optimized with the Yoast SEO plugin v27.4 - https:\/\/yoast.com\/product\/yoast-seo-wordpress\/ -->\n<title>Alliance \u00c9on - Cr\u00e9ation Sur Mesure | Mademoiselle Coline | Barcelona &amp; Par\u00eds<\/title>\n<meta name=\"description\" content=\"Alliance \u00c9on - Cr\u00e9ation Sur Mesure. Cada joya, una a una, est\u00e1 hecha a mano de manera artesanal con metales reciclados en el taller de joyer\u00eda en Barcelona.\" \/>\n<meta name=\"robots\" content=\"index, follow, max-snippet:-1, max-image-preview:large, max-video-preview:-1\" \/>\n<link rel=\"canonical\" href=\"https:\/\/mademoisellecoline.com\/fr\/produit\/alliance-eon-creation-sur-mesure-2\/\" \/>\n<meta property=\"og:locale\" content=\"fr_FR\" \/>\n<meta property=\"og:type\" content=\"article\" \/>\n<meta property=\"og:title\" content=\"Alliance \u00c9on - Cr\u00e9ation Sur Mesure | Mademoiselle Coline | Barcelona &amp; Par\u00eds\" \/>\n<meta property=\"og:description\" content=\"Alliance \u00c9on - Cr\u00e9ation Sur Mesure. Cada joya, una a una, est\u00e1 hecha a mano de manera artesanal con metales reciclados en el taller de joyer\u00eda en Barcelona.\" \/>\n<meta property=\"og:url\" content=\"https:\/\/mademoisellecoline.com\/fr\/produit\/alliance-eon-creation-sur-mesure-2\/\" \/>\n<meta property=\"og:site_name\" content=\"Mademoiselle Coline\" \/>\n<meta property=\"article:publisher\" content=\"https:\/\/www.facebook.com\/mademoisellecoline\" \/>\n<meta property=\"article:modified_time\" content=\"2026-04-20T16:32:58+00:00\" \/>\n<meta property=\"og:image\" content=\"https:\/\/mademoisellecoline.com\/wp-content\/uploads\/2026\/03\/anillo-compromiso-alianza-a-medida-Barcelona-Mademoiselle-Coline.jpg\" \/>\n\t<meta property=\"og:image:width\" content=\"982\" \/>\n\t<meta property=\"og:image:height\" content=\"982\" \/>\n\t<meta property=\"og:image:type\" content=\"image\/jpeg\" \/>\n<meta name=\"twitter:card\" content=\"summary_large_image\" \/>\n<script type=\"application\/ld+json\" class=\"yoast-schema-graph\">{\"@context\":\"https:\\\/\\\/schema.org\",\"@graph\":[{\"@type\":\"WebPage\",\"@id\":\"https:\\\/\\\/mademoisellecoline.com\\\/fr\\\/produit\\\/alliance-eon-creation-sur-mesure-2\\\/\",\"url\":\"https:\\\/\\\/mademoisellecoline.com\\\/fr\\\/produit\\\/alliance-eon-creation-sur-mesure-2\\\/\",\"name\":\"Alliance \u00c9on - Cr\u00e9ation Sur Mesure | Mademoiselle Coline | Barcelona & Par\u00eds\",\"isPartOf\":{\"@id\":\"https:\\\/\\\/mademoisellecoline.com\\\/en\\\/#website\"},\"primaryImageOfPage\":{\"@id\":\"https:\\\/\\\/mademoisellecoline.com\\\/fr\\\/produit\\\/alliance-eon-creation-sur-mesure-2\\\/#primaryimage\"},\"image\":{\"@id\":\"https:\\\/\\\/mademoisellecoline.com\\\/fr\\\/produit\\\/alliance-eon-creation-sur-mesure-2\\\/#primaryimage\"},\"thumbnailUrl\":\"https:\\\/\\\/mademoisellecoline.com\\\/wp-content\\\/uploads\\\/2026\\\/03\\\/anillo-compromiso-alianza-a-medida-Barcelona-Mademoiselle-Coline.jpg\",\"datePublished\":\"2026-03-26T15:12:09+00:00\",\"dateModified\":\"2026-04-20T16:32:58+00:00\",\"description\":\"Alliance \u00c9on - Cr\u00e9ation Sur Mesure. Cada joya, una a una, est\u00e1 hecha a mano de manera artesanal con metales reciclados en el taller de joyer\u00eda en Barcelona.\",\"breadcrumb\":{\"@id\":\"https:\\\/\\\/mademoisellecoline.com\\\/fr\\\/produit\\\/alliance-eon-creation-sur-mesure-2\\\/#breadcrumb\"},\"inLanguage\":\"fr-FR\",\"potentialAction\":[{\"@type\":\"ReadAction\",\"target\":[\"https:\\\/\\\/mademoisellecoline.com\\\/fr\\\/produit\\\/alliance-eon-creation-sur-mesure-2\\\/\"]}]},{\"@type\":\"ImageObject\",\"inLanguage\":\"fr-FR\",\"@id\":\"https:\\\/\\\/mademoisellecoline.com\\\/fr\\\/produit\\\/alliance-eon-creation-sur-mesure-2\\\/#primaryimage\",\"url\":\"https:\\\/\\\/mademoisellecoline.com\\\/wp-content\\\/uploads\\\/2026\\\/03\\\/anillo-compromiso-alianza-a-medida-Barcelona-Mademoiselle-Coline.jpg\",\"contentUrl\":\"https:\\\/\\\/mademoisellecoline.com\\\/wp-content\\\/uploads\\\/2026\\\/03\\\/anillo-compromiso-alianza-a-medida-Barcelona-Mademoiselle-Coline.jpg\",\"width\":982,\"height\":982},{\"@type\":\"BreadcrumbList\",\"@id\":\"https:\\\/\\\/mademoisellecoline.com\\\/fr\\\/produit\\\/alliance-eon-creation-sur-mesure-2\\\/#breadcrumb\",\"itemListElement\":[{\"@type\":\"ListItem\",\"position\":1,\"name\":\"Portada\",\"item\":\"https:\\\/\\\/mademoisellecoline.com\\\/fr\\\/\"},{\"@type\":\"ListItem\",\"position\":2,\"name\":\"Bijouterie artisanale\",\"item\":\"https:\\\/\\\/mademoisellecoline.com\\\/fr\\\/boutique-bijouterie-artisanale\\\/\"},{\"@type\":\"ListItem\",\"position\":3,\"name\":\"Alliance \u00c9on &#8211; Cr\u00e9ation Sur Mesure\"}]},{\"@type\":\"WebSite\",\"@id\":\"https:\\\/\\\/mademoisellecoline.com\\\/en\\\/#website\",\"url\":\"https:\\\/\\\/mademoisellecoline.com\\\/en\\\/\",\"name\":\"Mademoiselle Coline\",\"description\":\"Joyas delicadas, c\u00e1lidas y arm\u00f3nicas\",\"publisher\":{\"@id\":\"https:\\\/\\\/mademoisellecoline.com\\\/en\\\/#\\\/schema\\\/person\\\/a87a3358725ddb0d57e86600da53e416\"},\"potentialAction\":[{\"@type\":\"SearchAction\",\"target\":{\"@type\":\"EntryPoint\",\"urlTemplate\":\"https:\\\/\\\/mademoisellecoline.com\\\/en\\\/?s={search_term_string}\"},\"query-input\":{\"@type\":\"PropertyValueSpecification\",\"valueRequired\":true,\"valueName\":\"search_term_string\"}}],\"inLanguage\":\"fr-FR\"},{\"@type\":[\"Person\",\"Organization\"],\"@id\":\"https:\\\/\\\/mademoisellecoline.com\\\/en\\\/#\\\/schema\\\/person\\\/a87a3358725ddb0d57e86600da53e416\",\"name\":\"Mademoiselle Coline\",\"image\":{\"@type\":\"ImageObject\",\"inLanguage\":\"fr-FR\",\"@id\":\"https:\\\/\\\/mademoisellecoline.com\\\/wp-content\\\/uploads\\\/2024\\\/01\\\/ColineNeg.jpg\",\"url\":\"https:\\\/\\\/mademoisellecoline.com\\\/wp-content\\\/uploads\\\/2024\\\/01\\\/ColineNeg.jpg\",\"contentUrl\":\"https:\\\/\\\/mademoisellecoline.com\\\/wp-content\\\/uploads\\\/2024\\\/01\\\/ColineNeg.jpg\",\"width\":584,\"height\":349,\"caption\":\"Mademoiselle Coline\"},\"logo\":{\"@id\":\"https:\\\/\\\/mademoisellecoline.com\\\/wp-content\\\/uploads\\\/2024\\\/01\\\/ColineNeg.jpg\"},\"sameAs\":[\"https:\\\/\\\/www.facebook.com\\\/mademoisellecoline\",\"https:\\\/\\\/www.instagram.com\\\/mademoiselle_coline\\\/\"]}]}<\/script>\n<!-- \/ Yoast SEO plugin. -->","yoast_head_json":{"title":"Alliance \u00c9on - Cr\u00e9ation Sur Mesure | Mademoiselle Coline | Barcelona & Par\u00eds","description":"Alliance \u00c9on - Cr\u00e9ation Sur Mesure. Cada joya, una a una, est\u00e1 hecha a mano de manera artesanal con metales reciclados en el taller de joyer\u00eda en Barcelona.","robots":{"index":"index","follow":"follow","max-snippet":"max-snippet:-1","max-image-preview":"max-image-preview:large","max-video-preview":"max-video-preview:-1"},"canonical":"https:\/\/mademoisellecoline.com\/fr\/produit\/alliance-eon-creation-sur-mesure-2\/","og_locale":"fr_FR","og_type":"article","og_title":"Alliance \u00c9on - Cr\u00e9ation Sur Mesure | Mademoiselle Coline | Barcelona & Par\u00eds","og_description":"Alliance \u00c9on - Cr\u00e9ation Sur Mesure. Cada joya, una a una, est\u00e1 hecha a mano de manera artesanal con metales reciclados en el taller de joyer\u00eda en Barcelona.","og_url":"https:\/\/mademoisellecoline.com\/fr\/produit\/alliance-eon-creation-sur-mesure-2\/","og_site_name":"Mademoiselle Coline","article_publisher":"https:\/\/www.facebook.com\/mademoisellecoline","article_modified_time":"2026-04-20T16:32:58+00:00","og_image":[{"width":982,"height":982,"url":"https:\/\/mademoisellecoline.com\/wp-content\/uploads\/2026\/03\/anillo-compromiso-alianza-a-medida-Barcelona-Mademoiselle-Coline.jpg","type":"image\/jpeg"}],"twitter_card":"summary_large_image","schema":{"@context":"https:\/\/schema.org","@graph":[{"@type":"WebPage","@id":"https:\/\/mademoisellecoline.com\/fr\/produit\/alliance-eon-creation-sur-mesure-2\/","url":"https:\/\/mademoisellecoline.com\/fr\/produit\/alliance-eon-creation-sur-mesure-2\/","name":"Alliance \u00c9on - Cr\u00e9ation Sur Mesure | Mademoiselle Coline | Barcelona & Par\u00eds","isPartOf":{"@id":"https:\/\/mademoisellecoline.com\/en\/#website"},"primaryImageOfPage":{"@id":"https:\/\/mademoisellecoline.com\/fr\/produit\/alliance-eon-creation-sur-mesure-2\/#primaryimage"},"image":{"@id":"https:\/\/mademoisellecoline.com\/fr\/produit\/alliance-eon-creation-sur-mesure-2\/#primaryimage"},"thumbnailUrl":"https:\/\/mademoisellecoline.com\/wp-content\/uploads\/2026\/03\/anillo-compromiso-alianza-a-medida-Barcelona-Mademoiselle-Coline.jpg","datePublished":"2026-03-26T15:12:09+00:00","dateModified":"2026-04-20T16:32:58+00:00","description":"Alliance \u00c9on - Cr\u00e9ation Sur Mesure. Cada joya, una a una, est\u00e1 hecha a mano de manera artesanal con metales reciclados en el taller de joyer\u00eda en Barcelona.","breadcrumb":{"@id":"https:\/\/mademoisellecoline.com\/fr\/produit\/alliance-eon-creation-sur-mesure-2\/#breadcrumb"},"inLanguage":"fr-FR","potentialAction":[{"@type":"ReadAction","target":["https:\/\/mademoisellecoline.com\/fr\/produit\/alliance-eon-creation-sur-mesure-2\/"]}]},{"@type":"ImageObject","inLanguage":"fr-FR","@id":"https:\/\/mademoisellecoline.com\/fr\/produit\/alliance-eon-creation-sur-mesure-2\/#primaryimage","url":"https:\/\/mademoisellecoline.com\/wp-content\/uploads\/2026\/03\/anillo-compromiso-alianza-a-medida-Barcelona-Mademoiselle-Coline.jpg","contentUrl":"https:\/\/mademoisellecoline.com\/wp-content\/uploads\/2026\/03\/anillo-compromiso-alianza-a-medida-Barcelona-Mademoiselle-Coline.jpg","width":982,"height":982},{"@type":"BreadcrumbList","@id":"https:\/\/mademoisellecoline.com\/fr\/produit\/alliance-eon-creation-sur-mesure-2\/#breadcrumb","itemListElement":[{"@type":"ListItem","position":1,"name":"Portada","item":"https:\/\/mademoisellecoline.com\/fr\/"},{"@type":"ListItem","position":2,"name":"Bijouterie artisanale","item":"https:\/\/mademoisellecoline.com\/fr\/boutique-bijouterie-artisanale\/"},{"@type":"ListItem","position":3,"name":"Alliance \u00c9on &#8211; Cr\u00e9ation Sur Mesure"}]},{"@type":"WebSite","@id":"https:\/\/mademoisellecoline.com\/en\/#website","url":"https:\/\/mademoisellecoline.com\/en\/","name":"Mademoiselle Coline","description":"Joyas delicadas, c\u00e1lidas y arm\u00f3nicas","publisher":{"@id":"https:\/\/mademoisellecoline.com\/en\/#\/schema\/person\/a87a3358725ddb0d57e86600da53e416"},"potentialAction":[{"@type":"SearchAction","target":{"@type":"EntryPoint","urlTemplate":"https:\/\/mademoisellecoline.com\/en\/?s={search_term_string}"},"query-input":{"@type":"PropertyValueSpecification","valueRequired":true,"valueName":"search_term_string"}}],"inLanguage":"fr-FR"},{"@type":["Person","Organization"],"@id":"https:\/\/mademoisellecoline.com\/en\/#\/schema\/person\/a87a3358725ddb0d57e86600da53e416","name":"Mademoiselle Coline","image":{"@type":"ImageObject","inLanguage":"fr-FR","@id":"https:\/\/mademoisellecoline.com\/wp-content\/uploads\/2024\/01\/ColineNeg.jpg","url":"https:\/\/mademoisellecoline.com\/wp-content\/uploads\/2024\/01\/ColineNeg.jpg","contentUrl":"https:\/\/mademoisellecoline.com\/wp-content\/uploads\/2024\/01\/ColineNeg.jpg","width":584,"height":349,"caption":"Mademoiselle Coline"},"logo":{"@id":"https:\/\/mademoisellecoline.com\/wp-content\/uploads\/2024\/01\/ColineNeg.jpg"},"sameAs":["https:\/\/www.facebook.com\/mademoisellecoline","https:\/\/www.instagram.com\/mademoiselle_coline\/"]}]}},"_links":{"self":[{"href":"https:\/\/mademoisellecoline.com\/fr\/wp-json\/wp\/v2\/product\/39567","targetHints":{"allow":["GET"]}}],"collection":[{"href":"https:\/\/mademoisellecoline.com\/fr\/wp-json\/wp\/v2\/product"}],"about":[{"href":"https:\/\/mademoisellecoline.com\/fr\/wp-json\/wp\/v2\/types\/product"}],"wp:featuredmedia":[{"embeddable":true,"href":"https:\/\/mademoisellecoline.com\/fr\/wp-json\/wp\/v2\/media\/39481"}],"wp:attachment":[{"href":"https:\/\/mademoisellecoline.com\/fr\/wp-json\/wp\/v2\/media?parent=39567"}],"wp:term":[{"taxonomy":"product_brand","embeddable":true,"href":"https:\/\/mademoisellecoline.com\/fr\/wp-json\/wp\/v2\/product_brand?post=39567"},{"taxonomy":"product_cat","embeddable":true,"href":"https:\/\/mademoisellecoline.com\/fr\/wp-json\/wp\/v2\/product_cat?post=39567"},{"taxonomy":"product_tag","embeddable":true,"href":"https:\/\/mademoisellecoline.com\/fr\/wp-json\/wp\/v2\/product_tag?post=39567"}],"curies":[{"name":"wp","href":"https:\/\/api.w.org\/{rel}","templated":true}]}}