{"id":7927,"date":"2019-04-28T09:00:47","date_gmt":"2019-04-28T09:00:47","guid":{"rendered":"https:\/\/mademoisellecoline.com\/?post_type=product&#038;p=7927"},"modified":"2026-04-07T13:21:38","modified_gmt":"2026-04-07T13:21:38","slug":"bague-leternel","status":"publish","type":"product","link":"https:\/\/mademoisellecoline.com\/fr\/produit\/bague-leternel\/","title":{"rendered":"Bague\u00a0&lsquo;L&rsquo;\u00c9ternel&rsquo;"},"content":{"rendered":"","protected":false},"excerpt":{"rendered":"<p>Pi\u00e8ce unique faite \u00e0 la main de la <strong>Collection<\/strong> <strong>Envie du Pass\u00e9<\/strong>, qui nous murmure des \u00e9chos du pass\u00e9. Le d\u00e9tail central de cette pi\u00e8ce, serti, est un d\u00e9tail ancien r\u00e9cup\u00e9r\u00e9 et restaur\u00e9. Une cr\u00e9ation intemporelle qui c\u00e9l\u00e8bre la discr\u00e9tion comme essence de l\u2019\u00e9l\u00e9gance.<\/p>\n<p><strong>Description de la pi\u00e8ce: <\/strong><br \/>\nPi\u00e8ce fabriqu\u00e9e \u00e0 la main<br \/>\nArgent \u00e9cologique recycl\u00e9 provenant de l\u2019Union europ\u00e9enne<br \/>\nD\u00e9tail ancien serti<br \/>\n\u00c9paisseur du fil 2,3 mm. Couronne 10,5 \u00d7 8 mm<br \/>\nTaille 51 \/ 11<\/p>\n","protected":false},"featured_media":37876,"template":"","meta":{"_joinchat":[]},"product_brand":[],"product_cat":[447],"product_tag":[2877,2315,3014,3190,3203,3192,3021],"class_list":{"0":"post-7927","1":"product","2":"type-product","3":"status-publish","4":"has-post-thumbnail","6":"product_cat-collection-envie-du-passe","7":"product_tag-argent","8":"product_tag-bagues-artisanales","9":"product_tag-bagues-faites-a-la-main","10":"product_tag-bijoux-artisanaux","11":"product_tag-bijoux-faits-main","12":"product_tag-pieces-uniques-de-bijoux-artisanaux","13":"product_tag-pieces-uniques-bijoux-faits-a-la-main","15":"first","16":"instock","17":"sold-individually","18":"taxable","19":"shipping-taxable","20":"purchasable","21":"product-type-simple"},"yoast_head":"<!-- This site is optimized with the Yoast SEO plugin v27.4 - https:\/\/yoast.com\/product\/yoast-seo-wordpress\/ -->\n<title>Bague\u00a0&#039;L&#039;\u00c9ternel&#039; | Mademoiselle Coline | Barcelona &amp; Par\u00eds<\/title>\n<meta name=\"description\" content=\"Bague\u00a0&#039;L&#039;\u00c9ternel&#039;. Cada joya, una a una, est\u00e1 hecha a mano de manera artesanal con metales reciclados en el taller de joyer\u00eda en Barcelona.\" \/>\n<meta name=\"robots\" content=\"index, follow, max-snippet:-1, max-image-preview:large, max-video-preview:-1\" \/>\n<link rel=\"canonical\" href=\"https:\/\/mademoisellecoline.com\/fr\/produit\/bague-leternel\/\" \/>\n<meta property=\"og:locale\" content=\"fr_FR\" \/>\n<meta property=\"og:type\" content=\"article\" \/>\n<meta property=\"og:title\" content=\"Bague\u00a0&#039;L&#039;\u00c9ternel&#039; | Mademoiselle Coline | Barcelona &amp; Par\u00eds\" \/>\n<meta property=\"og:description\" content=\"Bague\u00a0&#039;L&#039;\u00c9ternel&#039;. Cada joya, una a una, est\u00e1 hecha a mano de manera artesanal con metales reciclados en el taller de joyer\u00eda en Barcelona.\" \/>\n<meta property=\"og:url\" content=\"https:\/\/mademoisellecoline.com\/fr\/produit\/bague-leternel\/\" \/>\n<meta property=\"og:site_name\" content=\"Mademoiselle Coline\" \/>\n<meta property=\"article:publisher\" content=\"https:\/\/www.facebook.com\/mademoisellecoline\" \/>\n<meta property=\"article:modified_time\" content=\"2026-04-07T13:21:38+00:00\" \/>\n<meta property=\"og:image\" content=\"https:\/\/mademoisellecoline.com\/wp-content\/uploads\/2019\/04\/joyas-artesanales-hechas-mano-mademoiselle-coline.jpg\" \/>\n\t<meta property=\"og:image:width\" content=\"1500\" \/>\n\t<meta property=\"og:image:height\" content=\"1500\" \/>\n\t<meta property=\"og:image:type\" content=\"image\/jpeg\" \/>\n<meta name=\"twitter:card\" content=\"summary_large_image\" \/>\n<script type=\"application\/ld+json\" class=\"yoast-schema-graph\">{\"@context\":\"https:\\\/\\\/schema.org\",\"@graph\":[{\"@type\":\"WebPage\",\"@id\":\"https:\\\/\\\/mademoisellecoline.com\\\/fr\\\/produit\\\/bague-leternel\\\/\",\"url\":\"https:\\\/\\\/mademoisellecoline.com\\\/fr\\\/produit\\\/bague-leternel\\\/\",\"name\":\"Bague\u00a0'L'\u00c9ternel' | Mademoiselle Coline | Barcelona & Par\u00eds\",\"isPartOf\":{\"@id\":\"https:\\\/\\\/mademoisellecoline.com\\\/en\\\/#website\"},\"primaryImageOfPage\":{\"@id\":\"https:\\\/\\\/mademoisellecoline.com\\\/fr\\\/produit\\\/bague-leternel\\\/#primaryimage\"},\"image\":{\"@id\":\"https:\\\/\\\/mademoisellecoline.com\\\/fr\\\/produit\\\/bague-leternel\\\/#primaryimage\"},\"thumbnailUrl\":\"https:\\\/\\\/mademoisellecoline.com\\\/wp-content\\\/uploads\\\/2019\\\/04\\\/joyas-artesanales-hechas-mano-mademoiselle-coline.jpg\",\"datePublished\":\"2019-04-28T09:00:47+00:00\",\"dateModified\":\"2026-04-07T13:21:38+00:00\",\"description\":\"Bague\u00a0'L'\u00c9ternel'. Cada joya, una a una, est\u00e1 hecha a mano de manera artesanal con metales reciclados en el taller de joyer\u00eda en Barcelona.\",\"breadcrumb\":{\"@id\":\"https:\\\/\\\/mademoisellecoline.com\\\/fr\\\/produit\\\/bague-leternel\\\/#breadcrumb\"},\"inLanguage\":\"fr-FR\",\"potentialAction\":[{\"@type\":\"ReadAction\",\"target\":[\"https:\\\/\\\/mademoisellecoline.com\\\/fr\\\/produit\\\/bague-leternel\\\/\"]}]},{\"@type\":\"ImageObject\",\"inLanguage\":\"fr-FR\",\"@id\":\"https:\\\/\\\/mademoisellecoline.com\\\/fr\\\/produit\\\/bague-leternel\\\/#primaryimage\",\"url\":\"https:\\\/\\\/mademoisellecoline.com\\\/wp-content\\\/uploads\\\/2019\\\/04\\\/joyas-artesanales-hechas-mano-mademoiselle-coline.jpg\",\"contentUrl\":\"https:\\\/\\\/mademoisellecoline.com\\\/wp-content\\\/uploads\\\/2019\\\/04\\\/joyas-artesanales-hechas-mano-mademoiselle-coline.jpg\",\"width\":1500,\"height\":1500,\"caption\":\"Jeune femme portant un pull vert montrant sa main avec des bagues artisanales : une bague type chevali\u00e8re avec un d\u00e9tail ancien serti et des bagues en argent avec brillant.\"},{\"@type\":\"BreadcrumbList\",\"@id\":\"https:\\\/\\\/mademoisellecoline.com\\\/fr\\\/produit\\\/bague-leternel\\\/#breadcrumb\",\"itemListElement\":[{\"@type\":\"ListItem\",\"position\":1,\"name\":\"Portada\",\"item\":\"https:\\\/\\\/mademoisellecoline.com\\\/fr\\\/\"},{\"@type\":\"ListItem\",\"position\":2,\"name\":\"Bijouterie artisanale\",\"item\":\"https:\\\/\\\/mademoisellecoline.com\\\/fr\\\/boutique-bijouterie-artisanale\\\/\"},{\"@type\":\"ListItem\",\"position\":3,\"name\":\"Bague\u00a0&#8216;L&#8217;\u00c9ternel&#8217;\"}]},{\"@type\":\"WebSite\",\"@id\":\"https:\\\/\\\/mademoisellecoline.com\\\/en\\\/#website\",\"url\":\"https:\\\/\\\/mademoisellecoline.com\\\/en\\\/\",\"name\":\"Mademoiselle Coline\",\"description\":\"Joyas delicadas, c\u00e1lidas y arm\u00f3nicas\",\"publisher\":{\"@id\":\"https:\\\/\\\/mademoisellecoline.com\\\/en\\\/#\\\/schema\\\/person\\\/a87a3358725ddb0d57e86600da53e416\"},\"potentialAction\":[{\"@type\":\"SearchAction\",\"target\":{\"@type\":\"EntryPoint\",\"urlTemplate\":\"https:\\\/\\\/mademoisellecoline.com\\\/en\\\/?s={search_term_string}\"},\"query-input\":{\"@type\":\"PropertyValueSpecification\",\"valueRequired\":true,\"valueName\":\"search_term_string\"}}],\"inLanguage\":\"fr-FR\"},{\"@type\":[\"Person\",\"Organization\"],\"@id\":\"https:\\\/\\\/mademoisellecoline.com\\\/en\\\/#\\\/schema\\\/person\\\/a87a3358725ddb0d57e86600da53e416\",\"name\":\"Mademoiselle Coline\",\"image\":{\"@type\":\"ImageObject\",\"inLanguage\":\"fr-FR\",\"@id\":\"https:\\\/\\\/mademoisellecoline.com\\\/wp-content\\\/uploads\\\/2024\\\/01\\\/ColineNeg.jpg\",\"url\":\"https:\\\/\\\/mademoisellecoline.com\\\/wp-content\\\/uploads\\\/2024\\\/01\\\/ColineNeg.jpg\",\"contentUrl\":\"https:\\\/\\\/mademoisellecoline.com\\\/wp-content\\\/uploads\\\/2024\\\/01\\\/ColineNeg.jpg\",\"width\":584,\"height\":349,\"caption\":\"Mademoiselle Coline\"},\"logo\":{\"@id\":\"https:\\\/\\\/mademoisellecoline.com\\\/wp-content\\\/uploads\\\/2024\\\/01\\\/ColineNeg.jpg\"},\"sameAs\":[\"https:\\\/\\\/www.facebook.com\\\/mademoisellecoline\",\"https:\\\/\\\/www.instagram.com\\\/mademoiselle_coline\\\/\"]}]}<\/script>\n<!-- \/ Yoast SEO plugin. -->","yoast_head_json":{"title":"Bague\u00a0'L'\u00c9ternel' | Mademoiselle Coline | Barcelona & Par\u00eds","description":"Bague\u00a0'L'\u00c9ternel'. Cada joya, una a una, est\u00e1 hecha a mano de manera artesanal con metales reciclados en el taller de joyer\u00eda en Barcelona.","robots":{"index":"index","follow":"follow","max-snippet":"max-snippet:-1","max-image-preview":"max-image-preview:large","max-video-preview":"max-video-preview:-1"},"canonical":"https:\/\/mademoisellecoline.com\/fr\/produit\/bague-leternel\/","og_locale":"fr_FR","og_type":"article","og_title":"Bague\u00a0'L'\u00c9ternel' | Mademoiselle Coline | Barcelona & Par\u00eds","og_description":"Bague\u00a0'L'\u00c9ternel'. Cada joya, una a una, est\u00e1 hecha a mano de manera artesanal con metales reciclados en el taller de joyer\u00eda en Barcelona.","og_url":"https:\/\/mademoisellecoline.com\/fr\/produit\/bague-leternel\/","og_site_name":"Mademoiselle Coline","article_publisher":"https:\/\/www.facebook.com\/mademoisellecoline","article_modified_time":"2026-04-07T13:21:38+00:00","og_image":[{"width":1500,"height":1500,"url":"https:\/\/mademoisellecoline.com\/wp-content\/uploads\/2019\/04\/joyas-artesanales-hechas-mano-mademoiselle-coline.jpg","type":"image\/jpeg"}],"twitter_card":"summary_large_image","schema":{"@context":"https:\/\/schema.org","@graph":[{"@type":"WebPage","@id":"https:\/\/mademoisellecoline.com\/fr\/produit\/bague-leternel\/","url":"https:\/\/mademoisellecoline.com\/fr\/produit\/bague-leternel\/","name":"Bague\u00a0'L'\u00c9ternel' | Mademoiselle Coline | Barcelona & Par\u00eds","isPartOf":{"@id":"https:\/\/mademoisellecoline.com\/en\/#website"},"primaryImageOfPage":{"@id":"https:\/\/mademoisellecoline.com\/fr\/produit\/bague-leternel\/#primaryimage"},"image":{"@id":"https:\/\/mademoisellecoline.com\/fr\/produit\/bague-leternel\/#primaryimage"},"thumbnailUrl":"https:\/\/mademoisellecoline.com\/wp-content\/uploads\/2019\/04\/joyas-artesanales-hechas-mano-mademoiselle-coline.jpg","datePublished":"2019-04-28T09:00:47+00:00","dateModified":"2026-04-07T13:21:38+00:00","description":"Bague\u00a0'L'\u00c9ternel'. Cada joya, una a una, est\u00e1 hecha a mano de manera artesanal con metales reciclados en el taller de joyer\u00eda en Barcelona.","breadcrumb":{"@id":"https:\/\/mademoisellecoline.com\/fr\/produit\/bague-leternel\/#breadcrumb"},"inLanguage":"fr-FR","potentialAction":[{"@type":"ReadAction","target":["https:\/\/mademoisellecoline.com\/fr\/produit\/bague-leternel\/"]}]},{"@type":"ImageObject","inLanguage":"fr-FR","@id":"https:\/\/mademoisellecoline.com\/fr\/produit\/bague-leternel\/#primaryimage","url":"https:\/\/mademoisellecoline.com\/wp-content\/uploads\/2019\/04\/joyas-artesanales-hechas-mano-mademoiselle-coline.jpg","contentUrl":"https:\/\/mademoisellecoline.com\/wp-content\/uploads\/2019\/04\/joyas-artesanales-hechas-mano-mademoiselle-coline.jpg","width":1500,"height":1500,"caption":"Jeune femme portant un pull vert montrant sa main avec des bagues artisanales : une bague type chevali\u00e8re avec un d\u00e9tail ancien serti et des bagues en argent avec brillant."},{"@type":"BreadcrumbList","@id":"https:\/\/mademoisellecoline.com\/fr\/produit\/bague-leternel\/#breadcrumb","itemListElement":[{"@type":"ListItem","position":1,"name":"Portada","item":"https:\/\/mademoisellecoline.com\/fr\/"},{"@type":"ListItem","position":2,"name":"Bijouterie artisanale","item":"https:\/\/mademoisellecoline.com\/fr\/boutique-bijouterie-artisanale\/"},{"@type":"ListItem","position":3,"name":"Bague\u00a0&#8216;L&#8217;\u00c9ternel&#8217;"}]},{"@type":"WebSite","@id":"https:\/\/mademoisellecoline.com\/en\/#website","url":"https:\/\/mademoisellecoline.com\/en\/","name":"Mademoiselle Coline","description":"Joyas delicadas, c\u00e1lidas y arm\u00f3nicas","publisher":{"@id":"https:\/\/mademoisellecoline.com\/en\/#\/schema\/person\/a87a3358725ddb0d57e86600da53e416"},"potentialAction":[{"@type":"SearchAction","target":{"@type":"EntryPoint","urlTemplate":"https:\/\/mademoisellecoline.com\/en\/?s={search_term_string}"},"query-input":{"@type":"PropertyValueSpecification","valueRequired":true,"valueName":"search_term_string"}}],"inLanguage":"fr-FR"},{"@type":["Person","Organization"],"@id":"https:\/\/mademoisellecoline.com\/en\/#\/schema\/person\/a87a3358725ddb0d57e86600da53e416","name":"Mademoiselle Coline","image":{"@type":"ImageObject","inLanguage":"fr-FR","@id":"https:\/\/mademoisellecoline.com\/wp-content\/uploads\/2024\/01\/ColineNeg.jpg","url":"https:\/\/mademoisellecoline.com\/wp-content\/uploads\/2024\/01\/ColineNeg.jpg","contentUrl":"https:\/\/mademoisellecoline.com\/wp-content\/uploads\/2024\/01\/ColineNeg.jpg","width":584,"height":349,"caption":"Mademoiselle Coline"},"logo":{"@id":"https:\/\/mademoisellecoline.com\/wp-content\/uploads\/2024\/01\/ColineNeg.jpg"},"sameAs":["https:\/\/www.facebook.com\/mademoisellecoline","https:\/\/www.instagram.com\/mademoiselle_coline\/"]}]}},"_links":{"self":[{"href":"https:\/\/mademoisellecoline.com\/fr\/wp-json\/wp\/v2\/product\/7927","targetHints":{"allow":["GET"]}}],"collection":[{"href":"https:\/\/mademoisellecoline.com\/fr\/wp-json\/wp\/v2\/product"}],"about":[{"href":"https:\/\/mademoisellecoline.com\/fr\/wp-json\/wp\/v2\/types\/product"}],"wp:featuredmedia":[{"embeddable":true,"href":"https:\/\/mademoisellecoline.com\/fr\/wp-json\/wp\/v2\/media\/37876"}],"wp:attachment":[{"href":"https:\/\/mademoisellecoline.com\/fr\/wp-json\/wp\/v2\/media?parent=7927"}],"wp:term":[{"taxonomy":"product_brand","embeddable":true,"href":"https:\/\/mademoisellecoline.com\/fr\/wp-json\/wp\/v2\/product_brand?post=7927"},{"taxonomy":"product_cat","embeddable":true,"href":"https:\/\/mademoisellecoline.com\/fr\/wp-json\/wp\/v2\/product_cat?post=7927"},{"taxonomy":"product_tag","embeddable":true,"href":"https:\/\/mademoisellecoline.com\/fr\/wp-json\/wp\/v2\/product_tag?post=7927"}],"curies":[{"name":"wp","href":"https:\/\/api.w.org\/{rel}","templated":true}]}}